{"id":29473,"date":"2025-11-05T14:17:42","date_gmt":"2025-11-05T13:17:42","guid":{"rendered":"https:\/\/infinityweeb.com\/shop\/hoco-eq24-bluetooth-v5-4-ecouteurs-intra-auriculaires-sport-hifi-stereo\/"},"modified":"2025-12-16T11:53:33","modified_gmt":"2025-12-16T10:53:33","slug":"hoco-eq24-bluetooth-v5-4-ecouteurs-intra-auriculaires-sport-hifi-stereo","status":"publish","type":"product","link":"https:\/\/infinityweeb.com\/ar\/shop\/hoco-eq24-bluetooth-v5-4-ecouteurs-intra-auriculaires-sport-hifi-stereo\/","title":{"rendered":"HOCO EQ24 Bluetooth v5.4 \u00e9couteurs intra-auriculaires sport Hifi st\u00e9r\u00e9o"},"content":{"rendered":"<div class=\"product-specs-list-container\">\n<ul class=\"product-specs-list util-clearfix\">\n<li class=\"product-prop line-limit-length\"><span class=\"property-title\">Produit chimique \u00e0 haute pr\u00e9occupation:\u00a0<\/span><span class=\"property-desc line-limit-length\">Aucun<\/span><\/li>\n<li class=\"product-prop line-limit-length\"><span class=\"property-title\">Mat\u00e9riau:\u00a0<\/span><span class=\"property-desc line-limit-length\">ABS<\/span><\/li>\n<li class=\"product-prop line-limit-length\"><span class=\"property-title\">Poids [g]:\u00a0<\/span><span class=\"property-desc line-limit-length\">46<\/span><\/li>\n<li class=\"product-prop line-limit-length\"><span class=\"property-title\">Capacit\u00e9 de la batterie [mAh]:\u00a0<\/span><span class=\"property-desc line-limit-length\">320<\/span><\/li>\n<li class=\"product-prop line-limit-length\"><span class=\"property-title\">Vie de la batterie jusqu&rsquo;\u00e0 [heures]:\u00a0<\/span><span class=\"property-desc line-limit-length\">7<\/span><\/li>\n<li class=\"product-prop line-limit-length\"><span class=\"property-title\">Port\u00e9e maximale sans fil [m]:\u00a0<\/span><span class=\"property-desc line-limit-length\">10m-20m<\/span><\/li>\n<li class=\"product-prop line-limit-length\"><span class=\"property-title\">Isolation sonore:\u00a0<\/span><span class=\"property-desc line-limit-length\">Oui<\/span><\/li>\n<li class=\"product-prop line-limit-length\"><span class=\"property-title\">Cat\u00e9gorie:\u00a0<\/span><span class=\"property-desc line-limit-length\">\u00c9couteurs et \u00e9couteurs<\/span><\/li>\n<li class=\"product-prop line-limit-length\"><span class=\"property-title\">Type d\u2019oreillettes:\u00a0<\/span><span class=\"property-desc line-limit-length\">SCELL\u00c9<\/span><\/li>\n<li class=\"product-prop line-limit-length\"><span class=\"property-title\">Nombre de conducteurs:\u00a0<\/span><span class=\"property-desc line-limit-length\">2<\/span><\/li>\n<li class=\"product-prop line-limit-length\"><span class=\"property-title\">M\u00e9thode de charge:\u00a0<\/span><span class=\"property-desc line-limit-length\">CABLE<\/span><\/li>\n<li class=\"product-prop line-limit-length\"><span class=\"property-title\">Mat\u00e9riel des oreillettes:\u00a0<\/span><span class=\"property-desc line-limit-length\">Silicone<\/span><\/li>\n<li class=\"product-prop line-limit-length\"><span class=\"property-title\">Type d\u2019aimant:\u00a0<\/span><span class=\"property-desc line-limit-length\">autre<\/span><\/li>\n<li class=\"product-prop line-limit-length\"><span class=\"property-title\">Gamme d\u2019imp\u00e9dance:\u00a0<\/span><span class=\"property-desc line-limit-length\">jusqu\u2019\u00e0 32 \u03a9<\/span><\/li>\n<li class=\"product-prop line-limit-length\"><span class=\"property-title\">Version Bluetooth:\u00a0<\/span><span class=\"property-desc line-limit-length\">autre<\/span><\/li>\n<li class=\"product-prop line-limit-length\"><span class=\"property-title\">Liste des paquets:\u00a0<\/span><span class=\"property-desc line-limit-length\">Manuel d&rsquo;utilisation,\u00c9tui de recharge,Charging Cable<\/span><\/li>\n<li class=\"product-prop line-limit-length\"><span class=\"property-title\">Caract\u00e9ristiques:\u00a0<\/span><span class=\"property-desc line-limit-length\">avec microphone,Supporte Apple Siri<\/span><\/li>\n<li class=\"product-prop line-limit-length\"><span class=\"property-title\">Avec microphone:\u00a0<\/span><span class=\"property-desc line-limit-length\">Oui<\/span><\/li>\n<li class=\"product-prop line-limit-length\"><span class=\"property-title\">Est sans fil:\u00a0<\/span><span class=\"property-desc line-limit-length\">Oui<\/span><\/li>\n<li class=\"product-prop line-limit-length\"><span class=\"property-title\">Plage de r\u00e9ponse de fr\u00e9quence:\u00a0<\/span><span class=\"property-desc line-limit-length\">20 &#8211; 20000<\/span><\/li>\n<li class=\"product-prop line-limit-length\"><span class=\"property-title\">Type de prise:\u00a0<\/span><span class=\"property-desc line-limit-length\">Type de ligne<\/span><\/li>\n<li class=\"product-prop line-limit-length\"><span class=\"property-title\">Fonction:\u00a0<\/span><span class=\"property-desc line-limit-length\">Pour Internet Bar,Casque de moniteur,Pour le jeu vid\u00e9o,Pour voler,Casque commun,Pour la chasse et tir,pour t\u00e9l\u00e9phone mobile,Pour Powersports,Casque HiFi,Sport,Pour ext\u00e9rieur<\/span><\/li>\n<li class=\"product-prop line-limit-length\"><span class=\"property-title\">Annulation active du bruit:\u00a0<\/span><span class=\"property-desc line-limit-length\">Non<\/span><\/li>\n<li class=\"product-prop line-limit-length\"><span class=\"property-title\">Contr\u00f4le de Volume:\u00a0<\/span><span class=\"property-desc line-limit-length\">Oui<\/span><\/li>\n<li class=\"product-prop line-limit-length\"><span class=\"property-title\">Bouton de contr\u00f4le:\u00a0<\/span><span class=\"property-desc line-limit-length\">Non<\/span><\/li>\n<li class=\"product-prop line-limit-length\"><span class=\"property-title\">Principe du Vocalisme:\u00a0<\/span><span class=\"property-desc line-limit-length\">Dynamique<\/span><\/li>\n<li class=\"product-prop line-limit-length\"><span class=\"property-title\">Type sans fil:\u00a0<\/span><span class=\"property-desc line-limit-length\">Bluetooth<\/span><\/li>\n<li class=\"product-prop line-limit-length\"><span class=\"property-title\">Connecteurs:\u00a0<\/span><span class=\"property-desc line-limit-length\">Type c<\/span><\/li>\n<li class=\"product-prop line-limit-length\"><span class=\"property-title\">Communication:\u00a0<\/span><span class=\"property-desc line-limit-length\">Sans fil<\/span><\/li>\n<li class=\"product-prop line-limit-length\"><span class=\"property-title\">Style:\u00a0<\/span><span class=\"property-desc line-limit-length\">\u00c9couteurs intra-auriculaires TWS<\/span><\/li>\n<li class=\"product-prop line-limit-length\"><span class=\"property-title\">Certification:\u00a0<\/span><span class=\"property-desc line-limit-length\">ROHS<\/span><\/li>\n<li class=\"product-prop line-limit-length\"><span class=\"property-title\">Origine:\u00a0<\/span><span class=\"property-desc line-limit-length\">CN (Origine)<\/span><\/li>\n<li class=\"product-prop line-limit-length\"><span class=\"property-title\">Nom de marque:\u00a0<\/span><span class=\"property-desc line-limit-length\">HOCO<\/span><\/li>\n<\/ul>\n<\/div>\n<div class=\"detailmodule_html\">\n<div class=\"detail-desc-decorate-richtext\">\n<p><span style=\"font-size: 26px\"><strong id=\"tl_1\">Casque BT sans fil EQ24 Estrella<\/strong><\/span><\/p>\n<p>\u00a0<\/p>\n<p><span style=\"font-size: 26px\"><strong id=\"tl_2\">1.Bluetooth 5.4 ; Puce : JL AC6983D2<\/strong><\/span><\/p>\n<p><span style=\"font-size: 26px\"><strong id=\"tl_3\">2.Capacit\u00e9 de la batterie : compartiment de chargement 320 mAh ; \u00c9couteurs 40mAh<\/strong><\/span><\/p>\n<p><span style=\"font-size: 26px\"><strong id=\"tl_4\">3.Temps d&rsquo;utilisation : 7 heures<\/strong><\/span><\/p>\n<p><span style=\"font-size: 26px\"><strong id=\"tl_5\">4.Mat\u00e9riau : ABS ; taille : 61 * 48 * 27 mm ; Poids total : 46,5 g<\/strong><\/span><\/p>\n<p><span style=\"font-size: 26px\"><strong id=\"tl_6\">5. Prise en charge de la commutation ma\u00eetre-esclave et de l&rsquo;appel de Siri<\/strong><\/span><\/p>\n<p>\u00a0<\/p>\n<p><img decoding=\"async\" src=\"https:\/\/infinityweeb.com\/wp-content\/uploads\/2025\/11\/kf-S21c52ac47f7743039ea3f1b9cae91e62b.webp\" \/><img decoding=\"async\" src=\"https:\/\/infinityweeb.com\/wp-content\/uploads\/2025\/11\/kf-S6532c53584da4f29a7202d88bace5fdbe.webp\" \/><img decoding=\"async\" src=\"https:\/\/infinityweeb.com\/wp-content\/uploads\/2025\/11\/kf-S6e28db3245ae4c789f091af21e0c4884V.webp\" \/><img decoding=\"async\" src=\"https:\/\/infinityweeb.com\/wp-content\/uploads\/2025\/11\/kf-S6ed1bf9cd100439db01e4c29dd625d61R.webp\" \/><img decoding=\"async\" src=\"https:\/\/infinityweeb.com\/wp-content\/uploads\/2025\/11\/kf-Sc993f7ec63f74a6daa0ea78f1003ddb4C.webp\" \/><img decoding=\"async\" src=\"https:\/\/infinityweeb.com\/wp-content\/uploads\/2025\/11\/kf-S0fdf299a2e0a42a4a64afeac9514de67p.webp\" \/><img decoding=\"async\" src=\"https:\/\/infinityweeb.com\/wp-content\/uploads\/2025\/11\/kf-S3cfa2b7a91cd44dfadd49835f210f86aB.webp\" \/><img decoding=\"async\" src=\"https:\/\/infinityweeb.com\/wp-content\/uploads\/2025\/11\/kf-Sfad0158a307641d99622b5af931a7e837.webp\" \/><img decoding=\"async\" src=\"https:\/\/infinityweeb.com\/wp-content\/uploads\/2025\/11\/kf-S7878f4dc4ef449da98fadcb27747132fn.webp\" \/><img decoding=\"async\" src=\"https:\/\/infinityweeb.com\/wp-content\/uploads\/2025\/11\/kf-Sdaf25cf5f19642709b45d2faf0421c5fE.webp\" \/><img decoding=\"async\" src=\"https:\/\/infinityweeb.com\/wp-content\/uploads\/2025\/11\/kf-Sab80b1b489aa49368778a90dd4c55cf0w.webp\" \/><img decoding=\"async\" src=\"https:\/\/infinityweeb.com\/wp-content\/uploads\/2025\/11\/kf-S58a73c16f32d4f33ac2eec5dd9dd7c4fX.webp\" \/><\/p>\n<\/div>\n<\/div>","protected":false},"excerpt":{"rendered":"<p>Produit chimique \u00e0 haute pr\u00e9occupation:\u00a0Aucun Mat\u00e9riau:\u00a0ABS Poids [g]:\u00a046 Capacit\u00e9 de la batterie [mAh]:\u00a0320 Vie de la batterie jusqu&rsquo;\u00e0 [heures]:\u00a07 Port\u00e9e<\/p>","protected":false},"featured_media":29474,"comment_status":"open","ping_status":"closed","template":"","meta":[],"product_brand":[917],"product_cat":[329],"product_tag":[],"class_list":{"0":"post-29473","1":"product","2":"type-product","3":"status-publish","4":"has-post-thumbnail","6":"product_brand-hoco","7":"product_cat-casques-ecouteurs","9":"first","10":"outofstock","11":"shipping-taxable","12":"purchasable","13":"product-type-variable"},"jetpack_sharing_enabled":true,"_links":{"self":[{"href":"https:\/\/infinityweeb.com\/ar\/wp-json\/wp\/v2\/product\/29473","targetHints":{"allow":["GET"]}}],"collection":[{"href":"https:\/\/infinityweeb.com\/ar\/wp-json\/wp\/v2\/product"}],"about":[{"href":"https:\/\/infinityweeb.com\/ar\/wp-json\/wp\/v2\/types\/product"}],"replies":[{"embeddable":true,"href":"https:\/\/infinityweeb.com\/ar\/wp-json\/wp\/v2\/comments?post=29473"}],"version-history":[{"count":13,"href":"https:\/\/infinityweeb.com\/ar\/wp-json\/wp\/v2\/product\/29473\/revisions"}],"predecessor-version":[{"id":30254,"href":"https:\/\/infinityweeb.com\/ar\/wp-json\/wp\/v2\/product\/29473\/revisions\/30254"}],"wp:featuredmedia":[{"embeddable":true,"href":"https:\/\/infinityweeb.com\/ar\/wp-json\/wp\/v2\/media\/29474"}],"wp:attachment":[{"href":"https:\/\/infinityweeb.com\/ar\/wp-json\/wp\/v2\/media?parent=29473"}],"wp:term":[{"taxonomy":"product_brand","embeddable":true,"href":"https:\/\/infinityweeb.com\/ar\/wp-json\/wp\/v2\/product_brand?post=29473"},{"taxonomy":"product_cat","embeddable":true,"href":"https:\/\/infinityweeb.com\/ar\/wp-json\/wp\/v2\/product_cat?post=29473"},{"taxonomy":"product_tag","embeddable":true,"href":"https:\/\/infinityweeb.com\/ar\/wp-json\/wp\/v2\/product_tag?post=29473"}],"curies":[{"name":"wp","href":"https:\/\/api.w.org\/{rel}","templated":true}]}}