{"id":29905,"date":"2025-11-16T17:44:32","date_gmt":"2025-11-16T16:44:32","guid":{"rendered":"https:\/\/infinityweeb.com\/shop\/ring-light-anneau-lumineux-led-rvb-8-trepied-usb-15-couleurs\/"},"modified":"2026-01-27T13:48:55","modified_gmt":"2026-01-27T12:48:55","slug":"ring-light-anneau-lumineux-led-rvb-8-trepied-usb-15-couleurs","status":"publish","type":"product","link":"https:\/\/infinityweeb.com\/ar\/shop\/ring-light-anneau-lumineux-led-rvb-8-trepied-usb-15-couleurs\/","title":{"rendered":"Ring light Anneau lumineux LED RVB 8&Prime;, tr\u00e9pied, USB, 15 couleurs"},"content":{"rendered":"<div class=\"product-specs-list-container\">\n<ul class=\"product-specs-list util-clearfix\">\n<li class=\"product-prop line-limit-length\"><span class=\"property-title\">Batterie incluse:\u00a0<\/span><span class=\"property-desc line-limit-length\">Oui<\/span><\/li>\n<li class=\"product-prop line-limit-length\"><span class=\"property-title\">Source d&rsquo;\u00e9nergie:\u00a0<\/span><span class=\"property-desc line-limit-length\">AC<\/span><\/li>\n<li class=\"product-prop line-limit-length\"><span class=\"property-title\">Adaptateur de bo\u00eete de r\u00e9ception:\u00a0<\/span><span class=\"property-desc line-limit-length\">Non<\/span><\/li>\n<li class=\"product-prop line-limit-length\"><span class=\"property-title\">Produit chimique \u00e0 haute pr\u00e9occupation:\u00a0<\/span><span class=\"property-desc line-limit-length\">Aucun<\/span><\/li>\n<li class=\"product-prop line-limit-length\"><span class=\"property-title\">Type d&rsquo;\u00e9clairage:\u00a0<\/span><span class=\"property-desc line-limit-length\">Lumi\u00e8res vid\u00e9o sur cam\u00e9ra<\/span><\/li>\n<li class=\"product-prop line-limit-length\"><span class=\"property-title\">Temp\u00e9rature de couleur Version:\u00a0<\/span><span class=\"property-desc line-limit-length\">La Version RVB<\/span><\/li>\n<li class=\"product-prop line-limit-length\"><span class=\"property-title\">R\u00e9glage de la luminosit\u00e9 Gamme:\u00a0<\/span><span class=\"property-desc line-limit-length\">50 &#8211; 100%<\/span><\/li>\n<li class=\"product-prop line-limit-length\"><span class=\"property-title\">Num\u00e9ro de Mod\u00e8le:\u00a0<\/span><span class=\"property-desc line-limit-length\">AY<\/span><\/li>\n<li class=\"product-prop line-limit-length\"><span class=\"property-title\">Temp\u00e9rature de Couleur:\u00a0<\/span><span class=\"property-desc line-limit-length\">Bi-couleur 3200 K-5600 K<\/span><\/li>\n<li class=\"product-prop line-limit-length\"><span class=\"property-title\">Paquet:\u00a0<\/span><span class=\"property-desc line-limit-length\">Oui<\/span><\/li>\n<li class=\"product-prop line-limit-length\"><span class=\"property-title\">Nom de marque:\u00a0<\/span><span class=\"property-desc line-limit-length\">DIXSG<\/span><\/li>\n<li class=\"product-prop line-limit-length\"><span class=\"property-title\">Origine:\u00a0<\/span><span class=\"property-desc line-limit-length\">CN (Origine)<\/span><\/li>\n<li class=\"product-prop line-limit-length\"><span class=\"property-title\">Source d&rsquo;\u00e9nergie:\u00a0<\/span><span class=\"property-desc line-limit-length\">Dc<\/span><\/li>\n<li class=\"product-prop line-limit-length\"><span class=\"property-title\">Certification:\u00a0<\/span><span class=\"property-desc line-limit-length\">CE<\/span><\/li>\n<\/ul>\n<\/div>\n<div class=\"detailmodule_html\">\n<div class=\"detail-desc-decorate-richtext\">\n<p><strong><span id=\"tl_1\" style=\"color: #f44e3b\">Le forfait comprend: anneau lumineux, support de t\u00e9l\u00e9phone, tr\u00e9pied<\/span><\/strong><\/p>\n<p><img decoding=\"async\" src=\"https:\/\/infinityweeb.com\/wp-content\/uploads\/2025\/11\/kf-S3d77378a7c264535b7886afa8c669cb9b.webp\" \/><img decoding=\"async\" src=\"https:\/\/infinityweeb.com\/wp-content\/uploads\/2025\/11\/kf-S18a6a4e08fbf4b45b673bcaf1fcd9213n.webp\" \/><img decoding=\"async\" src=\"https:\/\/infinityweeb.com\/wp-content\/uploads\/2025\/11\/kf-S563373659aab4980b4e7999fa60e60e2d.webp\" \/><img decoding=\"async\" src=\"https:\/\/infinityweeb.com\/wp-content\/uploads\/2025\/11\/kf-Sc4bd2dd9d94a43db815c885aaea3f08au.webp\" \/><img decoding=\"async\" src=\"https:\/\/infinityweeb.com\/wp-content\/uploads\/2025\/11\/kf-S7056e42a523144d3b88d5aa169d10242U.webp\" \/><img decoding=\"async\" src=\"https:\/\/infinityweeb.com\/wp-content\/uploads\/2025\/11\/kf-S9744610f40174726bde1d8b3610adb83O.webp\" \/><\/p>\n<\/div>\n<\/div>","protected":false},"excerpt":{"rendered":"<p>Batterie incluse:\u00a0Oui Source d&rsquo;\u00e9nergie:\u00a0AC Adaptateur de bo\u00eete de r\u00e9ception:\u00a0Non Produit chimique \u00e0 haute pr\u00e9occupation:\u00a0Aucun Type d&rsquo;\u00e9clairage:\u00a0Lumi\u00e8res vid\u00e9o sur cam\u00e9ra Temp\u00e9rature<\/p>","protected":false},"featured_media":29906,"comment_status":"open","ping_status":"closed","template":"","meta":[],"product_brand":[],"product_cat":[179],"product_tag":[],"class_list":{"0":"post-29905","1":"product","2":"type-product","3":"status-publish","4":"has-post-thumbnail","6":"product_cat-uncategorized","8":"first","9":"outofstock","10":"sale","11":"shipping-taxable","12":"purchasable","13":"product-type-variable"},"jetpack_sharing_enabled":true,"_links":{"self":[{"href":"https:\/\/infinityweeb.com\/ar\/wp-json\/wp\/v2\/product\/29905","targetHints":{"allow":["GET"]}}],"collection":[{"href":"https:\/\/infinityweeb.com\/ar\/wp-json\/wp\/v2\/product"}],"about":[{"href":"https:\/\/infinityweeb.com\/ar\/wp-json\/wp\/v2\/types\/product"}],"replies":[{"embeddable":true,"href":"https:\/\/infinityweeb.com\/ar\/wp-json\/wp\/v2\/comments?post=29905"}],"version-history":[{"count":7,"href":"https:\/\/infinityweeb.com\/ar\/wp-json\/wp\/v2\/product\/29905\/revisions"}],"predecessor-version":[{"id":30263,"href":"https:\/\/infinityweeb.com\/ar\/wp-json\/wp\/v2\/product\/29905\/revisions\/30263"}],"wp:featuredmedia":[{"embeddable":true,"href":"https:\/\/infinityweeb.com\/ar\/wp-json\/wp\/v2\/media\/29906"}],"wp:attachment":[{"href":"https:\/\/infinityweeb.com\/ar\/wp-json\/wp\/v2\/media?parent=29905"}],"wp:term":[{"taxonomy":"product_brand","embeddable":true,"href":"https:\/\/infinityweeb.com\/ar\/wp-json\/wp\/v2\/product_brand?post=29905"},{"taxonomy":"product_cat","embeddable":true,"href":"https:\/\/infinityweeb.com\/ar\/wp-json\/wp\/v2\/product_cat?post=29905"},{"taxonomy":"product_tag","embeddable":true,"href":"https:\/\/infinityweeb.com\/ar\/wp-json\/wp\/v2\/product_tag?post=29905"}],"curies":[{"name":"wp","href":"https:\/\/api.w.org\/{rel}","templated":true}]}}