{"id":29928,"date":"2025-11-16T17:45:54","date_gmt":"2025-11-16T16:45:54","guid":{"rendered":"https:\/\/infinityweeb.com\/shop\/microphone-lavalier-sans-fil-hoco-l15-pour-iphone-android-2-4ghz-mini-audio-video-microfone\/"},"modified":"2026-01-27T13:48:34","modified_gmt":"2026-01-27T12:48:34","slug":"microphone-lavalier-sans-fil-hoco-l15-iphone-android-4ghz-mini-audio-video","status":"publish","type":"product","link":"https:\/\/infinityweeb.com\/ar\/shop\/microphone-lavalier-sans-fil-hoco-l15-iphone-android-4ghz-mini-audio-video\/","title":{"rendered":"Microphone Lavalier sans fil HOCO L15 pour iPhone\/Android 2.4GHZ Mini Audio\/Vid\u00e9o Microfone"},"content":{"rendered":"<div class=\"product-specs-list-container\">\n<ul class=\"product-specs-list util-clearfix\">\n<li class=\"product-prop line-limit-length\"><span class=\"property-title\">Produit chimique \u00e0 haute pr\u00e9occupation:\u00a0<\/span><span class=\"property-desc line-limit-length\">Aucun<\/span><\/li>\n<li class=\"product-prop line-limit-length\"><span class=\"property-title\">Batterie Int\u00e9gr\u00e9e:\u00a0<\/span><span class=\"property-desc line-limit-length\">Oui<\/span><\/li>\n<li class=\"product-prop line-limit-length\"><span class=\"property-title\">Diaphragme:\u00a0<\/span><span class=\"property-desc line-limit-length\">S-Mall<\/span><\/li>\n<li class=\"product-prop line-limit-length\"><span class=\"property-title\">Motifs polaires:\u00a0<\/span><span class=\"property-desc line-limit-length\">Omnidirectionnelle<\/span><\/li>\n<li class=\"product-prop line-limit-length\"><span class=\"property-title\">Paquet:\u00a0<\/span><span class=\"property-desc line-limit-length\">Oui<\/span><\/li>\n<li class=\"product-prop line-limit-length\"><span class=\"property-title\">Communication:\u00a0<\/span><span class=\"property-desc line-limit-length\">Sans fil<\/span><\/li>\n<li class=\"product-prop line-limit-length\"><span class=\"property-title\">Type D&rsquo;ensemble:\u00a0<\/span><span class=\"property-desc line-limit-length\">Microphone unique<\/span><\/li>\n<li class=\"product-prop line-limit-length\"><span class=\"property-title\">Transducteur:\u00a0<\/span><span class=\"property-desc line-limit-length\">Microphone \u00e0 condensateur<\/span><\/li>\n<li class=\"product-prop line-limit-length\"><span class=\"property-title\">Utiliser:\u00a0<\/span><span class=\"property-desc line-limit-length\">LIVE<\/span><\/li>\n<li class=\"product-prop line-limit-length\"><span class=\"property-title\">Style:\u00a0<\/span><span class=\"property-desc line-limit-length\">Microphone Lavalier<\/span><\/li>\n<li class=\"product-prop line-limit-length\"><span class=\"property-title\">Nom de marque:\u00a0<\/span><span class=\"property-desc line-limit-length\">HOCO<\/span><\/li>\n<li class=\"product-prop line-limit-length\"><span class=\"property-title\">HOCO Mod\u00e8le:\u00a0<\/span><span class=\"property-desc line-limit-length\">L15<\/span><\/li>\n<li class=\"product-prop line-limit-length\"><span class=\"property-title\">Origine:\u00a0<\/span><span class=\"property-desc line-limit-length\">CN (Origine)<\/span><\/li>\n<\/ul>\n<\/div>\n<div class=\"detailmodule_html\">\n<div class=\"detail-desc-decorate-richtext\">\n<p><span style=\"font-size: 20px;\"><strong id=\"tl_1\">Microphone num\u00e9rique sans fil L15 Type-C Crystal lavalier<\/strong><\/span><\/p>\n<p>\u00a0<\/p>\n<p><span style=\"font-size: 20px;\"><strong id=\"tl_2\">1.\u00c9lectret omnidirectionnel<\/strong><\/span><\/p>\n<p><span style=\"font-size: 20px;\"><strong id=\"tl_3\">2.Prise audio du r\u00e9cepteur : prise num\u00e9rique de type C<\/strong><\/span><\/p>\n<p><span style=\"font-size: 20px;\"><strong id=\"tl_4\">3.Compatible avec la plupart des mod\u00e8les Huawei, Xiaomi, Yijia et autres marques, et prenant en charge certains mod\u00e8les de t\u00e9l\u00e9phones mobiles Samsung<\/strong><\/span><\/p>\n<p><span style=\"font-size: 20px;\"><strong id=\"tl_5\">4.Capacit\u00e9 de la batterie : 70 mAh (pile bouton)<\/strong><\/span><\/p>\n<p><span style=\"font-size: 20px;\"><strong id=\"tl_6\">5.Temps de service : 6 heures<\/strong><\/span><\/p>\n<p><span style=\"font-size: 20px;\"><strong id=\"tl_7\">6. Poids : 12 g<\/strong><\/span><\/p>\n<p>\u00a0<\/p>\n<p><img decoding=\"async\" src=\"https:\/\/infinityweeb.com\/wp-content\/uploads\/2025\/11\/kf-S35135a492c244288a386913a5071c281Y.webp\" \/><img decoding=\"async\" src=\"https:\/\/infinityweeb.com\/wp-content\/uploads\/2025\/11\/kf-Sdd47a4537b2147b6807a059c752909b2b.webp\" \/><img decoding=\"async\" src=\"https:\/\/infinityweeb.com\/wp-content\/uploads\/2025\/11\/kf-S00ebb431922f4e82b8201825431098b8b.webp\" \/><img decoding=\"async\" src=\"https:\/\/infinityweeb.com\/wp-content\/uploads\/2025\/11\/kf-S8da82d282ab54932a4c89536b1d60d277.webp\" \/><img decoding=\"async\" src=\"https:\/\/infinityweeb.com\/wp-content\/uploads\/2025\/11\/kf-Secd68c2e20b549cd9dfa5e22a242dfefj.webp\" \/><img decoding=\"async\" src=\"https:\/\/infinityweeb.com\/wp-content\/uploads\/2025\/11\/kf-Sb6366997964f4ba4ba235a6552246d4ch.webp\" \/><img decoding=\"async\" src=\"https:\/\/infinityweeb.com\/wp-content\/uploads\/2025\/11\/kf-S97677596d2064a798c2709c6c828f99fI.webp\" \/><img decoding=\"async\" src=\"https:\/\/infinityweeb.com\/wp-content\/uploads\/2025\/11\/kf-Saca07173460845e884ac29cefa4253f1X.webp\" \/><img decoding=\"async\" src=\"https:\/\/infinityweeb.com\/wp-content\/uploads\/2025\/11\/kf-S2cb70a86308b4b53a8fe7ba75890b838V.webp\" \/><\/p>\n<\/div>\n<\/div>","protected":false},"excerpt":{"rendered":"<p>Produit chimique \u00e0 haute pr\u00e9occupation:\u00a0Aucun Batterie Int\u00e9gr\u00e9e:\u00a0Oui Diaphragme:\u00a0S-Mall Motifs polaires:\u00a0Omnidirectionnelle Paquet:\u00a0Oui Communication:\u00a0Sans fil Type D&rsquo;ensemble:\u00a0Microphone unique Transducteur:\u00a0Microphone \u00e0 condensateur Utiliser:\u00a0LIVE<\/p>","protected":false},"featured_media":29929,"comment_status":"open","ping_status":"closed","template":"","meta":[],"product_brand":[917],"product_cat":[331],"product_tag":[],"class_list":{"0":"post-29928","1":"product","2":"type-product","3":"status-publish","4":"has-post-thumbnail","6":"product_brand-hoco","7":"product_cat-audio-et-microphones","9":"first","10":"outofstock","11":"sale","12":"shipping-taxable","13":"purchasable","14":"product-type-simple"},"jetpack_sharing_enabled":true,"_links":{"self":[{"href":"https:\/\/infinityweeb.com\/ar\/wp-json\/wp\/v2\/product\/29928","targetHints":{"allow":["GET"]}}],"collection":[{"href":"https:\/\/infinityweeb.com\/ar\/wp-json\/wp\/v2\/product"}],"about":[{"href":"https:\/\/infinityweeb.com\/ar\/wp-json\/wp\/v2\/types\/product"}],"replies":[{"embeddable":true,"href":"https:\/\/infinityweeb.com\/ar\/wp-json\/wp\/v2\/comments?post=29928"}],"version-history":[{"count":9,"href":"https:\/\/infinityweeb.com\/ar\/wp-json\/wp\/v2\/product\/29928\/revisions"}],"predecessor-version":[{"id":29946,"href":"https:\/\/infinityweeb.com\/ar\/wp-json\/wp\/v2\/product\/29928\/revisions\/29946"}],"wp:featuredmedia":[{"embeddable":true,"href":"https:\/\/infinityweeb.com\/ar\/wp-json\/wp\/v2\/media\/29929"}],"wp:attachment":[{"href":"https:\/\/infinityweeb.com\/ar\/wp-json\/wp\/v2\/media?parent=29928"}],"wp:term":[{"taxonomy":"product_brand","embeddable":true,"href":"https:\/\/infinityweeb.com\/ar\/wp-json\/wp\/v2\/product_brand?post=29928"},{"taxonomy":"product_cat","embeddable":true,"href":"https:\/\/infinityweeb.com\/ar\/wp-json\/wp\/v2\/product_cat?post=29928"},{"taxonomy":"product_tag","embeddable":true,"href":"https:\/\/infinityweeb.com\/ar\/wp-json\/wp\/v2\/product_tag?post=29928"}],"curies":[{"name":"wp","href":"https:\/\/api.w.org\/{rel}","templated":true}]}}