{"id":30046,"date":"2025-11-18T08:46:13","date_gmt":"2025-11-18T07:46:13","guid":{"rendered":"https:\/\/infinityweeb.com\/shop\/fifine-microphone-lavalier-sans-fil-m9-systeme-de-micro-cravate-sans-fil-pour-vlog-static-convient-pour-iphone-android-appareil-photo-ordinateur-portable-2-paquets\/"},"modified":"2026-01-27T13:44:55","modified_gmt":"2026-01-27T12:44:55","slug":"fifine-m9-micro-cravate-sans-fil-vlog-iphone-android-camera-ordinateur","status":"publish","type":"product","link":"https:\/\/infinityweeb.com\/ar\/shop\/fifine-m9-micro-cravate-sans-fil-vlog-iphone-android-camera-ordinateur\/","title":{"rendered":"FIFINE M9 &#8211; Micro cravate sans fil Vlog (iPhone, Android, cam\u00e9ra, ordinateur portable, 2 paquets)."},"content":{"rendered":"<p>&nbsp;<\/p>\n<div class=\"product-specs-list-container\">\n<ul class=\"product-specs-list util-clearfix\">\n<li class=\"product-prop line-limit-length\"><span class=\"property-title\">Produit chimique \u00e0 haute pr\u00e9occupation:\u00a0<\/span><span class=\"property-desc line-limit-length\">Aucun<\/span><\/li>\n<li class=\"product-prop line-limit-length\"><span class=\"property-title\">Batterie Int\u00e9gr\u00e9e:\u00a0<\/span><span class=\"property-desc line-limit-length\">Oui<\/span><\/li>\n<li class=\"product-prop line-limit-length\"><span class=\"property-title\">Diaphragme:\u00a0<\/span><span class=\"property-desc line-limit-length\">S-Mall<\/span><\/li>\n<li class=\"product-prop line-limit-length\"><span class=\"property-title\">Motifs polaires:\u00a0<\/span><span class=\"property-desc line-limit-length\">Cardio\u00efde<\/span><\/li>\n<li class=\"product-prop line-limit-length\"><span class=\"property-title\">Paquet:\u00a0<\/span><span class=\"property-desc line-limit-length\">Oui<\/span><\/li>\n<li class=\"product-prop line-limit-length\"><span class=\"property-title\">Communication:\u00a0<\/span><span class=\"property-desc line-limit-length\">Sans fil<\/span><\/li>\n<li class=\"product-prop line-limit-length\"><span class=\"property-title\">Type D&rsquo;ensemble:\u00a0<\/span><span class=\"property-desc line-limit-length\">Kits multi-microphones<\/span><\/li>\n<li class=\"product-prop line-limit-length\"><span class=\"property-title\">Transducteur:\u00a0<\/span><span class=\"property-desc line-limit-length\">Microphone \u00e0 condensateur<\/span><\/li>\n<li class=\"product-prop line-limit-length\"><span class=\"property-title\">Utiliser:\u00a0<\/span><span class=\"property-desc line-limit-length\">INTERVIEW<\/span><\/li>\n<li class=\"product-prop line-limit-length\"><span class=\"property-title\">Style:\u00a0<\/span><span class=\"property-desc line-limit-length\">Microphone Lavalier<\/span><\/li>\n<li class=\"product-prop line-limit-length\"><span class=\"property-title\">Nom de marque:\u00a0<\/span><span class=\"property-desc line-limit-length\">FIFINE<\/span><\/li>\n<li class=\"product-prop line-limit-length\"><span class=\"property-title\">Origine:\u00a0<\/span><span class=\"property-desc line-limit-length\">CN (Origine)<\/span><\/li>\n<li class=\"product-prop line-limit-length\"><span class=\"property-title\">Certification:\u00a0<\/span><span class=\"property-desc line-limit-length\">CE,FCC,KC<\/span><\/li>\n<\/ul>\n<\/div>\n<div class=\"detailmodule_html\">\n<div class=\"detail-desc-decorate-richtext\">\n<h4 style=\"text-align: center\" align=\"center\"><span style=\"font-size: 24px;font-family: arial, helvetica, sans-serif\"><strong>Audio de qualit\u00e9 studio, aucune interf\u00e9rence<\/strong><\/span><\/h4>\n<h4 style=\"text-align: center\" align=\"center\"><span style=\"font-size: 24px;font-family: arial, helvetica, sans-serif\"><strong>Taux d&rsquo;\u00e9chantillonnage: 48 kHz \/ 16 bits<\/strong><\/span><\/h4>\n<h4 style=\"text-align: center\" align=\"center\"><span style=\"font-size: 24px;font-family: arial, helvetica, sans-serif\"><strong>Maximum de 110dB SPL<\/strong><\/span><\/h4>\n<p style=\"text-align: center\" align=\"center\"><span style=\"font-size: 20px\">Capturant chaque d\u00e9tail et diff\u00e9rence subtile avec une clart\u00e9 \u00e9tonnante sans aucun boom sonique, offrant plus de possibilit\u00e9s d&rsquo;enregistrement dans des environnements bruyants.<\/span><\/p>\n<div>\n<img decoding=\"async\" src=\"https:\/\/ae01.alicdn.com\/kf\/S49f7060743e44decae1d07e38d65facdS.jpg\" \/><\/div>\n<h3 style=\"text-align: center\" align=\"center\"><\/h3>\n<p style=\"text-align: center\" align=\"center\"><strong><span style=\"font-size: 24px\">Autonomie de batterie de 30 heures<\/span><\/strong><\/p>\n<p style=\"text-align: center\" align=\"center\"><span style=\"font-size: 20px\">La dur\u00e9e de chaque Tx est de 7 heures et le compartiment de charge peut prolonger sa dur\u00e9e de fonctionnement \u00e0 30 heures. La charge rapide ne prend que 1.5 heures. Une autre chose est que le r\u00e9cepteur peut \u00eatre charg\u00e9 et utilis\u00e9 simultan\u00e9ment. Il durera toute la journ\u00e9e sur le plateau.<\/span><\/p>\n<p style=\"text-align: center\" align=\"center\"><img decoding=\"async\" src=\"https:\/\/ae01.alicdn.com\/kf\/S90239516ce364920869d57101aa534a7t.jpg\" \/><\/p>\n<h3 style=\"text-align: center\" align=\"center\"><img decoding=\"async\" src=\"https:\/\/ae01.alicdn.com\/kf\/Sa988603b913542b0bfde830cd1a01525m.jpg\" \/><\/h3>\n<p style=\"text-align: center\" align=\"center\"><strong><span style=\"font-size: 24px\">Transmission \u00e0 distance claire<\/span><\/strong><\/p>\n<p style=\"text-align: center\" align=\"center\"><span style=\"font-size: 20px\">Fonction de transmission ultra longue distance de 200 m\u00e8tres (dans les zones ouvertes sans obstacles), transmission stable, signal clair et aucune interf\u00e9rence. Tr\u00e8s appropri\u00e9 pour les activit\u00e9s de plein air, les vlogs de voyage, les interviews et les vlogs.<\/span><\/p>\n<h3 style=\"text-align: center\" align=\"center\"><img decoding=\"async\" src=\"https:\/\/ae01.alicdn.com\/kf\/S39e2f54774ad4c3c803afb2052dfa361i.jpg\" \/><\/h3>\n<p style=\"text-align: center\" align=\"center\"><span style=\"font-size: 18px\">S&rsquo;il n&rsquo;y a que port Lightning sur votre iPhone, veuillez utiliser d&rsquo;abord le c\u00e2ble TRRS de 3,5 mm \u00e0 3,5 mm TRS inclus et un adaptateur femelle \u00e0 m\u00e2le Lightning de 3,5 mm (non inclus) pour connecter le r\u00e9cepteur \u00e0 l&rsquo;iPhone.<\/span><img decoding=\"async\" src=\"https:\/\/ae01.alicdn.com\/kf\/Sf82f678861994496a0b84d2d40d722606.jpg\" \/><\/p>\n<p style=\"text-align: center\" align=\"center\"><strong><span style=\"font-size: 24px\">Compatibilit\u00e9 multi-appareils<\/span><\/strong><\/p>\n<p style=\"text-align: center\" align=\"center\"><span style=\"font-size: 20px\">Le kit microphone comprend 4 c\u00e2bles de donn\u00e9es, un c\u00e2ble de donn\u00e9es de charge\/3.5mm TRS \u00e0 USB-C c\u00e2ble\/3.5mm TRRS \u00e0 3.5mm TRS\/3.5mm TRS \u00e0 3.5mm TRS, Compatible avec Android, syst\u00e8mes iOS, cam\u00e9ras et ordinateurs portables<\/span><\/p>\n<h3 style=\"text-align: center\" align=\"center\"><img decoding=\"async\" src=\"https:\/\/ae01.alicdn.com\/kf\/S50aced34fd0a446cb8c9ffc4b41902b9o.jpg\" \/><\/h3>\n<p>&nbsp;<\/p>\n<p style=\"text-align: center\" align=\"center\"><strong><span style=\"font-size: 24px\">\u00c9cran ultra-clair<\/span><\/strong><\/p>\n<p style=\"text-align: center\" align=\"center\"><span style=\"font-size: 20px\">Afficher visuellement l&rsquo;\u00e9tat des liens, le gain de niveau et prend en charge le r\u00e9glage du volume sur le r\u00e9cepteur et l&rsquo;ajustement \u00e0 temps, pour obtenir de meilleures performances d&rsquo;enregistrement.<\/span><\/p>\n<h3 style=\"text-align: center\" align=\"center\"><img decoding=\"async\" src=\"https:\/\/ae01.alicdn.com\/kf\/S3f5796435ef74d5dba4a78fad5180b65p.jpg\" \/><\/h3>\n<p>&nbsp;<\/p>\n<p style=\"text-align: center\" align=\"center\"><strong><span style=\"font-size: 24px\">Syst\u00e8me de microphone sans fil \u00e0 deux canaux<\/span><\/strong><\/p>\n<p style=\"text-align: center\" align=\"center\"><span style=\"font-size: 20px\">Convient \u00e0 divers sc\u00e9narios, quelle que soit la mani\u00e8re dont vous cr\u00e9ez du contenu et quel que soit l&rsquo;appareil que vous utilisez, ce micro sans fil am\u00e9liorera sans effort la qualit\u00e9 de votre contenu, offrant un son de qualit\u00e9 professionnelle \u00e0 chaque fois.<\/span><\/p>\n<div><\/div>\n<\/div>\n<\/div>\n<p><img decoding=\"async\" src=\"https:\/\/ae01.alicdn.com\/kf\/S67e39bd9feda4d1bbd1b48f1731f3149S.jpg\" \/><img decoding=\"async\" src=\"https:\/\/ae01.alicdn.com\/kf\/S925e9d5ba9754d3cbe653b1f7aff85ebR.jpg\" \/><\/p>","protected":false},"excerpt":{"rendered":"<p>&nbsp; Produit chimique \u00e0 haute pr\u00e9occupation:\u00a0Aucun Batterie Int\u00e9gr\u00e9e:\u00a0Oui Diaphragme:\u00a0S-Mall Motifs polaires:\u00a0Cardio\u00efde Paquet:\u00a0Oui Communication:\u00a0Sans fil Type D&rsquo;ensemble:\u00a0Kits multi-microphones Transducteur:\u00a0Microphone \u00e0 condensateur<\/p>","protected":false},"featured_media":30047,"comment_status":"open","ping_status":"closed","template":"","meta":[],"product_brand":[],"product_cat":[179,331],"product_tag":[],"class_list":{"0":"post-30046","1":"product","2":"type-product","3":"status-publish","4":"has-post-thumbnail","6":"product_cat-uncategorized","7":"product_cat-audio-et-microphones","9":"first","10":"outofstock","11":"shipping-taxable","12":"purchasable","13":"product-type-variable"},"jetpack_sharing_enabled":true,"_links":{"self":[{"href":"https:\/\/infinityweeb.com\/ar\/wp-json\/wp\/v2\/product\/30046","targetHints":{"allow":["GET"]}}],"collection":[{"href":"https:\/\/infinityweeb.com\/ar\/wp-json\/wp\/v2\/product"}],"about":[{"href":"https:\/\/infinityweeb.com\/ar\/wp-json\/wp\/v2\/types\/product"}],"replies":[{"embeddable":true,"href":"https:\/\/infinityweeb.com\/ar\/wp-json\/wp\/v2\/comments?post=30046"}],"version-history":[{"count":12,"href":"https:\/\/infinityweeb.com\/ar\/wp-json\/wp\/v2\/product\/30046\/revisions"}],"predecessor-version":[{"id":30264,"href":"https:\/\/infinityweeb.com\/ar\/wp-json\/wp\/v2\/product\/30046\/revisions\/30264"}],"wp:featuredmedia":[{"embeddable":true,"href":"https:\/\/infinityweeb.com\/ar\/wp-json\/wp\/v2\/media\/30047"}],"wp:attachment":[{"href":"https:\/\/infinityweeb.com\/ar\/wp-json\/wp\/v2\/media?parent=30046"}],"wp:term":[{"taxonomy":"product_brand","embeddable":true,"href":"https:\/\/infinityweeb.com\/ar\/wp-json\/wp\/v2\/product_brand?post=30046"},{"taxonomy":"product_cat","embeddable":true,"href":"https:\/\/infinityweeb.com\/ar\/wp-json\/wp\/v2\/product_cat?post=30046"},{"taxonomy":"product_tag","embeddable":true,"href":"https:\/\/infinityweeb.com\/ar\/wp-json\/wp\/v2\/product_tag?post=30046"}],"curies":[{"name":"wp","href":"https:\/\/api.w.org\/{rel}","templated":true}]}}