{"id":30133,"date":"2025-11-18T08:55:45","date_gmt":"2025-11-18T07:55:45","guid":{"rendered":"https:\/\/infinityweeb.com\/shop\/romoss-20000mah-30w-charge-rapide-batterie-externe-pour-iphone-xiaomi-huawei\/"},"modified":"2026-01-27T13:45:36","modified_gmt":"2026-01-27T12:45:36","slug":"romoss-20000mah-30w-charge-rapide-batterie-externe-iphone-xiaomi-huawei","status":"publish","type":"product","link":"https:\/\/infinityweeb.com\/ar\/shop\/romoss-20000mah-30w-charge-rapide-batterie-externe-iphone-xiaomi-huawei\/","title":{"rendered":"Romoss 20000mAh 30W Charge Rapide Batterie Externe pour iPhone\/Xiaomi\/HUAWEI"},"content":{"rendered":"<div class=\"product-specs-list-container\">\n<ul class=\"product-specs-list util-clearfix\">\n<li class=\"product-prop line-limit-length\"><span\n                                        class=\"property-title\">Produit chimique \u00e0 haute pr\u00e9occupation:&nbsp;<\/span><span\n                                        class=\"property-desc line-limit-length\">Aucun<\/span>\n                            <\/li>\n<li class=\"product-prop line-limit-length\"><span\n                                        class=\"property-title\">Certification:&nbsp;<\/span><span\n                                        class=\"property-desc line-limit-length\">ROHS,CE,FCC<\/span>\n                            <\/li>\n<li class=\"product-prop line-limit-length\"><span\n                                        class=\"property-title\">Entr\u00e9e max:&nbsp;<\/span><span\n                                        class=\"property-desc line-limit-length\">23W<\/span>\n                            <\/li>\n<li class=\"product-prop line-limit-length\"><span\n                                        class=\"property-title\">Mat\u00e9riau de la coque:&nbsp;<\/span><span\n                                        class=\"property-desc line-limit-length\">plastique<\/span>\n                            <\/li>\n<li class=\"product-prop line-limit-length\"><span\n                                        class=\"property-title\">Caract\u00e9ristiques:&nbsp;<\/span><span\n                                        class=\"property-desc line-limit-length\">Affichage num\u00e9rique<\/span>\n                            <\/li>\n<li class=\"product-prop line-limit-length\"><span\n                                        class=\"property-title\">Supporte la technologie de charge rapide:&nbsp;<\/span><span\n                                        class=\"property-desc line-limit-length\">Charge rapide dans les deux sens<\/span>\n                            <\/li>\n<li class=\"product-prop line-limit-length\"><span\n                                        class=\"property-title\">Interface d&rsquo;entr\u00e9e:&nbsp;<\/span><span\n                                        class=\"property-desc line-limit-length\">Micro USB,USB,\u00c9clairage<\/span>\n                            <\/li>\n<li class=\"product-prop line-limit-length\"><span\n                                        class=\"property-title\">Interface de sortie:&nbsp;<\/span><span\n                                        class=\"property-desc line-limit-length\">double usb,USB Type-C<\/span>\n                            <\/li>\n<li class=\"product-prop line-limit-length\"><span\n                                        class=\"property-title\">Type de Batterie:&nbsp;<\/span><span\n                                        class=\"property-desc line-limit-length\">Batterie Li-Polymer<\/span>\n                            <\/li>\n<li class=\"product-prop line-limit-length\"><span\n                                        class=\"property-title\">Nom de marque:&nbsp;<\/span><span\n                                        class=\"property-desc line-limit-length\">ROMOSS<\/span>\n                            <\/li>\n<li class=\"product-prop line-limit-length\"><span\n                                        class=\"property-title\">ROMOSS Mod\u00e8le:&nbsp;<\/span><span\n                                        class=\"property-desc line-limit-length\">SENSE6<\/span>\n                            <\/li>\n<li class=\"product-prop line-limit-length\"><span\n                                        class=\"property-title\">Type De batterie:&nbsp;<\/span><span\n                                        class=\"property-desc line-limit-length\">BATTERIE LITHIUM-ION<\/span>\n                            <\/li>\n<li class=\"product-prop line-limit-length\"><span\n                                        class=\"property-title\">Origine:&nbsp;<\/span><span\n                                        class=\"property-desc line-limit-length\">CN (Origine)<\/span>\n                            <\/li>\n<li class=\"product-prop line-limit-length\"><span\n                                        class=\"property-title\">Type:&nbsp;<\/span><span\n                                        class=\"property-desc line-limit-length\">power bank portable<\/span>\n                            <\/li>\n<li class=\"product-prop line-limit-length\"><span\n                                        class=\"property-title\">Product Name:&nbsp;<\/span><span\n                                        class=\"property-desc line-limit-length\">ROMOSS Sense6PS Pro Fast Charging Power Bank   20000mAh 30W<\/span>\n                            <\/li>\n<li class=\"product-prop line-limit-length\"><span\n                                        class=\"property-title\">Large Capacity:&nbsp;<\/span><span\n                                        class=\"property-desc line-limit-length\">20000mAh<\/span>\n                            <\/li>\n<li class=\"product-prop line-limit-length\"><span\n                                        class=\"property-title\">Charge 3 Devices at The Same Time:&nbsp;<\/span><span\n                                        class=\"property-desc line-limit-length\">Yes<\/span>\n                            <\/li>\n<li class=\"product-prop line-limit-length\"><span\n                                        class=\"property-title\">Air Transport Standard:&nbsp;<\/span><span\n                                        class=\"property-desc line-limit-length\">Yes<\/span>\n                            <\/li>\n<li class=\"product-prop line-limit-length\"><span\n                                        class=\"property-title\">Support Small Current Mode:&nbsp;<\/span><span\n                                        class=\"property-desc line-limit-length\">Yes<\/span>\n                            <\/li>\n<li class=\"product-prop line-limit-length\"><span\n                                        class=\"property-title\">30W Super Fast Charging:&nbsp;<\/span><span\n                                        class=\"property-desc line-limit-length\">Yes<\/span>\n                            <\/li>\n<li class=\"product-prop line-limit-length\"><span\n                                        class=\"property-title\">30W Fast Charge and Discharge:&nbsp;<\/span><span\n                                        class=\"property-desc line-limit-length\">Yes<\/span>\n                            <\/li>\n<li class=\"product-prop line-limit-length\"><span\n                                        class=\"property-title\">Charge and Recharge With the Same Cable:&nbsp;<\/span><span\n                                        class=\"property-desc line-limit-length\">Yes<\/span>\n                            <\/li>\n<li class=\"product-prop line-limit-length\"><span\n                                        class=\"property-title\">Charge 3 Devices At The Same Time:&nbsp;<\/span><span\n                                        class=\"property-desc line-limit-length\">Yes<\/span>\n                            <\/li>\n<li class=\"product-prop line-limit-length\"><span\n                                        class=\"property-title\">Size:&nbsp;<\/span><span\n                                        class=\"property-desc line-limit-length\">L148*W67.6*H28.5<\/span>\n                            <\/li>\n<li class=\"product-prop line-limit-length\"><span\n                                        class=\"property-title\">Weight:&nbsp;<\/span><span\n                                        class=\"property-desc line-limit-length\">408g<\/span>\n                            <\/li>\n<\/ul><\/div>\n<div class=\"detailmodule_html\">\n<div class=\"detail-desc-decorate-richtext\">\n<p>\n <kse:widget data-widget-type=\"customText\" id=\"1005000004870810\" type=\"custom\"><\/kse:widget><span style=\"font-size:20px;font-family:arial, helvetica, sans-serif\"><strong id=\"tl_1\">Banque d&rsquo;alimentation &agrave; charge rapide<\/strong><\/span><\/p>\n<p><span style=\"font-size:16px;font-family:arial, helvetica, sans-serif\" id=\"tl_2\">Enti&egrave;rement am&eacute;lior&eacute;-Plus petite taille, plus grande capacit&eacute;<\/span><\/p>\n<p><span style=\"font-size:16px;font-family:arial, helvetica, sans-serif\" id=\"tl_3\">Charge rapide 30W pour la charge et la d&eacute;charge<\/span><\/p>\n<p><span style=\"font-size:16px;font-family:arial, helvetica, sans-serif\" id=\"tl_4\">3 ports de sortie de charge rapide<\/span><\/p>\n<p><span style=\"font-size:16px;font-family:arial, helvetica, sans-serif\" id=\"tl_5\">Convient pour la tablette de chargement<\/span><\/p>\n<div>\n <br \/> \n<\/div>\n<p><img decoding=\"async\" src=\"https:\/\/infinityweeb.com\/wp-content\/uploads\/2025\/11\/kf-S6ab53e397e9148d1bc11fe9c89169447f.webp\" slate-data-type=\"image\" \/><\/p>\n<\/p>\n<p><span style=\"font-size:20px;font-family:arial, helvetica, sans-serif\"><strong id=\"tl_6\">Prise en charge de la charge rapide pour tous les appareils Apple avec la puissance maximale ultime<\/strong><\/span><\/p>\n<p><span style=\"font-size:16px;font-family:arial, helvetica, sans-serif\" id=\"tl_7\">PD30W\/27W\/20W\/18W<\/span><\/p>\n<p><span style=\"font-size:16px;font-family:arial, helvetica, sans-serif\" id=\"tl_8\">PD 30W : MacBook Air compl&egrave;tement charg&eacute; en 2 heures<\/span><\/p>\n<p><span style=\"font-size:16px;font-family:arial, helvetica, sans-serif\" id=\"tl_9\">PD 30W :iPad Pro(2021) compl&egrave;tement charg&eacute; en 1.1 heures<\/span><\/p>\n<p><span style=\"font-size:16px;font-family:arial, helvetica, sans-serif\" id=\"tl_10\">PD27W iphone 13 Pro Max charge 30 minutes jusqu&rsquo;&agrave; 55%<\/span><\/p>\n<p><\/p>\n<p><img decoding=\"async\" src=\"https:\/\/infinityweeb.com\/wp-content\/uploads\/2025\/11\/kf-S4a47e944f17c4e68b1fb67bc22abd328f.webp\" slate-data-type=\"image\" \/><\/p>\n<\/p>\n<p><span style=\"font-size:20px;font-family:arial, helvetica, sans-serif\"><strong id=\"tl_11\">Mise &agrave; niveau de charge rapide, largement compatible avec <br \/>Protocoles de charge rapide<\/strong><\/span><\/p>\n<p><span style=\"font-size:16px;font-family:arial, helvetica, sans-serif\" id=\"tl_12\">Prise en charge de la charge rapide pour les t&eacute;l&eacute;phones mobiles et les tablettes<\/span><\/p>\n<p><\/p>\n<p><img decoding=\"async\" src=\"https:\/\/infinityweeb.com\/wp-content\/uploads\/2025\/11\/kf-Scd613d5d3070440684a39e969ae91155l.webp\" slate-data-type=\"image\" \/><\/p>\n<\/p>\n<p><span style=\"font-size:20px;font-family:arial, helvetica, sans-serif\"><strong id=\"tl_13\">Charge rapide de 30W pour la recharge, enti&egrave;rement charg&eacute;e en 4.3 heures<\/strong><\/span><\/p>\n<p><span style=\"font-size:16px;font-family:arial, helvetica, sans-serif\" id=\"tl_14\">Charge rapide pour la charge et la recharge<\/span><\/p>\n<p><span style=\"font-size:16px;font-family:arial, helvetica, sans-serif\" id=\"tl_15\">Une recharge compl&egrave;te prend 4.3 heures avec un chargeur de 30W<\/span><\/p>\n<p><span style=\"font-size:16px;font-family:arial, helvetica, sans-serif\" id=\"tl_16\">Une recharge compl&egrave;te prend 6 heures avec un chargeur de 18W<\/span><\/p>\n<p><span style=\"font-size:16px;font-family:arial, helvetica, sans-serif\" id=\"tl_17\">Une recharge compl&egrave;te prend 8.6 heures avec un chargeur de 15W\/10W<\/span><\/p>\n<p><\/p>\n<p><img decoding=\"async\" src=\"https:\/\/infinityweeb.com\/wp-content\/uploads\/2025\/11\/kf-S8c7a17e2ab5c45a3b895469878789237L.webp\" slate-data-type=\"image\" \/><\/p>\n<\/p>\n<p><strong><span style=\"font-size:20px;font-family:arial, helvetica, sans-serif\" id=\"tl_18\">20000mAh, le meilleur choix pour votre voyage et votre voyage d&rsquo;affaires<\/span><\/strong><\/p>\n<p><span style=\"font-size:16px;font-family:arial, helvetica, sans-serif\" id=\"tl_19\">100% v&eacute;ritable grande capacit&eacute;<\/span><\/p>\n<p><span style=\"font-size:16px;font-family:arial, helvetica, sans-serif\" id=\"tl_20\">IPhone 13 \u2248 4.6 fois | Samsung Galaxy S22 \u2248 4.0 fois | Xiaomi 11 Pro 2.4 fois<\/span><\/p>\n<p><\/p>\n<p><img decoding=\"async\" src=\"https:\/\/infinityweeb.com\/wp-content\/uploads\/2025\/11\/kf-Saf22fa826e6d417e8ff3d88645d8bf30u.webp\" slate-data-type=\"image\" \/><\/p>\n<\/p>\n<p><span style=\"font-size:20px;font-family:arial, helvetica, sans-serif\"><strong id=\"tl_21\">Charger le t&eacute;l&eacute;phone portable et recharger la banque d&rsquo;alimentation <br \/>Avec le m&ecirc;me c&acirc;ble<\/strong><\/span><\/p>\n<p><span style=\"font-size:16px;font-family:arial, helvetica, sans-serif\" id=\"tl_22\">Port d&rsquo;entr&eacute;e Type-C\/Micro USB\/Lightning<\/span><\/p>\n<p><span style=\"font-size:16px;font-family:arial, helvetica, sans-serif\" id=\"tl_23\">1. Port d&rsquo;entr&eacute;e micro USB<\/span><\/p>\n<p><span style=\"font-size:16px;font-family:arial, helvetica, sans-serif\" id=\"tl_24\">2. Port d&rsquo;entr&eacute;e Lightning<\/span><\/p>\n<p><span style=\"font-size:16px;font-family:arial, helvetica, sans-serif\" id=\"tl_25\">3. Ports d&rsquo;entr&eacute;e et de sortie de type C<\/span><\/p>\n<p><span style=\"font-size:16px;font-family:arial, helvetica, sans-serif\" id=\"tl_26\">4. Port de sortie USB<\/span><\/p>\n<p><span style=\"font-size:16px;font-family:arial, helvetica, sans-serif\" id=\"tl_27\">5. Port de sortie USB<\/span><\/p>\n<p><\/p>\n<p><img decoding=\"async\" src=\"https:\/\/infinityweeb.com\/wp-content\/uploads\/2025\/11\/kf-S92cc775829534ca5a90bb88aa8809363J.webp\" slate-data-type=\"image\" \/><\/p>\n<\/p>\n<p><strong><span style=\"font-size:20px;font-family:arial, helvetica, sans-serif\" id=\"tl_28\">Les trois ports de sortie sont rapides <br \/>Ports de charge<\/span><\/strong><\/p>\n<p><span style=\"font-size:16px;font-family:arial, helvetica, sans-serif\" id=\"tl_29\">Chargez 3 appareils en m&ecirc;me temps<\/span><\/p>\n<p><\/p>\n<p><img decoding=\"async\" src=\"https:\/\/infinityweeb.com\/wp-content\/uploads\/2025\/11\/kf-Sc9330380e8834a70a08219b28c3d178bi.webp\" slate-data-type=\"image\" \/><\/p>\n<\/p>\n<p><strong><span style=\"font-size:20px;font-family:arial, helvetica, sans-serif\" id=\"tl_30\">Votre meilleur compagnon dans l&rsquo;avion<\/span><\/strong><\/p>\n<p><span style=\"font-size:16px;font-family:arial, helvetica, sans-serif\" id=\"tl_31\">Conforme &agrave; la norme internationale de transport a&eacute;rien<\/span><\/p>\n<p><\/p>\n<p><img decoding=\"async\" src=\"https:\/\/infinityweeb.com\/wp-content\/uploads\/2025\/11\/kf-Sb26e5819c3f44e57972385a0a4fcab33s.webp\" slate-data-type=\"image\" \/><\/p>\n<\/p>\n<p><strong><span style=\"font-size:20px;font-family:arial, helvetica, sans-serif\" id=\"tl_32\">Affichage num&eacute;rique intelligent &agrave; LED<\/span><\/strong><\/p>\n<p><span style=\"font-size:16px;font-family:arial, helvetica, sans-serif\" id=\"tl_33\">Vous permettant de conna&icirc;tre l&rsquo;&eacute;tat de la charge tout au long du processus<\/span><\/p>\n<p><\/p>\n<p><img decoding=\"async\" src=\"https:\/\/infinityweeb.com\/wp-content\/uploads\/2025\/11\/kf-Sa929f6685d6e4cf2bab7f1f70b327076m.webp\" slate-data-type=\"image\" \/><\/p>\n<\/p>\n<p><span style=\"font-size:20px;font-family:arial, helvetica, sans-serif\"><strong id=\"tl_34\">Mode courant faible<\/strong><\/span><\/p>\n<p><span style=\"font-size:16px;font-family:arial, helvetica, sans-serif\" id=\"tl_35\">Chargez les appareils &agrave; faible courant tels que les casques et les bracelets Bluetooth<\/span><\/p>\n<p><span style=\"font-size:16px;font-family:arial, helvetica, sans-serif\" id=\"tl_36\">Entrez la charge de courant faible<\/span><\/p>\n<p><span style=\"font-size:16px;font-family:arial, helvetica, sans-serif\" id=\"tl_37\">Appuyez deux fois sur le bouton de v&eacute;rification du niveau de la batterie<\/span><\/p>\n<p><span style=\"font-size:16px;font-family:arial, helvetica, sans-serif\" id=\"tl_38\">Quittez le mode de d&eacute;charge &agrave; faible courant<\/span><\/p>\n<p><span style=\"font-size:16px;font-family:arial, helvetica, sans-serif\" id=\"tl_39\">Appuyez sur le bouton de v&eacute;rification du niveau de la batterie<\/span><\/p>\n<p><\/p>\n<p><img decoding=\"async\" src=\"https:\/\/infinityweeb.com\/wp-content\/uploads\/2025\/11\/kf-S97fa430a678b4e6aa439e1d8cdb6f22dS.webp\" slate-data-type=\"image\" \/><\/p>\n<\/p>\n<p><strong><span style=\"font-size:20px;font-family:arial, helvetica, sans-serif\" id=\"tl_40\">Utilisez plus de puces intelligentes<\/span><\/strong><\/p>\n<p><span style=\"font-size:16px;font-family:arial, helvetica, sans-serif\" id=\"tl_41\">Protection &agrave; 10 couches tout au long du processus de charge<\/span><\/p>\n<p><\/p>\n<p><img decoding=\"async\" src=\"https:\/\/infinityweeb.com\/wp-content\/uploads\/2025\/11\/kf-Sab4feb5a130e46c5a2cd9e97875101f6E.webp\" slate-data-type=\"image\" \/><\/p>\n<\/p>\n<p><strong><span style=\"font-size:20px;font-family:arial, helvetica, sans-serif\" id=\"tl_42\">Charge rapide &agrave; basse temp&eacute;rature<\/span><\/strong><\/p>\n<p><span style=\"font-size:16px;font-family:arial, helvetica, sans-serif\" id=\"tl_43\">Puce intelligente\/contr&ocirc;le de temp&eacute;rature NTC\/ne chauffe pas pendant le processus de recharge<\/span><\/p>\n<p><\/p>\n<p><img decoding=\"async\" src=\"https:\/\/infinityweeb.com\/wp-content\/uploads\/2025\/11\/kf-Sbf3c135911974a03b57d1f61876e3f19G.webp\" slate-data-type=\"image\" \/><\/p>\n<\/p>\n<p><span style=\"font-size:20px;font-family:arial, helvetica, sans-serif\"><strong id=\"tl_44\">Certifi&eacute; par les normes de s&eacute;curit&eacute; internationales<\/strong><\/span><\/p>\n<p><span style=\"font-size:16px;font-family:arial, helvetica, sans-serif\" id=\"tl_45\">Obtention des certifications de s&eacute;curit&eacute; suivantes<\/span><\/p>\n<p><\/p>\n<p><img decoding=\"async\" src=\"https:\/\/infinityweeb.com\/wp-content\/uploads\/2025\/11\/kf-S459bbe34dc5445528bf807b4c8efee76v.webp\" slate-data-type=\"image\" \/><\/p>\n<\/p>\n<p><strong><span style=\"font-size:20px;font-family:arial, helvetica, sans-serif\" id=\"tl_46\">Liste des paquets<\/span><\/strong><\/p>\n<p><\/p>\n<p><img decoding=\"async\" src=\"https:\/\/infinityweeb.com\/wp-content\/uploads\/2025\/11\/kf-See4e242f933843a88b9738c5b49093e29.webp\" slate-data-type=\"image\" \/><\/p>\n<\/p>\n<p><strong><span style=\"font-size:20px;font-family:arial, helvetica, sans-serif\" id=\"tl_47\">Sp&eacute;cifications<\/span><\/strong><\/p>\n<p><\/p>\n<p><img decoding=\"async\" src=\"https:\/\/infinityweeb.com\/wp-content\/uploads\/2025\/11\/kf-S9fe69679e44e494e9fad06e54c23aeb4o.webp\" slate-data-type=\"image\" \/><\/p>\n<p> <br \/>\n <kse:widget data-widget-type=\"customText\" id=\"1005000004224828\" type=\"custom\"><\/kse:widget><\/p>\n<\/div>\n<\/div>","protected":false},"excerpt":{"rendered":"<p>Produit chimique \u00e0 haute pr\u00e9occupation:&nbsp;Aucun Certification:&nbsp;ROHS,CE,FCC Entr\u00e9e max:&nbsp;23W Mat\u00e9riau de la coque:&nbsp;plastique Caract\u00e9ristiques:&nbsp;Affichage num\u00e9rique Supporte la technologie de charge rapide:&nbsp;Charge<\/p>","protected":false},"featured_media":30134,"comment_status":"open","ping_status":"closed","template":"","meta":[],"product_brand":[1073],"product_cat":[179],"product_tag":[],"class_list":{"0":"post-30133","1":"product","2":"type-product","3":"status-publish","4":"has-post-thumbnail","6":"product_brand-romoss","7":"product_cat-uncategorized","9":"first","10":"outofstock","11":"shipping-taxable","12":"purchasable","13":"product-type-simple"},"jetpack_sharing_enabled":true,"_links":{"self":[{"href":"https:\/\/infinityweeb.com\/ar\/wp-json\/wp\/v2\/product\/30133","targetHints":{"allow":["GET"]}}],"collection":[{"href":"https:\/\/infinityweeb.com\/ar\/wp-json\/wp\/v2\/product"}],"about":[{"href":"https:\/\/infinityweeb.com\/ar\/wp-json\/wp\/v2\/types\/product"}],"replies":[{"embeddable":true,"href":"https:\/\/infinityweeb.com\/ar\/wp-json\/wp\/v2\/comments?post=30133"}],"version-history":[{"count":15,"href":"https:\/\/infinityweeb.com\/ar\/wp-json\/wp\/v2\/product\/30133\/revisions"}],"predecessor-version":[{"id":30207,"href":"https:\/\/infinityweeb.com\/ar\/wp-json\/wp\/v2\/product\/30133\/revisions\/30207"}],"wp:featuredmedia":[{"embeddable":true,"href":"https:\/\/infinityweeb.com\/ar\/wp-json\/wp\/v2\/media\/30134"}],"wp:attachment":[{"href":"https:\/\/infinityweeb.com\/ar\/wp-json\/wp\/v2\/media?parent=30133"}],"wp:term":[{"taxonomy":"product_brand","embeddable":true,"href":"https:\/\/infinityweeb.com\/ar\/wp-json\/wp\/v2\/product_brand?post=30133"},{"taxonomy":"product_cat","embeddable":true,"href":"https:\/\/infinityweeb.com\/ar\/wp-json\/wp\/v2\/product_cat?post=30133"},{"taxonomy":"product_tag","embeddable":true,"href":"https:\/\/infinityweeb.com\/ar\/wp-json\/wp\/v2\/product_tag?post=30133"}],"curies":[{"name":"wp","href":"https:\/\/api.w.org\/{rel}","templated":true}]}}