{"id":30180,"date":"2025-11-18T09:01:14","date_gmt":"2025-11-18T08:01:14","guid":{"rendered":"https:\/\/infinityweeb.com\/shop\/console-de-jeux-ps1-n64-gba-x2-retro-stick-bleu-256gb-70000-tv-pc-noel\/"},"modified":"2025-12-13T19:26:46","modified_gmt":"2025-12-13T18:26:46","slug":"console-de-jeux-ps1-n64-gba-x2-retro-stick-bleu-256gb-70000-tv-pc-noel","status":"publish","type":"product","link":"https:\/\/infinityweeb.com\/ar\/shop\/console-de-jeux-ps1-n64-gba-x2-retro-stick-bleu-256gb-70000-tv-pc-noel\/","title":{"rendered":"Console de Jeux PS1\/N64\/GBA X2 R\u00e9tro Stick Bleu 256GB 70000 TV\/PC No\u00ebl"},"content":{"rendered":"<div class=\"product-specs-list-container\">\n<ul class=\"product-specs-list util-clearfix\">\n<li class=\"product-prop line-limit-length\"><span class=\"property-title\">Batterie incluse:&nbsp;<\/span><span class=\"property-desc line-limit-length\">Oui<\/span>\n                            <\/li>\n<li class=\"product-prop line-limit-length\"><span class=\"property-title\">Produit chimique \u00e0 haute pr\u00e9occupation:&nbsp;<\/span><span class=\"property-desc line-limit-length\">Aucun<\/span>\n                            <\/li>\n<li class=\"product-prop line-limit-length\"><span class=\"property-title\">Type d&rsquo;appareils:&nbsp;<\/span><span class=\"property-desc line-limit-length\">PS<\/span>\n                            <\/li>\n<li class=\"product-prop line-limit-length\"><span class=\"property-title\">Bluetooth-compatible:&nbsp;<\/span><span class=\"property-desc line-limit-length\">Non<\/span>\n                            <\/li>\n<li class=\"product-prop line-limit-length\"><span class=\"property-title\">Cat\u00e9gorie:&nbsp;<\/span><span class=\"property-desc line-limit-length\">Console de jeu vid\u00e9o<\/span>\n                            <\/li>\n<li class=\"product-prop line-limit-length\"><span class=\"property-title\">Langue de soutien:&nbsp;<\/span><span class=\"property-desc line-limit-length\">UKRAINIEN,Japonais,French,allemand,Italien,Espagnol,Portugais,Russe,english,su\u00e9dois,POLISH,Grec,Turkish,cor\u00e9en,Dutch,Espagnol latino-Am\u00e9ricain,Portugais br\u00e9silien,Chinois simplifi\u00e9,Style chinois traditionnel<\/span>\n                            <\/li>\n<li class=\"product-prop line-limit-length\"><span class=\"property-title\">Origine:&nbsp;<\/span><span class=\"property-desc line-limit-length\">CN (Origine)<\/span>\n                            <\/li>\n<li class=\"product-prop line-limit-length\"><span class=\"property-title\">WIFI:&nbsp;<\/span><span class=\"property-desc line-limit-length\">Non<\/span>\n                            <\/li>\n<\/ul><\/div>\n<div class=\"detailmodule_html\">\n<div class=\"detail-desc-decorate-richtext\">\n<p><span><strong id=\"tl_1\">Remarque :<\/strong><\/span><\/p>\n<p id=\"tl_2\">1.Entretien de la carte m&eacute;moire : ne retirez pas avec force la carte m&eacute;moire TF pendant que la cl&eacute; m&eacute;moire est en cours d&rsquo;ex&eacute;cution, car cela pourrait entra&icirc;ner une perte ou un dommage de donn&eacute;es.Si vous devez remplacer la carte de stockage, veuillez d&rsquo;abord couper l&rsquo;alimentation de la cl&eacute; de jeu.<\/p>\n<p id=\"tl_3\">2.Entretien du contr&ocirc;leur : Le contr&ocirc;leur sans fil utilise 4 piles AAA.Veuillez v&eacute;rifier r&eacute;guli&egrave;rement le niveau de la batterie pour &eacute;viter de manquer d&rsquo;&eacute;nergie pendant le jeu.Lorsqu&rsquo;elle n&rsquo;est pas utilis&eacute;e pendant une longue p&eacute;riode, veuillez retirer la batterie pour &eacute;viter les fuites et les dommages au contr&ocirc;leur.<\/p>\n<p id=\"tl_4\">3. Les deux contr&ocirc;leurs sans fil n&eacute;cessitent 4 piles AAA, qui sont <span>pas<\/span>inclus dans le forfait.Veuillez les pr&eacute;parer s&eacute;par&eacute;ment<\/p>\n<p><\/p>\n<p><strong id=\"tl_5\">Caract&eacute;ristique :<\/strong><\/p>\n<p><\/p>\n<ul>\n<li>\n<p id=\"tl_6\">Peut se connecter &agrave; un t&eacute;l&eacute;viseur, un ordinateur, un d&eacute;codeur TV, un ordinateur portable ou un projecteur.<\/p>\n<\/li>\n<li>\n<p id=\"tl_7\">Biblioth&egrave;que de jeux riche, avec plus de 64 Go 30 000\/128 Go 40000\/256 Go 70 000 jeux classiques sans connexion Internet, couvrant plusieurs g&eacute;n&eacute;rations de jeux.<\/p>\n<\/li>\n<li>\n<p id=\"tl_8\">Sortie HDMI haute d&eacute;finition 4K, offrant une qualit&eacute; haute d&eacute;finition 1080P, pr&eacute;sentant des jeux classiques dans un tout nouveau format haute d&eacute;finition. Le processus de jeu est fluide et r&eacute;actif.<\/p>\n<\/li>\n<\/ul>\n<p><img decoding=\"async\" src=\"https:\/\/infinityweeb.com\/wp-content\/uploads\/2025\/11\/kf-S58a5acc825074523b3b93f95ce3f9e1bw.webp\" \/><\/p>\n<p><img decoding=\"async\" src=\"https:\/\/infinityweeb.com\/wp-content\/uploads\/2025\/11\/kf-S0c0e7a86e5774df0bc629960678b990bF.webp\" \/><img decoding=\"async\" src=\"https:\/\/infinityweeb.com\/wp-content\/uploads\/2025\/11\/kf-S30cff082ca8e45c9adadbbd46ce3ea6ds.webp\" \/><img decoding=\"async\" src=\"https:\/\/infinityweeb.com\/wp-content\/uploads\/2025\/11\/kf-S4e307efef982462f887030dc6d4c4186E.webp\" \/><img decoding=\"async\" src=\"https:\/\/infinityweeb.com\/wp-content\/uploads\/2025\/11\/kf-S8f6ef69060a0476882f2aad32f9bc6f5p.webp\" \/><img decoding=\"async\" src=\"https:\/\/infinityweeb.com\/wp-content\/uploads\/2025\/11\/kf-S5e06493333274c80b66ced5a251939b5c.webp\" \/><img decoding=\"async\" src=\"https:\/\/infinityweeb.com\/wp-content\/uploads\/2025\/11\/kf-Sc7e5044a154040e5b15181211e360f1e6.webp\" \/><img decoding=\"async\" src=\"https:\/\/infinityweeb.com\/wp-content\/uploads\/2025\/11\/kf-Sfa7fdd4c4db247d38110df595f629243x.webp\" \/><\/p>\n<\/div>\n<\/div>","protected":false},"excerpt":{"rendered":"<p>Batterie incluse:&nbsp;Oui Produit chimique \u00e0 haute pr\u00e9occupation:&nbsp;Aucun Type d&rsquo;appareils:&nbsp;PS Bluetooth-compatible:&nbsp;Non Cat\u00e9gorie:&nbsp;Console de jeu vid\u00e9o Langue de soutien:&nbsp;UKRAINIEN,Japonais,French,allemand,Italien,Espagnol,Portugais,Russe,english,su\u00e9dois,POLISH,Grec,Turkish,cor\u00e9en,Dutch,Espagnol latino-Am\u00e9ricain,Portugais br\u00e9silien,Chinois simplifi\u00e9,Style<\/p>","protected":false},"featured_media":30181,"comment_status":"open","ping_status":"closed","template":"","meta":[],"product_brand":[],"product_cat":[179],"product_tag":[],"class_list":{"0":"post-30180","1":"product","2":"type-product","3":"status-publish","4":"has-post-thumbnail","6":"product_cat-uncategorized","8":"first","9":"outofstock","10":"shipping-taxable","11":"purchasable","12":"product-type-variable"},"jetpack_sharing_enabled":true,"_links":{"self":[{"href":"https:\/\/infinityweeb.com\/ar\/wp-json\/wp\/v2\/product\/30180","targetHints":{"allow":["GET"]}}],"collection":[{"href":"https:\/\/infinityweeb.com\/ar\/wp-json\/wp\/v2\/product"}],"about":[{"href":"https:\/\/infinityweeb.com\/ar\/wp-json\/wp\/v2\/types\/product"}],"replies":[{"embeddable":true,"href":"https:\/\/infinityweeb.com\/ar\/wp-json\/wp\/v2\/comments?post=30180"}],"version-history":[{"count":10,"href":"https:\/\/infinityweeb.com\/ar\/wp-json\/wp\/v2\/product\/30180\/revisions"}],"predecessor-version":[{"id":30336,"href":"https:\/\/infinityweeb.com\/ar\/wp-json\/wp\/v2\/product\/30180\/revisions\/30336"}],"wp:featuredmedia":[{"embeddable":true,"href":"https:\/\/infinityweeb.com\/ar\/wp-json\/wp\/v2\/media\/30181"}],"wp:attachment":[{"href":"https:\/\/infinityweeb.com\/ar\/wp-json\/wp\/v2\/media?parent=30180"}],"wp:term":[{"taxonomy":"product_brand","embeddable":true,"href":"https:\/\/infinityweeb.com\/ar\/wp-json\/wp\/v2\/product_brand?post=30180"},{"taxonomy":"product_cat","embeddable":true,"href":"https:\/\/infinityweeb.com\/ar\/wp-json\/wp\/v2\/product_cat?post=30180"},{"taxonomy":"product_tag","embeddable":true,"href":"https:\/\/infinityweeb.com\/ar\/wp-json\/wp\/v2\/product_tag?post=30180"}],"curies":[{"name":"wp","href":"https:\/\/api.w.org\/{rel}","templated":true}]}}