{"id":30191,"date":"2025-11-18T09:02:58","date_gmt":"2025-11-18T08:02:58","guid":{"rendered":"https:\/\/infinityweeb.com\/shop\/clavier-mecanique-filaire-k68-10-eclairages-jeux-bureau-windows-ios\/"},"modified":"2025-12-16T12:06:55","modified_gmt":"2025-12-16T11:06:55","slug":"clavier-mecanique-filaire-k68-10-eclairages-jeux-bureau-windows-ios","status":"publish","type":"product","link":"https:\/\/infinityweeb.com\/ar\/shop\/clavier-mecanique-filaire-k68-10-eclairages-jeux-bureau-windows-ios\/","title":{"rendered":"Clavier m\u00e9canique filaire K68, 10 \u00e9clairages, jeux\/bureau, Windows\/IOS."},"content":{"rendered":"<div class=\"product-specs-list-container\">\n<ul class=\"product-specs-list util-clearfix\">\n<li class=\"product-prop line-limit-length\"><span class=\"property-title\">Produit chimique \u00e0 haute pr\u00e9occupation:&nbsp;<\/span><span class=\"property-desc line-limit-length\">Aucun<\/span>\n                            <\/li>\n<li class=\"product-prop line-limit-length\"><span class=\"property-title\">Style:&nbsp;<\/span><span class=\"property-desc line-limit-length\">Standard<\/span>\n                            <\/li>\n<li class=\"product-prop line-limit-length\"><span class=\"property-title\">Type D&rsquo;interface:&nbsp;<\/span><span class=\"property-desc line-limit-length\">USB<\/span>\n                            <\/li>\n<li class=\"product-prop line-limit-length\"><span class=\"property-title\">Batterie incluse:&nbsp;<\/span><span class=\"property-desc line-limit-length\">Non<\/span>\n                            <\/li>\n<li class=\"product-prop line-limit-length\"><span class=\"property-title\">Style d&rsquo;op\u00e9ration:&nbsp;<\/span><span class=\"property-desc line-limit-length\">M\u00e9canique<\/span>\n                            <\/li>\n<li class=\"product-prop line-limit-length\"><span class=\"property-title\">Langue:&nbsp;<\/span><span class=\"property-desc line-limit-length\">english<\/span>\n                            <\/li>\n<li class=\"product-prop line-limit-length\"><span class=\"property-title\">Clavier standard:&nbsp;<\/span><span class=\"property-desc line-limit-length\">68 touches<\/span>\n                            <\/li>\n<li class=\"product-prop line-limit-length\"><span class=\"property-title\">Application:&nbsp;<\/span><span class=\"property-desc line-limit-length\">Bureau,Laptop,Nombre,Comprim\u00e9<\/span>\n                            <\/li>\n<li class=\"product-prop line-limit-length\"><span class=\"property-title\">Type:&nbsp;<\/span><span class=\"property-desc line-limit-length\">Filaire<\/span>\n                            <\/li>\n<li class=\"product-prop line-limit-length\"><span class=\"property-title\">Nom de marque:&nbsp;<\/span><span class=\"property-desc line-limit-length\">SKYLiON<\/span>\n                            <\/li>\n<li class=\"product-prop line-limit-length\"><span class=\"property-title\">SKYLION Mod\u00e8le:&nbsp;<\/span><span class=\"property-desc line-limit-length\">K68<\/span>\n                            <\/li>\n<li class=\"product-prop line-limit-length\"><span class=\"property-title\">Origine:&nbsp;<\/span><span class=\"property-desc line-limit-length\">CN (Origine)<\/span>\n                            <\/li>\n<li class=\"product-prop line-limit-length\"><span class=\"property-title\">Certification:&nbsp;<\/span><span class=\"property-desc line-limit-length\">CE<\/span>\n                            <\/li>\n<\/ul><\/div>\n<div class=\"detailmodule_html\">\n<div class=\"detail-desc-decorate-richtext\">\n<p><\/p>\n<div class=\"detailmodule_html\">\n<div class=\"detail-desc-decorate-richtext\">\n<div class=\"ai-description\">\n<div class=\"origin-part box-sizing\">\n<p style=\", sans-serif;font-size:14px;font-weight:400;letter-spacing:normal;line-height:inherit;text-align:start;margin:0px;margin-bottom:0px;margin-top:0px;margin-left:0px;margin-right:0px;padding:0px;padding-bottom:0px;padding-top:0px;padding-left:0px;padding-right:0px\" align=\"start\"><span><strong>\u2022 10 types d&rsquo;\u00e9clairage color\u00e9 :<\/strong><\/span><span>Le clavier dispose de 10 couleurs d&rsquo;\u00e9clairage diff\u00e9rentes, vous permettant de personnaliser votre exp\u00e9rience de frappe et d&rsquo;ajouter de la personnalit\u00e9 \u00e0 votre configuration.<\/span><\/p>\n<p><\/p>\n<p style=\", sans-serif;font-size:14px;font-weight:400;letter-spacing:normal;line-height:inherit;text-align:start;margin:0px;margin-bottom:0px;margin-top:0px;margin-left:0px;margin-right:0px;padding:0px;padding-bottom:0px;padding-top:0px;padding-left:0px;padding-right:0px\" align=\"start\"><span><strong>\u2022 Style d&rsquo;op\u00e9ration m\u00e9canique :<\/strong><\/span><span>Le style de fonctionnement m\u00e9canique de ce clavier garantit une exp\u00e9rience de frappe r\u00e9active et pr\u00e9cise, ce qui le rend parfait pour les jeux et la utilisation au bureau.<\/span><\/p>\n<p><\/p>\n<p style=\", sans-serif;font-size:14px;font-weight:400;letter-spacing:normal;line-height:inherit;text-align:start;margin:0px;margin-bottom:0px;margin-top:0px;margin-left:0px;margin-right:0px;padding:0px;padding-bottom:0px;padding-top:0px;padding-left:0px;padding-right:0px\" align=\"start\"><span><strong>\u2022 Type d&rsquo;interface USB :<\/strong><\/span><span>Avec un type d&rsquo;interface USB, ce clavier est facile \u00e0 connecter \u00e0 votre ordinateur ou tablette, garantissant une exp\u00e9rience de frappe fluide.<\/span><\/p>\n<p><\/p>\n<p style=\", sans-serif;font-size:14px;font-weight:400;letter-spacing:normal;line-height:inherit;text-align:start;margin:0px;margin-bottom:0px;margin-top:0px;margin-left:0px;margin-right:0px;padding:0px;padding-bottom:0px;padding-top:0px;padding-left:0px;padding-right:0px\" align=\"start\"><span><strong>\u2022 Norme 68 touches :<\/strong><\/span><span>Ce clavier comporte 68 touches, offrant une gamme compl\u00e8te de fonctionnalit\u00e9s pour tous vos besoins de frappe.<\/span><\/p>\n<p><\/p>\n<\/div>\n<\/div>\n<p class=\"MsoNormal\"><span style=\"font-size:22px;font-family:arial, helvetica, sans-serif\">Information sur le produit<\/span><\/p>\n<p class=\"MsoNormal\"><span style=\"font-size:22px;font-family:arial, helvetica, sans-serif\">0ne : Il s&rsquo;agit d&rsquo;un clavier m\u00e9canique filaire \u00e0 68 touches avec cl\u00e9 et ligne s\u00e9par\u00e9es, v\u00e9ritable corps d&rsquo;arbre m\u00e9canique (actuellement, un arbre vert et un arbre rouge sont fournis)<\/span><\/p>\n<p class=\"MsoNormal\"><span style=\"font-size:22px;font-family:arial, helvetica, sans-serif\">Deux : capuchon de cl\u00e9 moul\u00e9 par injection bicolore, ne se d\u00e9colore jamais.<\/span><\/p>\n<p class=\"MsoNormal\"><span style=\"font-size:22px;font-family:arial, helvetica, sans-serif\">Trois : Le clavier dispose de 10 modes d&rsquo;\u00e9clairage qui peuvent \u00eatre commut\u00e9s.<\/span><\/p>\n<p class=\"MsoNormal\"><span style=\"font-size:22px;font-family:arial, helvetica, sans-serif\">Quatre : \u00e9vitez les \u00e9claboussures d&rsquo;eau, sans craindre les taches d&rsquo;eau.<\/span><\/p>\n<p class=\"MsoNormal\"><img decoding=\"async\" src=\"https:\/\/infinityweeb.com\/wp-content\/uploads\/2025\/11\/kf-S5ef0ec20040a410ca57280dcc2107f2dN.webp\"><img decoding=\"async\" src=\"https:\/\/infinityweeb.com\/wp-content\/uploads\/2025\/11\/kf-Se3743e95324940c0b8d42495a7bbf797J.webp\"><img decoding=\"async\" src=\"https:\/\/infinityweeb.com\/wp-content\/uploads\/2025\/11\/kf-S0becee5355ae425c9eed4cda410b98ecf.webp\"><img decoding=\"async\" src=\"https:\/\/infinityweeb.com\/wp-content\/uploads\/2025\/11\/kf-Sd8d87e1b70ac42678de1237e53d0a0a4k.webp\"><img decoding=\"async\" src=\"https:\/\/infinityweeb.com\/wp-content\/uploads\/2025\/11\/kf-Sbd3a25bad1174cb09b7cc416c9bdcb6a0.webp\"><img decoding=\"async\" src=\"https:\/\/infinityweeb.com\/wp-content\/uploads\/2025\/11\/kf-S8b0853f489c54651846b21937faad2f4H.webp\"><img decoding=\"async\" src=\"https:\/\/infinityweeb.com\/wp-content\/uploads\/2025\/11\/kf-S2de8b88c13e64543bfc236833963abe7L.webp\"><img decoding=\"async\" src=\"https:\/\/infinityweeb.com\/wp-content\/uploads\/2025\/11\/kf-Sa07dbb19992048b3be2d6b5b2a87388c9.webp\"><img decoding=\"async\" src=\"https:\/\/infinityweeb.com\/wp-content\/uploads\/2025\/11\/kf-Sc910fd47d5d243dea77a19532d5f25ecf.webp\"><img decoding=\"async\" src=\"https:\/\/infinityweeb.com\/wp-content\/uploads\/2025\/11\/kf-S98f68e4aa6294fd1b185e3183da262c7M.webp\"><\/p>\n<p class=\"MsoNormal\"><span style=\"font-size:22px;font-family:arial, helvetica, sans-serif\">Instructions :<\/span><\/p>\n<p class=\"MsoNormal\"><span style=\"font-size:22px;font-family:arial, helvetica, sans-serif\">1 : D\u00e9ballez le produit, retirez le ruban du c\u00e2ble du clavier et ins\u00e9rez le c\u00e2ble dans le port USB de l&rsquo;ordinateur.<\/span><\/p>\n<p class=\"MsoNormal\"><span style=\"font-size:22px;font-family:arial, helvetica, sans-serif\">2 : Lorsque vous utilisez ce clavier pour la premi\u00e8re fois, le syst\u00e8me devra peut-\u00eatre installer un pilote USB.\u00c0 ce moment, l&rsquo;ordinateur recherchera et installera automatiquement le pilote du clavier.<\/span><\/p>\n<p class=\"MsoNormal\"><span style=\"font-size:22px;font-family:arial, helvetica, sans-serif\">3 : une fois le pilote install\u00e9, le clavier peut fonctionner normalement.<\/span><\/p>\n<p class=\"MsoNormal\"><span style=\"font-size:22px;font-family:arial, helvetica, sans-serif\">4 : Appuyez sur la touche d&rsquo;\u00e9clairage du clavier pour allumer et allumer le r\u00e9tro\u00e9clairage.<\/span><\/p>\n<p class=\"MsoNormal\"><img decoding=\"async\" src=\"https:\/\/infinityweeb.com\/wp-content\/uploads\/2025\/11\/kf-S175e1a456f1a41cc8225b6406a89bb61r.webp\"><\/p>\n<p class=\"MsoNormal\"><span style=\"font-size:22px;font-family:arial, helvetica, sans-serif\">Avis<\/span><\/p>\n<p class=\"MsoNormal\"><span style=\"font-size:22px;font-family:arial, helvetica, sans-serif\">1.Lavez-vous les mains avant d&rsquo;utiliser le clavier pour \u00e9viter que la sueur et les bact\u00e9ries ne contaminent le clavier.Se laver les mains apr\u00e8s utilisation peut emp\u00eacher la contamination par les bact\u00e9ries sur le clavier.<\/span><\/p>\n<p class=\"MsoNormal\"><span style=\"font-size:22px;font-family:arial, helvetica, sans-serif\">2.Le clavier doit \u00eatre plac\u00e9 sur un bureau lisse pour \u00e9viter de tomber et de salir le clavier.<\/span><\/p>\n<p class=\"MsoNormal\"><span style=\"font-size:22px;font-family:arial, helvetica, sans-serif\">3.Avant d&rsquo;utiliser le clavier, assurez-vous de v\u00e9rifier attentivement les instructions du clavier et de l&rsquo;utiliser selon les exigences et les sp\u00e9cifications dans les instructions.<\/span><\/p>\n<p class=\"MsoNormal\"><span style=\"font-size:22px;font-family:arial, helvetica, sans-serif\">4.Les autres objets ne doivent pas \u00eatre \u00e9tag\u00e9s sur le clavier pour \u00e9viter d&rsquo;endommager ou de salir les touches.<\/span><\/p>\n<p class=\"MsoNormal\"><span style=\"font-size:22px;font-family:arial, helvetica, sans-serif\">5.Lors du nettoyage du clavier, ne le lavez pas directement \u00e0 l&rsquo;eau.Pour le clavier non \u00e9tanche, il peut devenir invalide apr\u00e8s le lavage.<\/span><\/p>\n<p class=\"MsoNormal\"><span style=\"font-size:22px;font-family:arial, helvetica, sans-serif\">6.Ne d\u00e9vouez pas vos \u00e9motions sur le clavier.Le plus courant est de tapoter fort le clavier lorsqu&rsquo;il tombe en panne.D&rsquo;une part, cela r\u00e9duira la dur\u00e9e de vie du clavier ; D&rsquo;autre part, il tapulera les taches de sueur et les pellicules entre vos mains sur le clavier.<\/span><\/p>\n<p class=\"MsoNormal\"><img decoding=\"async\" src=\"https:\/\/infinityweeb.com\/wp-content\/uploads\/2025\/11\/kf-S8d7d3867484d497d906f4c1b308d4dbeQ.webp\"><\/p>\n<p style=\"text-align:left;margin:5pt 0pt;margin-bottom:5pt;margin-top:5pt;margin-left:0pt;margin-right:0pt\" class=\"MsoNormal\" align=\"left\"><span style=\"font-size:16.5pt;font-family:arial, helvetica, sans-serif\">FAQ<\/span><\/p>\n<p style=\"text-align:left;margin:5pt 0pt;margin-bottom:5pt;margin-top:5pt;margin-left:0pt;margin-right:0pt\" class=\"MsoNormal\" align=\"left\"><span style=\"font-size:16.5pt;font-family:arial, helvetica, sans-serif\">1 : Quel type de clavier s\u2019agit-il?<\/span><\/p>\n<p style=\"text-align:left;margin:5pt 0pt;margin-bottom:5pt;margin-top:5pt;margin-left:0pt;margin-right:0pt\" class=\"MsoNormal\" align=\"left\"><span style=\"font-size:16.5pt;font-family:arial, helvetica, sans-serif\">Il s&rsquo;agit d&rsquo;un v\u00e9ritable clavier m\u00e9canique dot\u00e9 de 68 touches, dont l&rsquo;axe rouge et l&rsquo;axe vert.<\/span><\/p>\n<p style=\"text-align:left;margin:5pt 0pt;margin-bottom:5pt;margin-top:5pt;margin-left:0pt;margin-right:0pt\" class=\"MsoNormal\" align=\"left\"><span style=\"font-size:16.5pt;font-family:arial, helvetica, sans-serif\">2.Quelle est la diff\u00e9rence entre l&rsquo;axe rouge et l&rsquo;axe vert?<\/span><\/p>\n<p style=\"text-align:left;margin:5pt 0pt;margin-bottom:5pt;margin-top:5pt;margin-left:0pt;margin-right:0pt\" class=\"MsoNormal\" align=\"left\"><span style=\"font-size:16.5pt;font-family:arial, helvetica, sans-serif\">(1) Axe rouge<\/span><\/p>\n<p style=\"text-align:left;margin:5pt 0pt;margin-bottom:5pt;margin-top:5pt;margin-left:0pt;margin-right:0pt\" class=\"MsoNormal\" align=\"left\"><span style=\"font-size:16.5pt;font-family:arial, helvetica, sans-serif\">Course du grignoteur : 1,5 mm (0,6 ; type op\u00e9rationnel : droit<\/span><\/p>\n<p style=\"text-align:left;margin:5pt 0pt;margin-bottom:5pt;margin-top:5pt;margin-left:0pt;margin-right:0pt\" class=\"MsoNormal\" align=\"left\"><span style=\"font-size:16.5pt;font-family:arial, helvetica, sans-serif\">et vers le bas ; Convient aux personnes : joueur professionnel<\/span><\/p>\n<p style=\"text-align:left;margin:5pt 0pt;margin-bottom:5pt;margin-top:5pt;margin-left:0pt;margin-right:0pt\" class=\"MsoNormal\" align=\"left\"><span style=\"font-size:16.5pt;font-family:arial, helvetica, sans-serif\">(2) Axe vert<\/span><\/p>\n<p style=\"text-align:left;margin:5pt 0pt;margin-bottom:5pt;margin-top:5pt;margin-left:0pt;margin-right:0pt\" class=\"MsoNormal\" align=\"left\"><span style=\"font-size:16.5pt;font-family:arial, helvetica, sans-serif\">course du rigger : 2 mm (0,6 ; type op\u00e9rationnel : le son du paragraphe est trop fort et le sens m\u00e9canique est fort ; convient aux personnes : compatibilit\u00e9 au bureau de jeu.<\/span><\/p>\n<p style=\"text-align:left;margin:5pt 0pt;margin-bottom:5pt;margin-top:5pt;margin-left:0pt;margin-right:0pt\" class=\"MsoNormal\" align=\"left\"><span style=\"font-size:16.5pt;font-family:arial, helvetica, sans-serif\">3.Comment contr\u00f4ler la lumi\u00e8re du clavier?<\/span><\/p>\n<p style=\"text-align:left;margin:5pt 0pt;margin-bottom:5pt;margin-top:5pt;margin-left:0pt;margin-right:0pt\" class=\"MsoNormal\" align=\"left\"><span style=\"font-size:16.5pt;font-family:arial, helvetica, sans-serif\">Appuyez sur le bouton d&rsquo;\u00e9clairage du clavier pour allumer et prot\u00e9ger le r\u00e9tro\u00e9clairage ;<\/span><\/p>\n<p style=\"text-align:left;margin:5pt 0pt;margin-bottom:5pt;margin-top:5pt;margin-left:0pt;margin-right:0pt\" class=\"MsoNormal\" align=\"left\"><span style=\"font-size:16.5pt;font-family:arial, helvetica, sans-serif\">Appuyez sur la touche FN+WINDOWS pour verrouiller\/d\u00e9verrouiller la touche WINDOWS ;<\/span><\/p>\n<p style=\"text-align:left;margin:5pt 0pt;margin-bottom:5pt;margin-top:5pt;margin-left:0pt;margin-right:0pt\" class=\"MsoNormal\" align=\"left\"><span style=\"font-size:16.5pt;font-family:arial, helvetica, sans-serif\">Appuyez sur FN+\u00a0\u00bb\u2191\/\u2193\u00a0\u00bb pour r\u00e9gler la luminosit\u00e9 sur 5 niveaux et FN+\u00a0\u00bb\u2190\/\u2192\u00a0\u00bb pour une vitesse \u00e0 5 niveaux<\/span><\/p>\n<p style=\"text-align:left;margin:5pt 0pt;margin-bottom:5pt;margin-top:5pt;margin-left:0pt;margin-right:0pt\" class=\"MsoNormal\" align=\"left\"><span style=\"font-size:16.5pt;font-family:arial, helvetica, sans-serif\">ajustement<\/span><\/p>\n<p style=\"text-align:left;margin:5pt 0pt;margin-bottom:5pt;margin-top:5pt;margin-left:0pt;margin-right:0pt\" class=\"MsoNormal\" align=\"left\"><span style=\"font-size:16.5pt;font-family:arial, helvetica, sans-serif\">Appuyez sur FN+| entrer dans les \u00ab points forts color\u00e9s \u00bb<\/span><\/p>\n<p style=\"text-align:left;margin:5pt 0pt;margin-bottom:5pt;margin-top:5pt;margin-left:0pt;margin-right:0pt\" class=\"MsoNormal\" align=\"left\"><span style=\"font-size:16.5pt;font-family:arial, helvetica, sans-serif\">Appuyez \u00e0 nouveau pour entrer \u00ab un clic \u00bb<\/span><\/p>\n<p style=\"text-align:left;margin:5pt 0pt;margin-bottom:5pt;margin-top:5pt;margin-left:0pt;margin-right:0pt\" class=\"MsoNormal\" align=\"left\"><span style=\"font-size:16.5pt;font-family:arial, helvetica, sans-serif\">Appuyez \u00e0 nouveau pour entrer \u00ab Aucune trace sur la neige \u00bb<\/span><\/p>\n<p style=\"text-align:left;margin:5pt 0pt;margin-bottom:5pt;margin-top:5pt;margin-left:0pt;margin-right:0pt\" class=\"MsoNormal\" align=\"left\"><span style=\"font-size:16.5pt;font-family:arial, helvetica, sans-serif\">Appuyez \u00e0 nouveau pour entrer \u00ab Key Ripple \u00bb<\/span><\/p>\n<p style=\"text-align:left;margin:5pt 0pt;margin-bottom:5pt;margin-top:5pt;margin-left:0pt;margin-right:0pt\" class=\"MsoNormal\" align=\"left\"><span style=\"font-size:16.5pt;font-family:arial, helvetica, sans-serif\">Appuyez \u00e0 nouveau pour acc\u00e9der au \u00ab Effet de lumi\u00e8re cheval courante \u00bb<\/span><\/p>\n<p style=\"text-align:left;margin:5pt 0pt;margin-bottom:5pt;margin-top:5pt;margin-left:0pt;margin-right:0pt\" class=\"MsoNormal\" align=\"left\"><span style=\"font-size:16.5pt;font-family:arial, helvetica, sans-serif\">Appuyez \u00e0 nouveau pour entrer dans la \u00ab temp\u00eate rotative \u00bb<\/span><\/p>\n<p style=\"text-align:left;margin:5pt 0pt;margin-bottom:5pt;margin-top:5pt;margin-left:0pt;margin-right:0pt\" class=\"MsoNormal\" align=\"left\"><span style=\"font-size:16.5pt;font-family:arial, helvetica, sans-serif\">Appuyez \u00e0 nouveau pour entrer dans \u00ab Snake Run \u00bb<\/span><\/p>\n<p style=\"text-align:left;margin:5pt 0pt;margin-bottom:5pt;margin-top:5pt;margin-left:0pt;margin-right:0pt\" class=\"MsoNormal\" align=\"left\"><span style=\"font-size:16.5pt;font-family:arial, helvetica, sans-serif\">Appuyez \u00e0 nouveau pour entrer sur \u00ab \u00c9crasement \u00bb<\/span><\/p>\n<p style=\"text-align:left;margin:5pt 0pt;margin-bottom:5pt;margin-top:5pt;margin-left:0pt;margin-right:0pt\" class=\"MsoNormal\" align=\"left\"><span style=\"font-size:16.5pt;font-family:arial, helvetica, sans-serif\">Appuyez \u00e0 nouveau pour entrer \u00ab Lumi\u00e8re qui coule et color\u00e9e \u00bb<\/span><\/p>\n<p style=\"text-align:left;margin:5pt 0pt;margin-bottom:5pt;margin-top:5pt;margin-left:0pt;margin-right:0pt\" class=\"MsoNormal\" align=\"left\"><span style=\"font-size:16.5pt;font-family:arial, helvetica, sans-serif\">Appuyez \u00e0 nouveau pour entrer \u00ab Starry Dots \u00bb<\/span><\/p>\n<p style=\"text-align:left;margin:5pt 0pt;margin-bottom:5pt;margin-top:5pt;margin-left:0pt;margin-right:0pt\" class=\"MsoNormal\" align=\"left\"><span style=\"font-size:16.5pt;font-family:arial, helvetica, sans-serif\">FN+W=W\/A\/S\/D et touches de direction interchangeables<\/span><\/p>\n<p style=\"text-align:left;margin:5pt 0pt;margin-bottom:5pt;margin-top:5pt;margin-left:0pt;margin-right:0pt\" class=\"MsoNormal\" align=\"left\"><span style=\"font-size:16.5pt;font-family:arial, helvetica, sans-serif\">FN+CTRL_ L (1,2.3.4.5.6.7.8.9.0.-.=Convertir en F1.F2.F3.F4.F5.F6.F7<\/span><\/p>\n<p style=\"text-align:left;margin:5pt 0pt;margin-bottom:5pt;margin-top:5pt;margin-left:0pt;margin-right:0pt\" class=\"MsoNormal\" align=\"left\"><span style=\"font-size:16.5pt;font-family:arial, helvetica, sans-serif\">F8.f9.f10.f11.f12) Fn + ESC = ~fn + 1 = f1, FN + 2 = f2, FN + 3 = F3,FN + 4 = f4,<\/span><\/p>\n<p style=\"text-align:left;margin:5pt 0pt;margin-bottom:5pt;margin-top:5pt;margin-left:0pt;margin-right:0pt\" class=\"MsoNormal\" align=\"left\"><span style=\"font-size:16.5pt;font-family:arial, helvetica, sans-serif\">FN + 5 = F5,FN + 6 = f6, FN + 7 = F7,FN + 8 = F8,FN + 9 = F9,FN + 0 = F10,FN +-= F11,<\/span><\/p>\n<p style=\"text-align:left;margin:5pt 0pt;margin-bottom:5pt;margin-top:5pt;margin-left:0pt;margin-right:0pt\" class=\"MsoNormal\" align=\"left\"><span style=\"font-size:16.5pt;font-family:arial, helvetica, sans-serif\">FN ++ = F12<\/span><\/p>\n<p style=\"text-align:left;margin:5pt 0pt;margin-bottom:5pt;margin-top:5pt;margin-left:0pt;margin-right:0pt\" class=\"MsoNormal\" align=\"left\"><span style=\"font-size:16.5pt;font-family:arial, helvetica, sans-serif\">FN+WIN=Verrouillage WIN et APP<\/span><\/p>\n<p style=\"text-align:left;margin:5pt 0pt;margin-bottom:5pt;margin-top:5pt;margin-left:0pt;margin-right:0pt\" class=\"MsoNormal\" align=\"left\"><span style=\"font-size:16.5pt;font-family:arial, helvetica, sans-serif\">4. Qu&rsquo;y a-t-il dans la bo\u00eete?<\/span><\/p>\n<p style=\"text-align:left;margin:5pt 0pt;margin-bottom:5pt;margin-top:5pt;margin-left:0pt;margin-right:0pt\" class=\"MsoNormal\" align=\"left\"><span style=\"font-size:16.5pt;font-family:arial, helvetica, sans-serif\">Clavier * 1<\/span><\/p>\n<p style=\"text-align:left;margin:5pt 0pt;margin-bottom:5pt;margin-top:5pt;margin-left:0pt;margin-right:0pt\" class=\"MsoNormal\" align=\"left\"><span style=\"font-size:16.5pt;font-family:arial, helvetica, sans-serif\">manuel * 1<\/span><\/p>\n<p style=\"text-align:left;margin:5pt 0pt;margin-bottom:5pt;margin-top:5pt;margin-left:0pt;margin-right:0pt\" class=\"MsoNormal\" align=\"left\"><span style=\"font-size:16.5pt;font-family:arial, helvetica, sans-serif\">5. Que dois-je faire si je constate que le capuchon de la cl\u00e9 est tomb\u00e9 apr\u00e8s l&rsquo;ouverture de l&#8217;emballage?<\/span><\/p>\n<p style=\"text-align:left;margin:5pt 0pt;margin-bottom:5pt;margin-top:5pt;margin-left:0pt;margin-right:0pt\" class=\"MsoNormal\" align=\"left\"><span style=\"font-size:16.5pt;font-family:arial, helvetica, sans-serif\">Le keycap du clavier peut \u00eatre d\u00e9mont\u00e9. Pendant le transport du clavier, le capuchon du clavier peut tomber en raison des bosses. Recherchez le capuchon tombant dans l&#8217;emballage int\u00e9rieur et installez-le dans la position correspondante. G\u00e9n\u00e9ralement, il peut \u00eatre utilis\u00e9 normalement.<\/span><\/p>\n<\/p>\n<\/div>\n<\/div>\n<p><\/p>\n<\/div>\n<\/div>","protected":false},"excerpt":{"rendered":"<p>Produit chimique \u00e0 haute pr\u00e9occupation:&nbsp;Aucun Style:&nbsp;Standard Type D&rsquo;interface:&nbsp;USB Batterie incluse:&nbsp;Non Style d&rsquo;op\u00e9ration:&nbsp;M\u00e9canique Langue:&nbsp;english Clavier standard:&nbsp;68 touches Application:&nbsp;Bureau,Laptop,Nombre,Comprim\u00e9 Type:&nbsp;Filaire Nom de<\/p>","protected":false},"featured_media":30192,"comment_status":"open","ping_status":"closed","template":"","meta":[],"product_brand":[],"product_cat":[300,319],"product_tag":[],"class_list":{"0":"post-30191","1":"product","2":"type-product","3":"status-publish","4":"has-post-thumbnail","6":"product_cat-claviers-souris","7":"product_cat-claviers-souris-gaming","9":"first","10":"outofstock","11":"shipping-taxable","12":"purchasable","13":"product-type-variable"},"jetpack_sharing_enabled":true,"_links":{"self":[{"href":"https:\/\/infinityweeb.com\/ar\/wp-json\/wp\/v2\/product\/30191","targetHints":{"allow":["GET"]}}],"collection":[{"href":"https:\/\/infinityweeb.com\/ar\/wp-json\/wp\/v2\/product"}],"about":[{"href":"https:\/\/infinityweeb.com\/ar\/wp-json\/wp\/v2\/types\/product"}],"replies":[{"embeddable":true,"href":"https:\/\/infinityweeb.com\/ar\/wp-json\/wp\/v2\/comments?post=30191"}],"version-history":[{"count":14,"href":"https:\/\/infinityweeb.com\/ar\/wp-json\/wp\/v2\/product\/30191\/revisions"}],"predecessor-version":[{"id":30368,"href":"https:\/\/infinityweeb.com\/ar\/wp-json\/wp\/v2\/product\/30191\/revisions\/30368"}],"wp:featuredmedia":[{"embeddable":true,"href":"https:\/\/infinityweeb.com\/ar\/wp-json\/wp\/v2\/media\/30192"}],"wp:attachment":[{"href":"https:\/\/infinityweeb.com\/ar\/wp-json\/wp\/v2\/media?parent=30191"}],"wp:term":[{"taxonomy":"product_brand","embeddable":true,"href":"https:\/\/infinityweeb.com\/ar\/wp-json\/wp\/v2\/product_brand?post=30191"},{"taxonomy":"product_cat","embeddable":true,"href":"https:\/\/infinityweeb.com\/ar\/wp-json\/wp\/v2\/product_cat?post=30191"},{"taxonomy":"product_tag","embeddable":true,"href":"https:\/\/infinityweeb.com\/ar\/wp-json\/wp\/v2\/product_tag?post=30191"}],"curies":[{"name":"wp","href":"https:\/\/api.w.org\/{rel}","templated":true}]}}