{"id":30674,"date":"2025-11-30T14:24:31","date_gmt":"2025-11-30T13:24:31","guid":{"rendered":"https:\/\/infinityweeb.com\/shop\/repeteur-wifi-6-tp-link-re600x-ax1800\/"},"modified":"2025-12-16T12:04:35","modified_gmt":"2025-12-16T11:04:35","slug":"repeteur-wifi-6-tp-link-re600x-ax1800","status":"publish","type":"product","link":"https:\/\/infinityweeb.com\/ar\/shop\/repeteur-wifi-6-tp-link-re600x-ax1800\/","title":{"rendered":"R\u00e9p\u00e9teur WiFi 6 TP-Link RE600X AX1800"},"content":{"rendered":"<div class=\"product-specs-list-container\" style=\"background: #f5f5f5;padding: 10px;border: 1px solid #eee;margin-bottom: 20px\">\n<ul class=\"product-specs-list util-clearfix\" style=\"padding: 0;margin: 0;flex-wrap: wrap\">\n<li class=\"product-prop line-limit-length\" style=\"width: 48%;margin-bottom: 5px\"><span class=\"property-title\" style=\"font-weight: bold;color: #666\">Marque: <\/span><span class=\"property-desc line-limit-length\">TP-Link<\/span><\/li>\n<li class=\"product-prop line-limit-length\" style=\"width: 48%;margin-bottom: 5px\"><span class=\"property-title\" style=\"font-weight: bold;color: #666\">Mod\u00e8le: <\/span><span class=\"property-desc line-limit-length\">RE600X<\/span><\/li>\n<li class=\"product-prop line-limit-length\" style=\"width: 48%;margin-bottom: 5px\"><span class=\"property-title\" style=\"font-weight: bold;color: #666\">Standard Wi-Fi: <\/span><span class=\"property-desc line-limit-length\">Wi-Fi 6 (802.11ax)<\/span><\/li>\n<li class=\"product-prop line-limit-length\" style=\"width: 48%;margin-bottom: 5px\"><span class=\"property-title\" style=\"font-weight: bold;color: #666\">Vitesse Max: <\/span><span class=\"property-desc line-limit-length\">AX1800 (1201 + 574 Mbps)<\/span><\/li>\n<li class=\"product-prop line-limit-length\" style=\"width: 48%;margin-bottom: 5px\"><span class=\"property-title\" style=\"font-weight: bold;color: #666\">Port Ethernet: <\/span><span class=\"property-desc line-limit-length\">1x Gigabit<\/span><\/li>\n<li class=\"product-prop line-limit-length\" style=\"width: 48%;margin-bottom: 5px\"><span class=\"property-title\" style=\"font-weight: bold;color: #666\">Fonction: <\/span><span class=\"property-desc line-limit-length\">R\u00e9p\u00e9teur \/ Point d&rsquo;acc\u00e8s<\/span><\/li>\n<li class=\"product-prop line-limit-length\" style=\"width: 48%;margin-bottom: 5px\"><span class=\"property-title\" style=\"font-weight: bold;color: #666\">Origine: <\/span><span class=\"property-desc line-limit-length\">CN (Origine)<\/span><\/li>\n<li class=\"product-prop line-limit-length\" style=\"width: 48%;margin-bottom: 5px\"><span class=\"property-title\" style=\"font-weight: bold;color: #666\">Certification: <\/span><span class=\"property-desc line-limit-length\">CE, RoHS<\/span><\/li>\n<\/ul>\n<\/div>\n<div><img decoding=\"async\" class=\"alignnone size-medium wp-image-30684 aligncenter\" src=\"https:\/\/infinityweeb.com\/wp-content\/uploads\/2025\/11\/REPETEUR-WIFI-TP-Link-RE600XEU-AX1800-2-Antennes-internes-4-300x300.webp\" alt=\"\" width=\"300\" height=\"300\" srcset=\"https:\/\/infinityweeb.com\/wp-content\/uploads\/2025\/11\/REPETEUR-WIFI-TP-Link-RE600XEU-AX1800-2-Antennes-internes-4-300x300.webp 300w, https:\/\/infinityweeb.com\/wp-content\/uploads\/2025\/11\/REPETEUR-WIFI-TP-Link-RE600XEU-AX1800-2-Antennes-internes-4-150x150.webp 150w, https:\/\/infinityweeb.com\/wp-content\/uploads\/2025\/11\/REPETEUR-WIFI-TP-Link-RE600XEU-AX1800-2-Antennes-internes-4-768x768.webp 768w, https:\/\/infinityweeb.com\/wp-content\/uploads\/2025\/11\/REPETEUR-WIFI-TP-Link-RE600XEU-AX1800-2-Antennes-internes-4-12x12.webp 12w, https:\/\/infinityweeb.com\/wp-content\/uploads\/2025\/11\/REPETEUR-WIFI-TP-Link-RE600XEU-AX1800-2-Antennes-internes-4-430x430.webp 430w, https:\/\/infinityweeb.com\/wp-content\/uploads\/2025\/11\/REPETEUR-WIFI-TP-Link-RE600XEU-AX1800-2-Antennes-internes-4-700x700.webp 700w, https:\/\/infinityweeb.com\/wp-content\/uploads\/2025\/11\/REPETEUR-WIFI-TP-Link-RE600XEU-AX1800-2-Antennes-internes-4.webp 800w\" sizes=\"(max-width: 300px) 100vw, 300px\" \/><\/div>\n<div style=\"text-align: left\"><span style=\"color: #000000;font-weight: bold;font-family: Arial, Helvetica, sans-serif\">Caract\u00e9ristiques :<\/span><\/div>\n<div class=\"detailmodule_html\">\n<div class=\"detail-desc-decorate-richtext\">\n<div class=\"desc\" style=\"font-family: Arial, Helvetica, sans-serif;font-size: 14px;line-height: 1.6;color: #333\"><strong>Passez \u00e0 la vitesse Wi-Fi 6 :<\/strong> Le TP-Link RE600X est \u00e9quip\u00e9 de la derni\u00e8re technologie sans fil pour des vitesses plus rapides, une plus grande capacit\u00e9 et une congestion r\u00e9seau r\u00e9duite. <strong>Indicateurs Intelligents :<\/strong> Le voyant d&rsquo;alimentation intelligent vous aide \u00e0 trouver le meilleur emplacement pour une couverture Wi-Fi optimale en indiquant la force du signal. <strong>Connectivit\u00e9 Gigabit :<\/strong> Fournit des connexions filaires plus rapides aux t\u00e9l\u00e9viseurs intelligents, ordinateurs et consoles de jeux gr\u00e2ce au port Gigabit Ethernet. <strong>Compatible OneMesh\u2122 :<\/strong> Cr\u00e9ez un r\u00e9seau maill\u00e9 (Mesh) avec un routeur TP-Link OneMesh\u2122 pour une couverture homog\u00e8ne dans toute la maison sans changer de nom de r\u00e9seau.<\/p>\n<div><img decoding=\"async\" class=\"alignnone size-medium wp-image-30685 aligncenter\" src=\"https:\/\/infinityweeb.com\/wp-content\/uploads\/2025\/11\/REPETEUR-WIFI-TP-Link-RE600XEU-AX1800-2-Antennes-internes-5-300x300.webp\" alt=\"\" width=\"300\" height=\"300\" srcset=\"https:\/\/infinityweeb.com\/wp-content\/uploads\/2025\/11\/REPETEUR-WIFI-TP-Link-RE600XEU-AX1800-2-Antennes-internes-5-300x300.webp 300w, https:\/\/infinityweeb.com\/wp-content\/uploads\/2025\/11\/REPETEUR-WIFI-TP-Link-RE600XEU-AX1800-2-Antennes-internes-5-150x150.webp 150w, https:\/\/infinityweeb.com\/wp-content\/uploads\/2025\/11\/REPETEUR-WIFI-TP-Link-RE600XEU-AX1800-2-Antennes-internes-5-768x768.webp 768w, https:\/\/infinityweeb.com\/wp-content\/uploads\/2025\/11\/REPETEUR-WIFI-TP-Link-RE600XEU-AX1800-2-Antennes-internes-5-12x12.webp 12w, https:\/\/infinityweeb.com\/wp-content\/uploads\/2025\/11\/REPETEUR-WIFI-TP-Link-RE600XEU-AX1800-2-Antennes-internes-5-430x430.webp 430w, https:\/\/infinityweeb.com\/wp-content\/uploads\/2025\/11\/REPETEUR-WIFI-TP-Link-RE600XEU-AX1800-2-Antennes-internes-5-700x700.webp 700w, https:\/\/infinityweeb.com\/wp-content\/uploads\/2025\/11\/REPETEUR-WIFI-TP-Link-RE600XEU-AX1800-2-Antennes-internes-5.webp 800w\" sizes=\"(max-width: 300px) 100vw, 300px\" \/><\/div>\n<div style=\"font-size: 16px;font-weight: bold;margin-bottom: 10px;margin-top: 20px;color: #000\">Sp\u00e9cifications :<\/div>\n<ul style=\"list-style-type: disc;margin-left: 20px\">\n<li><strong>Capacit\u00e9 :<\/strong> AX1800 Double Bande<\/li>\n<li><strong>Entr\u00e9e :<\/strong> 100-240V~50\/60Hz<\/li>\n<li><strong>Sortie :<\/strong> 1x Port Gigabit Ethernet<\/li>\n<li><strong>Taille :<\/strong> 78 \u00d7 36 \u00d7 149 mm<\/li>\n<li><strong>Couleur :<\/strong> Blanc<\/li>\n<li><strong>Antennes :<\/strong> 2 Internes<\/li>\n<\/ul>\n<div style=\"font-size: 16px;font-weight: bold;margin-bottom: 10px;margin-top: 20px;color: #000\">Liste des paquets :<\/div>\n<p>1 * R\u00e9p\u00e9teur Wi-Fi RE600X 1 * Guide d&rsquo;installation rapide<\/p><\/div>\n<\/div>\n<\/div>","protected":false},"excerpt":{"rendered":"<p>R\u00e9p\u00e9teur Wi-Fi TP-Link AX1500 avec technologie double bande et vitesse Wi-Fi 6 jusqu&rsquo;\u00e0 1,5 Gbit\/s \u2014 comprend un port Gigabit, la prise en charge de l&rsquo;application TP-Link Tether et la compatibilit\u00e9 OneMesh\u2122.<\/p>","protected":false},"featured_media":30686,"comment_status":"open","ping_status":"closed","template":"","meta":[],"product_brand":[],"product_cat":[336],"product_tag":[],"class_list":{"0":"post-30674","1":"product","2":"type-product","3":"status-publish","4":"has-post-thumbnail","6":"product_cat-repeteurs-et-points-dacces","8":"first","9":"instock","10":"sale","11":"shipping-taxable","12":"purchasable","13":"product-type-simple"},"jetpack_sharing_enabled":true,"_links":{"self":[{"href":"https:\/\/infinityweeb.com\/ar\/wp-json\/wp\/v2\/product\/30674","targetHints":{"allow":["GET"]}}],"collection":[{"href":"https:\/\/infinityweeb.com\/ar\/wp-json\/wp\/v2\/product"}],"about":[{"href":"https:\/\/infinityweeb.com\/ar\/wp-json\/wp\/v2\/types\/product"}],"replies":[{"embeddable":true,"href":"https:\/\/infinityweeb.com\/ar\/wp-json\/wp\/v2\/comments?post=30674"}],"version-history":[{"count":7,"href":"https:\/\/infinityweeb.com\/ar\/wp-json\/wp\/v2\/product\/30674\/revisions"}],"predecessor-version":[{"id":30687,"href":"https:\/\/infinityweeb.com\/ar\/wp-json\/wp\/v2\/product\/30674\/revisions\/30687"}],"wp:featuredmedia":[{"embeddable":true,"href":"https:\/\/infinityweeb.com\/ar\/wp-json\/wp\/v2\/media\/30686"}],"wp:attachment":[{"href":"https:\/\/infinityweeb.com\/ar\/wp-json\/wp\/v2\/media?parent=30674"}],"wp:term":[{"taxonomy":"product_brand","embeddable":true,"href":"https:\/\/infinityweeb.com\/ar\/wp-json\/wp\/v2\/product_brand?post=30674"},{"taxonomy":"product_cat","embeddable":true,"href":"https:\/\/infinityweeb.com\/ar\/wp-json\/wp\/v2\/product_cat?post=30674"},{"taxonomy":"product_tag","embeddable":true,"href":"https:\/\/infinityweeb.com\/ar\/wp-json\/wp\/v2\/product_tag?post=30674"}],"curies":[{"name":"wp","href":"https:\/\/api.w.org\/{rel}","templated":true}]}}