{"id":30688,"date":"2025-11-30T16:43:47","date_gmt":"2025-11-30T15:43:47","guid":{"rendered":"https:\/\/infinityweeb.com\/?post_type=product&#038;p=30688"},"modified":"2025-12-16T12:04:35","modified_gmt":"2025-12-16T11:04:35","slug":"tp-link-re505x-ax1500-repeteur-wi-fi-6-bi-bande","status":"publish","type":"product","link":"https:\/\/infinityweeb.com\/ar\/shop\/tp-link-re505x-ax1500-repeteur-wi-fi-6-bi-bande\/","title":{"rendered":"TP-Link RE505X AX1500 R\u00e9p\u00e9teur Wi-Fi 6 \u2013 Bi-bande"},"content":{"rendered":"<div class=\"logo\">\n<div class=\"logo\"><a href=\"https:\/\/www.licbplus.com\/\" rel=\"nofollow noopener\" target=\"_blank\"><img decoding=\"async\" class=\"aligncenter\" src=\"https:\/\/media.ldlc.com\/v3\/marque\/bo\/00\/03\/95\/71\/V30003957132_2.jpg\" alt=\"TP-LINK\" \/><\/a><\/div>\n<div id=\"description\" class=\"description\">\n<div class=\"details-pdt-desc\">\n<h2 class=\"h2-master\"><span dir=\"auto\">Pour \u00e9liminer d\u00e9finitivement les zones mortes Wi-Fi dans votre maison<\/span><\/h2>\n<section>\n<p><span dir=\"auto\">Le\u00a0\u00a0r\u00e9p\u00e9teur Wi-Fi\u00a0<\/span><span dir=\"auto\">TP-Link\u00a0<\/span><span dir=\"auto\">\u00a0RE505X \u00a0est con\u00e7u pour \u00e9tendre la couverture et am\u00e9liorer la puissance du signal d&rsquo;un r\u00e9seau sans fil existant. Il permet d&rsquo;\u00e9liminer les zones blanches Wi-Fi. Combinant les derni\u00e8res technologies sans fil AC avec une s\u00e9curit\u00e9 avanc\u00e9e et une compatibilit\u00e9 encore plus \u00e9tendue, le\u00a0\u00a0RE505X\u00a0\u00a0est une solution haut d\u00e9bit s\u00e9curis\u00e9e. Il offre un acc\u00e8s plus rapide et une connexion fiable \u00e0 vos appareils 802.11 a\/b\/g\/n\/ac et 802.11ax. Id\u00e9al pour le streaming vid\u00e9o HD, les jeux en ligne et autres activit\u00e9s gourmandes en bande passante\u00a0!<\/span><\/p>\n<\/section>\n<section>\n<div class=\"desc-image\"><img decoding=\"async\" class=\"aligncenter\" src=\"https:\/\/media.ldlc.com\/bo\/images\/fiches\/point_d_acces\/tp-link\/re505x\/800_1.jpg\" alt=\"\" \/><\/div>\n<div class=\"desc-text\">\n<h2><span dir=\"auto\">MODE POINT D&rsquo;ACC\u00c8S INT\u00c9GR\u00c9<\/span><\/h2>\n<p><span dir=\"auto\">Le RE505X est bien plus qu&rsquo;un simple r\u00e9p\u00e9teur Wi-Fi. Branchez simplement un c\u00e2ble Ethernet \u00e0 son port pour transformer facilement cette connexion filaire en un signal Wi-Fi double bande haut d\u00e9bit.<\/span><\/p>\n<\/div>\n<\/section>\n<section>\n<div class=\"desc-text\">\n<h2><span dir=\"auto\">LE CONTR\u00d4LE AU BOUT DES DOIGTS<\/span><\/h2>\n<p><span dir=\"auto\">Configurez et g\u00e9rez votre r\u00e9seau WiFi via l&rsquo;application TP-Link Tether depuis votre smartphone (Android, iOS), y compris les routeurs et r\u00e9p\u00e9teurs WiFi TP-Link.<\/span><\/p>\n<\/div>\n<div class=\"desc-image\"><img decoding=\"async\" class=\"aligncenter\" src=\"https:\/\/media.ldlc.com\/bo\/images\/fiches\/point_d_acces\/tp-link\/re505x\/800_2.jpg\" alt=\"\" \/><\/div>\n<\/section>\n<section class=\"list\">\n<h2><span dir=\"auto\">CARACT\u00c9RISTIQUES PRINCIPALES :<\/span><\/h2>\n<ul>\n<li><span dir=\"auto\">R\u00e9p\u00e9teur de signal sans fil AX1500<\/span><\/li>\n<li><span dir=\"auto\">Compatible Wi-Fi 802.11 a\/b\/g\/n\/ac\/ax<\/span><\/li>\n<li><span dir=\"auto\">Bo\u00eetier mural bi-bande : 2,4 et 5 GHz<\/span><\/li>\n<li><span dir=\"auto\">Compatible TP-Link OneMesh<\/span><\/li>\n<\/ul>\n<\/section>\n<\/div>\n<\/div>\n<\/div>","protected":false},"excerpt":{"rendered":"<p>Pour \u00e9liminer d\u00e9finitivement les zones mortes Wi-Fi dans votre maison Le\u00a0\u00a0r\u00e9p\u00e9teur Wi-Fi\u00a0TP-Link\u00a0\u00a0RE505X \u00a0est con\u00e7u pour \u00e9tendre la couverture et am\u00e9liorer<\/p>","protected":false},"featured_media":30691,"comment_status":"open","ping_status":"closed","template":"","meta":[],"product_brand":[],"product_cat":[336],"product_tag":[],"class_list":{"0":"post-30688","1":"product","2":"type-product","3":"status-publish","4":"has-post-thumbnail","6":"product_cat-repeteurs-et-points-dacces","8":"first","9":"instock","10":"sale","11":"shipping-taxable","12":"purchasable","13":"product-type-simple"},"jetpack_sharing_enabled":true,"_links":{"self":[{"href":"https:\/\/infinityweeb.com\/ar\/wp-json\/wp\/v2\/product\/30688","targetHints":{"allow":["GET"]}}],"collection":[{"href":"https:\/\/infinityweeb.com\/ar\/wp-json\/wp\/v2\/product"}],"about":[{"href":"https:\/\/infinityweeb.com\/ar\/wp-json\/wp\/v2\/types\/product"}],"replies":[{"embeddable":true,"href":"https:\/\/infinityweeb.com\/ar\/wp-json\/wp\/v2\/comments?post=30688"}],"version-history":[{"count":3,"href":"https:\/\/infinityweeb.com\/ar\/wp-json\/wp\/v2\/product\/30688\/revisions"}],"predecessor-version":[{"id":30693,"href":"https:\/\/infinityweeb.com\/ar\/wp-json\/wp\/v2\/product\/30688\/revisions\/30693"}],"wp:featuredmedia":[{"embeddable":true,"href":"https:\/\/infinityweeb.com\/ar\/wp-json\/wp\/v2\/media\/30691"}],"wp:attachment":[{"href":"https:\/\/infinityweeb.com\/ar\/wp-json\/wp\/v2\/media?parent=30688"}],"wp:term":[{"taxonomy":"product_brand","embeddable":true,"href":"https:\/\/infinityweeb.com\/ar\/wp-json\/wp\/v2\/product_brand?post=30688"},{"taxonomy":"product_cat","embeddable":true,"href":"https:\/\/infinityweeb.com\/ar\/wp-json\/wp\/v2\/product_cat?post=30688"},{"taxonomy":"product_tag","embeddable":true,"href":"https:\/\/infinityweeb.com\/ar\/wp-json\/wp\/v2\/product_tag?post=30688"}],"curies":[{"name":"wp","href":"https:\/\/api.w.org\/{rel}","templated":true}]}}