{"id":30871,"date":"2025-12-01T19:33:46","date_gmt":"2025-12-01T18:33:46","guid":{"rendered":"https:\/\/infinityweeb.com\/shop\/support-refroidisseur-pliable-multifonction-x16-en-alliage-daluminium-avec-4-ventilateurs-pour-laptop-et-tablettes\/"},"modified":"2025-12-18T12:38:02","modified_gmt":"2025-12-18T11:38:02","slug":"support-refroidisseur-pliable-multifonction-x16-en-alliage-daluminium","status":"publish","type":"product","link":"https:\/\/infinityweeb.com\/ar\/shop\/support-refroidisseur-pliable-multifonction-x16-en-alliage-daluminium\/","title":{"rendered":"Support refroidisseur pliable multifonction X16 en alliage d&rsquo;aluminium avec 4 ventilateurs pour Laptop et tablettes"},"content":{"rendered":"<div class=\"product-specs-list-container\">\n<ul class=\"product-specs-list util-clearfix\">\n<li class=\"product-prop line-limit-length\"><span class=\"property-title\">Produit chimique \u00e0 haute pr\u00e9occupation:\u00a0<\/span><span class=\"property-desc line-limit-length\">Aucun<\/span><\/li>\n<li class=\"product-prop line-limit-length\"><span class=\"property-title\">Paquet:\u00a0<\/span><span class=\"property-desc line-limit-length\">Oui<\/span><\/li>\n<li class=\"product-prop line-limit-length\"><span class=\"property-title\">Mat\u00e9riau:\u00a0<\/span><span class=\"property-desc line-limit-length\">M\u00e9tal<\/span><\/li>\n<li class=\"product-prop line-limit-length\"><span class=\"property-title\">Num\u00e9ro de Mod\u00e8le:\u00a0<\/span><span class=\"property-desc line-limit-length\">X16<\/span><\/li>\n<li class=\"product-prop line-limit-length\"><span class=\"property-title\">Nom de marque:\u00a0<\/span><span class=\"property-desc line-limit-length\">Kanlennys Room<\/span><\/li>\n<li class=\"product-prop line-limit-length\"><span class=\"property-title\">Origine:\u00a0<\/span><span class=\"property-desc line-limit-length\">CN (Origine)<\/span><\/li>\n<li class=\"product-prop line-limit-length\"><span class=\"property-title\">Model Number:\u00a0<\/span><span class=\"property-desc line-limit-length\">X16<\/span><\/li>\n<li class=\"product-prop line-limit-length\"><span class=\"property-title\">Product Material:\u00a0<\/span><span class=\"property-desc line-limit-length\">Aluminium Alloy<\/span><\/li>\n<li class=\"product-prop line-limit-length\"><span class=\"property-title\">Product Color:\u00a0<\/span><span class=\"property-desc line-limit-length\">Silver<\/span><\/li>\n<li class=\"product-prop line-limit-length\"><span class=\"property-title\">Applicable Model:\u00a0<\/span><span class=\"property-desc line-limit-length\">for IPad Mini Tablet Universal Radiator<\/span><\/li>\n<\/ul>\n<\/div>\n<div class=\"detailmodule_html\">\n<div class=\"detail-desc-decorate-richtext\">\n<div class=\"detailmodule_html\">\n<div class=\"detail-desc-decorate-richtext\">\n<div>\n<div><span style=\"font-family: Arial,Helvetica,sans-serif;\"><strong><span id=\"tl_1\" style=\"font-size: 20px;\"><\/p>\n<p>Support r\u00e9glable pliable multifonction en alliage d&rsquo;aluminium X16 avec 4 ventilateurs de refroidissement pour IPad Mini tablette radiateur universel<\/span><\/strong><\/span><\/div>\n<\/div>\n<div>\n<div><span style=\"font-family: Arial,Helvetica,sans-serif;\"><span style=\"font-family: Arial,Helvetica,sans-serif;\"><strong><span id=\"tl_2\" style=\"font-size: 18px;\">Description du produit :<\/span><\/strong><br \/><span id=\"tl_3\" style=\"font-size: 16px;\">Num\u00e9ro de mod\u00e8le: X16 <br \/>Mat\u00e9riau de la structure de la coque : alliage d&rsquo;aluminium + ABS + alliage d&rsquo;aluminium <br \/>Type d&rsquo;interface : interface TYPE-C <br \/>Tension d&rsquo;entr\u00e9e : 5 V <br \/>Courant d&rsquo;entr\u00e9e : 1A maximum <br \/>Puissance : 5 W <br \/>Nombre de fans : 7 pi\u00e8ces <br \/>Nombre de fans : un total de 4 (2 6015+2 4010) ventilateurs <br \/>Vitesse : 5500 tr\/min <br \/>Compatible : Tous types de tablettes <br \/>Taille du produit: 270*220*50mm <br \/>Poids du produit : 650 <br \/>Caract\u00e9ristiques : 180\u00b0 r\u00e9glage continu pour r\u00e9pondre aux besoins de diff\u00e9rents angles<\/span><\/span><\/span><\/p>\n<p><span style=\"font-size: 18px;\"><strong id=\"tl_4\">Pr\u00e9sentation du produit :<\/strong><\/span><\/p>\n<\/div>\n<p style=\"text-align: left; margin: 0px;\" align=\"left\"><span style=\"font-family: Arial,Helvetica,sans-serif;\"><img decoding=\"async\" style=\"width: 750px;\" src=\"https:\/\/infinityweeb.com\/wp-content\/uploads\/2025\/12\/kf-Sd8ed0cfdff524dca9343350a1384aa1fz.webp?width=800&#038;height=800&#038;hash=1600\" width=\"750px\" data-id=\"ckeditor_img24\" \/><img decoding=\"async\" style=\"width: 750px;\" src=\"https:\/\/infinityweeb.com\/wp-content\/uploads\/2025\/12\/kf-S8ae25fd91bf044a59cbfa981ecaf9d9fy.webp?width=800&#038;height=800&#038;hash=1600\" width=\"750px\" data-id=\"ckeditor_img25\" \/><img decoding=\"async\" style=\"width: 750px;\" src=\"https:\/\/infinityweeb.com\/wp-content\/uploads\/2025\/12\/kf-Sb104a7a7fe6a41f6ab3fe2320e5ef49ay.webp?width=800&#038;height=800&#038;hash=1600\" width=\"750px\" data-id=\"ckeditor_img26\" \/><img decoding=\"async\" style=\"width: 750px;\" src=\"https:\/\/infinityweeb.com\/wp-content\/uploads\/2025\/12\/kf-S10b89b897462461c85b23b987f6bf6b1c.webp?width=800&#038;height=800&#038;hash=1600\" data-id=\"ckeditor_img27\" \/><img decoding=\"async\" style=\"width: 750px;\" src=\"https:\/\/infinityweeb.com\/wp-content\/uploads\/2025\/12\/kf-S57b3e2c7dc814dcea9f17c9395e1b064H.webp?width=800&#038;height=800&#038;hash=1600\" width=\"750px\" data-id=\"ckeditor_img28\" \/><img decoding=\"async\" style=\"width: 750px;\" src=\"https:\/\/infinityweeb.com\/wp-content\/uploads\/2025\/12\/kf-Sd0cbcb0557ef4ab8b1ae784eb0dd463f5.webp?width=750&#038;height=1000&#038;hash=1750\" width=\"750px\" data-id=\"ckeditor_img29\" \/><img decoding=\"async\" style=\"width: 750px;\" src=\"https:\/\/infinityweeb.com\/wp-content\/uploads\/2025\/12\/kf-S5be5bcd2c8a4472db0ad65ec90dcc193J.webp?width=750&#038;height=1000&#038;hash=1750\" width=\"750px\" data-id=\"ckeditor_img30\" \/><img decoding=\"async\" style=\"width: 750px;\" src=\"https:\/\/infinityweeb.com\/wp-content\/uploads\/2025\/12\/kf-S0aeb1888ee1f41a7a23d3a6ecfea1d92J.webp?width=750&#038;height=1000&#038;hash=1750\" width=\"750px\" data-id=\"ckeditor_img31\" \/><\/span><\/p>\n<\/div>\n<p style=\"text-align: left; margin: 0px;\" align=\"left\">\u00a0<\/p>\n<\/div>\n<\/div>\n<\/div>\n<\/div>","protected":false},"excerpt":{"rendered":"<p>Produit chimique \u00e0 haute pr\u00e9occupation:\u00a0Aucun Paquet:\u00a0Oui Mat\u00e9riau:\u00a0M\u00e9tal Num\u00e9ro de Mod\u00e8le:\u00a0X16 Nom de marque:\u00a0Kanlennys Room Origine:\u00a0CN (Origine) Model Number:\u00a0X16 Product Material:\u00a0Aluminium<\/p>","protected":false},"featured_media":30872,"comment_status":"open","ping_status":"closed","template":"","meta":[],"product_brand":[],"product_cat":[297],"product_tag":[],"class_list":{"0":"post-30871","1":"product","2":"type-product","3":"status-publish","4":"has-post-thumbnail","6":"product_cat-refroidissement-cooling","8":"first","9":"instock","10":"shipping-taxable","11":"purchasable","12":"product-type-simple"},"jetpack_sharing_enabled":true,"_links":{"self":[{"href":"https:\/\/infinityweeb.com\/ar\/wp-json\/wp\/v2\/product\/30871","targetHints":{"allow":["GET"]}}],"collection":[{"href":"https:\/\/infinityweeb.com\/ar\/wp-json\/wp\/v2\/product"}],"about":[{"href":"https:\/\/infinityweeb.com\/ar\/wp-json\/wp\/v2\/types\/product"}],"replies":[{"embeddable":true,"href":"https:\/\/infinityweeb.com\/ar\/wp-json\/wp\/v2\/comments?post=30871"}],"version-history":[{"count":8,"href":"https:\/\/infinityweeb.com\/ar\/wp-json\/wp\/v2\/product\/30871\/revisions"}],"predecessor-version":[{"id":30893,"href":"https:\/\/infinityweeb.com\/ar\/wp-json\/wp\/v2\/product\/30871\/revisions\/30893"}],"wp:featuredmedia":[{"embeddable":true,"href":"https:\/\/infinityweeb.com\/ar\/wp-json\/wp\/v2\/media\/30872"}],"wp:attachment":[{"href":"https:\/\/infinityweeb.com\/ar\/wp-json\/wp\/v2\/media?parent=30871"}],"wp:term":[{"taxonomy":"product_brand","embeddable":true,"href":"https:\/\/infinityweeb.com\/ar\/wp-json\/wp\/v2\/product_brand?post=30871"},{"taxonomy":"product_cat","embeddable":true,"href":"https:\/\/infinityweeb.com\/ar\/wp-json\/wp\/v2\/product_cat?post=30871"},{"taxonomy":"product_tag","embeddable":true,"href":"https:\/\/infinityweeb.com\/ar\/wp-json\/wp\/v2\/product_tag?post=30871"}],"curies":[{"name":"wp","href":"https:\/\/api.w.org\/{rel}","templated":true}]}}