{"id":30909,"date":"2025-12-01T19:48:12","date_gmt":"2025-12-01T18:48:12","guid":{"rendered":"https:\/\/infinityweeb.com\/shop\/support-de-telephone-pour-retroviseur-voiture-360-rotatif-et-retractable-multifonctionnel\/"},"modified":"2025-12-18T12:38:01","modified_gmt":"2025-12-18T11:38:01","slug":"support-telephone-retroviseur-voiture-360-rotatif-retractable","status":"publish","type":"product","link":"https:\/\/infinityweeb.com\/ar\/shop\/support-telephone-retroviseur-voiture-360-rotatif-retractable\/","title":{"rendered":"Support de t\u00e9l\u00e9phone pour r\u00e9troviseur voiture, 360\u00b0 rotatif et r\u00e9tractable, multifonctionnel"},"content":{"rendered":"<div class=\"product-specs-list-container\">\n<ul class=\"product-specs-list util-clearfix\">\n<li class=\"product-prop line-limit-length\"><span class=\"property-title\">Produit chimique \u00e0 haute pr\u00e9occupation:\u00a0<\/span><span class=\"property-desc line-limit-length\">Aucun<\/span><\/li>\n<li class=\"product-prop line-limit-length\"><span class=\"property-title\">Origine:\u00a0<\/span><span class=\"property-desc line-limit-length\">CN (Origine)<\/span><\/li>\n<\/ul>\n<\/div>\n<div class=\"detailmodule_html\">\n<div class=\"detail-desc-decorate-richtext\">\n<div id=\"offer-template-0\">\u00a0<\/div>\n<div style=\"width: 790.0px\"><img decoding=\"async\" style=\"width: 100.0%;height: auto\" src=\"https:\/\/infinityweeb.com\/wp-content\/uploads\/2025\/12\/kf-Sc2cb41d1f0884246865ea8d4f207267e1.webp\" alt=\"hmqViviiyNSAyin9Wuaft\/e8zEW\/dhAtKUd+\" usemap=\"#_sdmap_0\" \/> <img decoding=\"async\" style=\"width: 100.0%;height: auto\" src=\"https:\/\/infinityweeb.com\/wp-content\/uploads\/2025\/12\/kf-S2098f283ef4d40c98bda63fddd70eecer.webp\" usemap=\"#_sdmap_1\" \/> <img decoding=\"async\" style=\"width: 100.0%;height: auto\" src=\"https:\/\/infinityweeb.com\/wp-content\/uploads\/2025\/12\/kf-Scfdb93b154854d29b265ec902c18d5b9y.webp\" usemap=\"#_sdmap_2\" \/> <img decoding=\"async\" style=\"width: 100.0%;height: auto\" src=\"https:\/\/infinityweeb.com\/wp-content\/uploads\/2025\/12\/kf-S1323099c511e4d5ea06639fcaaba57b7i.webp\" usemap=\"#_sdmap_3\" \/> <img decoding=\"async\" style=\"width: 100.0%;height: auto\" src=\"https:\/\/infinityweeb.com\/wp-content\/uploads\/2025\/12\/kf-Sd6893b7da7494511935fef0aa7c651efp.webp\" usemap=\"#_sdmap_4\" \/> <img decoding=\"async\" style=\"width: 100.0%;height: auto\" src=\"https:\/\/infinityweeb.com\/wp-content\/uploads\/2025\/12\/kf-S5df30140050b480eae1a21f1dbd5118cM.webp\" usemap=\"#_sdmap_5\" \/> <img decoding=\"async\" style=\"width: 100.0%;height: auto\" src=\"https:\/\/infinityweeb.com\/wp-content\/uploads\/2025\/12\/kf-Sb1a7d701ad0b4a5683835bad2b92bd9eC.webp\" usemap=\"#_sdmap_6\" \/> <img decoding=\"async\" style=\"width: 100.0%;height: auto\" src=\"https:\/\/infinityweeb.com\/wp-content\/uploads\/2025\/12\/kf-Sac6e098a59264584be55eaf2daa71119a.webp\" usemap=\"#_sdmap_7\" \/> <img decoding=\"async\" style=\"width: 100.0%;height: auto\" src=\"https:\/\/infinityweeb.com\/wp-content\/uploads\/2025\/12\/kf-Saa798c2d30fd44428ceb9bf9ac25868aD.webp\" usemap=\"#_sdmap_8\" \/> <img decoding=\"async\" style=\"width: 100.0%;height: auto\" src=\"https:\/\/infinityweeb.com\/wp-content\/uploads\/2025\/12\/kf-S20c215c2f8d74febb572b2846b1395a7X.webp\" usemap=\"#_sdmap_9\" \/><\/div>\n<\/div>\n<\/div>","protected":false},"excerpt":{"rendered":"<p>Produit chimique \u00e0 haute pr\u00e9occupation:\u00a0Aucun Origine:\u00a0CN (Origine) \u00a0<\/p>","protected":false},"featured_media":30910,"comment_status":"open","ping_status":"closed","template":"","meta":[],"product_brand":[],"product_cat":[306],"product_tag":[],"class_list":{"0":"post-30909","1":"product","2":"type-product","3":"status-publish","4":"has-post-thumbnail","6":"product_cat-accessoires-telephones","8":"first","9":"instock","10":"sale","11":"shipping-taxable","12":"purchasable","13":"product-type-simple"},"jetpack_sharing_enabled":true,"_links":{"self":[{"href":"https:\/\/infinityweeb.com\/ar\/wp-json\/wp\/v2\/product\/30909","targetHints":{"allow":["GET"]}}],"collection":[{"href":"https:\/\/infinityweeb.com\/ar\/wp-json\/wp\/v2\/product"}],"about":[{"href":"https:\/\/infinityweeb.com\/ar\/wp-json\/wp\/v2\/types\/product"}],"replies":[{"embeddable":true,"href":"https:\/\/infinityweeb.com\/ar\/wp-json\/wp\/v2\/comments?post=30909"}],"version-history":[{"count":11,"href":"https:\/\/infinityweeb.com\/ar\/wp-json\/wp\/v2\/product\/30909\/revisions"}],"predecessor-version":[{"id":31354,"href":"https:\/\/infinityweeb.com\/ar\/wp-json\/wp\/v2\/product\/30909\/revisions\/31354"}],"wp:featuredmedia":[{"embeddable":true,"href":"https:\/\/infinityweeb.com\/ar\/wp-json\/wp\/v2\/media\/30910"}],"wp:attachment":[{"href":"https:\/\/infinityweeb.com\/ar\/wp-json\/wp\/v2\/media?parent=30909"}],"wp:term":[{"taxonomy":"product_brand","embeddable":true,"href":"https:\/\/infinityweeb.com\/ar\/wp-json\/wp\/v2\/product_brand?post=30909"},{"taxonomy":"product_cat","embeddable":true,"href":"https:\/\/infinityweeb.com\/ar\/wp-json\/wp\/v2\/product_cat?post=30909"},{"taxonomy":"product_tag","embeddable":true,"href":"https:\/\/infinityweeb.com\/ar\/wp-json\/wp\/v2\/product_tag?post=30909"}],"curies":[{"name":"wp","href":"https:\/\/api.w.org\/{rel}","templated":true}]}}