{"id":30930,"date":"2025-12-01T19:52:27","date_gmt":"2025-12-01T18:52:27","guid":{"rendered":"https:\/\/infinityweeb.com\/shop\/cle-wifi-6-usb-tenda-u2-dongle-wi-fi-24-ghz\/"},"modified":"2026-01-27T13:36:37","modified_gmt":"2026-01-27T12:36:37","slug":"cle-wifi-6-usb-tenda-u2-dongle-wi-fi-24-ghz","status":"publish","type":"product","link":"https:\/\/infinityweeb.com\/ar\/shop\/cle-wifi-6-usb-tenda-u2-dongle-wi-fi-24-ghz\/","title":{"rendered":"Cl\u00e9 WiFi 6 AX300 USB Tenda U2 Dongle Wi-Fi 2,4 GHz"},"content":{"rendered":"<div class=\"product-specs-list-container\">\n<ul class=\"product-specs-list util-clearfix\">\n<li class=\"product-prop line-limit-length\"><span class=\"property-title\">Fr\u00e9quence:\u00a0<\/span><span class=\"property-desc line-limit-length\">2,4 GHz<\/span><\/li>\n<li class=\"product-prop line-limit-length\"><span class=\"property-title\">Heat dissipation:\u00a0<\/span><span class=\"property-desc line-limit-length\">Soutien<\/span><\/li>\n<li class=\"product-prop line-limit-length\"><span class=\"property-title\">Norme de communication sans fil:\u00a0<\/span><span class=\"property-desc line-limit-length\">802.11.ex<\/span><\/li>\n<li class=\"product-prop line-limit-length\"><span class=\"property-title\">Classe de bande de fr\u00e9quence:\u00a0<\/span><span class=\"property-desc line-limit-length\">Double bande,Bande unique<\/span><\/li>\n<li class=\"product-prop line-limit-length\"><span class=\"property-title\">Prise filaire:\u00a0<\/span><span class=\"property-desc line-limit-length\">USB2.0<\/span><\/li>\n<li class=\"product-prop line-limit-length\"><span class=\"property-title\">Prise sans fil:\u00a0<\/span><span class=\"property-desc line-limit-length\">USB2.0<\/span><\/li>\n<li class=\"product-prop line-limit-length\"><span class=\"property-title\">Taux de transmission sans fil:\u00a0<\/span><span class=\"property-desc line-limit-length\">300 m\u00e8tres<\/span><\/li>\n<li class=\"product-prop line-limit-length\"><span class=\"property-title\">Fr\u00e9quence support\u00e9e par le Wi-Fi:\u00a0<\/span><span class=\"property-desc line-limit-length\">2,4 G<\/span><\/li>\n<li class=\"product-prop line-limit-length\"><span class=\"property-title\">Taux de transmission lan:\u00a0<\/span><span class=\"property-desc line-limit-length\">Ethernet<\/span><\/li>\n<li class=\"product-prop line-limit-length\"><span class=\"property-title\">Vitesse de transmission:\u00a0<\/span><span class=\"property-desc line-limit-length\">1 200 Mbps<\/span><\/li>\n<li class=\"product-prop line-limit-length\"><span class=\"property-title\">Type de r\u00e9seau applicable:\u00a0<\/span><span class=\"property-desc line-limit-length\">Ethernet<\/span><\/li>\n<li class=\"product-prop line-limit-length\"><span class=\"property-title\">Protocole sans fil:\u00a0<\/span><span class=\"property-desc line-limit-length\">802.11n,802.11ax(802.11ax)<\/span><\/li>\n<li class=\"product-prop line-limit-length\"><span class=\"property-title\">Certification:\u00a0<\/span><span class=\"property-desc line-limit-length\">CE,EAC,FCC,ROHS<\/span><\/li>\n<li class=\"product-prop line-limit-length\"><span class=\"property-title\">Paquet:\u00a0<\/span><span class=\"property-desc line-limit-length\">Oui<\/span><\/li>\n<li class=\"product-prop line-limit-length\"><span class=\"property-title\">Num\u00e9ro de Mod\u00e8le:\u00a0<\/span><span class=\"property-desc line-limit-length\">Tenda U12<\/span><\/li>\n<li class=\"product-prop line-limit-length\"><span class=\"property-title\">Application:\u00a0<\/span><span class=\"property-desc line-limit-length\">Laptop<\/span><\/li>\n<li class=\"product-prop line-limit-length\"><span class=\"property-title\">Type D&rsquo;interface:\u00a0<\/span><span class=\"property-desc line-limit-length\">USB2.0<\/span><\/li>\n<li class=\"product-prop line-limit-length\"><span class=\"property-title\">Prise de l&rsquo;adaptateur:\u00a0<\/span><span class=\"property-desc line-limit-length\">USB2.0<\/span><\/li>\n<li class=\"product-prop line-limit-length\"><span class=\"property-title\">Genre:\u00a0<\/span><span class=\"property-desc line-limit-length\">Ext\u00e9rieur<\/span><\/li>\n<li class=\"product-prop line-limit-length\"><span class=\"property-title\">Taux de Transmission:\u00a0<\/span><span class=\"property-desc line-limit-length\">1000Mbps<\/span><\/li>\n<li class=\"product-prop line-limit-length\"><span class=\"property-title\">Type:\u00a0<\/span><span class=\"property-desc line-limit-length\">Filaire<\/span><\/li>\n<li class=\"product-prop line-limit-length\"><span class=\"property-title\">Nom de marque:\u00a0<\/span><span class=\"property-desc line-limit-length\">Tenda<\/span><\/li>\n<li class=\"product-prop line-limit-length\"><span class=\"property-title\">Origine:\u00a0<\/span><span class=\"property-desc line-limit-length\">CN (Origine)<\/span><\/li>\n<\/ul>\n<\/div>\n<div class=\"detailmodule_html\">\n<div class=\"detail-desc-decorate-richtext\">\n<h1><span id=\"tl_1\" style=\"font-size: 22px\">Tenda AX300 Wi-Fi 6 Niveau d&rsquo;entr\u00e9e Seulement 2.4GHz Wi-Fi Dongle-Antenne \u00e0 Gain \u00e9lev\u00e9 Mode AP Configuration facile Adaptateur USB pour PC, ordinateur de bureau et ordinateur portable-Plug &amp; Play &#8211; Supports Windows7\/10\/11\/Linux3.1 +\/UOS (U2)<\/span><\/h1>\n<p style=\"text-align: left\" align=\"left\"><span id=\"tl_2\" style=\"font-size: 16px\">Interfaces :USB2.0<\/span><\/p>\n<p><span id=\"tl_3\" style=\"font-size: 16px\">Type d&rsquo;antenne: antenne 1 * 6dBi<\/span><\/p>\n<p><span id=\"tl_4\" style=\"font-size: 16px\">Taux de donn\u00e9es 2.4GHz: jusqu&rsquo;\u00e0 286Mbps<\/span><\/p>\n<p><span id=\"tl_5\" style=\"font-size: 16px\">Dimensions: 48mm \u00d7 20mm \u00d7 8mm(L x l x H)<\/span><\/p>\n<p><span style=\"font-size: 16px\"><strong id=\"tl_6\">Norme sans fil:<\/strong><\/span><\/p>\n<p><span id=\"tl_7\" style=\"font-size: 16px\">IEEE802.11b<\/span><\/p>\n<p><span id=\"tl_8\" style=\"font-size: 16px\">IEEE 802.11g,<\/span><\/p>\n<p><span id=\"tl_9\" style=\"font-size: 16px\">IEEE 802.11n<\/span><\/p>\n<p><span id=\"tl_10\" style=\"font-size: 16px\">IEEE 802.11ax<\/span><\/p>\n<p>\u00a0<\/p>\n<p><span id=\"tl_11\" style=\"font-size: 16px\">Puissance de transmission:&lt;20dBm (EIRP) &lt;0.1W(EIRP)<\/span><\/p>\n<p><span id=\"tl_12\" style=\"font-size: 16px\">Modes sans fil: Mode Station\/Mode SoftAP<\/span><\/p>\n<p><span id=\"tl_13\" style=\"font-size: 16px\">S\u00e9curit\u00e9 sans fil: WPA-PSK\/WPA2-PSK WPA\/WPA2<\/span><\/p>\n<p><span id=\"tl_14\" style=\"font-size: 16px\">Certification: CE\/FCC\/UKCA\/RoHS<\/span><\/p>\n<p><span style=\"font-size: 16px\"><strong id=\"tl_15\">Contenu d&#8217;emballage<\/strong><\/span><\/p>\n<p id=\"tl_16\">1 * Adaptateurs sans fil U2<\/p>\n<p id=\"tl_17\">1 * Guide d&rsquo;installation rapide<\/p>\n<p><span style=\"font-size: 16px\"><strong id=\"tl_18\">Exigences du syst\u00e8me:<\/strong><\/span><\/p>\n<p id=\"tl_19\">Fen\u00eatres 7\/10\/11<\/p>\n<p id=\"tl_20\">Linux 3.10 +<\/p>\n<p id=\"tl_21\">UOS<\/p>\n<p><span id=\"tl_22\" style=\"font-size: 16px\">U2 est un adaptateur Wi-Fi 6 avec une vitesse de transmission allant jusqu&rsquo;\u00e0 286Mbps, qui est s\u00e9curis\u00e9 dans votre ordinateur et n&rsquo;a aucun eect sur l&rsquo;utilisation des ports voisins. Avec une v\u00e9ritable antenne 6dBi, il \u00e9tablit un record de distance de transmission et de r\u00e9ception du signal, vous permettant de recevoir le signal sans fil n&rsquo;importe o\u00f9 \u00e0 la maison. Il contient un pilote interne, qui compl\u00e8te l&rsquo;installation automatiquement une fois branch\u00e9 sur votre ordinateur sans \u00e9tapes d&rsquo;installation fastidieuses. Par cons\u00e9quent, vous n&rsquo;avez pas besoin d&rsquo;installer manuellement le pilote avec un CD-ROM ou un fichier t\u00e9l\u00e9charg\u00e9 \u00e0 partir d&rsquo;Internet. Il est compatible avec de nombreux syst\u00e8mes d&rsquo;exploitation, y compris Windows 11, Windows 10, Windows 7, Linux et UOS, pour r\u00e9pondre aux exigences de divers utilisateurs de bureau et d&rsquo;ordinateurs portables pour les connexions Internet sans fil.<\/span><\/p>\n<p>\u00a0<\/p>\n<p><strong><span id=\"tl_23\" style=\"font-size: 20px\">D\u00e9couvrez le niveau suivant, la performance avec le Wi-Fi 6<\/span><\/strong><\/p>\n<p><strong><span id=\"tl_24\" style=\"font-size: 20px\">Adaptateur USB sans fil \u00e0 gain \u00e9lev\u00e9 AX300 Wi-Fi 6<\/span><\/strong><\/p>\n<p><strong><span id=\"tl_25\" style=\"font-size: 20px\">Am\u00e9liorez votre connectivit\u00e9 avec le Wi-Fi 6<\/span><\/strong><\/p>\n<p><span id=\"tl_26\" style=\"font-size: 16px\">Prend en charge la technologie Wi-Fi 6 Next-Gen, avec un taux de transmission de 286Mbps, vous permettant de profiter d&rsquo;une transmission plus rapide et d&rsquo;une latence plus faible, rafra\u00eechissant votre exp\u00e9rience de surf.<\/span><img decoding=\"async\" src=\"https:\/\/infinityweeb.com\/wp-content\/uploads\/2025\/12\/kf-S5a86067c80c04fd9a233c2b1e8aec65d4.webp\" \/><strong><span id=\"tl_27\" style=\"font-size: 20px\">V\u00e9ritable antenne \u00e0 gain \u00e9lev\u00e9 6dBi pour une connexion plus forte<\/span><\/strong><\/p>\n<p><span id=\"tl_28\" style=\"font-size: 16px\">La v\u00e9ritable antenne \u00e0 gain \u00e9lev\u00e9 de 6 dBi \u00e9tablit un record dans les distances de transmission et de r\u00e9ception du signal, vous permettant de recevoir des signaux sans fil partout \u00e0 la maison<\/span><img decoding=\"async\" src=\"https:\/\/infinityweeb.com\/wp-content\/uploads\/2025\/12\/kf-S99ede6087f5b4a87b45d8bded0ac9523h.webp\" \/><\/p>\n<p><strong><span id=\"tl_29\" style=\"font-size: 20px\">Compatible avec divers syst\u00e8mes d&rsquo;exploitation<\/span><\/strong><\/p>\n<p><span id=\"tl_30\" style=\"font-size: 16px\">Compatible avec Windows 7, Windows 10, Windows 11, Linux et UOS, pour r\u00e9pondre aux exigences de divers utilisateurs de bureau et d&rsquo;ordinateurs portables pour les connexions Internet sans fil.<\/span><\/p>\n<p><img decoding=\"async\" src=\"https:\/\/infinityweeb.com\/wp-content\/uploads\/2025\/12\/kf-Sc17f880525664dd9b60bf0396902b244l.webp\" \/><strong><span id=\"tl_31\" style=\"font-size: 20px\">Installation facile avec pilote pr\u00e9charg\u00e9<\/span><\/strong><\/p>\n<p><span id=\"tl_32\" style=\"font-size: 16px\">Sans CD ni t\u00e9l\u00e9chargement de pilotes en ligne, adieu aux \u00e9tapes d&rsquo;installation fastidieuses.<\/span><img decoding=\"async\" src=\"https:\/\/infinityweeb.com\/wp-content\/uploads\/2025\/12\/kf-S0ac02115bfd84f91bf08ca7272fb8c763.webp\" \/><strong><span id=\"tl_33\" style=\"font-size: 20px\">Mode Point d&rsquo;acc\u00e8s int\u00e9gr\u00e9<\/span><\/strong><\/p>\n<p><span id=\"tl_34\" style=\"font-size: 16px\">Le mode AP permet \u00e0 U2 de transformer votre PC * en un point d&rsquo;acc\u00e8s Wi-Fi, et les clients sans fil tels que les t\u00e9l\u00e9phones mobiles, les tablettes et les ordinateurs peuvent acc\u00e9der \u00e0 Internet via U2.<\/span><\/p>\n<p><img decoding=\"async\" src=\"https:\/\/infinityweeb.com\/wp-content\/uploads\/2025\/12\/kf-S5c3cb23e56294f198bf8708a74cae013r.webp\" \/><\/p>\n<\/div>\n<\/div>","protected":false},"excerpt":{"rendered":"<p>Fr\u00e9quence:\u00a02,4 GHz Heat dissipation:\u00a0Soutien Norme de communication sans fil:\u00a0802.11.ex Classe de bande de fr\u00e9quence:\u00a0Double bande,Bande unique Prise filaire:\u00a0USB2.0 Prise sans<\/p>","protected":false},"featured_media":30932,"comment_status":"open","ping_status":"closed","template":"","meta":[],"product_brand":[1012],"product_cat":[303,337],"product_tag":[],"class_list":{"0":"post-30930","1":"product","2":"type-product","3":"status-publish","4":"has-post-thumbnail","6":"product_brand-tenda","7":"product_cat-accessoires-it-cables-hubs-etc","8":"product_cat-cables-accessoires-reseau","10":"first","11":"outofstock","12":"sale","13":"shipping-taxable","14":"purchasable","15":"product-type-simple"},"jetpack_sharing_enabled":true,"_links":{"self":[{"href":"https:\/\/infinityweeb.com\/ar\/wp-json\/wp\/v2\/product\/30930","targetHints":{"allow":["GET"]}}],"collection":[{"href":"https:\/\/infinityweeb.com\/ar\/wp-json\/wp\/v2\/product"}],"about":[{"href":"https:\/\/infinityweeb.com\/ar\/wp-json\/wp\/v2\/types\/product"}],"replies":[{"embeddable":true,"href":"https:\/\/infinityweeb.com\/ar\/wp-json\/wp\/v2\/comments?post=30930"}],"version-history":[{"count":7,"href":"https:\/\/infinityweeb.com\/ar\/wp-json\/wp\/v2\/product\/30930\/revisions"}],"predecessor-version":[{"id":31360,"href":"https:\/\/infinityweeb.com\/ar\/wp-json\/wp\/v2\/product\/30930\/revisions\/31360"}],"wp:featuredmedia":[{"embeddable":true,"href":"https:\/\/infinityweeb.com\/ar\/wp-json\/wp\/v2\/media\/30932"}],"wp:attachment":[{"href":"https:\/\/infinityweeb.com\/ar\/wp-json\/wp\/v2\/media?parent=30930"}],"wp:term":[{"taxonomy":"product_brand","embeddable":true,"href":"https:\/\/infinityweeb.com\/ar\/wp-json\/wp\/v2\/product_brand?post=30930"},{"taxonomy":"product_cat","embeddable":true,"href":"https:\/\/infinityweeb.com\/ar\/wp-json\/wp\/v2\/product_cat?post=30930"},{"taxonomy":"product_tag","embeddable":true,"href":"https:\/\/infinityweeb.com\/ar\/wp-json\/wp\/v2\/product_tag?post=30930"}],"curies":[{"name":"wp","href":"https:\/\/api.w.org\/{rel}","templated":true}]}}