{"id":30966,"date":"2025-12-01T19:57:57","date_gmt":"2025-12-01T18:57:57","guid":{"rendered":"https:\/\/infinityweeb.com\/shop\/ecouteurs-de-jeu-sans-fil-m90-pro-tws-avec-ecran-led-basses-hifi-9d-et-micro\/"},"modified":"2026-01-27T13:37:43","modified_gmt":"2026-01-27T12:37:43","slug":"ecouteurs-jeu-sans-fil-m90-pro-tws-ecran-led-basses-hifi-9d-micro","status":"publish","type":"product","link":"https:\/\/infinityweeb.com\/ar\/shop\/ecouteurs-jeu-sans-fil-m90-pro-tws-ecran-led-basses-hifi-9d-micro\/","title":{"rendered":"\u00c9couteurs de jeu sans fil M90 PRO TWS avec \u00e9cran LED, basses HIFI 9D et micro"},"content":{"rendered":"<div class=\"product-specs-list-container\">\n<ul class=\"product-specs-list util-clearfix\">\n<li class=\"product-prop line-limit-length\"><span class=\"property-title\">Produit chimique \u00e0 haute pr\u00e9occupation:\u00a0<\/span><span class=\"property-desc line-limit-length\">Aucun<\/span><\/li>\n<li class=\"product-prop line-limit-length\"><span class=\"property-title\">Mat\u00e9riau:\u00a0<\/span><span class=\"property-desc line-limit-length\">ABS<\/span><\/li>\n<li class=\"product-prop line-limit-length\"><span class=\"property-title\">Assistant vocal int\u00e9gr\u00e9:\u00a0<\/span><span class=\"property-desc line-limit-length\">Non<\/span><\/li>\n<li class=\"product-prop line-limit-length\"><span class=\"property-title\">Technologie NFC:\u00a0<\/span><span class=\"property-desc line-limit-length\">Non<\/span><\/li>\n<li class=\"product-prop line-limit-length\"><span class=\"property-title\">Cat\u00e9gorie:\u00a0<\/span><span class=\"property-desc line-limit-length\">\u00c9couteurs et \u00e9couteurs<\/span><\/li>\n<li class=\"product-prop line-limit-length\"><span class=\"property-title\">M\u00e9thode de charge:\u00a0<\/span><span class=\"property-desc line-limit-length\">\u00c9tui de recharge<\/span><\/li>\n<li class=\"product-prop line-limit-length\"><span class=\"property-title\">Avec microphone:\u00a0<\/span><span class=\"property-desc line-limit-length\">Oui<\/span><\/li>\n<li class=\"product-prop line-limit-length\"><span class=\"property-title\">Est sans fil:\u00a0<\/span><span class=\"property-desc line-limit-length\">Oui<\/span><\/li>\n<li class=\"product-prop line-limit-length\"><span class=\"property-title\">Soutien APP:\u00a0<\/span><span class=\"property-desc line-limit-length\">Non<\/span><\/li>\n<li class=\"product-prop line-limit-length\"><span class=\"property-title\">Imperm\u00e9able:\u00a0<\/span><span class=\"property-desc line-limit-length\">Oui<\/span><\/li>\n<li class=\"product-prop line-limit-length\"><span class=\"property-title\">Type de prise:\u00a0<\/span><span class=\"property-desc line-limit-length\">Aucun<\/span><\/li>\n<li class=\"product-prop line-limit-length\"><span class=\"property-title\">Annulation active du bruit:\u00a0<\/span><span class=\"property-desc line-limit-length\">Oui<\/span><\/li>\n<li class=\"product-prop line-limit-length\"><span class=\"property-title\">Contr\u00f4le de Volume:\u00a0<\/span><span class=\"property-desc line-limit-length\">Non<\/span><\/li>\n<li class=\"product-prop line-limit-length\"><span class=\"property-title\">Bouton de contr\u00f4le:\u00a0<\/span><span class=\"property-desc line-limit-length\">Oui<\/span><\/li>\n<li class=\"product-prop line-limit-length\"><span class=\"property-title\">Principe du Vocalisme:\u00a0<\/span><span class=\"property-desc line-limit-length\">Dynamique<\/span><\/li>\n<li class=\"product-prop line-limit-length\"><span class=\"property-title\">Type sans fil:\u00a0<\/span><span class=\"property-desc line-limit-length\">Bluetooth<\/span><\/li>\n<li class=\"product-prop line-limit-length\"><span class=\"property-title\">Communication:\u00a0<\/span><span class=\"property-desc line-limit-length\">Sans fil<\/span><\/li>\n<li class=\"product-prop line-limit-length\"><span class=\"property-title\">Style:\u00a0<\/span><span class=\"property-desc line-limit-length\">dans l&rsquo;oreille<\/span><\/li>\n<li class=\"product-prop line-limit-length\"><span class=\"property-title\">Origine:\u00a0<\/span><span class=\"property-desc line-limit-length\">CN (Origine)<\/span><\/li>\n<li class=\"product-prop line-limit-length\"><span class=\"property-title\">Nom de marque:\u00a0<\/span><span class=\"property-desc line-limit-length\">LEMONTALK<\/span><\/li>\n<\/ul>\n<\/div>\n<div class=\"detailmodule_html\">\n<div class=\"detail-desc-decorate-richtext\">\n<div class=\"detailmodule_dynamic\">\u00a0<\/div>\n<p>\u2705Product Details:<\/p>\n<p>\ud83d\udfe2Brand: LEMONTALK<\/p>\n<p>\ud83d\udfe2Name: M90 Pro TWS Wireless Bluetooth Game Earphone<\/p>\n<p>\ud83d\udfe2Model: 0420<\/p>\n<p>\ud83d\udfe2Bluetooth Version: V5.3 + EDR (automatic connection)<\/p>\n<p>\ud83d\udfe2Bluetooth protocol : A2DP1.3 \/ HFP 1.6 \/ HSP1.2 \/ AVRCP1 6 \/ D113Input: 5V\/1A<\/p>\n<p>\ud83d\udfe2Material: PC+ABS<\/p>\n<p>\ud83d\udfe2Headphone Capacity: 40mA<\/p>\n<p>\ud83d\udfe2Effective Bluetooth distance: 10-15 meters<\/p>\n<p>\ud83d\udfe2Charging Compartment capacity: 1200mah<\/p>\n<p>\ud83d\udfe2Standby time: 140H<\/p>\n<p>\ud83d\udfe2Play Time: 4-5 hours<\/p>\n<p>\ud83d\udfe2Talk time: about 4 hours<\/p>\n<p>\ud83d\udfe2Charging Time: 1.5-2 hours<\/p>\n<p>\ud83d\udfe2Charging Interface: Type-C<\/p>\n<p>\ud83d\udfe2Waterproof: IPX5<\/p>\n<p>\ud83d\udfe2Weight: the whole set 72g bare metal 41g<\/p>\n<p>\u2705Features:<\/p>\n<p>\u2b50\ufe0f1. Bluetooth V5.3, support most of bluetooth devices and lower power consumption<\/p>\n<p>\u2b50\ufe0f2. 1200mAh charging case can full charge 2 earphones around 5 times, offer more music time.<\/p>\n<p>\u2b50\ufe0f3. With waterproof technology, no need to worry about water and sweat anymore<\/p>\n<p>\u2b50\ufe0f4. 10mms dual drive units, enjoy 9D strong deep bass music sound<\/p>\n<p>\u2b50\ufe0f5. Popular one button control function, support switch songs, phone call and call voice assiatant.<\/p>\n<p>\u2b50\ufe0f6. True wireless stereo, born for gaming, dedicated to e-sports.<\/p>\n<p>\u2b50\ufe0f7. Painless to wear, motion noise reduction, instant connection after opening the cover, no delay.<\/p>\n<p>\u2b50\ufe0f8. HiFi sound quality, LED digital display, fingerprint touch<\/p>\n<p>\u2b50\ufe0f9. Bluetooth transmission distance: 10 meters without obstacles<\/p>\n<p>\u2b50\ufe0f10. Waterproof and sweatproof<\/p>\n<p>\u2b50\ufe0f11. RGB colorful breathing lights<\/p>\n<p>\ud83d\udce6 Package Included:<\/p>\n<p>1* Pair Bluetooth Earphones\uff08L&amp;R\uff09<\/p>\n<p>1* Charging Case<\/p>\n<p>1* USB Cable<\/p>\n<p>1* User Manual<\/p>\n<p><img decoding=\"async\" src=\"https:\/\/infinityweeb.com\/wp-content\/uploads\/2025\/12\/kf-S4ec2bb96f8434f9cb559841494d019e6g.webp?width=800&amp;height=800&amp;hash=1600\" \/><img decoding=\"async\" src=\"https:\/\/infinityweeb.com\/wp-content\/uploads\/2025\/12\/kf-S653064f7e7b241d893d61bd4749cfc4e7.webp?width=800&amp;height=800&amp;hash=1600\" \/><img decoding=\"async\" src=\"https:\/\/infinityweeb.com\/wp-content\/uploads\/2025\/12\/kf-S19390106f2be4057aff5350c6e766c93F.webp?width=800&amp;height=800&amp;hash=1600\" \/><img decoding=\"async\" src=\"https:\/\/infinityweeb.com\/wp-content\/uploads\/2025\/12\/kf-Sdc46ea1cea69417e9af532645ce8fc265.webp?width=800&amp;height=800&amp;hash=1600\" \/><img decoding=\"async\" src=\"https:\/\/infinityweeb.com\/wp-content\/uploads\/2025\/12\/kf-Sf90df3bfd3b54ef89841af743338bdceO.webp?width=800&amp;height=800&amp;hash=1600\" \/><img decoding=\"async\" src=\"https:\/\/infinityweeb.com\/wp-content\/uploads\/2025\/12\/kf-S9ebbd1f8e5fa4485bfb671f19f54850cg.webp?width=800&amp;height=800&amp;hash=1600\" \/><img decoding=\"async\" src=\"https:\/\/infinityweeb.com\/wp-content\/uploads\/2025\/12\/kf-Sa6018375c69642d58613d6d3e99c4d62m.webp?width=800&amp;height=800&amp;hash=1600\" \/><img decoding=\"async\" src=\"https:\/\/infinityweeb.com\/wp-content\/uploads\/2025\/12\/kf-Sd391315931d04c5da293cdb99266d2baz.webp?width=800&amp;height=800&amp;hash=1600\" \/><img decoding=\"async\" src=\"https:\/\/infinityweeb.com\/wp-content\/uploads\/2025\/12\/kf-Sff39c74b6fac4ab3893ddaddf0944472Y.webp?width=800&amp;height=800&amp;hash=1600\" \/><\/p>\n<p>\u00a0<\/p>\n<div class=\"detailmodule_dynamic\">\u00a0<\/div>\n<\/div>\n<\/div>","protected":false},"excerpt":{"rendered":"<p>Produit chimique \u00e0 haute pr\u00e9occupation:\u00a0Aucun Mat\u00e9riau:\u00a0ABS Assistant vocal int\u00e9gr\u00e9:\u00a0Non Technologie NFC:\u00a0Non Cat\u00e9gorie:\u00a0\u00c9couteurs et \u00e9couteurs M\u00e9thode de charge:\u00a0\u00c9tui de recharge Avec<\/p>","protected":false},"featured_media":30967,"comment_status":"open","ping_status":"closed","template":"","meta":[],"product_brand":[],"product_cat":[329],"product_tag":[],"class_list":{"0":"post-30966","1":"product","2":"type-product","3":"status-publish","4":"has-post-thumbnail","6":"product_cat-casques-ecouteurs","8":"first","9":"instock","10":"sale","11":"shipping-taxable","12":"purchasable","13":"product-type-simple"},"jetpack_sharing_enabled":true,"_links":{"self":[{"href":"https:\/\/infinityweeb.com\/ar\/wp-json\/wp\/v2\/product\/30966","targetHints":{"allow":["GET"]}}],"collection":[{"href":"https:\/\/infinityweeb.com\/ar\/wp-json\/wp\/v2\/product"}],"about":[{"href":"https:\/\/infinityweeb.com\/ar\/wp-json\/wp\/v2\/types\/product"}],"replies":[{"embeddable":true,"href":"https:\/\/infinityweeb.com\/ar\/wp-json\/wp\/v2\/comments?post=30966"}],"version-history":[{"count":9,"href":"https:\/\/infinityweeb.com\/ar\/wp-json\/wp\/v2\/product\/30966\/revisions"}],"predecessor-version":[{"id":30997,"href":"https:\/\/infinityweeb.com\/ar\/wp-json\/wp\/v2\/product\/30966\/revisions\/30997"}],"wp:featuredmedia":[{"embeddable":true,"href":"https:\/\/infinityweeb.com\/ar\/wp-json\/wp\/v2\/media\/30967"}],"wp:attachment":[{"href":"https:\/\/infinityweeb.com\/ar\/wp-json\/wp\/v2\/media?parent=30966"}],"wp:term":[{"taxonomy":"product_brand","embeddable":true,"href":"https:\/\/infinityweeb.com\/ar\/wp-json\/wp\/v2\/product_brand?post=30966"},{"taxonomy":"product_cat","embeddable":true,"href":"https:\/\/infinityweeb.com\/ar\/wp-json\/wp\/v2\/product_cat?post=30966"},{"taxonomy":"product_tag","embeddable":true,"href":"https:\/\/infinityweeb.com\/ar\/wp-json\/wp\/v2\/product_tag?post=30966"}],"curies":[{"name":"wp","href":"https:\/\/api.w.org\/{rel}","templated":true}]}}