{"id":31036,"date":"2025-12-01T20:05:22","date_gmt":"2025-12-01T19:05:22","guid":{"rendered":"https:\/\/infinityweeb.com\/shop\/yesido-intelligent-anti-tremblement-baton-de-selfie-a-cardan-avec-suivi-de-reconnaissance-faciale-et-stabilisateur-dequilibre-automatique\/"},"modified":"2026-01-27T13:38:30","modified_gmt":"2026-01-27T12:38:30","slug":"yesido-intelligent-anti-tremblement-baton-selfie-cardan-suivi","status":"publish","type":"product","link":"https:\/\/infinityweeb.com\/ar\/shop\/yesido-intelligent-anti-tremblement-baton-selfie-cardan-suivi\/","title":{"rendered":"YESIDO intelligent anti-tremblement b\u00e2ton de selfie \u00e0 cardan avec suivi de reconnaissance faciale et stabilisateur d&rsquo;\u00e9quilibre automatique."},"content":{"rendered":"<div class=\"product-specs-list-container\">\n<ul class=\"product-specs-list util-clearfix\">\n<li class=\"product-prop line-limit-length\"><span class=\"property-title\">Batterie incluse:\u00a0<\/span><span class=\"property-desc line-limit-length\">Oui<\/span><\/li>\n<li class=\"product-prop line-limit-length\"><span class=\"property-title\">Produit chimique \u00e0 haute pr\u00e9occupation:\u00a0<\/span><span class=\"property-desc line-limit-length\">Aucun<\/span><\/li>\n<li class=\"product-prop line-limit-length\"><span class=\"property-title\">Angle Panoramique:\u00a0<\/span><span class=\"property-desc line-limit-length\">30<\/span><\/li>\n<li class=\"product-prop line-limit-length\"><span class=\"property-title\">Angle de Roulement:\u00a0<\/span><span class=\"property-desc line-limit-length\">30<\/span><\/li>\n<li class=\"product-prop line-limit-length\"><span class=\"property-title\">Angle de Titrage:\u00a0<\/span><span class=\"property-desc line-limit-length\">30<\/span><\/li>\n<li class=\"product-prop line-limit-length\"><span class=\"property-title\">d&rsquo;Axes:\u00a0<\/span><span class=\"property-desc line-limit-length\">3-Axis<\/span><\/li>\n<li class=\"product-prop line-limit-length\"><span class=\"property-title\">Communication:\u00a0<\/span><span class=\"property-desc line-limit-length\">Bluetooth<\/span><\/li>\n<li class=\"product-prop line-limit-length\"><span class=\"property-title\">Type:\u00a0<\/span><span class=\"property-desc line-limit-length\">cardan de poche<\/span><\/li>\n<li class=\"product-prop line-limit-length\"><span class=\"property-title\">Origine:\u00a0<\/span><span class=\"property-desc line-limit-length\">CN (Origine)<\/span><\/li>\n<li class=\"product-prop line-limit-length\"><span class=\"property-title\">Configur\u00e9 Pour:\u00a0<\/span><span class=\"property-desc line-limit-length\">Smartphones<\/span><\/li>\n<\/ul>\n<\/div>\n<div class=\"detailmodule_html\">\n<div class=\"detail-desc-decorate-richtext\">\n<div class=\"detailmodule_text\">\n<p id=\"tl_1\" class=\"detail-desc-decorate-title\" style=\"font-family: OpenSans;font-size: 20px;font-weight: 900;line-height: 28px;color: #000000;margin-bottom: 12px\">Pr\u00e9sentation du produit<\/p>\n<p id=\"tl_2\" class=\"detail-desc-decorate-content\" style=\"font-family: OpenSans;font-size: 14px;font-weight: 300;line-height: 20px;color: #000000;margin-bottom: 12px\">Mat\u00e9riel: ABS<br \/>Taille de la bo\u00eete d&#8217;emballage: 8*14*13 cm<br \/>Poids : 267g machine nue avec emballage 447g<br \/>Meilleure distance : 1-3 M<br \/>Capacit\u00e9 de la batterie : 1200 mAh,<br \/>Horaires de travail : 4H<br \/>Mode de suivi : reconnaissance faciale<br \/>R\u00e8gle de support : 65-95 MM<br \/>Fonctionnement gestuel : le geste OK commence la pause de la paume<\/p>\n<\/div>\n<div class=\"detailmodule_image\"><img decoding=\"async\" class=\"detail-desc-decorate-image\" src=\"https:\/\/infinityweeb.com\/wp-content\/uploads\/2025\/12\/kf-S02fad6c49c60467ebb296b3f6c2d2430k.webp\" \/><\/div>\n<p>\u00a0<\/p>\n<\/div>\n<\/div>","protected":false},"excerpt":{"rendered":"<p>Batterie incluse:\u00a0Oui Produit chimique \u00e0 haute pr\u00e9occupation:\u00a0Aucun Angle Panoramique:\u00a030 Angle de Roulement:\u00a030 Angle de Titrage:\u00a030 d&rsquo;Axes:\u00a03-Axis Communication:\u00a0Bluetooth Type:\u00a0cardan de poche<\/p>","protected":false},"featured_media":31037,"comment_status":"open","ping_status":"closed","template":"","meta":[],"product_brand":[],"product_cat":[306],"product_tag":[],"class_list":{"0":"post-31036","1":"product","2":"type-product","3":"status-publish","4":"has-post-thumbnail","6":"product_cat-accessoires-telephones","8":"first","9":"outofstock","10":"shipping-taxable","11":"purchasable","12":"product-type-simple"},"jetpack_sharing_enabled":true,"_links":{"self":[{"href":"https:\/\/infinityweeb.com\/ar\/wp-json\/wp\/v2\/product\/31036","targetHints":{"allow":["GET"]}}],"collection":[{"href":"https:\/\/infinityweeb.com\/ar\/wp-json\/wp\/v2\/product"}],"about":[{"href":"https:\/\/infinityweeb.com\/ar\/wp-json\/wp\/v2\/types\/product"}],"replies":[{"embeddable":true,"href":"https:\/\/infinityweeb.com\/ar\/wp-json\/wp\/v2\/comments?post=31036"}],"version-history":[{"count":1,"href":"https:\/\/infinityweeb.com\/ar\/wp-json\/wp\/v2\/product\/31036\/revisions"}],"predecessor-version":[{"id":31068,"href":"https:\/\/infinityweeb.com\/ar\/wp-json\/wp\/v2\/product\/31036\/revisions\/31068"}],"wp:featuredmedia":[{"embeddable":true,"href":"https:\/\/infinityweeb.com\/ar\/wp-json\/wp\/v2\/media\/31037"}],"wp:attachment":[{"href":"https:\/\/infinityweeb.com\/ar\/wp-json\/wp\/v2\/media?parent=31036"}],"wp:term":[{"taxonomy":"product_brand","embeddable":true,"href":"https:\/\/infinityweeb.com\/ar\/wp-json\/wp\/v2\/product_brand?post=31036"},{"taxonomy":"product_cat","embeddable":true,"href":"https:\/\/infinityweeb.com\/ar\/wp-json\/wp\/v2\/product_cat?post=31036"},{"taxonomy":"product_tag","embeddable":true,"href":"https:\/\/infinityweeb.com\/ar\/wp-json\/wp\/v2\/product_tag?post=31036"}],"curies":[{"name":"wp","href":"https:\/\/api.w.org\/{rel}","templated":true}]}}