{"id":31166,"date":"2025-12-10T21:12:35","date_gmt":"2025-12-10T20:12:35","guid":{"rendered":"https:\/\/infinityweeb.com\/shop\/hoco-eq10-ecouteurs-bluetooth-intra-auriculaires-avec-affichage-led-de-la-puissance-et-etui-de-chargement\/"},"modified":"2026-01-27T13:37:31","modified_gmt":"2026-01-27T12:37:31","slug":"hoco-eq10-ecouteurs-bluetooth-intra-auriculaires-affichage-led-puissance","status":"publish","type":"product","link":"https:\/\/infinityweeb.com\/ar\/shop\/hoco-eq10-ecouteurs-bluetooth-intra-auriculaires-affichage-led-puissance\/","title":{"rendered":"HOCO EQ10 \u00c9couteurs Bluetooth intra-auriculaires avec affichage LED de la puissance et \u00e9tui de chargement."},"content":{"rendered":"<div class=\"product-specs-list-container\">\n<ul class=\"product-specs-list util-clearfix\">\n<li class=\"product-prop line-limit-length\"><span class=\"property-title\">Produit chimique \u00e0 haute pr\u00e9occupation:\u00a0<\/span><span class=\"property-desc line-limit-length\">Aucun<\/span><\/li>\n<li class=\"product-prop line-limit-length\"><span class=\"property-title\">Mat\u00e9riau:\u00a0<\/span><span class=\"property-desc line-limit-length\">ABS<\/span><\/li>\n<li class=\"product-prop line-limit-length\"><span class=\"property-title\">Cat\u00e9gorie:\u00a0<\/span><span class=\"property-desc line-limit-length\">\u00c9couteurs et \u00e9couteurs<\/span><\/li>\n<li class=\"product-prop line-limit-length\"><span class=\"property-title\">Contr\u00f4le de Volume:\u00a0<\/span><span class=\"property-desc line-limit-length\">Oui<\/span><\/li>\n<li class=\"product-prop line-limit-length\"><span class=\"property-title\">Principe du Vocalisme:\u00a0<\/span><span class=\"property-desc line-limit-length\">Dynamique<\/span><\/li>\n<li class=\"product-prop line-limit-length\"><span class=\"property-title\">Type sans fil:\u00a0<\/span><span class=\"property-desc line-limit-length\">Bluetooth<\/span><\/li>\n<li class=\"product-prop line-limit-length\"><span class=\"property-title\">Communication:\u00a0<\/span><span class=\"property-desc line-limit-length\">v\u00e9ritable sans fil<\/span><\/li>\n<li class=\"product-prop line-limit-length\"><span class=\"property-title\">Style:\u00a0<\/span><span class=\"property-desc line-limit-length\">dans l&rsquo;oreille<\/span><\/li>\n<li class=\"product-prop line-limit-length\"><span class=\"property-title\">Origine:\u00a0<\/span><span class=\"property-desc line-limit-length\">CN (Origine)<\/span><\/li>\n<li class=\"product-prop line-limit-length\"><span class=\"property-title\">Nom de marque:\u00a0<\/span><span class=\"property-desc line-limit-length\">HOCO<\/span><\/li>\n<\/ul>\n<\/div>\n<div class=\"detailmodule_html\">\n<div class=\"detail-desc-decorate-richtext\">\n<p id=\"tl_1\">Casque BT sans fil EQ10 Harmony v\u00e9ritable<\/p>\n<p id=\"tl_2\">1.Puce Bluetooth 5.3 : JL AC6973D4<\/p>\n<p id=\"tl_3\">2.Capacit\u00e9 de la batterie : \u00e9tui de chargement 300 mAh ; Casque 40mAh<\/p>\n<p id=\"tl_4\">3.Temps d&rsquo;utilisation : 7 heures<\/p>\n<p id=\"tl_5\">4.Mat\u00e9riau : ABS ; taille : 65 x 51,5 x 28,5 mm ; Poids : 45,5 g<\/p>\n<p id=\"tl_6\">5. Prise en charge de la commutation du leader-follower, appelez Siri, bo\u00eetier de chargement avec affichage de la puissance LED<\/p>\n<p>\u00a0<\/p>\n<p><img decoding=\"async\" src=\"https:\/\/infinityweeb.com\/wp-content\/uploads\/2025\/12\/kf-S6729ce04dc3647e6a32dc90fda66cea4Q.webp\" \/><img decoding=\"async\" src=\"https:\/\/infinityweeb.com\/wp-content\/uploads\/2025\/12\/kf-S9b440c8a49564b858b8e549d2f5793f2A.webp\" \/><img decoding=\"async\" src=\"https:\/\/infinityweeb.com\/wp-content\/uploads\/2025\/12\/kf-S5ec9243e554d444ca1e2173c6421f0c8V.webp\" \/><img decoding=\"async\" src=\"https:\/\/infinityweeb.com\/wp-content\/uploads\/2025\/12\/kf-Sa7166f1fb5524afbbfbf9030fb5236afX.webp\" \/><img decoding=\"async\" src=\"https:\/\/infinityweeb.com\/wp-content\/uploads\/2025\/12\/kf-S2c81e4c06908423fb874055188ded419u.webp\" \/><img decoding=\"async\" src=\"https:\/\/infinityweeb.com\/wp-content\/uploads\/2025\/12\/kf-S8f36493d5e9946bc962e64b59e45f01eb.webp\" \/><img decoding=\"async\" src=\"https:\/\/infinityweeb.com\/wp-content\/uploads\/2025\/12\/kf-S2b6d9ed8825c445083416edbfb79ff54C.webp\" \/><img decoding=\"async\" src=\"https:\/\/infinityweeb.com\/wp-content\/uploads\/2025\/12\/kf-S6c27186d79c840c18fe82d137a832e03g.webp\" \/><img decoding=\"async\" src=\"https:\/\/infinityweeb.com\/wp-content\/uploads\/2025\/12\/kf-S3793432c4dd345bf90c38c9ac12eec469.webp\" \/><img decoding=\"async\" src=\"https:\/\/infinityweeb.com\/wp-content\/uploads\/2025\/12\/kf-S32db41189bae45d5b48f4d116a5dedd91.webp\" \/><img decoding=\"async\" src=\"https:\/\/infinityweeb.com\/wp-content\/uploads\/2025\/12\/kf-S673045d0aeb444e080a6aa63b299204dX.webp\" \/><img decoding=\"async\" src=\"https:\/\/infinityweeb.com\/wp-content\/uploads\/2025\/12\/kf-S46c5ce6a4ab64d3a9094da150d5279c1k.webp\" \/><img decoding=\"async\" src=\"https:\/\/infinityweeb.com\/wp-content\/uploads\/2025\/12\/kf-S9e5b0e5c0f464ce2ae6373f4867bab12F.webp\" \/><img decoding=\"async\" src=\"https:\/\/infinityweeb.com\/wp-content\/uploads\/2025\/12\/kf-S9a75f067d78c4ea19223af34bd56b32al.webp\" \/><img decoding=\"async\" src=\"https:\/\/infinityweeb.com\/wp-content\/uploads\/2025\/12\/kf-Sab356b4a27ef40338614f4fe2ac6e5d1T.webp\" \/><\/p>\n<\/div>\n<\/div>","protected":false},"excerpt":{"rendered":"<p>Produit chimique \u00e0 haute pr\u00e9occupation:\u00a0Aucun Mat\u00e9riau:\u00a0ABS Cat\u00e9gorie:\u00a0\u00c9couteurs et \u00e9couteurs Contr\u00f4le de Volume:\u00a0Oui Principe du Vocalisme:\u00a0Dynamique Type sans fil:\u00a0Bluetooth Communication:\u00a0v\u00e9ritable sans<\/p>","protected":false},"featured_media":31167,"comment_status":"open","ping_status":"closed","template":"","meta":[],"product_brand":[917],"product_cat":[329],"product_tag":[],"class_list":{"0":"post-31166","1":"product","2":"type-product","3":"status-publish","4":"has-post-thumbnail","6":"product_brand-hoco","7":"product_cat-casques-ecouteurs","8":"pa_couleur-noir","9":"pa_couleur-beige","11":"first","12":"instock","13":"shipping-taxable","14":"purchasable","15":"product-type-variable"},"jetpack_sharing_enabled":true,"_links":{"self":[{"href":"https:\/\/infinityweeb.com\/ar\/wp-json\/wp\/v2\/product\/31166","targetHints":{"allow":["GET"]}}],"collection":[{"href":"https:\/\/infinityweeb.com\/ar\/wp-json\/wp\/v2\/product"}],"about":[{"href":"https:\/\/infinityweeb.com\/ar\/wp-json\/wp\/v2\/types\/product"}],"replies":[{"embeddable":true,"href":"https:\/\/infinityweeb.com\/ar\/wp-json\/wp\/v2\/comments?post=31166"}],"version-history":[{"count":15,"href":"https:\/\/infinityweeb.com\/ar\/wp-json\/wp\/v2\/product\/31166\/revisions"}],"predecessor-version":[{"id":31198,"href":"https:\/\/infinityweeb.com\/ar\/wp-json\/wp\/v2\/product\/31166\/revisions\/31198"}],"wp:featuredmedia":[{"embeddable":true,"href":"https:\/\/infinityweeb.com\/ar\/wp-json\/wp\/v2\/media\/31167"}],"wp:attachment":[{"href":"https:\/\/infinityweeb.com\/ar\/wp-json\/wp\/v2\/media?parent=31166"}],"wp:term":[{"taxonomy":"product_brand","embeddable":true,"href":"https:\/\/infinityweeb.com\/ar\/wp-json\/wp\/v2\/product_brand?post=31166"},{"taxonomy":"product_cat","embeddable":true,"href":"https:\/\/infinityweeb.com\/ar\/wp-json\/wp\/v2\/product_cat?post=31166"},{"taxonomy":"product_tag","embeddable":true,"href":"https:\/\/infinityweeb.com\/ar\/wp-json\/wp\/v2\/product_tag?post=31166"}],"curies":[{"name":"wp","href":"https:\/\/api.w.org\/{rel}","templated":true}]}}