{"id":31232,"date":"2025-12-10T21:21:48","date_gmt":"2025-12-10T20:21:48","guid":{"rendered":"https:\/\/infinityweeb.com\/shop\/hoco-ew54-true-wireless-ecouteurs-5-3-bluetooth-casque-mini-portable-4-heures-de-lecture-resistant-a-leau\/"},"modified":"2026-01-27T13:36:09","modified_gmt":"2026-01-27T12:36:09","slug":"hoco-ew54-true-wireless-ecouteurs-bluetooth-casque-mini-portable-heures","status":"publish","type":"product","link":"https:\/\/infinityweeb.com\/ar\/shop\/hoco-ew54-true-wireless-ecouteurs-bluetooth-casque-mini-portable-heures\/","title":{"rendered":"HOCO EW54 True Wireless \u00e9couteurs 5.3 Bluetooth casque Mini Portable 4 heures de lecture r\u00e9sistant \u00e0 l&rsquo;eau"},"content":{"rendered":"<div class=\"product-specs-list-container\">\n<ul class=\"product-specs-list util-clearfix\">\n<li class=\"product-prop line-limit-length\"><span class=\"property-title\">Produit chimique \u00e0 haute pr\u00e9occupation:\u00a0<\/span><span class=\"property-desc line-limit-length\">Aucun<\/span><\/li>\n<li class=\"product-prop line-limit-length\"><span class=\"property-title\">Mat\u00e9riau:\u00a0<\/span><span class=\"property-desc line-limit-length\">PVC,ABS,Plastique<\/span><\/li>\n<li class=\"product-prop line-limit-length\"><span class=\"property-title\">Poids [g]:\u00a0<\/span><span class=\"property-desc line-limit-length\">43.5<\/span><\/li>\n<li class=\"product-prop line-limit-length\"><span class=\"property-title\">Capacit\u00e9 de la batterie [mAh]:\u00a0<\/span><span class=\"property-desc line-limit-length\">300<\/span><\/li>\n<li class=\"product-prop line-limit-length\"><span class=\"property-title\">Vie de la batterie jusqu&rsquo;\u00e0 [heures]:\u00a0<\/span><span class=\"property-desc line-limit-length\">4<\/span><\/li>\n<li class=\"product-prop line-limit-length\"><span class=\"property-title\">Assistant vocal int\u00e9gr\u00e9:\u00a0<\/span><span class=\"property-desc line-limit-length\">Oui<\/span><\/li>\n<li class=\"product-prop line-limit-length\"><span class=\"property-title\">Port\u00e9e maximale sans fil [m]:\u00a0<\/span><span class=\"property-desc line-limit-length\">10m-20m<\/span><\/li>\n<li class=\"product-prop line-limit-length\"><span class=\"property-title\">Isolation sonore:\u00a0<\/span><span class=\"property-desc line-limit-length\">Oui<\/span><\/li>\n<li class=\"product-prop line-limit-length\"><span class=\"property-title\">Cat\u00e9gorie:\u00a0<\/span><span class=\"property-desc line-limit-length\">\u00c9couteurs et \u00e9couteurs<\/span><\/li>\n<li class=\"product-prop line-limit-length\"><span class=\"property-title\">M\u00e9thode de charge:\u00a0<\/span><span class=\"property-desc line-limit-length\">CABLE<\/span><\/li>\n<li class=\"product-prop line-limit-length\"><span class=\"property-title\">Diam\u00e8tre d&rsquo;attaque pour casque audio:\u00a0<\/span><span class=\"property-desc line-limit-length\">13mm<\/span><\/li>\n<li class=\"product-prop line-limit-length\"><span class=\"property-title\">Gamme d\u2019imp\u00e9dance:\u00a0<\/span><span class=\"property-desc line-limit-length\">jusqu\u2019\u00e0 32 \u03a9<\/span><\/li>\n<li class=\"product-prop line-limit-length\"><span class=\"property-title\">Version Bluetooth:\u00a0<\/span><span class=\"property-desc line-limit-length\">5.3<\/span><\/li>\n<li class=\"product-prop line-limit-length\"><span class=\"property-title\">Avec microphone:\u00a0<\/span><span class=\"property-desc line-limit-length\">Oui<\/span><\/li>\n<li class=\"product-prop line-limit-length\"><span class=\"property-title\">Est sans fil:\u00a0<\/span><span class=\"property-desc line-limit-length\">No<\/span><\/li>\n<li class=\"product-prop line-limit-length\"><span class=\"property-title\">Imperm\u00e9able:\u00a0<\/span><span class=\"property-desc line-limit-length\">Oui<\/span><\/li>\n<li class=\"product-prop line-limit-length\"><span class=\"property-title\">Plage de r\u00e9ponse de fr\u00e9quence:\u00a0<\/span><span class=\"property-desc line-limit-length\">20 &#8211; 20000Hz<\/span><\/li>\n<li class=\"product-prop line-limit-length\"><span class=\"property-title\">Sensibilit\u00e9:\u00a0<\/span><span class=\"property-desc line-limit-length\">98dB<\/span><\/li>\n<li class=\"product-prop line-limit-length\"><span class=\"property-title\">Type de prise:\u00a0<\/span><span class=\"property-desc line-limit-length\">Type de ligne<\/span><\/li>\n<li class=\"product-prop line-limit-length\"><span class=\"property-title\">Annulation active du bruit:\u00a0<\/span><span class=\"property-desc line-limit-length\">Non<\/span><\/li>\n<li class=\"product-prop line-limit-length\"><span class=\"property-title\">Contr\u00f4le de Volume:\u00a0<\/span><span class=\"property-desc line-limit-length\">Oui<\/span><\/li>\n<li class=\"product-prop line-limit-length\"><span class=\"property-title\">Bouton de contr\u00f4le:\u00a0<\/span><span class=\"property-desc line-limit-length\">Oui<\/span><\/li>\n<li class=\"product-prop line-limit-length\"><span class=\"property-title\">Principe du Vocalisme:\u00a0<\/span><span class=\"property-desc line-limit-length\">Technologie hybride<\/span><\/li>\n<li class=\"product-prop line-limit-length\"><span class=\"property-title\">Type sans fil:\u00a0<\/span><span class=\"property-desc line-limit-length\">Bluetooth<\/span><\/li>\n<li class=\"product-prop line-limit-length\"><span class=\"property-title\">Connecteurs:\u00a0<\/span><span class=\"property-desc line-limit-length\">Type c<\/span><\/li>\n<li class=\"product-prop line-limit-length\"><span class=\"property-title\">Communication:\u00a0<\/span><span class=\"property-desc line-limit-length\">Sans fil<\/span><\/li>\n<li class=\"product-prop line-limit-length\"><span class=\"property-title\">Style:\u00a0<\/span><span class=\"property-desc line-limit-length\">dans l&rsquo;oreille<\/span><\/li>\n<li class=\"product-prop line-limit-length\"><span class=\"property-title\">Origine:\u00a0<\/span><span class=\"property-desc line-limit-length\">CN (Origine)<\/span><\/li>\n<li class=\"product-prop line-limit-length\"><span class=\"property-title\">Nom de marque:\u00a0<\/span><span class=\"property-desc line-limit-length\">BOROFONE<\/span><\/li>\n<li class=\"product-prop line-limit-length\"><span class=\"property-title\">R\u00e9sistance:\u00a0<\/span><span class=\"property-desc line-limit-length\">32\u03a9<\/span><\/li>\n<li class=\"product-prop line-limit-length\"><span class=\"property-title\">Battery capacity:\u00a0<\/span><span class=\"property-desc line-limit-length\">charging case 300mAh<\/span><\/li>\n<li class=\"product-prop line-limit-length\"><span class=\"property-title\">Size:\u00a0<\/span><span class=\"property-desc line-limit-length\">62*49*28mm<\/span><\/li>\n<li class=\"product-prop line-limit-length\"><span class=\"property-title\">Total weight:\u00a0<\/span><span class=\"property-desc line-limit-length\">43.5g<\/span><\/li>\n<\/ul>\n<\/div>\n<div class=\"detailmodule_html\">\n<div class=\"detail-desc-decorate-richtext\">\n<p><span style=\"font-size: 22px;\"><strong>HOCO EW54 v\u00e9ritables \u00e9couteurs sans fil 5.3 casque Bluetooth Mini Portable 4 heures de lecture r\u00e9sistant \u00e0 l&rsquo;eau pour iPhone Xiaomi Huawei<\/strong><\/span><\/p>\n<p>\u00a0<\/p>\n<p><span style=\"font-size: 18px;\">1, Bluetooth 5.3, puce : JL AC6973<\/span><\/p>\n<p><span style=\"font-size: 18px;\">2.Capacit\u00e9 de la batterie : \u00e9tui de chargement 300 mAh ; Casque 30mAh<\/span><\/p>\n<p><span style=\"font-size: 18px;\">3.Temps d&rsquo;utilisation : 4 heures<\/span><\/p>\n<p><span style=\"font-size: 18px;\">4.Taille : 62*49*28 mm ; Poids total : 43,5 g<\/span><\/p>\n<p><span style=\"font-size: 18px;\">5.Prise en charge de la commutation ma\u00eetre-esclave, appelant Siri<\/span><\/p>\n<p>\u00a0<\/p>\n<p style=\"font-family: 'Open Sans', Roboto, Arial, Helvetica, sans-serif, SimSun; font-size: 14px; font-weight: 400; letter-spacing: normal; line-height: inherit; text-align: start; white-space: normal; color: #222222; margin: 0px; padding: 0px; box-sizing: border-box;\" align=\"start\"><strong><span style=\"font-size: 21px;\"><span style=\"font-family: arial, helvetica, sans-serif;\">Emballage inclus :<br \/><\/span><\/span><\/strong><\/p>\n<p style=\"font-family: 'Open Sans', Roboto, Arial, Helvetica, sans-serif, SimSun; font-size: 14px; font-weight: 400; letter-spacing: normal; line-height: inherit; text-align: start; white-space: normal; color: #222222; margin: 0px; padding: 0px; box-sizing: border-box;\" align=\"start\"><span style=\"font-size: 18px; font-family: arial, helvetica, sans-serif;\">1 * casque Bluetooth<\/span><\/p>\n<p style=\"font-family: 'Open Sans', Roboto, Arial, Helvetica, sans-serif, SimSun; font-size: 14px; font-weight: 400; letter-spacing: normal; line-height: inherit; text-align: start; white-space: normal; color: #222222; margin: 0px; padding: 0px; box-sizing: border-box;\" align=\"start\"><span style=\"font-size: 18px; font-family: arial, helvetica, sans-serif;\">1 * c\u00e2ble de chargement<\/span><\/p>\n<p style=\"font-family: 'Open Sans', Roboto, Arial, Helvetica, sans-serif, SimSun; font-size: 14px; font-weight: 400; letter-spacing: normal; line-height: inherit; text-align: start; white-space: normal; color: #222222; margin: 0px; padding: 0px; box-sizing: border-box;\" align=\"start\"><span style=\"font-size: 18px; font-family: arial, helvetica, sans-serif;\">1 * instruction<\/span><\/p>\n<p>\u00a0<\/p>\n<p><img decoding=\"async\" src=\"https:\/\/infinityweeb.com\/wp-content\/uploads\/2025\/12\/kf-S6569727ef4da445a9e33d351e5c5523bR.webp\" \/><img decoding=\"async\" src=\"https:\/\/infinityweeb.com\/wp-content\/uploads\/2025\/12\/kf-S7e41d3356ae14f27b609194038d508f1I.webp\" \/><img decoding=\"async\" src=\"https:\/\/infinityweeb.com\/wp-content\/uploads\/2025\/12\/kf-Sf2ef39fb018145f287e6949cabdefc0bZ.webp\" \/><img decoding=\"async\" src=\"https:\/\/infinityweeb.com\/wp-content\/uploads\/2025\/12\/kf-Sf4a3a10a3bfe4b33966feea48a0f6b4aj.webp\" \/><img decoding=\"async\" src=\"https:\/\/infinityweeb.com\/wp-content\/uploads\/2025\/12\/kf-S5112e5e991ff4587816fc4143b8f6c42b.webp\" \/><img decoding=\"async\" src=\"https:\/\/infinityweeb.com\/wp-content\/uploads\/2025\/12\/kf-S3d29c5deaf214293b1796d1ecaf4a6dfC.webp\" \/><img decoding=\"async\" src=\"https:\/\/infinityweeb.com\/wp-content\/uploads\/2025\/12\/kf-Sa0ca8014dfed441ab4f077dc9ffee90bF.webp\" \/><img decoding=\"async\" src=\"https:\/\/infinityweeb.com\/wp-content\/uploads\/2025\/12\/kf-S8888f3c4c7c94a36af5233d373f2ce94O.webp\" \/><img decoding=\"async\" src=\"https:\/\/infinityweeb.com\/wp-content\/uploads\/2025\/12\/kf-S2cc232d329e748ac8f8f8529880ddef2V.webp\" \/><img decoding=\"async\" src=\"https:\/\/infinityweeb.com\/wp-content\/uploads\/2025\/12\/kf-S158e1e9919334078b435402c1155a201K.webp\" \/><\/p>\n<\/p>\n<\/div>\n<\/div>","protected":false},"excerpt":{"rendered":"<p>Produit chimique \u00e0 haute pr\u00e9occupation:\u00a0Aucun Mat\u00e9riau:\u00a0PVC,ABS,Plastique Poids [g]:\u00a043.5 Capacit\u00e9 de la batterie [mAh]:\u00a0300 Vie de la batterie jusqu&rsquo;\u00e0 [heures]:\u00a04 Assistant<\/p>","protected":false},"featured_media":31233,"comment_status":"open","ping_status":"closed","template":"","meta":[],"product_brand":[917],"product_cat":[329],"product_tag":[],"class_list":{"0":"post-31232","1":"product","2":"type-product","3":"status-publish","4":"has-post-thumbnail","6":"product_brand-hoco","7":"product_cat-casques-ecouteurs","8":"pa_couleur-blanc","9":"pa_couleur-bleu","10":"pa_couleur-lumiere-stellaire","11":"pa_couleur-noir","12":"pa_couleur-violet","14":"first","15":"instock","16":"shipping-taxable","17":"purchasable","18":"product-type-variable"},"jetpack_sharing_enabled":true,"_links":{"self":[{"href":"https:\/\/infinityweeb.com\/ar\/wp-json\/wp\/v2\/product\/31232","targetHints":{"allow":["GET"]}}],"collection":[{"href":"https:\/\/infinityweeb.com\/ar\/wp-json\/wp\/v2\/product"}],"about":[{"href":"https:\/\/infinityweeb.com\/ar\/wp-json\/wp\/v2\/types\/product"}],"replies":[{"embeddable":true,"href":"https:\/\/infinityweeb.com\/ar\/wp-json\/wp\/v2\/comments?post=31232"}],"version-history":[{"count":10,"href":"https:\/\/infinityweeb.com\/ar\/wp-json\/wp\/v2\/product\/31232\/revisions"}],"predecessor-version":[{"id":31265,"href":"https:\/\/infinityweeb.com\/ar\/wp-json\/wp\/v2\/product\/31232\/revisions\/31265"}],"wp:featuredmedia":[{"embeddable":true,"href":"https:\/\/infinityweeb.com\/ar\/wp-json\/wp\/v2\/media\/31233"}],"wp:attachment":[{"href":"https:\/\/infinityweeb.com\/ar\/wp-json\/wp\/v2\/media?parent=31232"}],"wp:term":[{"taxonomy":"product_brand","embeddable":true,"href":"https:\/\/infinityweeb.com\/ar\/wp-json\/wp\/v2\/product_brand?post=31232"},{"taxonomy":"product_cat","embeddable":true,"href":"https:\/\/infinityweeb.com\/ar\/wp-json\/wp\/v2\/product_cat?post=31232"},{"taxonomy":"product_tag","embeddable":true,"href":"https:\/\/infinityweeb.com\/ar\/wp-json\/wp\/v2\/product_tag?post=31232"}],"curies":[{"name":"wp","href":"https:\/\/api.w.org\/{rel}","templated":true}]}}