{"id":31259,"date":"2025-12-10T21:24:44","date_gmt":"2025-12-10T20:24:44","guid":{"rendered":"https:\/\/infinityweeb.com\/shop\/tenda-ac1200-ac7-routeur-wi-fi-sans-fil-repeteur-de-bande-avec-5-antennes-a-gain-eleve-de-6-dbi-pour-une-couverture-etendue\/"},"modified":"2026-01-27T13:35:34","modified_gmt":"2026-01-27T12:35:34","slug":"tenda-ac1200-ac7-routeur-wi-fi-sans-fil-repeteur-bande-antennes-gain-eleve","status":"publish","type":"product","link":"https:\/\/infinityweeb.com\/ar\/shop\/tenda-ac1200-ac7-routeur-wi-fi-sans-fil-repeteur-bande-antennes-gain-eleve\/","title":{"rendered":"Tenda AC1200 AC7 Routeur Wi-Fi sans fil, r\u00e9p\u00e9teur de bande avec 5 antennes \u00e0 gain \u00e9lev\u00e9 de 6 dBi pour une couverture \u00e9tendue."},"content":{"rendered":"<div class=\"product-specs-list-container\">\n<ul class=\"product-specs-list util-clearfix\">\n<li class=\"product-prop line-limit-length\"><span class=\"property-title\">Taux de transmission Wi-Fi 5G:\u00a0<\/span><span class=\"property-desc line-limit-length\">867 Mbps<\/span><\/li>\n<li class=\"product-prop line-limit-length\"><span class=\"property-title\">Taux de transfert c\u00e2bl\u00e9:\u00a0<\/span><span class=\"property-desc line-limit-length\">10\/100 Mbps<\/span><\/li>\n<li class=\"product-prop line-limit-length\"><span class=\"property-title\">Norme de transmission Wi-Fi:\u00a0<\/span><span class=\"property-desc line-limit-length\">802.11ac<\/span><\/li>\n<li class=\"product-prop line-limit-length\"><span class=\"property-title\">Taux de transmission Wi-Fi 2.4G:\u00a0<\/span><span class=\"property-desc line-limit-length\">300 Mbps<\/span><\/li>\n<li class=\"product-prop line-limit-length\"><span class=\"property-title\">Fr\u00e9quence support\u00e9e par le Wi-Fi:\u00a0<\/span><span class=\"property-desc line-limit-length\">2.4G &amp; 5G<\/span><\/li>\n<li class=\"product-prop line-limit-length\"><span class=\"property-title\">Supporte WPS:\u00a0<\/span><span class=\"property-desc line-limit-length\">Oui<\/span><\/li>\n<li class=\"product-prop line-limit-length\"><span class=\"property-title\">Supporte WDS:\u00a0<\/span><span class=\"property-desc line-limit-length\">Oui<\/span><\/li>\n<li class=\"product-prop line-limit-length\"><span class=\"property-title\">Nombre d\u2019interfaces USB:\u00a0<\/span><span class=\"property-desc line-limit-length\">Aucun<\/span><\/li>\n<li class=\"product-prop line-limit-length\"><span class=\"property-title\">Ports WAN:\u00a0<\/span><span class=\"property-desc line-limit-length\">2&#215;10\/100 Mbps<\/span><\/li>\n<li class=\"product-prop line-limit-length\"><span class=\"property-title\">Ports LAN:\u00a0<\/span><span class=\"property-desc line-limit-length\">3<\/span><\/li>\n<li class=\"product-prop line-limit-length\"><span class=\"property-title\">Fonction:\u00a0<\/span><span class=\"property-desc line-limit-length\">Pare-feu,QOS<\/span><\/li>\n<li class=\"product-prop line-limit-length\"><span class=\"property-title\">Application:\u00a0<\/span><span class=\"property-desc line-limit-length\">HOME<\/span><\/li>\n<li class=\"product-prop line-limit-length\"><span class=\"property-title\">Paquet:\u00a0<\/span><span class=\"property-desc line-limit-length\">Non<\/span><\/li>\n<li class=\"product-prop line-limit-length\"><span class=\"property-title\">Normes et protocoles:\u00a0<\/span><span class=\"property-desc line-limit-length\">Wi-Fi 802.11g,Wi-Fi 802.11b,Wi-Fi 802.11n,Wi-Fi 802.11ac<\/span><\/li>\n<li class=\"product-prop line-limit-length\"><span class=\"property-title\">D\u00e9bit de donn\u00e9es LAN max.:\u00a0<\/span><span class=\"property-desc line-limit-length\">1000Mbps<\/span><\/li>\n<li class=\"product-prop line-limit-length\"><span class=\"property-title\">Avec fonction modem:\u00a0<\/span><span class=\"property-desc line-limit-length\">Non<\/span><\/li>\n<li class=\"product-prop line-limit-length\"><span class=\"property-title\">Type:\u00a0<\/span><span class=\"property-desc line-limit-length\">Sans fil<\/span><\/li>\n<li class=\"product-prop line-limit-length\"><span class=\"property-title\">Nom de marque:\u00a0<\/span><span class=\"property-desc line-limit-length\">Tenda<\/span><\/li>\n<li class=\"product-prop line-limit-length\"><span class=\"property-title\">Origine:\u00a0<\/span><span class=\"property-desc line-limit-length\">CN (Origine)<\/span><\/li>\n<li class=\"product-prop line-limit-length\"><span class=\"property-title\">Certification:\u00a0<\/span><span class=\"property-desc line-limit-length\">CE,FCC,ROHS<\/span><\/li>\n<li class=\"product-prop line-limit-length\"><span class=\"property-title\">Power input:\u00a0<\/span><span class=\"property-desc line-limit-length\">100-240V~50\/60Hz, 0.4A<\/span><\/li>\n<li class=\"product-prop line-limit-length\"><span class=\"property-title\">Power output:\u00a0<\/span><span class=\"property-desc line-limit-length\">DC 9V1A<\/span><\/li>\n<\/ul>\n<\/div>\n<div class=\"detailmodule_html\">\n<div class=\"detail-desc-decorate-richtext\">\n<p style=\"font-family: 'Open Sans', Roboto, Arial, Helvetica, sans-serif, SimSun;font-size: 14px;font-weight: 400;letter-spacing: normal;line-height: inherit;text-align: start;white-space: normal;color: #222222;margin: 0px;padding: 0px\" align=\"start\"><strong><span id=\"tl_1\" style=\"font-size: 16px\">Routeurs wifi Tenda AC7 11AC 2.4Ghz\/5.0Ghz r\u00e9p\u00e9teur Wi-fi 1 * WAN + 3 * LAN 5 * 6dbi antennes \u00e0 gain \u00e9lev\u00e9 application intelligente g\u00e9rer le micrologiciel chinois<\/span><\/strong><\/p>\n<p>\u00a0<\/p>\n<p id=\"tl_2\" style=\"font-family: 'Open Sans', Roboto, Arial, Helvetica, sans-serif, SimSun;font-size: 14px;font-weight: 400;letter-spacing: normal;line-height: inherit;text-align: start;white-space: normal;color: #222222;margin: 0px;padding: 0px\" align=\"start\">O <span style=\"font-size: 16px\">Vue d&rsquo;ensemble<\/span><\/p>\n<p>\u00a0<\/p>\n<p style=\"font-family: 'Open Sans', Roboto, Arial, Helvetica, sans-serif, SimSun;font-size: 14px;font-weight: 400;letter-spacing: normal;line-height: inherit;text-align: start;white-space: normal;color: #222222;margin: 0px;padding: 0px\" align=\"start\"><span id=\"tl_3\" style=\"font-size: 16px\">AC7 est un routeur sans fil double bande puissant et stable con\u00e7u pour les utilisateurs de grande taille et multi-pi\u00e8ces, \u00e9quip\u00e9 d&rsquo;un module ind\u00e9pendant d&rsquo;am\u00e9lioration du signal, Beamforming + technologie intelligente d&rsquo;am\u00e9lioration du signal, et une antenne externe \u00e0 gain \u00e9lev\u00e9 de 5 * 6dBi.<\/span><\/p>\n<p>\u00a0<\/p>\n<p style=\"font-family: 'Open Sans', Roboto, Arial, Helvetica, sans-serif, SimSun;font-size: 14px;font-weight: 400;letter-spacing: normal;line-height: inherit;text-align: start;white-space: normal;color: #222222;margin: 0px;padding: 0px\" align=\"start\"><span id=\"tl_4\" style=\"font-size: 16px\">Caract\u00e9ristiques du produit<\/span><\/p>\n<p>\u00a0<\/p>\n<p style=\"font-family: 'Open Sans', Roboto, Arial, Helvetica, sans-serif, SimSun;font-size: 14px;font-weight: 400;letter-spacing: normal;line-height: inherit;text-align: start;white-space: normal;color: #222222;margin: 0px;padding: 0px\" align=\"start\"><span style=\"color: #333333;font-size: 16px;font-family: arial, helvetica, sans-serif\"><strong id=\"tl_5\">Interfaces: <br \/>1*10\/100Mbps WAN + port <br \/>Ports LAN 3*10\/100Mbps<\/strong><\/span><\/p>\n<p style=\"font-family: 'Open Sans', Roboto, Arial, Helvetica, sans-serif, SimSun;font-size: 14px;font-weight: 400;letter-spacing: normal;line-height: inherit;text-align: start;white-space: normal;color: #222222;margin: 0px;padding: 0px\" align=\"start\"><span style=\"color: #333333;font-size: 16px;font-family: arial, helvetica, sans-serif\"><strong id=\"tl_6\">D\u00e9bit de donn\u00e9es sans fil <br \/>: 5GHz: 867Mbps <br \/>+ 2.4GHz: 300Mbps<\/strong><\/span><\/p>\n<p>\u00a0<\/p>\n<p style=\"font-family: 'Open Sans', Roboto, Arial, Helvetica, sans-serif, SimSun;font-size: 14px;font-weight: 400;letter-spacing: normal;line-height: inherit;text-align: start;white-space: normal;color: #222222;margin: 0px;padding: 0px\" align=\"start\"><span id=\"tl_7\" style=\"font-size: 16px\">Antenne \u00e0 gain \u00e9lev\u00e9 5 * 6dBi<\/span><\/p>\n<p style=\"font-family: 'Open Sans', Roboto, Arial, Helvetica, sans-serif, SimSun;font-size: 14px;font-weight: 400;letter-spacing: normal;line-height: inherit;text-align: start;white-space: normal;color: #222222;margin: 0px;padding: 0px\" align=\"start\"><span id=\"tl_8\" style=\"font-size: 16px\">CPU haute performance 28nm<\/span><\/p>\n<p style=\"font-family: 'Open Sans', Roboto, Arial, Helvetica, sans-serif, SimSun;font-size: 14px;font-weight: 400;letter-spacing: normal;line-height: inherit;text-align: start;white-space: normal;color: #222222;margin: 0px;padding: 0px\" align=\"start\"><span id=\"tl_9\" style=\"font-size: 16px\">Nouvelle technologie MU-MIMO<\/span><\/p>\n<p style=\"font-family: 'Open Sans', Roboto, Arial, Helvetica, sans-serif, SimSun;font-size: 14px;font-weight: 400;letter-spacing: normal;line-height: inherit;text-align: start;white-space: normal;color: #222222;margin: 0px;padding: 0px\" align=\"start\"><span id=\"tl_10\" style=\"font-size: 16px\">Gestion intelligente de l&rsquo;application<\/span><\/p>\n<p style=\"font-family: 'Open Sans', Roboto, Arial, Helvetica, sans-serif, SimSun;font-size: 14px;font-weight: 400;letter-spacing: normal;line-height: inherit;text-align: start;white-space: normal;color: #222222;margin: 0px;padding: 0px\" align=\"start\">\u00a0<\/p>\n<p style=\"font-family: 'Open Sans', Roboto, Arial, Helvetica, sans-serif, SimSun;font-size: 14px;font-weight: 400;letter-spacing: normal;line-height: inherit;text-align: start;white-space: normal;color: #222222;margin: 0px;padding: 0px\" align=\"start\"><span id=\"tl_11\" style=\"font-size: 16px\">AC7 utilise une conception d&rsquo;antenne omnidirectionnelle \u00e0 gain \u00e9lev\u00e9 de 5 * 6dBi, par rapport au routeur double fr\u00e9quence ordinaire de 4 * 5dBi, l&rsquo;efficacit\u00e9 de la couverture a augment\u00e9 de 50%.<\/span><\/p>\n<p style=\"font-family: 'Open Sans', Roboto, Arial, Helvetica, sans-serif, SimSun;font-size: 14px;font-weight: 400;letter-spacing: normal;line-height: inherit;text-align: start;white-space: normal;color: #222222;margin: 0px;padding: 0px\" align=\"start\">\u00a0<\/p>\n<p style=\"font-family: 'Open Sans', Roboto, Arial, Helvetica, sans-serif, SimSun;font-size: 14px;font-weight: 400;letter-spacing: normal;line-height: inherit;text-align: start;white-space: normal;color: #222222;margin: 0px;padding: 0px\" align=\"start\"><span id=\"tl_12\" style=\"font-size: 16px\">Sa simultan\u00e9it\u00e9 double bande de 2.4GHz et 5GHz permet des vitesses de connexion sans fil allant jusqu&rsquo;\u00e0 1167Mbps, ce qui est 70% plus rapide que les routeurs de 300M \/ 450M.<\/span><\/p>\n<p style=\"text-align: center\" align=\"center\"><img decoding=\"async\" src=\"https:\/\/infinityweeb.com\/wp-content\/uploads\/2025\/12\/kf-S05ee7615b3a9454186a64a273d9fb24f1.webp\" \/><\/p>\n<p>\u00a0<\/p>\n<p id=\"tl_13\" style=\"text-align: center\" align=\"center\">Cinq antennes \u00e0 gain \u00e9lev\u00e9 de 5dBi pour une excellente capacit\u00e9 de p\u00e9n\u00e9tration muraleAvec cinq antennes omnidirectionnelles \u00e0 gain \u00e9lev\u00e9 de 5dBi, AC7 surpasse les routeurs AC1200 ordinaires avec cinq antennes de 5dBi sup\u00e9rieures \u00e0 50% * en termes de couverture WiFi, menant \u00e0 une capacit\u00e9 plus \u00e9lev\u00e9e de p\u00e9n\u00e9tration de mur.<\/p>\n<p>\u00a0<\/p>\n<p style=\"text-align: center\" align=\"center\"><img decoding=\"async\" src=\"https:\/\/infinityweeb.com\/wp-content\/uploads\/2025\/12\/kf-S08e32a7924104b5083597103fb1a29b3H.webp\" \/><\/p>\n<p>\u00a0<\/p>\n<p id=\"tl_14\" style=\"text-align: center\" align=\"center\">Amplificateurs de puissance externes pour une couverture enti\u00e8rement \u00e9tendue avec WiFi fiable<\/p>\n<p id=\"tl_15\" style=\"text-align: center\" align=\"center\">Aliment\u00e9 par des amplificateurs de puissance externes, AC7 couvre toute votre maison<\/p>\n<p style=\"text-align: center\" align=\"center\"><img decoding=\"async\" src=\"https:\/\/infinityweeb.com\/wp-content\/uploads\/2025\/12\/kf-Sf1317076edf94450a0d8089d1136ba3bC.webp\" \/><\/p>\n<p>\u00a0<\/p>\n<p id=\"tl_16\" style=\"text-align: center\" align=\"center\">Jusqu&rsquo;\u00e0 1167Mbps de d\u00e9bit de donn\u00e9es simultan\u00e9s assure une lecture fluide des vid\u00e9os<\/p>\n<p id=\"tl_17\" style=\"text-align: center\" align=\"center\">AC7 est un routeur double bande sans fil AC1200 con\u00e7u pour les grands m\u00e9nages disposant de connexions Internet plus rapides ou de plusieurs appareils fonctionnant en temps r\u00e9el. Il offre un d\u00e9bit de donn\u00e9es sans fil double bande combin\u00e9 allant jusqu&rsquo;\u00e0 1167Mbps, soit une augmentation de 70% * sur les routeurs 300M\/450M. Avec plus de bande passante dans plus d&rsquo;endroits dans votre maison, vous pouvez profiter de la lecture ininterrompue du streaming 4K, des jeux et bien plus encore.<\/p>\n<p>\u00a0<\/p>\n<p style=\"text-align: center\" align=\"center\"><img decoding=\"async\" src=\"https:\/\/infinityweeb.com\/wp-content\/uploads\/2025\/12\/kf-S5dfe2fe7b6404d50a5db21b52cd3c78en.webp\" \/><\/p>\n<p>\u00a0<\/p>\n<p id=\"tl_18\" style=\"text-align: center\" align=\"center\">Puce haute performance 28nm pour des jeux en ligne massifs sans d\u00e9calage<\/p>\n<p id=\"tl_19\" style=\"text-align: center\" align=\"center\">Aliment\u00e9 par la nouvelle g\u00e9n\u00e9ration de micropuce 28nm, AC7 surpasse les performances du routeur ordinaire avec des puces 40nm en termes de performances<\/p>\n<p id=\"tl_20\" style=\"text-align: center\" align=\"center\">Chauffage et stabilit\u00e9. Profitez de plus de choses que vous aimez pleinement sans interruption<\/p>\n<p>\u00a0<\/p>\n<p style=\"text-align: center\" align=\"center\"><img decoding=\"async\" src=\"https:\/\/infinityweeb.com\/wp-content\/uploads\/2025\/12\/kf-S1cc790f8513d4b0c9672ca2904a555664.webp\" \/><\/p>\n<p>\u00a0<\/p>\n<p id=\"tl_21\" style=\"text-align: center\" align=\"center\">Technologie MU-MIMO pour une communication rapide et simultan\u00e9e avec plusieurs clients<\/p>\n<p id=\"tl_22\">Conforme \u00e0 la norme 802.11ac wave2, AC7, avec la derni\u00e8re technologie MU-MlMO, peut communiquer avec plusieurs clientssimultan\u00e9ment et offrir une connexion Internet rapide. <img decoding=\"async\" src=\"https:\/\/infinityweeb.com\/wp-content\/uploads\/2025\/12\/kf-Sde2185a976de4da2b5cdb154d6620fc5Z.webp\" \/><\/p>\n<p>\u00a0<\/p>\n<p id=\"tl_23\" style=\"text-align: center\" align=\"center\">Migration de compte PPPoE pour le remplacement d&rsquo;easyrouter<\/p>\n<p id=\"tl_24\" style=\"text-align: center\" align=\"center\">Toujours frustr\u00e9 lors du remplacement de votre routeur d&rsquo;origine mais en oubliant vos identifiants PPPoE? Et souffert de la configuration minutieusement?<\/p>\n<p id=\"tl_25\" style=\"text-align: center\" align=\"center\">AC7 vous permet de reproduire les identifiants PPPoE en connectant simplement le port WAN de votre ancien routeur au port LAN deAC7, vous lib\u00e9rant ainsi des \u00e9tapes de configuration laborieuses.<\/p>\n<p>\u00a0<\/p>\n<p><img decoding=\"async\" src=\"https:\/\/infinityweeb.com\/wp-content\/uploads\/2025\/12\/kf-S573ef6b3c24a4c2ca17f593ab99fc533g.webp\" \/><\/p>\n<p>\u00a0<\/p>\n<p id=\"tl_26\" style=\"text-align: center\" align=\"center\">Gestion \u00e0 distance avec Tenda WiFi App pour tout mettre sous votre contro<\/p>\n<p id=\"tl_27\">AC7 prend en charge la gestion bas\u00e9e sur le cloud, Tenda WiFi App vous permet de contr\u00f4ler l&rsquo;accessibilit\u00e9 Internet de vos enfants et de bloquer les utilisateurs non autoris\u00e9s en un seul clic.<\/p>\n<p>\u00a0<\/p>\n<p><img decoding=\"async\" src=\"https:\/\/infinityweeb.com\/wp-content\/uploads\/2025\/12\/kf-Sfea235f5fa8e4be1ad935e6bf1b4a624a.webp\" \/><\/p>\n<p>\u00a0<\/p>\n<p id=\"tl_28\" style=\"text-align: center\" align=\"center\">Plus illimit\u00e9 plus excitant<\/p>\n<p id=\"tl_29\" style=\"text-align: center\" align=\"center\">Prend en charge la liste noire\/liste blanche pour bloquer les appareils inconnus<\/p>\n<p id=\"tl_30\" style=\"text-align: center\" align=\"center\">Prend en charge l&rsquo;IPTV pour une nouvelle exp\u00e9rience vid\u00e9o<\/p>\n<p id=\"tl_31\" style=\"text-align: center\" align=\"center\">Le contr\u00f4le de s\u00e9curit\u00e9 vous tient au courant de l&rsquo;\u00e9tat de s\u00e9curit\u00e9 de votre routeur<\/p>\n<p id=\"tl_32\" style=\"text-align: center\" align=\"center\">. Programmation WiFi et mode veille pour la vie environnementalR\u00e9seau invit\u00e9 pour une s\u00e9curit\u00e9 r\u00e9seau plus \u00e9lev\u00e9e<\/p>\n<p>\u00a0<\/p>\n<p><img decoding=\"async\" src=\"https:\/\/infinityweeb.com\/wp-content\/uploads\/2025\/12\/kf-Sff053d5affde4720a3eef6de28c6f4a98.webp\" \/><\/p>\n<p>\u00a0<\/p>\n<p style=\"font-family: 'Open Sans', Roboto, Arial, Helvetica, sans-serif, SimSun;font-size: 14px;font-weight: 400;letter-spacing: normal;line-height: inherit;text-align: start;white-space: normal;color: #222222;margin: 0px;padding: 0px\" align=\"start\"><span style=\"background-color: #ffffff;color: #f80707;font-size: 16px;font-family: arial, helvetica, sans-serif\"><strong id=\"tl_33\">Remarque<\/strong><\/span><span id=\"tl_34\" style=\"background-color: #ffffff;color: #000000;font-size: 16px;font-family: arial, helvetica, sans-serif\">: C&rsquo;est original<\/span><span style=\"color: #000000\"><strong><span style=\"color: #000000;font-size: 16px;font-family: arial, helvetica, sans-serif\"><span id=\"tl_35\" style=\"background-color: #ffffff;color: #000000;font-size: 14px;font-family: 'Open Sans', Roboto, Arial, Helvetica, sans-serif, SimSun\">Langue Version chinoise<\/span><\/span><\/strong><\/span><span id=\"tl_36\" style=\"background-color: #ffffff;color: #000000;font-size: 16px;font-family: arial, helvetica, sans-serif\">Tenda Routeur.<\/span><\/p>\n<p>\u00a0<\/p>\n<p style=\"font-family: 'Open Sans', Roboto, Arial, Helvetica, sans-serif, SimSun;font-size: 14px;font-weight: 400;letter-spacing: normal;line-height: inherit;text-align: start;white-space: normal;color: #222222;margin: 0px;padding: 0px\" align=\"start\"><span id=\"tl_37\" style=\"font-size: 16px\">\u00c9tapes d&rsquo;installation du routeur<\/span><\/p>\n<p>\u00a0<\/p>\n<p style=\"font-family: 'Open Sans', Roboto, Arial, Helvetica, sans-serif, SimSun;font-size: 14px;font-weight: 400;letter-spacing: normal;line-height: inherit;text-align: start;white-space: normal;color: #222222;margin: 0px;padding: 0px\" align=\"start\"><span id=\"tl_38\" style=\"font-size: 16px\">Prend en charge les param\u00e8tres PC et les param\u00e8tres de l&rsquo;application, vous pouvez modifier la page des param\u00e8tres dans la langue de votre pays<\/span><\/p>\n<p>\u00a0<\/p>\n<p style=\"font-family: 'Open Sans', Roboto, Arial, Helvetica, sans-serif, SimSun;font-size: 14px;font-weight: 400;letter-spacing: normal;line-height: inherit;text-align: start;white-space: normal;color: #222222;margin: 0px;padding: 0px\" align=\"start\"><span id=\"tl_39\" style=\"font-size: 16px\">1. Param\u00e8tres de l&rsquo;ordinateur: veuillez t\u00e9l\u00e9charger Google Chrome \u00e0 l&rsquo;avance et l&rsquo;ouvrir http:\/\/ 192.168.0.1\/ , il s&rsquo;agit de la page de r\u00e9glage officielle du routeur Tenda. Vous pouvez le traduire dans la langue de votre pays via Google Chrome, comme l&rsquo;anglais, le russe, l&rsquo;espagnol, etc., suivez simplement les instructions pour le d\u00e9finir.<\/span><\/p>\n<p>\u00a0<\/p>\n<p style=\"font-family: 'Open Sans', Roboto, Arial, Helvetica, sans-serif, SimSun;font-size: 14px;font-weight: 400;letter-spacing: normal;line-height: inherit;text-align: start;white-space: normal;color: #222222;margin: 0px;padding: 0px\" align=\"start\"><span id=\"tl_40\" style=\"font-size: 16px\">2. Param\u00e8tres de l&rsquo;application: veuillez t\u00e9l\u00e9charger l&rsquo;application Tenda WiFi \u00e0 l&rsquo;avance<\/span><\/p>\n<p style=\"font-family: 'Open Sans', Roboto, Arial, Helvetica, sans-serif, SimSun;font-size: 14px;font-weight: 400;letter-spacing: normal;line-height: inherit;text-align: start;white-space: normal;color: #222222;margin: 0px;padding: 0px\" align=\"start\"><span id=\"tl_41\" style=\"font-size: 16px\">1. recherchez et t\u00e9l\u00e9chargez l&rsquo;application \u00ab\u00a0Tenda Wi Fi\u00a0\u00bb sur Google Play ou App Store.<\/span><\/p>\n<p style=\"font-family: 'Open Sans', Roboto, Arial, Helvetica, sans-serif, SimSun;font-size: 14px;font-weight: 400;letter-spacing: normal;line-height: inherit;text-align: start;white-space: normal;color: #222222;margin: 0px;padding: 0px\" align=\"start\"><span id=\"tl_42\" style=\"font-size: 16px\">2. Allumez le routeur Tenda (WiFi) et la connexion t\u00e9l\u00e9phonique<\/span><\/p>\n<p style=\"font-family: 'Open Sans', Roboto, Arial, Helvetica, sans-serif, SimSun;font-size: 14px;font-weight: 400;letter-spacing: normal;line-height: inherit;text-align: start;white-space: normal;color: #222222;margin: 0px;padding: 0px\" align=\"start\"><span id=\"tl_43\" style=\"font-size: 16px\">1) Cr\u00e9ez un compte Tenda et connectez-vous \u00e0 votre compte;<\/span><\/p>\n<p style=\"font-family: 'Open Sans', Roboto, Arial, Helvetica, sans-serif, SimSun;font-size: 14px;font-weight: 400;letter-spacing: normal;line-height: inherit;text-align: start;white-space: normal;color: #222222;margin: 0px;padding: 0px\" align=\"start\"><span id=\"tl_44\" style=\"font-size: 16px\">2) Selon l&rsquo;op\u00e9ration, cliquez sur \u00ab\u00a0acc\u00e8s commut\u00e9\u00a0\u00bb pour entrer votre compte r\u00e9seau et votre mot de passe; (le routeur prend en charge le protocole PPPoE)<\/span><\/p>\n<p style=\"font-family: 'Open Sans', Roboto, Arial, Helvetica, sans-serif, SimSun;font-size: 14px;font-weight: 400;letter-spacing: normal;line-height: inherit;text-align: start;white-space: normal;color: #222222;margin: 0px;padding: 0px\" align=\"start\"><span id=\"tl_45\" style=\"font-size: 16px\">3) Cliquez sur \u00ab\u00a0mot de passe WiFi\u00a0\u00bb et \u00ab\u00a0nouveau mot de passe\u00a0\u00bb pour terminer.<\/span><\/p>\n<p style=\"font-family: 'Open Sans', Roboto, Arial, Helvetica, sans-serif, SimSun;font-size: 14px;font-weight: 400;letter-spacing: normal;line-height: inherit;text-align: start;white-space: normal;color: #222222;margin: 0px;padding: 0px\" align=\"start\"><span id=\"tl_46\" style=\"font-size: 16px\">4) ouvrez l&rsquo;application et compl\u00e9tez les param\u00e8tres WiFi.<\/span><\/p>\n<p style=\"font-family: 'Open Sans', Roboto, Arial, Helvetica, sans-serif, SimSun;font-size: 14px;font-weight: 400;letter-spacing: normal;line-height: inherit;text-align: start;white-space: normal;color: #222222;margin: 0px;padding: 0px\" align=\"start\"><span id=\"tl_47\" style=\"font-size: 16px\">* Si vous ne parvenez pas \u00e0 vous connecter, ne vous inqui\u00e9tez pas, veuillez nous contacter, nous vous fournirons la vid\u00e9o de connexion<\/span><\/p>\n<p>\u00a0<\/p>\n<p><span style=\"color: #e74c3c;font-size: 14px;font-family: 'Open Sans', Roboto, Arial, Helvetica, sans-serif, SimSun\"><strong id=\"tl_48\">Remarque:<\/strong><\/span><span style=\"color: #e74c3c;font-size: 14px;font-family: 'Open Sans', Roboto, Arial, Helvetica, sans-serif, SimSun\"><strong>\u00a0<\/strong><\/span><span id=\"tl_49\" style=\"color: #222222;font-size: 14px;font-family: 'Open Sans', Roboto, Arial, Helvetica, sans-serif, SimSun\">Il s&rsquo;agit d&rsquo;un routeur de version chinoise, nous enverrons le couvercle de l&rsquo;adaptateur de prise gratuit correct en fonction du pays de destination, nous n&rsquo;acceptons donc aucun litige de la langue ou un mauvais adaptateur en raison d&rsquo;une erreur.<\/span><\/p>\n<p>\u00a0<\/p>\n<p style=\"text-align: center\" align=\"center\"><img decoding=\"async\" src=\"https:\/\/infinityweeb.com\/wp-content\/uploads\/2025\/12\/kf-S44b0691f22444d03a59df6630730f39ag.webp\" \/><\/p>\n<p>\u00a0<\/p>\n<\/div>\n<\/div>","protected":false},"excerpt":{"rendered":"<p>Taux de transmission Wi-Fi 5G:\u00a0867 Mbps Taux de transfert c\u00e2bl\u00e9:\u00a010\/100 Mbps Norme de transmission Wi-Fi:\u00a0802.11ac Taux de transmission Wi-Fi 2.4G:\u00a0300<\/p>","protected":false},"featured_media":31262,"comment_status":"open","ping_status":"closed","template":"","meta":[],"product_brand":[1012],"product_cat":[335],"product_tag":[],"class_list":{"0":"post-31259","1":"product","2":"type-product","3":"status-publish","4":"has-post-thumbnail","6":"product_brand-tenda","7":"product_cat-modems-et-routeurs","9":"first","10":"outofstock","11":"shipping-taxable","12":"product-type-simple"},"jetpack_sharing_enabled":true,"_links":{"self":[{"href":"https:\/\/infinityweeb.com\/ar\/wp-json\/wp\/v2\/product\/31259","targetHints":{"allow":["GET"]}}],"collection":[{"href":"https:\/\/infinityweeb.com\/ar\/wp-json\/wp\/v2\/product"}],"about":[{"href":"https:\/\/infinityweeb.com\/ar\/wp-json\/wp\/v2\/types\/product"}],"replies":[{"embeddable":true,"href":"https:\/\/infinityweeb.com\/ar\/wp-json\/wp\/v2\/comments?post=31259"}],"version-history":[{"count":10,"href":"https:\/\/infinityweeb.com\/ar\/wp-json\/wp\/v2\/product\/31259\/revisions"}],"predecessor-version":[{"id":31296,"href":"https:\/\/infinityweeb.com\/ar\/wp-json\/wp\/v2\/product\/31259\/revisions\/31296"}],"wp:featuredmedia":[{"embeddable":true,"href":"https:\/\/infinityweeb.com\/ar\/wp-json\/wp\/v2\/media\/31262"}],"wp:attachment":[{"href":"https:\/\/infinityweeb.com\/ar\/wp-json\/wp\/v2\/media?parent=31259"}],"wp:term":[{"taxonomy":"product_brand","embeddable":true,"href":"https:\/\/infinityweeb.com\/ar\/wp-json\/wp\/v2\/product_brand?post=31259"},{"taxonomy":"product_cat","embeddable":true,"href":"https:\/\/infinityweeb.com\/ar\/wp-json\/wp\/v2\/product_cat?post=31259"},{"taxonomy":"product_tag","embeddable":true,"href":"https:\/\/infinityweeb.com\/ar\/wp-json\/wp\/v2\/product_tag?post=31259"}],"curies":[{"name":"wp","href":"https:\/\/api.w.org\/{rel}","templated":true}]}}