{"id":31310,"date":"2025-12-11T12:38:51","date_gmt":"2025-12-11T11:38:51","guid":{"rendered":"https:\/\/infinityweeb.com\/shop\/hoco-w55-casque-bluetooth-sans-fil-musique-hifi-micro-stereo-sport-aux-tf-40mm\/"},"modified":"2026-01-27T13:35:27","modified_gmt":"2026-01-27T12:35:27","slug":"hoco-w55-casque-bluetooth-sans-fil-musique-hifi-micro-stereo-sport-aux-tf","status":"publish","type":"product","link":"https:\/\/infinityweeb.com\/ar\/shop\/hoco-w55-casque-bluetooth-sans-fil-musique-hifi-micro-stereo-sport-aux-tf\/","title":{"rendered":"HOCO W55 Casque Bluetooth sans fil : musique HiFi, micro, st\u00e9r\u00e9o, sport, AUX, TF, 40mm"},"content":{"rendered":"<div class=\"product-specs-list-container\">\n<ul class=\"product-specs-list util-clearfix\">\n<li class=\"product-prop line-limit-length\"><span class=\"property-title\">Produit chimique \u00e0 haute pr\u00e9occupation:\u00a0<\/span><span class=\"property-desc line-limit-length\">Aucun<\/span><\/li>\n<li class=\"product-prop line-limit-length\"><span class=\"property-title\">Mat\u00e9riau:\u00a0<\/span><span class=\"property-desc line-limit-length\">ABS<\/span><\/li>\n<li class=\"product-prop line-limit-length\"><span class=\"property-title\">Poids [g]:\u00a0<\/span><span class=\"property-desc line-limit-length\">362<\/span><\/li>\n<li class=\"product-prop line-limit-length\"><span class=\"property-title\">Capacit\u00e9 de la batterie [mAh]:\u00a0<\/span><span class=\"property-desc line-limit-length\">800<\/span><\/li>\n<li class=\"product-prop line-limit-length\"><span class=\"property-title\">Vie de la batterie jusqu&rsquo;\u00e0 [heures]:\u00a0<\/span><span class=\"property-desc line-limit-length\">90<\/span><\/li>\n<li class=\"product-prop line-limit-length\"><span class=\"property-title\">Assistant vocal int\u00e9gr\u00e9:\u00a0<\/span><span class=\"property-desc line-limit-length\">Oui<\/span><\/li>\n<li class=\"product-prop line-limit-length\"><span class=\"property-title\">Port\u00e9e maximale sans fil [m]:\u00a0<\/span><span class=\"property-desc line-limit-length\">10m-20m<\/span><\/li>\n<li class=\"product-prop line-limit-length\"><span class=\"property-title\">Isolation sonore:\u00a0<\/span><span class=\"property-desc line-limit-length\">Oui<\/span><\/li>\n<li class=\"product-prop line-limit-length\"><span class=\"property-title\">Cat\u00e9gorie:\u00a0<\/span><span class=\"property-desc line-limit-length\">\u00c9couteurs et \u00e9couteurs<\/span><\/li>\n<li class=\"product-prop line-limit-length\"><span class=\"property-title\">Type d\u2019oreillettes:\u00a0<\/span><span class=\"property-desc line-limit-length\">SCELL\u00c9<\/span><\/li>\n<li class=\"product-prop line-limit-length\"><span class=\"property-title\">Nombre de conducteurs:\u00a0<\/span><span class=\"property-desc line-limit-length\">2<\/span><\/li>\n<li class=\"product-prop line-limit-length\"><span class=\"property-title\">M\u00e9thode de charge:\u00a0<\/span><span class=\"property-desc line-limit-length\">CABLE<\/span><\/li>\n<li class=\"product-prop line-limit-length\"><span class=\"property-title\">Mat\u00e9riel des oreillettes:\u00a0<\/span><span class=\"property-desc line-limit-length\">Silicone<\/span><\/li>\n<li class=\"product-prop line-limit-length\"><span class=\"property-title\">Type d\u2019aimant:\u00a0<\/span><span class=\"property-desc line-limit-length\">autre<\/span><\/li>\n<li class=\"product-prop line-limit-length\"><span class=\"property-title\">Diam\u00e8tre d&rsquo;attaque pour casque audio:\u00a0<\/span><span class=\"property-desc line-limit-length\">40mm<\/span><\/li>\n<li class=\"product-prop line-limit-length\"><span class=\"property-title\">Gamme d\u2019imp\u00e9dance:\u00a0<\/span><span class=\"property-desc line-limit-length\">jusqu\u2019\u00e0 32 \u03a9<\/span><\/li>\n<li class=\"product-prop line-limit-length\"><span class=\"property-title\">Version Bluetooth:\u00a0<\/span><span class=\"property-desc line-limit-length\">autre<\/span><\/li>\n<li class=\"product-prop line-limit-length\"><span class=\"property-title\">Liste des paquets:\u00a0<\/span><span class=\"property-desc line-limit-length\">Manuel d&rsquo;utilisation,Charging Cable,3.5mm Adaptateur de Prise<\/span><\/li>\n<li class=\"product-prop line-limit-length\"><span class=\"property-title\">Caract\u00e9ristiques:\u00a0<\/span><span class=\"property-desc line-limit-length\">Imperm\u00e9able,avec microphone<\/span><\/li>\n<li class=\"product-prop line-limit-length\"><span class=\"property-title\">Avec microphone:\u00a0<\/span><span class=\"property-desc line-limit-length\">Oui<\/span><\/li>\n<li class=\"product-prop line-limit-length\"><span class=\"property-title\">Est sans fil:\u00a0<\/span><span class=\"property-desc line-limit-length\">Oui<\/span><\/li>\n<li class=\"product-prop line-limit-length\"><span class=\"property-title\">Imperm\u00e9able:\u00a0<\/span><span class=\"property-desc line-limit-length\">Oui<\/span><\/li>\n<li class=\"product-prop line-limit-length\"><span class=\"property-title\">Plage de r\u00e9ponse de fr\u00e9quence:\u00a0<\/span><span class=\"property-desc line-limit-length\">20 &#8211; 20000Hz<\/span><\/li>\n<li class=\"product-prop line-limit-length\"><span class=\"property-title\">Type de prise:\u00a0<\/span><span class=\"property-desc line-limit-length\">Type de ligne<\/span><\/li>\n<li class=\"product-prop line-limit-length\"><span class=\"property-title\">Fonction:\u00a0<\/span><span class=\"property-desc line-limit-length\">Pour Internet Bar,Casque de moniteur,Pour le jeu vid\u00e9o,Pour voler,Casque commun,Pour la chasse et tir,pour t\u00e9l\u00e9phone mobile,Pour Powersports,Casque HiFi,Sport,Pour ext\u00e9rieur<\/span><\/li>\n<li class=\"product-prop line-limit-length\"><span class=\"property-title\">Contr\u00f4le de Volume:\u00a0<\/span><span class=\"property-desc line-limit-length\">Oui<\/span><\/li>\n<li class=\"product-prop line-limit-length\"><span class=\"property-title\">Bouton de contr\u00f4le:\u00a0<\/span><span class=\"property-desc line-limit-length\">Oui<\/span><\/li>\n<li class=\"product-prop line-limit-length\"><span class=\"property-title\">Principe du Vocalisme:\u00a0<\/span><span class=\"property-desc line-limit-length\">Dynamique<\/span><\/li>\n<li class=\"product-prop line-limit-length\"><span class=\"property-title\">Type sans fil:\u00a0<\/span><span class=\"property-desc line-limit-length\">Bluetooth<\/span><\/li>\n<li class=\"product-prop line-limit-length\"><span class=\"property-title\">Connecteurs:\u00a0<\/span><span class=\"property-desc line-limit-length\">Type c<\/span><\/li>\n<li class=\"product-prop line-limit-length\"><span class=\"property-title\">Communication:\u00a0<\/span><span class=\"property-desc line-limit-length\">Sans fil<\/span><\/li>\n<li class=\"product-prop line-limit-length\"><span class=\"property-title\">Style:\u00a0<\/span><span class=\"property-desc line-limit-length\">\u00c9couteurs intra-auriculaires filaires<\/span><\/li>\n<li class=\"product-prop line-limit-length\"><span class=\"property-title\">Certification:\u00a0<\/span><span class=\"property-desc line-limit-length\">ROHS<\/span><\/li>\n<li class=\"product-prop line-limit-length\"><span class=\"property-title\">Origine:\u00a0<\/span><span class=\"property-desc line-limit-length\">CN (Origine)<\/span><\/li>\n<li class=\"product-prop line-limit-length\"><span class=\"property-title\">Nom de marque:\u00a0<\/span><span class=\"property-desc line-limit-length\">HOCO<\/span><\/li>\n<li class=\"product-prop line-limit-length\"><span class=\"property-title\">Support de Carte M\u00e9moire:\u00a0<\/span><span class=\"property-desc line-limit-length\">Oui<\/span><\/li>\n<\/ul>\n<\/div>\n<div class=\"detailmodule_html\">\n<div class=\"detail-desc-decorate-richtext\">\n<p><span style=\"font-size: 20px;\"><strong id=\"tl_1\">Casque W55 Pleasing BT<\/strong><\/span><\/p>\n<p>\u00a0<\/p>\n<p><span style=\"font-size: 20px;\"><strong id=\"tl_2\">1.Puce Bluetooth 5.4 : JL JL7006F4<\/strong><\/span><\/p>\n<p><span style=\"font-size: 20px;\"><strong id=\"tl_3\">2.Capacit\u00e9 de la batterie : 800 mAh ; Temps de charge : 2 heures<\/strong><\/span><\/p>\n<p><span style=\"font-size: 20px;\"><strong id=\"tl_4\">3.Temps d&rsquo;utilisation : 90 heures ; Autonomie en veille : 200 heures<\/strong><\/span><\/p>\n<p><span style=\"font-size: 20px;\"><strong id=\"tl_5\">4.Mat\u00e9riau : ABS ; taille : 195*185*84 mm ; Poids : 198g<\/strong><\/span><\/p>\n<p><span style=\"font-size: 20px;\"><strong id=\"tl_6\">5.Prise en charge Bluetooth, carte TF, AUX et autres modes<\/strong><\/span><\/p>\n<p><span style=\"font-size: 20px;\"><strong id=\"tl_7\">6. Prise en charge des tonalit\u00e9s rapides en chinois et en anglais : double-cliquez sur la touche de fonction lorsqu&rsquo;elle n&rsquo;est pas coupl\u00e9e<\/strong><\/span><\/p>\n<p>\u00a0<\/p>\n<p><img decoding=\"async\" src=\"https:\/\/infinityweeb.com\/wp-content\/uploads\/2025\/12\/kf-S42494d32145742aba5d750a984ec48b4U.webp\" \/><img decoding=\"async\" src=\"https:\/\/infinityweeb.com\/wp-content\/uploads\/2025\/12\/kf-S6e49c6db206f4edc80fd42aef6b10f13p.webp\" \/><img decoding=\"async\" src=\"https:\/\/infinityweeb.com\/wp-content\/uploads\/2025\/12\/kf-S5bcd588fe2f94181b5d9720475cc2064S.webp\" \/><img decoding=\"async\" src=\"https:\/\/infinityweeb.com\/wp-content\/uploads\/2025\/12\/kf-Sdedede2b6dae416fb60d75f5d0036a36d.webp\" \/><img decoding=\"async\" src=\"https:\/\/infinityweeb.com\/wp-content\/uploads\/2025\/12\/kf-S16d30c645f234a6fae1634ea76cc4b55j.webp\" \/><img decoding=\"async\" src=\"https:\/\/infinityweeb.com\/wp-content\/uploads\/2025\/12\/kf-Sa827ef9c3276402392193905340474c1S.webp\" \/><img decoding=\"async\" src=\"https:\/\/infinityweeb.com\/wp-content\/uploads\/2025\/12\/kf-S46503271ed494497b6ef7f44c67a999eo.webp\" \/><img decoding=\"async\" src=\"https:\/\/infinityweeb.com\/wp-content\/uploads\/2025\/12\/kf-Sbfe8e11b47a74c858f575d245fa2df1aU.webp\" \/><img decoding=\"async\" src=\"https:\/\/infinityweeb.com\/wp-content\/uploads\/2025\/12\/kf-Scea43f7f49fe4648bf7efafb58d3a1b5y.webp\" \/><img decoding=\"async\" src=\"https:\/\/infinityweeb.com\/wp-content\/uploads\/2025\/12\/kf-S35546dff340c424ca29742f21bf730ffX.webp\" \/><img decoding=\"async\" src=\"https:\/\/infinityweeb.com\/wp-content\/uploads\/2025\/12\/kf-S1d8dcfc9aa7541a994a52c448380cdedS.webp\" \/><img decoding=\"async\" src=\"https:\/\/infinityweeb.com\/wp-content\/uploads\/2025\/12\/kf-Sd6af26ca6ace4661b693d00e7107bed3K.webp\" \/><img decoding=\"async\" src=\"https:\/\/infinityweeb.com\/wp-content\/uploads\/2025\/12\/kf-S68a1fa034104443aaeeba9cc0d27e207W.webp\" \/><img decoding=\"async\" src=\"https:\/\/infinityweeb.com\/wp-content\/uploads\/2025\/12\/kf-Sef0798cd00bf445e8afadcc38ccbe967a.webp\" \/><img decoding=\"async\" src=\"https:\/\/infinityweeb.com\/wp-content\/uploads\/2025\/12\/kf-S3d93671d08464083803c7049ca959b4eV.webp\" \/><img decoding=\"async\" src=\"https:\/\/infinityweeb.com\/wp-content\/uploads\/2025\/12\/kf-S04cde817486b47cbbc1dee11c0ae4450r.webp\" \/><img decoding=\"async\" src=\"https:\/\/infinityweeb.com\/wp-content\/uploads\/2025\/12\/kf-Sa438bc3957c341cf80b566b511ce60ccj.webp\" \/><\/p>\n<\/div>\n<\/div>","protected":false},"excerpt":{"rendered":"<p>Produit chimique \u00e0 haute pr\u00e9occupation:\u00a0Aucun Mat\u00e9riau:\u00a0ABS Poids [g]:\u00a0362 Capacit\u00e9 de la batterie [mAh]:\u00a0800 Vie de la batterie jusqu&rsquo;\u00e0 [heures]:\u00a090 Assistant<\/p>","protected":false},"featured_media":31311,"comment_status":"open","ping_status":"closed","template":"","meta":[],"product_brand":[917],"product_cat":[329],"product_tag":[],"class_list":{"0":"post-31310","1":"product","2":"type-product","3":"status-publish","4":"has-post-thumbnail","6":"product_brand-hoco","7":"product_cat-casques-ecouteurs","8":"pa_couleur-argent","9":"pa_couleur-blanc","10":"pa_couleur-bleu","11":"pa_couleur-noir","12":"pa_couleur-rose","13":"pa_couleur-vert","15":"first","16":"instock","17":"sale","18":"shipping-taxable","19":"purchasable","20":"product-type-variable"},"jetpack_sharing_enabled":true,"_links":{"self":[{"href":"https:\/\/infinityweeb.com\/ar\/wp-json\/wp\/v2\/product\/31310","targetHints":{"allow":["GET"]}}],"collection":[{"href":"https:\/\/infinityweeb.com\/ar\/wp-json\/wp\/v2\/product"}],"about":[{"href":"https:\/\/infinityweeb.com\/ar\/wp-json\/wp\/v2\/types\/product"}],"replies":[{"embeddable":true,"href":"https:\/\/infinityweeb.com\/ar\/wp-json\/wp\/v2\/comments?post=31310"}],"version-history":[{"count":17,"href":"https:\/\/infinityweeb.com\/ar\/wp-json\/wp\/v2\/product\/31310\/revisions"}],"predecessor-version":[{"id":31349,"href":"https:\/\/infinityweeb.com\/ar\/wp-json\/wp\/v2\/product\/31310\/revisions\/31349"}],"wp:featuredmedia":[{"embeddable":true,"href":"https:\/\/infinityweeb.com\/ar\/wp-json\/wp\/v2\/media\/31311"}],"wp:attachment":[{"href":"https:\/\/infinityweeb.com\/ar\/wp-json\/wp\/v2\/media?parent=31310"}],"wp:term":[{"taxonomy":"product_brand","embeddable":true,"href":"https:\/\/infinityweeb.com\/ar\/wp-json\/wp\/v2\/product_brand?post=31310"},{"taxonomy":"product_cat","embeddable":true,"href":"https:\/\/infinityweeb.com\/ar\/wp-json\/wp\/v2\/product_cat?post=31310"},{"taxonomy":"product_tag","embeddable":true,"href":"https:\/\/infinityweeb.com\/ar\/wp-json\/wp\/v2\/product_tag?post=31310"}],"curies":[{"name":"wp","href":"https:\/\/api.w.org\/{rel}","templated":true}]}}