{"id":31799,"date":"2025-12-21T18:11:16","date_gmt":"2025-12-21T17:11:16","guid":{"rendered":"https:\/\/infinityweeb.com\/shop\/power-bank-havit-pb95-20000-mah\/"},"modified":"2025-12-21T19:01:56","modified_gmt":"2025-12-21T18:01:56","slug":"power-bank-havit-pb95-20000-mah","status":"publish","type":"product","link":"https:\/\/infinityweeb.com\/ar\/shop\/power-bank-havit-pb95-20000-mah\/","title":{"rendered":"Power Bank Havit PB95 \u2014 20,000 mAh"},"content":{"rendered":"<p>Le chargeur portable Havit est con\u00e7u pour garder vos appareils mobiles charg\u00e9s et pr\u00eats \u00e0 \u00eatre utilis\u00e9s \u00e0 tout moment et en tout lieu. D\u2019une capacit\u00e9 de 20 000 mAh, cette power bank est capable de recharger compl\u00e8tement votre t\u00e9l\u00e9phone plusieurs fois avant d\u2019avoir besoin d\u2019une recharge. Gr\u00e2ce \u00e0 sa taille compacte, vous pouvez facilement le transporter dans votre poche ou votre sac, ce qui le rend id\u00e9al pour les voyages, les r\u00e9unions ou m\u00eame pour un usage quotidien. De plus, il dispose d\u2019un nombre polyvalent de ports, dont 1 x USB-A et 1 x USB-C, vous permettant de charger plusieurs appareils en m\u00eame temps et offrant une large compatibilit\u00e9 avec une vari\u00e9t\u00e9 d\u2019appareils mobiles.<br \/>\n\u2013 Mod\u00e8le : PB95.<br \/>\n\u2013 La couleur noire.<br \/>\n\u2013 Mat\u00e9riau : ABS.<br \/>\n\u2013 Capacit\u00e9 de la batterie : 20 000 mAh.<br \/>\n\u2013 Nombre de ports : 1 x USB-A et 1 x USB-C.<\/p>","protected":false},"excerpt":{"rendered":"<p>Le chargeur portable Havit est con\u00e7u pour garder vos appareils mobiles charg\u00e9s et pr\u00eats \u00e0 \u00eatre utilis\u00e9s \u00e0 tout moment<\/p>","protected":false},"featured_media":31800,"comment_status":"open","ping_status":"closed","template":"","meta":[],"product_brand":[],"product_cat":[179],"product_tag":[],"class_list":{"0":"post-31799","1":"product","2":"type-product","3":"status-publish","4":"has-post-thumbnail","6":"product_cat-uncategorized","8":"first","9":"instock","10":"shipping-taxable","11":"purchasable","12":"product-type-simple"},"jetpack_sharing_enabled":true,"_links":{"self":[{"href":"https:\/\/infinityweeb.com\/ar\/wp-json\/wp\/v2\/product\/31799","targetHints":{"allow":["GET"]}}],"collection":[{"href":"https:\/\/infinityweeb.com\/ar\/wp-json\/wp\/v2\/product"}],"about":[{"href":"https:\/\/infinityweeb.com\/ar\/wp-json\/wp\/v2\/types\/product"}],"replies":[{"embeddable":true,"href":"https:\/\/infinityweeb.com\/ar\/wp-json\/wp\/v2\/comments?post=31799"}],"version-history":[{"count":1,"href":"https:\/\/infinityweeb.com\/ar\/wp-json\/wp\/v2\/product\/31799\/revisions"}],"predecessor-version":[{"id":31804,"href":"https:\/\/infinityweeb.com\/ar\/wp-json\/wp\/v2\/product\/31799\/revisions\/31804"}],"wp:featuredmedia":[{"embeddable":true,"href":"https:\/\/infinityweeb.com\/ar\/wp-json\/wp\/v2\/media\/31800"}],"wp:attachment":[{"href":"https:\/\/infinityweeb.com\/ar\/wp-json\/wp\/v2\/media?parent=31799"}],"wp:term":[{"taxonomy":"product_brand","embeddable":true,"href":"https:\/\/infinityweeb.com\/ar\/wp-json\/wp\/v2\/product_brand?post=31799"},{"taxonomy":"product_cat","embeddable":true,"href":"https:\/\/infinityweeb.com\/ar\/wp-json\/wp\/v2\/product_cat?post=31799"},{"taxonomy":"product_tag","embeddable":true,"href":"https:\/\/infinityweeb.com\/ar\/wp-json\/wp\/v2\/product_tag?post=31799"}],"curies":[{"name":"wp","href":"https:\/\/api.w.org\/{rel}","templated":true}]}}