{"id":32120,"date":"2025-12-28T20:07:11","date_gmt":"2025-12-28T19:07:11","guid":{"rendered":"https:\/\/infinityweeb.com\/shop\/ecouteurs-hoco-ew56-plus-generoso-anc-sans-fil\/"},"modified":"2026-01-27T14:37:14","modified_gmt":"2026-01-27T13:37:14","slug":"ecouteurs-hoco-ew56-plus-generoso-anc-sans-fil","status":"publish","type":"product","link":"https:\/\/infinityweeb.com\/ar\/shop\/ecouteurs-hoco-ew56-plus-generoso-anc-sans-fil\/","title":{"rendered":"\u00c9couteurs Hoco EW56 Plus Generoso ANC sans fil"},"content":{"rendered":"<p> Earbuds BT sans fil Hoco EW56 Plus ANC<br \/>\nVous en avez assez d&rsquo;\u00eatre d\u00e9rang\u00e9 par les bruits de fond lorsque vous \u00e9coutez de la musique ou des podcasts avec votre casque pr\u00e9f\u00e9r\u00e9 ? D\u00e9couvrez une \u00e9coute sans interruption gr\u00e2ce au casque sans fil Bluetooth Hoco EW56 Plus. Dot\u00e9 de fonctionnalit\u00e9s avanc\u00e9es et d&rsquo;une technologie de pointe, ce casque est con\u00e7u pour vous offrir une exp\u00e9rience audio exceptionnelle. Voyons ensemble ce qui distingue le Hoco EW56 Plus.<\/p>\n<p>Principale caract\u00e9ristique du casque sans fil Bluetooth Hoco EW56 Plus :<br \/>\nTechnologie Bluetooth 5.3 avanc\u00e9e :<br \/>\nProfitez d&rsquo;une connectivit\u00e9 fluide et d&rsquo;une diffusion audio stable gr\u00e2ce \u00e0 la technologie Bluetooth 5.3. Dot\u00e9 de la puce JL AC7003, le casque sans fil Bluetooth Hoco EW56 Plus garantit des connexions fiables, vous permettant ainsi de profiter pleinement de votre musique avec un minimum d&rsquo;interruptions. Son prix au Bangladesh est de 1 749 roupies.<\/p>\n<p>Autonomie de batterie longue dur\u00e9e :<br \/>\nProfitez de longues sessions d&rsquo;\u00e9coute gr\u00e2ce \u00e0 l&rsquo;autonomie impressionnante du casque sans fil Bluetooth Hoco EW56 Plus. Son \u00e9tui de chargement est dot\u00e9 d&rsquo;une batterie de 300 mAh, tandis que chaque \u00e9couteur est \u00e9quip\u00e9 d&rsquo;une batterie de 30 mAh. Avec jusqu&rsquo;\u00e0 4 heures d&rsquo;autonomie en utilisation et 150 heures en veille, vous pouvez \u00e9couter vos morceaux pr\u00e9f\u00e9r\u00e9s toute la journ\u00e9e sans vous soucier de la batterie.<\/p>\n<p>Conception compacte et l\u00e9g\u00e8re :<br \/>\nCon\u00e7us pour un confort et une portabilit\u00e9 optimaux, les \u00e9couteurs Hoco EW56 Plus arborent un design \u00e9l\u00e9gant et compact. Avec des dimensions de 60,6 x 45,2 x 21,7 mm et un poids total de seulement 58,8 g, ces oreillettes sont confortables \u00e0 porter pendant de longues p\u00e9riodes et ne vous g\u00eaneront pas dans vos activit\u00e9s quotidiennes. Profitez du prix le plus bas du march\u00e9 pour des \u00e9couteurs sans fil .<\/p>\n<p>R\u00e9duction de bruit ANC avanc\u00e9e<br \/>\nDites adieu aux bruits de fond et aux distractions gr\u00e2ce \u00e0 la technologie de r\u00e9duction active du bruit (ANC) du casque sans fil Bluetooth Hoco EW56 Plus. Que vous soyez dans les transports, au travail dans un environnement bruyant ou simplement en train de vous d\u00e9tendre \u00e0 la maison, la technologie ANC bloque les sons ind\u00e9sirables pour vous permettre de vous concentrer sur l&rsquo;essentiel : votre musique.<\/p>\n<p>Des fonctionnalit\u00e9s polyvalentes pour un confort accru :<br \/>\nLe casque sans fil Bluetooth Hoco EW56 Plus regorge de fonctionnalit\u00e9s con\u00e7ues pour optimiser votre exp\u00e9rience d&rsquo;\u00e9coute. Gr\u00e2ce \u00e0 la fonction \u00ab un casque, deux casques \u00bb, vous pouvez connecter un seul casque \u00e0 deux t\u00e9l\u00e9phones simultan\u00e9ment et ainsi ne jamais manquer un appel. Profitez \u00e9galement de la commutation ma\u00eetre-esclave, du r\u00e9glage du volume (haut\/bas), de l&rsquo;activation de Siri et du r\u00e9glage du volume par glissement, pour un contr\u00f4le total de votre exp\u00e9rience audio avec ce casque gaming.<\/p>\n<p>Couleur : Blanc<br \/>\nBluetooth 5.3 ; puce : JL AC7003<br \/>\nCapacit\u00e9 de la batterie : bo\u00eetier de charge 300 mAh ; \u00e9couteurs 30 mAh<br \/>\nAutonomie en utilisation : 4 heures ; Autonomie en veille : 150 heures<br \/>\nDimensions : 60,6 \u00d7 45,2 \u00d7 21,7 mm ; Poids total : 58,8 g<br \/>\nPrise en charge de la r\u00e9duction de bruit ANC, prise en charge de la fonction \u00ab un casque, deux t\u00e9l\u00e9phones \u00bb : un seul casque peut \u00eatre connect\u00e9 simultan\u00e9ment \u00e0 deux t\u00e9l\u00e9phones.<br \/>\nPrise en charge de la commutation ma\u00eetre-esclave, de la commutation haut\/bas, de l&rsquo;activation de Siri et du r\u00e9glage du volume par glissement.<\/p>","protected":false},"excerpt":{"rendered":"<p>Earbuds BT sans fil Hoco EW56 Plus ANC Vous en avez assez d&rsquo;\u00eatre d\u00e9rang\u00e9 par les bruits de fond lorsque<\/p>","protected":false},"featured_media":32121,"comment_status":"open","ping_status":"closed","template":"","meta":[],"product_brand":[],"product_cat":[329],"product_tag":[],"class_list":{"0":"post-32120","1":"product","2":"type-product","3":"status-publish","4":"has-post-thumbnail","6":"product_cat-casques-ecouteurs","8":"first","9":"outofstock","10":"shipping-taxable","11":"purchasable","12":"product-type-simple"},"jetpack_sharing_enabled":true,"_links":{"self":[{"href":"https:\/\/infinityweeb.com\/ar\/wp-json\/wp\/v2\/product\/32120","targetHints":{"allow":["GET"]}}],"collection":[{"href":"https:\/\/infinityweeb.com\/ar\/wp-json\/wp\/v2\/product"}],"about":[{"href":"https:\/\/infinityweeb.com\/ar\/wp-json\/wp\/v2\/types\/product"}],"replies":[{"embeddable":true,"href":"https:\/\/infinityweeb.com\/ar\/wp-json\/wp\/v2\/comments?post=32120"}],"version-history":[{"count":0,"href":"https:\/\/infinityweeb.com\/ar\/wp-json\/wp\/v2\/product\/32120\/revisions"}],"wp:featuredmedia":[{"embeddable":true,"href":"https:\/\/infinityweeb.com\/ar\/wp-json\/wp\/v2\/media\/32121"}],"wp:attachment":[{"href":"https:\/\/infinityweeb.com\/ar\/wp-json\/wp\/v2\/media?parent=32120"}],"wp:term":[{"taxonomy":"product_brand","embeddable":true,"href":"https:\/\/infinityweeb.com\/ar\/wp-json\/wp\/v2\/product_brand?post=32120"},{"taxonomy":"product_cat","embeddable":true,"href":"https:\/\/infinityweeb.com\/ar\/wp-json\/wp\/v2\/product_cat?post=32120"},{"taxonomy":"product_tag","embeddable":true,"href":"https:\/\/infinityweeb.com\/ar\/wp-json\/wp\/v2\/product_tag?post=32120"}],"curies":[{"name":"wp","href":"https:\/\/api.w.org\/{rel}","templated":true}]}}