{"id":32142,"date":"2025-12-29T10:24:31","date_gmt":"2025-12-29T09:24:31","guid":{"rendered":"https:\/\/infinityweeb.com\/shop\/microphone-usb-gaming-spirit-of-gamer-eko-professionnel-studio-denregistrement-podcast-pc-mic\/"},"modified":"2026-01-27T14:37:17","modified_gmt":"2026-01-27T13:37:17","slug":"microphone-gaming-spirit-of-gamer-eko-professionnel-studio-denregistrement","status":"publish","type":"product","link":"https:\/\/infinityweeb.com\/ar\/shop\/microphone-gaming-spirit-of-gamer-eko-professionnel-studio-denregistrement\/","title":{"rendered":"Microphone USB Gaming Spirit of Gamer EKO Professionnel Studio d&rsquo;enregistrement Podcast PC MIC"},"content":{"rendered":"<p>SPIRIT OF GAMER EKOMICROPHONE USB SPIRIT OF GAMER EKO &#8211; Campus Informatique<br \/>\nId\u00e9al pour le streaming et vos diff\u00e9rentes parties, le microphone Spirit of Gamer Eko trouvera naturellement une place sur votre bureau. Gr\u00e2ce \u00e0 son filtre de r\u00e9duction de bruit, ce mod\u00e8le vous assure un son de qualit\u00e9 et un enregistrement sans aucune fausse note. D\u00e9couvrez un positionnement ais\u00e9 via le bras articul\u00e9 et un contr\u00f4le pratique du volume via le bouton d\u00e9di\u00e9. Simple \u00e0 installer avec sa configuration Plug &amp; Play, le micro Eko vous accompagnera jeu apr\u00e8s jeu.<\/p>\n<p>Caract\u00e9ristiques principales :<br \/>\nMicrophone omnidirectionnel gaming et streaming<br \/>\nFiltre de r\u00e9duction de bruit<br \/>\nPied articul\u00e9 et microphone d\u00e9tachable<br \/>\nContr\u00f4le du volume et fonction mute<br \/>\nConception en plastique<br \/>\nInstallation Plug &amp; Play<br \/>\nDimensions : 120 x 120 x 225 m<br \/>\nPoids : 190 g<br \/>\nCompatibilit\u00e9 : PC \/ MAC \/ PS4 \/ XBOX One<br \/>\nBonnette incluse : protection id\u00e9ale contre le vent<\/p>","protected":false},"excerpt":{"rendered":"<p>Id\u00e9al pour le streaming et vos diff\u00e9rentes parties, le microphone Spirit of Gamer Eko trouvera naturellement une place sur votre bureau. Gr\u00e2ce \u00e0 son filtre de r\u00e9duction de bruit, ce mod\u00e8le vous assure un son de qualit\u00e9 et un enregistrement sans aucune fausse note.<\/p>","protected":false},"featured_media":32143,"comment_status":"open","ping_status":"closed","template":"","meta":[],"product_brand":[],"product_cat":[331],"product_tag":[],"class_list":{"0":"post-32142","1":"product","2":"type-product","3":"status-publish","4":"has-post-thumbnail","6":"product_cat-audio-et-microphones","8":"first","9":"outofstock","10":"shipping-taxable","11":"product-type-simple"},"jetpack_sharing_enabled":true,"_links":{"self":[{"href":"https:\/\/infinityweeb.com\/ar\/wp-json\/wp\/v2\/product\/32142","targetHints":{"allow":["GET"]}}],"collection":[{"href":"https:\/\/infinityweeb.com\/ar\/wp-json\/wp\/v2\/product"}],"about":[{"href":"https:\/\/infinityweeb.com\/ar\/wp-json\/wp\/v2\/types\/product"}],"replies":[{"embeddable":true,"href":"https:\/\/infinityweeb.com\/ar\/wp-json\/wp\/v2\/comments?post=32142"}],"version-history":[{"count":1,"href":"https:\/\/infinityweeb.com\/ar\/wp-json\/wp\/v2\/product\/32142\/revisions"}],"predecessor-version":[{"id":32148,"href":"https:\/\/infinityweeb.com\/ar\/wp-json\/wp\/v2\/product\/32142\/revisions\/32148"}],"wp:featuredmedia":[{"embeddable":true,"href":"https:\/\/infinityweeb.com\/ar\/wp-json\/wp\/v2\/media\/32143"}],"wp:attachment":[{"href":"https:\/\/infinityweeb.com\/ar\/wp-json\/wp\/v2\/media?parent=32142"}],"wp:term":[{"taxonomy":"product_brand","embeddable":true,"href":"https:\/\/infinityweeb.com\/ar\/wp-json\/wp\/v2\/product_brand?post=32142"},{"taxonomy":"product_cat","embeddable":true,"href":"https:\/\/infinityweeb.com\/ar\/wp-json\/wp\/v2\/product_cat?post=32142"},{"taxonomy":"product_tag","embeddable":true,"href":"https:\/\/infinityweeb.com\/ar\/wp-json\/wp\/v2\/product_tag?post=32142"}],"curies":[{"name":"wp","href":"https:\/\/api.w.org\/{rel}","templated":true}]}}