{"id":32153,"date":"2025-12-29T10:58:08","date_gmt":"2025-12-29T09:58:08","guid":{"rendered":"https:\/\/infinityweeb.com\/shop\/powerbank-li-polymere-puissante-hoco-j128a-20-000mah-3a-2xusb\/"},"modified":"2026-01-27T14:37:18","modified_gmt":"2026-01-27T13:37:18","slug":"powerbank-li-polymere-puissante-hoco-j128a-20-000mah-3a-2xusb","status":"publish","type":"product","link":"https:\/\/infinityweeb.com\/ar\/shop\/powerbank-li-polymere-puissante-hoco-j128a-20-000mah-3a-2xusb\/","title":{"rendered":"PowerBank Li-Polym\u00e8re Puissante Hoco J128A, 20 000mAh, 3A, 2xUSB"},"content":{"rendered":"<h4><span dir=\"auto\">PowerBank Hoco <\/span><span dir=\"auto\">J128A <\/span><span dir=\"auto\">puissante et portable, 20 000 mAh, une entr\u00e9e USB-C et une entr\u00e9e micro-USB, deux sorties USB-A<\/span><\/h4>\n<p><span dir=\"auto\">1. Capacit\u00e9 : 20\u00a0000 mAh, 64 Wh. Capacit\u00e9 nominale : 10\u00a0000 mAh (5 V typ. 2 A). 2.<\/span><br \/>\n<span dir=\"auto\">Entr\u00e9es :<\/span><br \/>\n<span dir=\"auto\">1 \u00d7 USB-C \u2013 5 V \/ 2 A\u00a0; 1 \u00d7 Micro-USB<\/span><br \/>\n<span dir=\"auto\">\u2013 5 V \/ 2 A.<\/span><br \/>\n<span dir=\"auto\">3. Sorties : 1 \u00d7\u00a0USB-A 1 \u2013 5 V \/ 2 A ; 1 \u00d7 USB-A 2 \u2013 5 V \/ 2 A.\u00a0<\/span><span dir=\"auto\">Sortie totale : 5 V \/ 2 A (max.).\u00a0<\/span><\/p>\n<p><span dir=\"auto\">4. Mat\u00e9riaux : ABS + bo\u00eetier en polycarbonate ignifug\u00e9 + batterie lithium-polym\u00e8re.\u00a0<\/span><\/p>\n<p><span dir=\"auto\">5. Indicateur : LED de niveau de charge.\u00a0<\/span><\/p>\n<p><span dir=\"auto\">6. Dimensions : 150 \u00d7 68 \u00d7 28 mm.\u00a07. Poids : 432 g.<\/span><\/p>\n<p><img decoding=\"async\" class=\"aligncenter size-full wp-image-142277\" title=\"Batterie externe puissante Hoco J128A de 20\u00a0000 mAh\" src=\"https:\/\/hocotech.com\/wp-content\/uploads\/2024\/04\/hoco-j128a-powerful-power-bank-20000mah.jpg\" sizes=\"(max-width: 800px) 100vw, 800px\" srcset=\"https:\/\/hocotech.com\/wp-content\/uploads\/2024\/04\/hoco-j128a-powerful-power-bank-20000mah.jpg 800w, https:\/\/hocotech.com\/wp-content\/uploads\/2024\/04\/hoco-j128a-powerful-power-bank-20000mah-150x150.jpg 150w, https:\/\/hocotech.com\/wp-content\/uploads\/2024\/04\/hoco-j128a-powerful-power-bank-20000mah-50x50.jpg 50w, https:\/\/hocotech.com\/wp-content\/uploads\/2024\/04\/hoco-j128a-powerful-power-bank-20000mah-100x100.jpg 100w\" alt=\"Batterie externe puissante Hoco J128A de 20\u00a0000 mAh\" width=\"800\" height=\"800\" \/><img decoding=\"async\" class=\"aligncenter size-full wp-image-142274\" title=\"Batterie externe puissante Hoco J128A 20000 mAh avec ports\" src=\"https:\/\/hocotech.com\/wp-content\/uploads\/2024\/04\/hoco-j128a-powerful-power-bank-20000mah-ports.jpg\" sizes=\"(max-width: 800px) 100vw, 800px\" srcset=\"https:\/\/hocotech.com\/wp-content\/uploads\/2024\/04\/hoco-j128a-powerful-power-bank-20000mah-ports.jpg 800w, https:\/\/hocotech.com\/wp-content\/uploads\/2024\/04\/hoco-j128a-powerful-power-bank-20000mah-ports-150x150.jpg 150w, https:\/\/hocotech.com\/wp-content\/uploads\/2024\/04\/hoco-j128a-powerful-power-bank-20000mah-ports-50x50.jpg 50w, https:\/\/hocotech.com\/wp-content\/uploads\/2024\/04\/hoco-j128a-powerful-power-bank-20000mah-ports-100x100.jpg 100w\" alt=\"Batterie externe puissante Hoco J128A 20000 mAh avec ports\" width=\"800\" height=\"800\" \/><img decoding=\"async\" class=\"aligncenter size-full wp-image-142259\" title=\"batterie externe puissante Hoco J128A, indication de capacit\u00e9 de 20\u00a0000 mAh\" src=\"https:\/\/hocotech.com\/wp-content\/uploads\/2024\/04\/hoco-j128a-powerful-power-bank-20000mah-indication.jpg\" sizes=\"(max-width: 800px) 100vw, 800px\" srcset=\"https:\/\/hocotech.com\/wp-content\/uploads\/2024\/04\/hoco-j128a-powerful-power-bank-20000mah-indication.jpg 800w, https:\/\/hocotech.com\/wp-content\/uploads\/2024\/04\/hoco-j128a-powerful-power-bank-20000mah-indication-150x150.jpg 150w, https:\/\/hocotech.com\/wp-content\/uploads\/2024\/04\/hoco-j128a-powerful-power-bank-20000mah-indication-50x50.jpg 50w, https:\/\/hocotech.com\/wp-content\/uploads\/2024\/04\/hoco-j128a-powerful-power-bank-20000mah-indication-100x100.jpg 100w\" alt=\"batterie externe puissante Hoco J128A, indication de capacit\u00e9 de 20\u00a0000 mAh\" width=\"800\" height=\"800\" \/><img decoding=\"async\" class=\"aligncenter size-full wp-image-142256\" title=\"Bo\u00eetier pour batterie externe Hoco J128A de 20\u00a0000 mAh\" src=\"https:\/\/hocotech.com\/wp-content\/uploads\/2024\/04\/hoco-j128a-powerful-power-bank-20000mah-housing.jpg\" sizes=\"(max-width: 800px) 100vw, 800px\" srcset=\"https:\/\/hocotech.com\/wp-content\/uploads\/2024\/04\/hoco-j128a-powerful-power-bank-20000mah-housing.jpg 800w, https:\/\/hocotech.com\/wp-content\/uploads\/2024\/04\/hoco-j128a-powerful-power-bank-20000mah-housing-150x150.jpg 150w, https:\/\/hocotech.com\/wp-content\/uploads\/2024\/04\/hoco-j128a-powerful-power-bank-20000mah-housing-50x50.jpg 50w, https:\/\/hocotech.com\/wp-content\/uploads\/2024\/04\/hoco-j128a-powerful-power-bank-20000mah-housing-100x100.jpg 100w\" alt=\"Bo\u00eetier pour batterie externe Hoco J128A de 20\u00a0000 mAh\" width=\"800\" height=\"800\" \/><img decoding=\"async\" class=\"aligncenter size-full wp-image-142253\" title=\"Batterie externe Hoco J128A puissante de 20\u00a0000 mAh, disponible en plusieurs couleurs.\" src=\"https:\/\/hocotech.com\/wp-content\/uploads\/2024\/04\/hoco-j128a-powerful-power-bank-20000mah-colors.jpg\" sizes=\"(max-width: 800px) 100vw, 800px\" srcset=\"https:\/\/hocotech.com\/wp-content\/uploads\/2024\/04\/hoco-j128a-powerful-power-bank-20000mah-colors.jpg 800w, https:\/\/hocotech.com\/wp-content\/uploads\/2024\/04\/hoco-j128a-powerful-power-bank-20000mah-colors-150x150.jpg 150w, https:\/\/hocotech.com\/wp-content\/uploads\/2024\/04\/hoco-j128a-powerful-power-bank-20000mah-colors-50x50.jpg 50w, https:\/\/hocotech.com\/wp-content\/uploads\/2024\/04\/hoco-j128a-powerful-power-bank-20000mah-colors-100x100.jpg 100w\" alt=\"Batterie externe Hoco J128A puissante de 20\u00a0000 mAh, disponible en plusieurs couleurs.\" width=\"800\" height=\"800\" \/><img decoding=\"async\" class=\"aligncenter size-full wp-image-142250\" title=\"Batterie externe puissante Hoco J128A de 20\u00a0000 mAh pour la charge\" src=\"https:\/\/hocotech.com\/wp-content\/uploads\/2024\/04\/hoco-j128a-powerful-power-bank-20000mah-charging.jpg\" sizes=\"(max-width: 800px) 100vw, 800px\" srcset=\"https:\/\/hocotech.com\/wp-content\/uploads\/2024\/04\/hoco-j128a-powerful-power-bank-20000mah-charging.jpg 800w, https:\/\/hocotech.com\/wp-content\/uploads\/2024\/04\/hoco-j128a-powerful-power-bank-20000mah-charging-150x150.jpg 150w, https:\/\/hocotech.com\/wp-content\/uploads\/2024\/04\/hoco-j128a-powerful-power-bank-20000mah-charging-50x50.jpg 50w, https:\/\/hocotech.com\/wp-content\/uploads\/2024\/04\/hoco-j128a-powerful-power-bank-20000mah-charging-100x100.jpg 100w\" alt=\"Batterie externe puissante Hoco J128A de 20\u00a0000 mAh pour la charge\" width=\"800\" height=\"800\" \/><img decoding=\"async\" class=\"aligncenter size-full wp-image-142262\" title=\"Pr\u00e9sentation de la batterie externe puissante Hoco J128A de 20\u00a0000 mAh\" src=\"https:\/\/hocotech.com\/wp-content\/uploads\/2024\/04\/hoco-j128a-powerful-power-bank-20000mah-overview.jpg\" sizes=\"(max-width: 800px) 100vw, 800px\" srcset=\"https:\/\/hocotech.com\/wp-content\/uploads\/2024\/04\/hoco-j128a-powerful-power-bank-20000mah-overview.jpg 800w, https:\/\/hocotech.com\/wp-content\/uploads\/2024\/04\/hoco-j128a-powerful-power-bank-20000mah-overview-150x150.jpg 150w, https:\/\/hocotech.com\/wp-content\/uploads\/2024\/04\/hoco-j128a-powerful-power-bank-20000mah-overview-50x50.jpg 50w, https:\/\/hocotech.com\/wp-content\/uploads\/2024\/04\/hoco-j128a-powerful-power-bank-20000mah-overview-100x100.jpg 100w\" alt=\"Pr\u00e9sentation de la batterie externe puissante Hoco J128A de 20\u00a0000 mAh\" width=\"800\" height=\"800\" \/><img decoding=\"async\" class=\"aligncenter size-full wp-image-142271\" title=\"Batterie externe Hoco J128A puissante de 20\u00a0000 mAh, emballage blanc\" src=\"https:\/\/hocotech.com\/wp-content\/uploads\/2024\/04\/hoco-j128a-powerful-power-bank-20000mah-packaging-white.jpg\" sizes=\"(max-width: 800px) 100vw, 800px\" srcset=\"https:\/\/hocotech.com\/wp-content\/uploads\/2024\/04\/hoco-j128a-powerful-power-bank-20000mah-packaging-white.jpg 800w, https:\/\/hocotech.com\/wp-content\/uploads\/2024\/04\/hoco-j128a-powerful-power-bank-20000mah-packaging-white-150x150.jpg 150w, https:\/\/hocotech.com\/wp-content\/uploads\/2024\/04\/hoco-j128a-powerful-power-bank-20000mah-packaging-white-50x50.jpg 50w, https:\/\/hocotech.com\/wp-content\/uploads\/2024\/04\/hoco-j128a-powerful-power-bank-20000mah-packaging-white-100x100.jpg 100w\" alt=\"Batterie externe Hoco J128A puissante de 20\u00a0000 mAh, emballage blanc\" width=\"800\" height=\"800\" \/><img decoding=\"async\" class=\"aligncenter size-full wp-image-142268\" title=\"Batterie externe Hoco J128A 20\u00a0000 mAh, emballage noir\" src=\"https:\/\/hocotech.com\/wp-content\/uploads\/2024\/04\/hoco-j128a-powerful-power-bank-20000mah-packaging-black.jpg\" sizes=\"(max-width: 800px) 100vw, 800px\" srcset=\"https:\/\/hocotech.com\/wp-content\/uploads\/2024\/04\/hoco-j128a-powerful-power-bank-20000mah-packaging-black.jpg 800w, https:\/\/hocotech.com\/wp-content\/uploads\/2024\/04\/hoco-j128a-powerful-power-bank-20000mah-packaging-black-150x150.jpg 150w, https:\/\/hocotech.com\/wp-content\/uploads\/2024\/04\/hoco-j128a-powerful-power-bank-20000mah-packaging-black-50x50.jpg 50w, https:\/\/hocotech.com\/wp-content\/uploads\/2024\/04\/hoco-j128a-powerful-power-bank-20000mah-packaging-black-100x100.jpg 100w\" alt=\"Batterie externe Hoco J128A 20\u00a0000 mAh, emballage noir\" width=\"800\" height=\"800\" \/><img decoding=\"async\" class=\"aligncenter size-full wp-image-142265\" title=\"Batterie externe puissante Hoco J128A 20\u00a0000 mAh, emballage inclus\" src=\"https:\/\/hocotech.com\/wp-content\/uploads\/2024\/04\/hoco-j128a-powerful-power-bank-20000mah-packaging.jpg\" sizes=\"(max-width: 800px) 100vw, 800px\" srcset=\"https:\/\/hocotech.com\/wp-content\/uploads\/2024\/04\/hoco-j128a-powerful-power-bank-20000mah-packaging.jpg 800w, https:\/\/hocotech.com\/wp-content\/uploads\/2024\/04\/hoco-j128a-powerful-power-bank-20000mah-packaging-150x150.jpg 150w, https:\/\/hocotech.com\/wp-content\/uploads\/2024\/04\/hoco-j128a-powerful-power-bank-20000mah-packaging-50x50.jpg 50w, https:\/\/hocotech.com\/wp-content\/uploads\/2024\/04\/hoco-j128a-powerful-power-bank-20000mah-packaging-100x100.jpg 100w\" alt=\"Batterie externe puissante Hoco J128A 20\u00a0000 mAh, emballage inclus\" width=\"800\" height=\"800\" \/><\/p>","protected":false},"excerpt":{"rendered":"<p>Mobile power bank with 20000mAh capacity. Type-C and Micro-USB inputs. Dual USB-A output. LED indicator of power level.<\/p>","protected":false},"featured_media":32154,"comment_status":"open","ping_status":"closed","template":"","meta":[],"product_brand":[],"product_cat":[309],"product_tag":[],"class_list":{"0":"post-32153","1":"product","2":"type-product","3":"status-publish","4":"has-post-thumbnail","6":"product_cat-batteries-externes-power-bank","7":"pa_couleur-noir-blanc","9":"first","10":"outofstock","11":"shipping-taxable","12":"product-type-simple"},"jetpack_sharing_enabled":true,"_links":{"self":[{"href":"https:\/\/infinityweeb.com\/ar\/wp-json\/wp\/v2\/product\/32153","targetHints":{"allow":["GET"]}}],"collection":[{"href":"https:\/\/infinityweeb.com\/ar\/wp-json\/wp\/v2\/product"}],"about":[{"href":"https:\/\/infinityweeb.com\/ar\/wp-json\/wp\/v2\/types\/product"}],"replies":[{"embeddable":true,"href":"https:\/\/infinityweeb.com\/ar\/wp-json\/wp\/v2\/comments?post=32153"}],"version-history":[{"count":2,"href":"https:\/\/infinityweeb.com\/ar\/wp-json\/wp\/v2\/product\/32153\/revisions"}],"predecessor-version":[{"id":32164,"href":"https:\/\/infinityweeb.com\/ar\/wp-json\/wp\/v2\/product\/32153\/revisions\/32164"}],"wp:featuredmedia":[{"embeddable":true,"href":"https:\/\/infinityweeb.com\/ar\/wp-json\/wp\/v2\/media\/32154"}],"wp:attachment":[{"href":"https:\/\/infinityweeb.com\/ar\/wp-json\/wp\/v2\/media?parent=32153"}],"wp:term":[{"taxonomy":"product_brand","embeddable":true,"href":"https:\/\/infinityweeb.com\/ar\/wp-json\/wp\/v2\/product_brand?post=32153"},{"taxonomy":"product_cat","embeddable":true,"href":"https:\/\/infinityweeb.com\/ar\/wp-json\/wp\/v2\/product_cat?post=32153"},{"taxonomy":"product_tag","embeddable":true,"href":"https:\/\/infinityweeb.com\/ar\/wp-json\/wp\/v2\/product_tag?post=32153"}],"curies":[{"name":"wp","href":"https:\/\/api.w.org\/{rel}","templated":true}]}}