{"id":32186,"date":"2025-12-29T19:50:53","date_gmt":"2025-12-29T18:50:53","guid":{"rendered":"https:\/\/infinityweeb.com\/shop\/adaptateur-usb-c-5-en-1-avec-hdmi-usb-3-0-et-ethernet-rj45-pour-ordinateurs-portables\/"},"modified":"2026-02-07T18:22:44","modified_gmt":"2026-02-07T17:22:44","slug":"adaptateur-en-hdmi-ethernet-rj45-ordinateurs-portables","status":"publish","type":"product","link":"https:\/\/infinityweeb.com\/ar\/shop\/adaptateur-en-hdmi-ethernet-rj45-ordinateurs-portables\/","title":{"rendered":"Adaptateur USB-C 5 en 1 avec HDMI, USB 3.0 et Ethernet RJ45 pour ordinateurs portables."},"content":{"rendered":"<p>Adaptateur Convertisseur Converter Splitter HUB 5 in en 1 USB-C type-c to HDMI 4K 60Hz + RJ45 + Type-C PD Charging + 2 * USB 3.0 pour MacBook Laptop Tablet Phone Projector<\/p>\n<p><b>Sp\u00e9cification :<\/b><\/p>\n<ul>\n<li>Mat\u00e9riel : Coque en alliage d\u2019aluminium.<\/li>\n<li>Conducteur : 30awg cuivre \u00c9tam\u00e9<\/li>\n<li>Type d\u2019interface : USB 3.1<\/li>\n<li>D\u00e9bit : 5Gbps<\/li>\n<li>Connecteur d\u2019entr\u00e9e : Entr\u00e9e m\u00e2le USB type-c USB-C<\/li>\n<li>Connecteur 1 : Sortie femelle standard HDMI 4K at 60Hz<\/li>\n<li>Connecteur 2 : RJ45 femelle avec 1000 Mbps<\/li>\n<li>Connecteur 3 : Charge d\u2019alimentation PD type-c USB-C<\/li>\n<li>Connecteur 4-5 : 2 x USB 3.0 port<\/li>\n<li>Temp\u00e9rature de fonctionnement : -15 \u00e0 55 degr\u00e9s centigrades Plage D\u2019humidit\u00e9 De fonctionnement : 5 \u00e0 90% hr (pas de Condensation)<\/li>\n<li>Compatibilit\u00e9 : Laptop, Tablet, Phone, Projector, Macbook, Windows, Linux<\/li>\n<li>Certification : CE, ROHS, FCC<\/li>\n<\/ul>","protected":false},"excerpt":{"rendered":"<p>Adaptateur Convertisseur Converter Splitter HUB 5 in en 1 USB-C type-c to HDMI 4K 60Hz + RJ45 + Type-C PD<\/p>","protected":false},"featured_media":32187,"comment_status":"open","ping_status":"closed","template":"","meta":[],"product_brand":[],"product_cat":[303],"product_tag":[],"class_list":{"0":"post-32186","1":"product","2":"type-product","3":"status-publish","4":"has-post-thumbnail","6":"product_cat-accessoires-it-cables-hubs-etc","8":"first","9":"outofstock","10":"shipping-taxable","11":"purchasable","12":"product-type-simple"},"jetpack_sharing_enabled":true,"_links":{"self":[{"href":"https:\/\/infinityweeb.com\/ar\/wp-json\/wp\/v2\/product\/32186","targetHints":{"allow":["GET"]}}],"collection":[{"href":"https:\/\/infinityweeb.com\/ar\/wp-json\/wp\/v2\/product"}],"about":[{"href":"https:\/\/infinityweeb.com\/ar\/wp-json\/wp\/v2\/types\/product"}],"replies":[{"embeddable":true,"href":"https:\/\/infinityweeb.com\/ar\/wp-json\/wp\/v2\/comments?post=32186"}],"version-history":[{"count":2,"href":"https:\/\/infinityweeb.com\/ar\/wp-json\/wp\/v2\/product\/32186\/revisions"}],"predecessor-version":[{"id":32653,"href":"https:\/\/infinityweeb.com\/ar\/wp-json\/wp\/v2\/product\/32186\/revisions\/32653"}],"wp:featuredmedia":[{"embeddable":true,"href":"https:\/\/infinityweeb.com\/ar\/wp-json\/wp\/v2\/media\/32187"}],"wp:attachment":[{"href":"https:\/\/infinityweeb.com\/ar\/wp-json\/wp\/v2\/media?parent=32186"}],"wp:term":[{"taxonomy":"product_brand","embeddable":true,"href":"https:\/\/infinityweeb.com\/ar\/wp-json\/wp\/v2\/product_brand?post=32186"},{"taxonomy":"product_cat","embeddable":true,"href":"https:\/\/infinityweeb.com\/ar\/wp-json\/wp\/v2\/product_cat?post=32186"},{"taxonomy":"product_tag","embeddable":true,"href":"https:\/\/infinityweeb.com\/ar\/wp-json\/wp\/v2\/product_tag?post=32186"}],"curies":[{"name":"wp","href":"https:\/\/api.w.org\/{rel}","templated":true}]}}