{"id":32278,"date":"2026-01-03T12:28:09","date_gmt":"2026-01-03T11:28:09","guid":{"rendered":"https:\/\/infinityweeb.com\/shop\/adaptateur-tp-link-tx55e-pcie-ax3000-wi-fi-6-bluetooth-5-3\/"},"modified":"2026-02-03T21:05:06","modified_gmt":"2026-02-03T20:05:06","slug":"adaptateur-tp-link-tx55e-pcie-ax3000-wi-fi-6-bluetooth-5-3","status":"publish","type":"product","link":"https:\/\/infinityweeb.com\/ar\/shop\/adaptateur-tp-link-tx55e-pcie-ax3000-wi-fi-6-bluetooth-5-3\/","title":{"rendered":"Adaptateur Tp-link TX55E PCIe AX3000 Wi-Fi 6 Bluetooth 5.3"},"content":{"rendered":"<div class=\"logo\"><a href=\"https:\/\/www.licbplus.com\/\" rel=\"nofollow noopener\" target=\"_blank\"><img decoding=\"async\" src=\"https:\/\/media.ldlc.com\/v3\/marque\/bo\/00\/03\/95\/71\/V30003957132_2.jpg\" alt=\"TP-LINK\" \/><\/a><\/div>\n<div id=\"description\" class=\"description\">\n<div class=\"details-pdt-desc\">\n<h2 class=\"h2-master\"><span dir=\"auto\">Carte PCI Express AX3000 Wi-Fi 6 + Bluetooth 5.2<\/span><\/h2>\n<section>\n<p><span dir=\"auto\">\u00a0Pour mettre \u00e0 niveau votre PC,\u00a0\u00a0ins\u00e9rez la\u00a0 carte\u00a0TP\u00a0<\/span><span dir=\"auto\">-Link\u00a0<\/span>\u00a0<span dir=\"auto\">Archer TX55E<\/span><span dir=\"auto\">\u00a0dans un port PCIe disponible. \u00a0Offrant un d\u00e9bit Wi-Fi 6 AX3000 (2\u00a0402\u00a0Mbit\/s sur la bande 5\u00a0GHz et 574\u00a0Mbit\/s sur la bande 2,4\u00a0GHz) ainsi que le Bluetooth 5.2, l&rsquo;\u00a0Archer\u00a0TX55E\u00a0\u00a0est la solution id\u00e9ale pour le streaming vid\u00e9o HD, les jeux en ligne et toutes les applications gourmandes en bande passante.<\/span><\/p>\n<\/section>\n<section>\n<div class=\"desc-image\"><img decoding=\"async\" src=\"https:\/\/media.ldlc.com\/bo\/images\/fiches\/carte_reseau\/TP-Link\/Archer%20TX50E\/TX50E_800_1.jpg\" alt=\"\" \/><\/div>\n<div class=\"desc-text\">\n<h2><span dir=\"auto\">Wi-Fi 6 AX3000 et Bluetooth 5.2<\/span><\/h2>\n<ul>\n<li><span dir=\"auto\">Vitesse Wi-Fi 6 jusqu&rsquo;\u00e0 2402 Mbps (5 GHz) + 574 Mbps (2,4 GHz)<\/span><\/li>\n<li><span dir=\"auto\">Connexions fiables\u00a0: le chipset Wi-Fi 6 d\u2019Intel offre un Wi-Fi plus rapide pour exploiter pleinement le potentiel de votre routeur Wi-Fi 6.<\/span><\/li>\n<li><span dir=\"auto\">Couverture du signal \u00e9tendue\u00a0: Connectez-vous \u00e0 votre r\u00e9seau Wi-Fi dans plusieurs pi\u00e8ces de votre maison gr\u00e2ce \u00e0 deux antennes externes \u00e0 gain \u00e9lev\u00e9 pour une couverture et une stabilit\u00e9 accrues.<\/span><\/li>\n<li><span dir=\"auto\">Bluetooth 5.2\u00a0: Technologie Bluetooth offrant des vitesses plus rapides et une couverture plus \u00e9tendue que la version pr\u00e9c\u00e9dente.<\/span><\/li>\n<li><span dir=\"auto\">S\u00e9curit\u00e9 renforc\u00e9e\u00a0: Les derni\u00e8res am\u00e9liorations apport\u00e9es \u00e0 la s\u00e9curit\u00e9 WPA3 offrent une protection accrue pour les mots de passe personnels.<\/span><\/li>\n<li><span dir=\"auto\">Un dissipateur thermique d\u00e9di\u00e9 et un plaquage or sont con\u00e7us pour am\u00e9liorer la stabilit\u00e9 et la fiabilit\u00e9, m\u00eame dans des environnements chauds.<\/span><\/li>\n<li><span dir=\"auto\">Compatibilit\u00e9 ascendante\u00a0: prise en charge compl\u00e8te des normes 802.11ac\/a\/b\/g\/n<\/span><\/li>\n<li><span dir=\"auto\">Support discret fourni<\/span><\/li>\n<\/ul>\n<\/div>\n<\/section>\n<\/div>\n<\/div>","protected":false},"excerpt":{"rendered":"<p>Carte PCI Express AX3000 Wi-Fi 6 + Bluetooth 5.2 \u00a0Pour mettre \u00e0 niveau votre PC,\u00a0\u00a0ins\u00e9rez la\u00a0 carte\u00a0TP\u00a0-Link\u00a0\u00a0Archer TX55E\u00a0dans un port<\/p>","protected":false},"featured_media":32279,"comment_status":"open","ping_status":"closed","template":"","meta":[],"product_brand":[1016],"product_cat":[337,289],"product_tag":[],"class_list":{"0":"post-32278","1":"product","2":"type-product","3":"status-publish","4":"has-post-thumbnail","6":"product_brand-tp-link","7":"product_cat-cables-accessoires-reseau","8":"product_cat-composants-pc","10":"first","11":"outofstock","12":"shipping-taxable","13":"purchasable","14":"product-type-simple"},"jetpack_sharing_enabled":true,"_links":{"self":[{"href":"https:\/\/infinityweeb.com\/ar\/wp-json\/wp\/v2\/product\/32278","targetHints":{"allow":["GET"]}}],"collection":[{"href":"https:\/\/infinityweeb.com\/ar\/wp-json\/wp\/v2\/product"}],"about":[{"href":"https:\/\/infinityweeb.com\/ar\/wp-json\/wp\/v2\/types\/product"}],"replies":[{"embeddable":true,"href":"https:\/\/infinityweeb.com\/ar\/wp-json\/wp\/v2\/comments?post=32278"}],"version-history":[{"count":0,"href":"https:\/\/infinityweeb.com\/ar\/wp-json\/wp\/v2\/product\/32278\/revisions"}],"wp:featuredmedia":[{"embeddable":true,"href":"https:\/\/infinityweeb.com\/ar\/wp-json\/wp\/v2\/media\/32279"}],"wp:attachment":[{"href":"https:\/\/infinityweeb.com\/ar\/wp-json\/wp\/v2\/media?parent=32278"}],"wp:term":[{"taxonomy":"product_brand","embeddable":true,"href":"https:\/\/infinityweeb.com\/ar\/wp-json\/wp\/v2\/product_brand?post=32278"},{"taxonomy":"product_cat","embeddable":true,"href":"https:\/\/infinityweeb.com\/ar\/wp-json\/wp\/v2\/product_cat?post=32278"},{"taxonomy":"product_tag","embeddable":true,"href":"https:\/\/infinityweeb.com\/ar\/wp-json\/wp\/v2\/product_tag?post=32278"}],"curies":[{"name":"wp","href":"https:\/\/api.w.org\/{rel}","templated":true}]}}