{"id":32290,"date":"2026-01-03T13:06:12","date_gmt":"2026-01-03T12:06:12","guid":{"rendered":"https:\/\/infinityweeb.com\/shop\/repeteur-wifi-sans-fil-1200mbps-routeur-de-signal-2-4g-5g-sterilisation-n300-amplificateur-wifi\/"},"modified":"2026-01-29T12:51:49","modified_gmt":"2026-01-29T11:51:49","slug":"repeteur-wifi-sans-fil-1200mbps-routeur-signal-4g-5g-sterilisation-n300","status":"publish","type":"product","link":"https:\/\/infinityweeb.com\/ar\/shop\/repeteur-wifi-sans-fil-1200mbps-routeur-signal-4g-5g-sterilisation-n300\/","title":{"rendered":"R\u00e9p\u00e9teur WiFi sans fil, 1200Mbps, Routeur de signal 2.4G\/5G, St\u00e9rilisation, N300, Amplificateur WiFi"},"content":{"rendered":"<div class=\"product-specs-list-container\">\n<ul class=\"product-specs-list util-clearfix\">\n<li class=\"product-prop line-limit-length\"><span class=\"property-title\">Classe de bande de fr\u00e9quence:\u00a0<\/span><span class=\"property-desc line-limit-length\">Double bande<\/span><\/li>\n<li class=\"product-prop line-limit-length\"><span class=\"property-title\">Produit chimique \u00e0 haute pr\u00e9occupation:\u00a0<\/span><span class=\"property-desc line-limit-length\">Aucun<\/span><\/li>\n<li class=\"product-prop line-limit-length\"><span class=\"property-title\">Norme de communication sans fil:\u00a0<\/span><span class=\"property-desc line-limit-length\">802.11.n<\/span><\/li>\n<li class=\"product-prop line-limit-length\"><span class=\"property-title\">Taux de transmission sans fil:\u00a0<\/span><span class=\"property-desc line-limit-length\">1200M\u00e8tres<\/span><\/li>\n<li class=\"product-prop line-limit-length\"><span class=\"property-title\">Fonction:\u00a0<\/span><span class=\"property-desc line-limit-length\">Pare-feu,Support VLAN<\/span><\/li>\n<li class=\"product-prop line-limit-length\"><span class=\"property-title\">Avec fonction modem:\u00a0<\/span><span class=\"property-desc line-limit-length\">Non<\/span><\/li>\n<li class=\"product-prop line-limit-length\"><span class=\"property-title\">Norme de transmission Wi-Fi:\u00a0<\/span><span class=\"property-desc line-limit-length\">802.11ca<\/span><\/li>\n<li class=\"product-prop line-limit-length\"><span class=\"property-title\">Fr\u00e9quence prise en charge par Wi-Fi:\u00a0<\/span><span class=\"property-desc line-limit-length\">2,4G et 5G<\/span><\/li>\n<li class=\"product-prop line-limit-length\"><span class=\"property-title\">Normes et protocoles:\u00a0<\/span><span class=\"property-desc line-limit-length\">Wi-Fi 802.11ac<\/span><\/li>\n<li class=\"product-prop line-limit-length\"><span class=\"property-title\">Nombre d&rsquo;interfaces USB:\u00a0<\/span><span class=\"property-desc line-limit-length\">Aucun<\/span><\/li>\n<li class=\"product-prop line-limit-length\"><span class=\"property-title\">Ports LAN:\u00a0<\/span><span class=\"property-desc line-limit-length\">2<\/span><\/li>\n<li class=\"product-prop line-limit-length\"><span class=\"property-title\">Certification:\u00a0<\/span><span class=\"property-desc line-limit-length\">CE,ROHS<\/span><\/li>\n<li class=\"product-prop line-limit-length\"><span class=\"property-title\">Application:\u00a0<\/span><span class=\"property-desc line-limit-length\">\u00c0 la maison<\/span><\/li>\n<li class=\"product-prop line-limit-length\"><span class=\"property-title\">Taux de transmission Wi-Fi 5G:\u00a0<\/span><span class=\"property-desc line-limit-length\">1 000 Mbps<\/span><\/li>\n<li class=\"product-prop line-limit-length\"><span class=\"property-title\">Taux de transmission Wi-Fi 2,4 G:\u00a0<\/span><span class=\"property-desc line-limit-length\">300 Mbps<\/span><\/li>\n<li class=\"product-prop line-limit-length\"><span class=\"property-title\">Origine:\u00a0<\/span><span class=\"property-desc line-limit-length\">CN (Origine)<\/span><\/li>\n<li class=\"product-prop line-limit-length\"><span class=\"property-title\">Nom de marque:\u00a0<\/span><span class=\"property-desc line-limit-length\">elough<\/span><\/li>\n<\/ul>\n<\/div>\n<div class=\"detailmodule_html\">\n<div class=\"detail-desc-decorate-richtext\">\n<h1 id=\"tl_1\" class=\"title--title--O6xcB1q\" style=\"font-size: 24px;font-weight: var(--font-weight-bold);color: var(--color-grey-10);margin: 0px\">Description<\/h1>\n<p style=\"line-height: inherit;margin: 0px;padding: 0px\"><span id=\"tl_2\" style=\"font-size: 18px;font-family: 'times new roman', times, serif\">Caract\u00e9ristiques<\/span><\/p>\n<div class=\"extend--wrap--yXwoDbO\" style=\"font-family: 'TT Norms Pro', 'Open Sans', Roboto, Arial, Helvetica, sans-serif, SimSun;font-size: 14px;font-weight: 400;letter-spacing: normal;text-align: start;white-space: normal;color: #222222;margin: 0px;padding: 0px;position: relative\" align=\"start\">\n<div class=\"extend--content--VuIQZia\" style=\"margin: 0px;padding: 0px;overflow: hidden;position: relative\">\n<div style=\"margin: 0px;padding: 0px\">\n<div id=\"product-description\" class=\"description--product-description--Mjtql28\" style=\"margin: 0px;padding: 0px;max-width: 944px;overflow: hidden;position: relative\">\n<div class=\"description--origin-part--rWy05pE\" style=\"margin: 0px;padding: 0px\">\n<div class=\"detailmodule_html\" style=\"margin: 0px;padding: 0px\">\n<div class=\"detail-desc-decorate-richtext\" style=\"margin: 0px;padding: 0px\">\n<p style=\"line-height: inherit;margin: 0px;padding: 0px\">\u00a0<\/p>\n<p style=\"line-height: inherit;margin: 0px;padding: 0px\"><span id=\"tl_3\" style=\"font-size: 18px;font-family: 'times new roman', times, serif\">1. Dispositif d&rsquo;amplification du signal: ce prolongateur de port\u00e9e WiFi peut aider \u00e0 amplifier votre wifi, \u00e9tendre le signal \u00e0 une plus longue distance et \u00e9liminer les zones mortes du wifi, afin que vous puissiez utiliser le r\u00e9seau dans n&rsquo;importe quelle zone de votre maison. Vous n&rsquo;avez pas \u00e0 vous soucier des signaux faibles en raison de la distance, des murs et des sols.<\/span><\/p>\n<p style=\"line-height: inherit;margin: 0px;padding: 0px\">\u00a0<\/p>\n<p style=\"line-height: inherit;margin: 0px;padding: 0px\"><span id=\"tl_4\" style=\"font-size: 18px;font-family: 'times new roman', times, serif\">2. plusieurs modes de travail:<\/span><\/p>\n<p style=\"line-height: inherit;margin: 0px;padding: 0px\">\u00a0<\/p>\n<p style=\"line-height: inherit;margin: 0px;padding: 0px\"><span id=\"tl_5\" style=\"font-size: 18px;font-family: 'times new roman', times, serif\">\u2460Le mode r\u00e9p\u00e9teur peut facilement \u00e9tendre votre port\u00e9e wifi sans c\u00e2bles, ce qui est plus pratique.<\/span><\/p>\n<p style=\"line-height: inherit;margin: 0px;padding: 0px\">\u00a0<\/p>\n<p style=\"line-height: inherit;margin: 0px;padding: 0px\"><span id=\"tl_6\" style=\"font-size: 18px;font-family: 'times new roman', times, serif\">\u2461 Le mode AP peut cr\u00e9er un nouveau hotspot wifi pour le partage, vous n&rsquo;avez donc pas besoin de divulguer votre wifi priv\u00e9.<\/span><\/p>\n<p style=\"line-height: inherit;margin: 0px;padding: 0px\">\u00a0<\/p>\n<p style=\"line-height: inherit;margin: 0px;padding: 0px\"><span id=\"tl_7\" style=\"font-size: 18px;font-family: 'times new roman', times, serif\">\u2462 Mode routeur: amplifie le signal.<\/span><\/p>\n<p style=\"line-height: inherit;margin: 0px;padding: 0px\">\u00a0<\/p>\n<p style=\"line-height: inherit;margin: 0px;padding: 0px\"><span id=\"tl_8\" style=\"font-size: 18px;font-family: 'times new roman', times, serif\">3. Taux de transmission \u00e9lev\u00e9: taux de transmission \u00e9lev\u00e9 de 1200Mbps, offrant une connexion fluide et stable pour votre \u00e9quipement sans mise en m\u00e9moire tampon ni d\u00e9calage. Les signaux de la bande de fr\u00e9quence 2.4G\/5.8G peuvent couvrir une plus longue port\u00e9e et fournir de meilleures capacit\u00e9s de passage mural.<\/span><\/p>\n<p style=\"line-height: inherit;margin: 0px;padding: 0px\">\u00a0<\/p>\n<p style=\"line-height: inherit;margin: 0px;padding: 0px\"><span id=\"tl_9\" style=\"font-size: 18px;font-family: 'times new roman', times, serif\">4. Compatibilit\u00e9 universelle: prend en charge la norme IEEE802.11 acb\/n, compatible avec tous les appareils connexes de la maison ou du bureau, tels que: TV, ordinateur, t\u00e9l\u00e9phone intelligent, cam\u00e9ra wifi, prise intelligente wifi et autres appareils domestiques intelligents.<\/span><\/p>\n<p style=\"line-height: inherit;margin: 0px;padding: 0px\">\u00a0<\/p>\n<p style=\"line-height: inherit;margin: 0px;padding: 0px\"><span id=\"tl_10\" style=\"font-size: 18px;font-family: 'times new roman', times, serif\">Param\u00e8tres:<\/span><\/p>\n<p id=\"tl_11\" style=\"line-height: inherit;margin: 0px;padding: 0px\"><span style=\"font-size: 18px;font-family: 'times new roman', times, serif\">Mat\u00e9riel:<\/span>ABS<\/p>\n<p style=\"line-height: inherit;margin: 0px;padding: 0px\"><span id=\"tl_12\" style=\"font-size: 18px;font-family: 'times new roman', times, serif\">Poids brut: 170g<\/span><\/p>\n<p style=\"line-height: inherit;margin: 0px;padding: 0px\"><span id=\"tl_13\" style=\"font-size: 18px;font-family: 'times new roman', times, serif\">Poids net: 95g<\/span><\/p>\n<p style=\"line-height: inherit;margin: 0px;padding: 0px\"><span id=\"tl_14\" style=\"font-size: 18px;font-family: 'times new roman', times, serif\">Taille d&#8217;emballage: 197*96*80mm<\/span><\/p>\n<p style=\"line-height: inherit;margin: 0px;padding: 0px\"><span id=\"tl_15\" style=\"font-size: 18px;font-family: 'times new roman', times, serif\">Taille du produit: 180*56*33mm<\/span><\/p>\n<p style=\"line-height: inherit;margin: 0px;padding: 0px\"><span id=\"tl_16\" style=\"font-size: 18px;font-family: 'times new roman', times, serif\">Moyen de transmission: cinq types de lignes<\/span><\/p>\n<p style=\"line-height: inherit;margin: 0px;padding: 0px\"><span id=\"tl_17\" style=\"font-size: 18px;font-family: 'times new roman', times, serif\">Distance relais: 100 (Km)<\/span><\/p>\n<p style=\"line-height: inherit;margin: 0px;padding: 0px\"><span id=\"tl_18\" style=\"font-size: 18px;font-family: 'times new roman', times, serif\">Exigences d&rsquo;alimentation: 110-220V<\/span><\/p>\n<p style=\"line-height: inherit;margin: 0px;padding: 0px\"><span id=\"tl_19\" style=\"font-size: 18px;font-family: 'times new roman', times, serif\">Protection contre la foudre: Il y a une protection contre la foudre<\/span><\/p>\n<p style=\"line-height: inherit;margin: 0px;padding: 0px\"><span id=\"tl_20\" style=\"font-size: 18px;font-family: 'times new roman', times, serif\">Protocole: Appui IEEE802.11 a\/b\/g\/n<\/span><\/p>\n<p style=\"line-height: inherit;margin: 0px;padding: 0px\"><span id=\"tl_21\" style=\"font-size: 18px;font-family: 'times new roman', times, serif\">Taux de transmission: 1200Mbps<\/span><\/p>\n<p style=\"line-height: inherit;margin: 0px;padding: 0px\"><span id=\"tl_22\" style=\"font-size: 18px;font-family: 'times new roman', times, serif\">Port r\u00e9seau: 100M x 2<\/span><\/p>\n<p style=\"line-height: inherit;margin: 0px;padding: 0px\"><span id=\"tl_23\" style=\"font-size: 18px;font-family: 'times new roman', times, serif\">Prend en charge les modes routeur, trunk et AP<\/span><\/p>\n<p style=\"line-height: inherit;margin: 0px;padding: 0px\">\u00a0<\/p>\n<p style=\"line-height: inherit;margin: 0px;padding: 0px\"><span style=\"color: #f44e3b;font-size: 22px;font-family: 'times new roman', times, serif\"><strong id=\"tl_24\">Remarque:<\/strong><\/span><\/p>\n<p style=\"line-height: inherit;margin: 0px;padding: 0px\"><span id=\"tl_25\" style=\"color: #f44e3b;font-size: 18px;font-family: 'times new roman', times, serif\">1. Lorsque l&rsquo;\u00e9metteur est branch\u00e9 et utilis\u00e9, recherchez R\u00e9p\u00e9teur-XXXXXX sur le wifi du t\u00e9l\u00e9phone portable ou de l&rsquo;ordinateur, et apr\u00e8s avoir cliqu\u00e9 sur la connexion, il passera automatiquement \u00e0 la page de r\u00e9glage (Remarque: si l&rsquo;interface de saut n&rsquo;appara\u00eet pas apr\u00e8s avoir cliqu\u00e9 sur la connexion sur le t\u00e9l\u00e9phone mobile, veuillez cliquer sur\u00a0\u00bb Ignorez ce r\u00e9seau \u00ab\u00a0, puis r\u00e9activez le wifi pour vous reconnecter au WIFI. Si cette op\u00e9ration ne fonctionne toujours pas, vous pouvez entrer manuellement l&rsquo;URL \u00ab\u00a0192.168.11.1\u00a0\u00bb dans le navigateur.)<\/span><\/p>\n<p style=\"line-height: inherit;margin: 0px;padding: 0px\"><span id=\"tl_26\" style=\"color: #f44e3b;font-size: 18px;font-family: 'times new roman', times, serif\">2. Utilisez le mode relais. Si le nom du WIFI est introuvable, essayez d&rsquo;activer \u00e0 nouveau le commutateur WIFI sur le t\u00e9l\u00e9phone. Si ce n&rsquo;est pas le cas, appuyez et maintenez enfonc\u00e9 le bouton de r\u00e9initialisation sur le c\u00f4t\u00e9 jusqu&rsquo;\u00e0 ce que le voyant clignote et se lib\u00e8re, puis r\u00e9p\u00e9tez les \u00e9tapes ci-dessus<\/span><\/p>\n<p style=\"line-height: inherit;margin: 0px;padding: 0px\"><span id=\"tl_27\" style=\"color: #f44e3b;font-size: 18px;font-family: 'times new roman', times, serif\">3. Si le mode AP est requis pour connecter le c\u00e2ble r\u00e9seau, ins\u00e9rez le r\u00e9p\u00e9teur, s\u00e9lectionnez le mode AP et d\u00e9finissez le mot de passe avant de connecter le c\u00e2ble r\u00e9seau. Sinon, le mot de passe ne peut pas \u00eatre d\u00e9fini avant de connecter le c\u00e2ble r\u00e9seau<\/span><\/p>\n<p style=\"line-height: inherit;margin: 0px;padding: 0px\"><span id=\"tl_28\" style=\"color: #f44e3b;font-size: 18px;font-family: 'times new roman', times, serif\">4. Le produit est \u00e9quip\u00e9 du manuel d&rsquo;instructions du produit. Il y a des instructions d\u00e9taill\u00e9es et des questions fr\u00e9quemment pos\u00e9es. Veuillez utiliser le produit conform\u00e9ment au manuel d&rsquo;instructions.<\/span><\/p>\n<\/div>\n<\/div>\n<\/div>\n<\/div>\n<\/div>\n<\/div>\n<\/div>\n<p><img decoding=\"async\" src=\"https:\/\/infinityweeb.com\/wp-content\/uploads\/2026\/01\/kf-S11977f7eef2b478bad20fa6dcf44625bT.webp\" \/><img decoding=\"async\" src=\"https:\/\/infinityweeb.com\/wp-content\/uploads\/2026\/01\/kf-S12b016019ca64ebf984e693474bbeb53m.webp\" \/><img decoding=\"async\" src=\"https:\/\/infinityweeb.com\/wp-content\/uploads\/2026\/01\/kf-Sba3645cc26844a9aa3006b81a4707de2c.webp\" \/><img decoding=\"async\" src=\"https:\/\/infinityweeb.com\/wp-content\/uploads\/2026\/01\/kf-Sb99434cfb4f14492b5fc07b656f5b898Q.webp\" \/><img decoding=\"async\" src=\"https:\/\/infinityweeb.com\/wp-content\/uploads\/2026\/01\/kf-S3e1edf8b9eeb4fb3abfa9bd886f3eabcw.webp\" \/><img decoding=\"async\" src=\"https:\/\/infinityweeb.com\/wp-content\/uploads\/2026\/01\/kf-S202991cb5b0445209c069253e37c2606m.webp\" \/><img decoding=\"async\" src=\"https:\/\/infinityweeb.com\/wp-content\/uploads\/2026\/01\/kf-S41402e8ff1f247cbb33dbc4194749c49r.webp\" \/><img decoding=\"async\" src=\"https:\/\/infinityweeb.com\/wp-content\/uploads\/2026\/01\/kf-Se3f3502962884a3c8a081870b3a81588q.webp\" \/><img decoding=\"async\" src=\"https:\/\/infinityweeb.com\/wp-content\/uploads\/2026\/01\/kf-S2eda679cd78f48cbafb429d24d71b351U.webp\" \/><img decoding=\"async\" src=\"https:\/\/infinityweeb.com\/wp-content\/uploads\/2026\/01\/kf-S3bcca98ef0964069bdda0ad9372d94df7.webp\" \/><img decoding=\"async\" src=\"https:\/\/infinityweeb.com\/wp-content\/uploads\/2026\/01\/kf-Sab5b9b585ccd41809883cb17d4376267U.webp\" \/><img decoding=\"async\" src=\"https:\/\/infinityweeb.com\/wp-content\/uploads\/2026\/01\/kf-S37b59bd74b58423687b283c21b3b1f22T.webp\" \/><img decoding=\"async\" src=\"https:\/\/infinityweeb.com\/wp-content\/uploads\/2026\/01\/kf-S6a901bae85494bd48926898e70b3dd53F.webp\" \/><img decoding=\"async\" src=\"https:\/\/infinityweeb.com\/wp-content\/uploads\/2026\/01\/kf-S1883d46f129c4b21bf7a831a3fe747451.webp\" \/><img decoding=\"async\" src=\"https:\/\/infinityweeb.com\/wp-content\/uploads\/2026\/01\/kf-S1e8ec1b8b218479ca23a3c9db26a5005e.webp\" \/><\/p>\n<\/div>\n<\/div>","protected":false},"excerpt":{"rendered":"<p>Classe de bande de fr\u00e9quence:\u00a0Double bande Produit chimique \u00e0 haute pr\u00e9occupation:\u00a0Aucun Norme de communication sans fil:\u00a0802.11.n Taux de transmission sans<\/p>","protected":false},"featured_media":32291,"comment_status":"open","ping_status":"closed","template":"","meta":[],"product_brand":[],"product_cat":[336],"product_tag":[],"class_list":{"0":"post-32290","1":"product","2":"type-product","3":"status-publish","4":"has-post-thumbnail","6":"product_cat-repeteurs-et-points-dacces","8":"first","9":"instock","10":"shipping-taxable","11":"purchasable","12":"product-type-simple"},"jetpack_sharing_enabled":true,"_links":{"self":[{"href":"https:\/\/infinityweeb.com\/ar\/wp-json\/wp\/v2\/product\/32290","targetHints":{"allow":["GET"]}}],"collection":[{"href":"https:\/\/infinityweeb.com\/ar\/wp-json\/wp\/v2\/product"}],"about":[{"href":"https:\/\/infinityweeb.com\/ar\/wp-json\/wp\/v2\/types\/product"}],"replies":[{"embeddable":true,"href":"https:\/\/infinityweeb.com\/ar\/wp-json\/wp\/v2\/comments?post=32290"}],"version-history":[{"count":16,"href":"https:\/\/infinityweeb.com\/ar\/wp-json\/wp\/v2\/product\/32290\/revisions"}],"predecessor-version":[{"id":32327,"href":"https:\/\/infinityweeb.com\/ar\/wp-json\/wp\/v2\/product\/32290\/revisions\/32327"}],"wp:featuredmedia":[{"embeddable":true,"href":"https:\/\/infinityweeb.com\/ar\/wp-json\/wp\/v2\/media\/32291"}],"wp:attachment":[{"href":"https:\/\/infinityweeb.com\/ar\/wp-json\/wp\/v2\/media?parent=32290"}],"wp:term":[{"taxonomy":"product_brand","embeddable":true,"href":"https:\/\/infinityweeb.com\/ar\/wp-json\/wp\/v2\/product_brand?post=32290"},{"taxonomy":"product_cat","embeddable":true,"href":"https:\/\/infinityweeb.com\/ar\/wp-json\/wp\/v2\/product_cat?post=32290"},{"taxonomy":"product_tag","embeddable":true,"href":"https:\/\/infinityweeb.com\/ar\/wp-json\/wp\/v2\/product_tag?post=32290"}],"curies":[{"name":"wp","href":"https:\/\/api.w.org\/{rel}","templated":true}]}}