{"id":32369,"date":"2026-01-04T12:02:58","date_gmt":"2026-01-04T11:02:58","guid":{"rendered":"https:\/\/infinityweeb.com\/shop\/modem-et-routeur-tp-link-archer-vr400-wi-fi-ac1200-vdsl2\/"},"modified":"2026-01-29T12:54:38","modified_gmt":"2026-01-29T11:54:38","slug":"modem-et-routeur-tp-link-archer-vr400-wi-fi-ac1200-vdsl2","status":"publish","type":"product","link":"https:\/\/infinityweeb.com\/ar\/shop\/modem-et-routeur-tp-link-archer-vr400-wi-fi-ac1200-vdsl2\/","title":{"rendered":"Modem et routeur TP-Link Archer VR400 Wi-Fi AC1200 VDSL2"},"content":{"rendered":"<div class=\"logo\">\n<div class=\"logo\"><a href=\"https:\/\/www.licbplus.com\/\" rel=\"nofollow noopener\" target=\"_blank\"><img decoding=\"async\" src=\"https:\/\/media.ldlc.com\/v3\/marque\/bo\/00\/03\/95\/71\/V30003957132_2.jpg\" alt=\"TP-LINK\" \/><\/a><\/div>\n<div id=\"description\" class=\"description\">\n<div class=\"details-pdt-desc\">\n<h2 class=\"h2-master\"><span dir=\"auto\">Connectez-vous facilement \u00e0 Internet<\/span><\/h2>\n<section>\n<p><span dir=\"auto\">Le\u00a0<\/span><span dir=\"auto\">TP-Link Archer VR400<\/span><span dir=\"auto\">\u00a0\u00a0est un modem-routeur compatible VDSL2 et ADSL2+\/ADSL2\/ADSL. Il offre le Wi-Fi AC1200 (867 Mbit\/s en AC et 300 Mbit\/s en N) et quatre ports Ethernet, dont un port Gigabit pour une connectivit\u00e9 \u00e9tendue. Un port USB 2.0 compl\u00e8te la connectivit\u00e9 pour partager une imprimante, un disque dur ou installer une cl\u00e9 3G\/4G. Configurez votre routeur Archer VR400 en quelques minutes seulement gr\u00e2ce \u00e0 son interface web intuitive et \u00e0 l&rsquo;application Tether. L&rsquo;Archer VR400 est un commutateur performant capable de g\u00e9rer un r\u00e9seau filaire rapide et robuste pour les t\u00e2ches professionnelles, les communications, le streaming vid\u00e9o ou les jeux en ligne.<\/span><\/p>\n<\/section>\n<section>\n<div class=\"desc-image\"><img decoding=\"async\" src=\"https:\/\/media.ldlc.com\/bo\/images\/fiches\/routeur\/TP-LINK\/tp-link_archer_vr400_v3_001.jpg\" alt=\"\" \/><\/div>\n<div class=\"desc-text\">\n<h2>AC1200 WiFI MU-MIMO VDSL\/ADSL modem router<\/h2>\n<ul>\n<li><span dir=\"auto\">Wi-Fi rapide &#8211; Profitez de connexions sans fil exceptionnelles gr\u00e2ce au Wi-Fi double bande \u00e0 867 Mbps (5 GHz) + 300 Mbps (2,4 GHz)<\/span><\/li>\n<li><span dir=\"auto\">Port\u00e9e sup\u00e9rieure &#8211; Deux antennes omnidirectionnelles fixes avec technologie de formation de faisceaux assurent des connexions sans fil stables et une couverture optimale<\/span><\/li>\n<li><span dir=\"auto\">Connectivit\u00e9 polyvalente &#8211; Enti\u00e8rement compatible avec les r\u00e9seaux VDSL2\/ADSL2+\/ADSL2\/ADSL, ainsi qu&rsquo;avec les services Internet fibre, c\u00e2ble et 3G\/4G.<\/span><\/li>\n<li><span dir=\"auto\">Couverture compl\u00e8te de la maison avec OneMesh\u2122 &#8211; Fonctionne avec les produits TP-Link OneMesh\u2122 pour cr\u00e9er un r\u00e9seau maill\u00e9 flexible<\/span><\/li>\n<li><span dir=\"auto\">Technologie MU-MIMO &#8211; Transfert de donn\u00e9es vers plusieurs appareils simultan\u00e9ment, r\u00e9duisant la latence<\/span><\/li>\n<li><span dir=\"auto\">Ports Gigabit complets &#8211; Profitez pleinement des vitesses haut d\u00e9bit jusqu&rsquo;\u00e0 1 Gbit\/s<\/span><\/li>\n<li><span dir=\"auto\">Application Tether &#8211; TP-Link Tether offre le moyen le plus simple d&rsquo;acc\u00e9der \u00e0 votre routeur et de le g\u00e9rer sur vos appareils iOS et Android.<\/span><\/li>\n<\/ul>\n<\/div>\n<\/section>\n<\/div>\n<\/div>\n<\/div>","protected":false},"excerpt":{"rendered":"<p>Connectez-vous facilement \u00e0 Internet Le\u00a0TP-Link Archer VR400\u00a0\u00a0est un modem-routeur compatible VDSL2 et ADSL2+\/ADSL2\/ADSL. Il offre le Wi-Fi AC1200 (867 Mbit\/s<\/p>","protected":false},"featured_media":32370,"comment_status":"open","ping_status":"closed","template":"","meta":[],"product_brand":[1016],"product_cat":[335],"product_tag":[],"class_list":{"0":"post-32369","1":"product","2":"type-product","3":"status-publish","4":"has-post-thumbnail","6":"product_brand-tp-link","7":"product_cat-modems-et-routeurs","9":"first","10":"instock","11":"shipping-taxable","12":"purchasable","13":"product-type-simple"},"jetpack_sharing_enabled":true,"_links":{"self":[{"href":"https:\/\/infinityweeb.com\/ar\/wp-json\/wp\/v2\/product\/32369","targetHints":{"allow":["GET"]}}],"collection":[{"href":"https:\/\/infinityweeb.com\/ar\/wp-json\/wp\/v2\/product"}],"about":[{"href":"https:\/\/infinityweeb.com\/ar\/wp-json\/wp\/v2\/types\/product"}],"replies":[{"embeddable":true,"href":"https:\/\/infinityweeb.com\/ar\/wp-json\/wp\/v2\/comments?post=32369"}],"version-history":[{"count":0,"href":"https:\/\/infinityweeb.com\/ar\/wp-json\/wp\/v2\/product\/32369\/revisions"}],"wp:featuredmedia":[{"embeddable":true,"href":"https:\/\/infinityweeb.com\/ar\/wp-json\/wp\/v2\/media\/32370"}],"wp:attachment":[{"href":"https:\/\/infinityweeb.com\/ar\/wp-json\/wp\/v2\/media?parent=32369"}],"wp:term":[{"taxonomy":"product_brand","embeddable":true,"href":"https:\/\/infinityweeb.com\/ar\/wp-json\/wp\/v2\/product_brand?post=32369"},{"taxonomy":"product_cat","embeddable":true,"href":"https:\/\/infinityweeb.com\/ar\/wp-json\/wp\/v2\/product_cat?post=32369"},{"taxonomy":"product_tag","embeddable":true,"href":"https:\/\/infinityweeb.com\/ar\/wp-json\/wp\/v2\/product_tag?post=32369"}],"curies":[{"name":"wp","href":"https:\/\/api.w.org\/{rel}","templated":true}]}}