{"id":32565,"date":"2026-01-21T13:53:04","date_gmt":"2026-01-21T12:53:04","guid":{"rendered":"https:\/\/infinityweeb.com\/shop\/havit-kb877l-clavier-de-jeu-mecanique-a-membrane-61-touches-retroeclairees-rvb-avec-touches-multimedia-usb-c-filaire-transparent\/"},"modified":"2026-01-29T13:04:58","modified_gmt":"2026-01-29T12:04:58","slug":"havit-kb877l-clavier-jeu-mecanique-membrane-61-touches-retroeclairees-rvb","status":"publish","type":"product","link":"https:\/\/infinityweeb.com\/ar\/shop\/havit-kb877l-clavier-jeu-mecanique-membrane-61-touches-retroeclairees-rvb\/","title":{"rendered":"Havit KB877L Clavier de jeu m\u00e9canique \u00e0 membrane &#8211; 61 touches r\u00e9tro\u00e9clair\u00e9es RVB avec touches multim\u00e9dia, USB-C filaire transparent"},"content":{"rendered":"<ul>\n<li>Disposition compacte 61 touches \u2013 Profitez d&rsquo;un design \u00e9conomiseur d&rsquo;espace avec un clavier ultra-compact de 61 touches, id\u00e9al pour les jeux et les configurations minimalistes.<\/li>\n<li>Eclairage RGB vibrant \u2013 Pr\u00e9sente un \u00e9clairage LED RGB personnalisable avec plusieurs modes de couleur et de niveaux de luminosit\u00e9 pour une exp\u00e9rience de jeu immersive.<\/li>\n<li>Conception ergonomique et durable \u2013 Con\u00e7u avec une hauteur de touche ergonomique et une construction durable, r\u00e9duisant la fatigue et assurant des performances durables.<\/li>\n<li>Compatibilit\u00e9 \u00e9tendue \u2013 Fonctionne de mani\u00e8re transparente avec les PC, les ordinateurs portables et les Mac, offrant une exp\u00e9rience plug-and-play sans logiciel suppl\u00e9mentaire requis.<\/li>\n<\/ul>\n<p><!-- show up to 2 reviews by default --><\/p>\n<p>Immergez-vous dans l&rsquo;exp\u00e9rience de jeu ultime avec le clavier de jeu Havit KB877L. Sa conception compacte 61 touches s&rsquo;int\u00e8gre parfaitement dans n&rsquo;importe quel bureau, enrichie de touches multim\u00e9dia pour un contr\u00f4le de volume et une lecture de musique en toute transparence. L&rsquo;\u00e9clairage RGB vibrant offre 19 effets pour personnaliser votre configuration, ajoutant une touche unique \u00e0 votre station de jeu. Profitez d&rsquo;un contr\u00f4le pr\u00e9cis avec la fonction de rotation sur les 61 touches, garantissant que chaque commande est enregistr\u00e9e avec pr\u00e9cision lors de parties de jeu intenses. Avec une connexion USB-C fiable et une construction durable de 8 millions de clics, le KB877L combine le confort, la fonctionnalit\u00e9 et le style pour les joueurs qui recherchent des performances et une fiabilit\u00e9 sup\u00e9rieures.<\/p>","protected":false},"excerpt":{"rendered":"<p>Disposition compacte 61 touches \u2013 Profitez d&rsquo;un design \u00e9conomiseur d&rsquo;espace avec un clavier ultra-compact de 61 touches, id\u00e9al pour les<\/p>","protected":false},"featured_media":32566,"comment_status":"open","ping_status":"closed","template":"","meta":[],"product_brand":[911],"product_cat":[300,319],"product_tag":[],"class_list":{"0":"post-32565","1":"product","2":"type-product","3":"status-publish","4":"has-post-thumbnail","6":"product_brand-havit","7":"product_cat-claviers-souris","8":"product_cat-claviers-souris-gaming","10":"first","11":"outofstock","12":"shipping-taxable","13":"product-type-simple"},"jetpack_sharing_enabled":true,"_links":{"self":[{"href":"https:\/\/infinityweeb.com\/ar\/wp-json\/wp\/v2\/product\/32565","targetHints":{"allow":["GET"]}}],"collection":[{"href":"https:\/\/infinityweeb.com\/ar\/wp-json\/wp\/v2\/product"}],"about":[{"href":"https:\/\/infinityweeb.com\/ar\/wp-json\/wp\/v2\/types\/product"}],"replies":[{"embeddable":true,"href":"https:\/\/infinityweeb.com\/ar\/wp-json\/wp\/v2\/comments?post=32565"}],"version-history":[{"count":1,"href":"https:\/\/infinityweeb.com\/ar\/wp-json\/wp\/v2\/product\/32565\/revisions"}],"predecessor-version":[{"id":32573,"href":"https:\/\/infinityweeb.com\/ar\/wp-json\/wp\/v2\/product\/32565\/revisions\/32573"}],"wp:featuredmedia":[{"embeddable":true,"href":"https:\/\/infinityweeb.com\/ar\/wp-json\/wp\/v2\/media\/32566"}],"wp:attachment":[{"href":"https:\/\/infinityweeb.com\/ar\/wp-json\/wp\/v2\/media?parent=32565"}],"wp:term":[{"taxonomy":"product_brand","embeddable":true,"href":"https:\/\/infinityweeb.com\/ar\/wp-json\/wp\/v2\/product_brand?post=32565"},{"taxonomy":"product_cat","embeddable":true,"href":"https:\/\/infinityweeb.com\/ar\/wp-json\/wp\/v2\/product_cat?post=32565"},{"taxonomy":"product_tag","embeddable":true,"href":"https:\/\/infinityweeb.com\/ar\/wp-json\/wp\/v2\/product_tag?post=32565"}],"curies":[{"name":"wp","href":"https:\/\/api.w.org\/{rel}","templated":true}]}}