{"id":32579,"date":"2026-01-21T14:14:49","date_gmt":"2026-01-21T13:14:49","guid":{"rendered":"https:\/\/infinityweeb.com\/shop\/anker-soundcore-ecouteur-sans-fil-r50i-avec-big-bass-bluetooth-5-3-etanche-ipx5\/"},"modified":"2026-01-27T13:27:58","modified_gmt":"2026-01-27T12:27:58","slug":"anker-soundcore-ecouteur-sans-fil-r50i-big-bass-bluetooth-etanche-ipx5","status":"publish","type":"product","link":"https:\/\/infinityweeb.com\/ar\/shop\/anker-soundcore-ecouteur-sans-fil-r50i-big-bass-bluetooth-etanche-ipx5\/","title":{"rendered":"Anker Soundcore \u00e9couteur sans fil R50i avec Big Bass Bluetooth 5.3 \u00e9tanche IPX5"},"content":{"rendered":"<ul>\n<li>Gros pilotes de 10 mm : Les pilotes produisent un son puissant avec des basses percutantes.<\/li>\n<li>22 \u00e9galiseurs pr\u00e9d\u00e9finis\u00a0: choisissez la mani\u00e8re dont vous souhaitez entendre votre musique dans l\u2019application Soundcore.<\/li>\n<li>Ajustement ergonomique et l\u00e9ger\u00a0: les petits \u00e9couteurs sont l\u00e9gers et confortables pour les longues sessions d\u2019\u00e9coute. Ils tiennent dans un petit \u00e9tui avec un cordon qui peut \u00eatre rang\u00e9 et transport\u00e9 facilement.<\/li>\n<li>Autonomie toute la journ\u00e9e\u00a0: obtenez 10 heures d\u2019autonomie avec une seule charge et restez aliment\u00e9 pendant 30 heures au total avec le bo\u00eetier.<br \/>Appels AI-Clear\u00a0: 2 micros et le traitement AI garantissent que votre voix est entendue avec une clart\u00e9 cristalline.<\/li>\n<li>Charge rapide : une charge rapide de 10 minutes donne \u00e0 vos \u00e9couteurs 2 heures suppl\u00e9mentaires de lecture.<\/li>\n<li>R\u00e9sistant \u00e0 l\u2019eau IPX5 : les v\u00e9ritables \u00e9couteurs sans fil Soundcore R50i sont prot\u00e9g\u00e9s des \u00e9claboussures d\u2019eau, vous pouvez donc les porter \u00e0 l\u2019ext\u00e9rieur, m\u00eame lorsqu\u2019il pleut. *Remarque\u00a0: l\u2019indice de r\u00e9sistance \u00e0 l\u2019eau s\u2019applique aux \u00e9couteurs, pas \u00e0 l\u2019\u00e9tui de chargement.<\/li>\n<li>Appairage instantan\u00e9\u00a0: lors de la premi\u00e8re utilisation, ouvrez l\u2019\u00e9tui de chargement, retirez les v\u00e9ritables \u00e9couteurs sans fil Soundcore R50i et ils entreront en mode d\u2019appairage. D\u00e8s lors, les \u00e9couteurs se connecteront au dernier appareil coupl\u00e9 \u00e0 chaque fois que vous les utiliserez.<\/li>\n<li>Mode \u00e9couteur unique\u00a0: laissez une oreille libre pour entendre votre environnement pendant que vous \u00e9coutez de l\u2019audio avec l\u2019autre. Un \u00e9couteur solo peut lire de l\u2019audio, tandis que l\u2019autre est dans l\u2019\u00e9tui.<\/li>\n<li><strong><span id=\"tl_14\">Le paquet comprend:<\/span><\/strong><\/li>\n<li>Ecouteur R50i<\/li>\n<li>\u00a0Un boitier<\/li>\n<li>Diff\u00e9rente type de tip (oreillette)<\/li>\n<li>Cable de recharge<\/li>\n<\/ul>\n<p><img decoding=\"async\" class=\"aligncenter wp-image-253929 size-full\" src=\"https:\/\/new.letshop.dz\/wp-content\/uploads\/2024\/01\/672568ee-146b-4a30-93ea-0de8faa17663.png\" sizes=\"(max-width: 970px) 100vw, 970px\" srcset=\"https:\/\/www.letshop.dz\/wp-content\/uploads\/2024\/01\/672568ee-146b-4a30-93ea-0de8faa17663.png 970w, https:\/\/www.letshop.dz\/wp-content\/uploads\/2024\/01\/672568ee-146b-4a30-93ea-0de8faa17663-300x201.png 300w, https:\/\/www.letshop.dz\/wp-content\/uploads\/2024\/01\/672568ee-146b-4a30-93ea-0de8faa17663-768x514.png 768w, https:\/\/www.letshop.dz\/wp-content\/uploads\/2024\/01\/672568ee-146b-4a30-93ea-0de8faa17663-600x401.png 600w\" alt=\"\" width=\"970\" height=\"649\" \/><img decoding=\"async\" class=\"aligncenter wp-image-253930 size-full\" src=\"https:\/\/new.letshop.dz\/wp-content\/uploads\/2024\/01\/738a8ae7-5480-40ea-bc3f-8fb4c21e372f.png\" sizes=\"(max-width: 1280px) 100vw, 1280px\" srcset=\"https:\/\/www.letshop.dz\/wp-content\/uploads\/2024\/01\/738a8ae7-5480-40ea-bc3f-8fb4c21e372f.png 1280w, https:\/\/www.letshop.dz\/wp-content\/uploads\/2024\/01\/738a8ae7-5480-40ea-bc3f-8fb4c21e372f-300x300.png 300w, https:\/\/www.letshop.dz\/wp-content\/uploads\/2024\/01\/738a8ae7-5480-40ea-bc3f-8fb4c21e372f-1024x1024.png 1024w, https:\/\/www.letshop.dz\/wp-content\/uploads\/2024\/01\/738a8ae7-5480-40ea-bc3f-8fb4c21e372f-150x150.png 150w, https:\/\/www.letshop.dz\/wp-content\/uploads\/2024\/01\/738a8ae7-5480-40ea-bc3f-8fb4c21e372f-768x768.png 768w, https:\/\/www.letshop.dz\/wp-content\/uploads\/2024\/01\/738a8ae7-5480-40ea-bc3f-8fb4c21e372f-600x600.png 600w, https:\/\/www.letshop.dz\/wp-content\/uploads\/2024\/01\/738a8ae7-5480-40ea-bc3f-8fb4c21e372f-100x100.png 100w, https:\/\/www.letshop.dz\/wp-content\/uploads\/2024\/01\/738a8ae7-5480-40ea-bc3f-8fb4c21e372f-32x32.png 32w\" alt=\"\" width=\"1280\" height=\"1280\" \/><img decoding=\"async\" class=\"aligncenter wp-image-253931 size-full\" src=\"https:\/\/new.letshop.dz\/wp-content\/uploads\/2024\/01\/845311df-47b2-4aa8-9ca6-02eaddadd6ca.png\" sizes=\"(max-width: 1280px) 100vw, 1280px\" srcset=\"https:\/\/www.letshop.dz\/wp-content\/uploads\/2024\/01\/845311df-47b2-4aa8-9ca6-02eaddadd6ca.png 1280w, https:\/\/www.letshop.dz\/wp-content\/uploads\/2024\/01\/845311df-47b2-4aa8-9ca6-02eaddadd6ca-300x300.png 300w, https:\/\/www.letshop.dz\/wp-content\/uploads\/2024\/01\/845311df-47b2-4aa8-9ca6-02eaddadd6ca-1024x1024.png 1024w, https:\/\/www.letshop.dz\/wp-content\/uploads\/2024\/01\/845311df-47b2-4aa8-9ca6-02eaddadd6ca-150x150.png 150w, https:\/\/www.letshop.dz\/wp-content\/uploads\/2024\/01\/845311df-47b2-4aa8-9ca6-02eaddadd6ca-768x768.png 768w, https:\/\/www.letshop.dz\/wp-content\/uploads\/2024\/01\/845311df-47b2-4aa8-9ca6-02eaddadd6ca-600x600.png 600w, https:\/\/www.letshop.dz\/wp-content\/uploads\/2024\/01\/845311df-47b2-4aa8-9ca6-02eaddadd6ca-100x100.png 100w, https:\/\/www.letshop.dz\/wp-content\/uploads\/2024\/01\/845311df-47b2-4aa8-9ca6-02eaddadd6ca-32x32.png 32w\" alt=\"\" width=\"1280\" height=\"1280\" \/><img decoding=\"async\" class=\"aligncenter wp-image-253928 size-full\" src=\"https:\/\/new.letshop.dz\/wp-content\/uploads\/2024\/01\/51oPZ9vMiAL._AC_SL1500_.jpg\" sizes=\"(max-width: 1033px) 100vw, 1033px\" srcset=\"https:\/\/www.letshop.dz\/wp-content\/uploads\/2024\/01\/51oPZ9vMiAL._AC_SL1500_.jpg 1033w, https:\/\/www.letshop.dz\/wp-content\/uploads\/2024\/01\/51oPZ9vMiAL._AC_SL1500_-250x300.jpg 250w, https:\/\/www.letshop.dz\/wp-content\/uploads\/2024\/01\/51oPZ9vMiAL._AC_SL1500_-852x1024.jpg 852w, https:\/\/www.letshop.dz\/wp-content\/uploads\/2024\/01\/51oPZ9vMiAL._AC_SL1500_-768x923.jpg 768w, https:\/\/www.letshop.dz\/wp-content\/uploads\/2024\/01\/51oPZ9vMiAL._AC_SL1500_-600x721.jpg 600w\" alt=\"\" width=\"1033\" height=\"1241\" \/><\/p>","protected":false},"excerpt":{"rendered":"<p>Gros pilotes de 10 mm : Les pilotes produisent un son puissant avec des basses percutantes. 22 \u00e9galiseurs pr\u00e9d\u00e9finis\u00a0: choisissez<\/p>","protected":false},"featured_media":32580,"comment_status":"open","ping_status":"closed","template":"","meta":[],"product_brand":[847],"product_cat":[329],"product_tag":[],"class_list":{"0":"post-32579","1":"product","2":"type-product","3":"status-publish","4":"has-post-thumbnail","6":"product_brand-anker","7":"product_cat-casques-ecouteurs","9":"first","10":"instock","11":"sale","12":"shipping-taxable","13":"purchasable","14":"product-type-simple"},"jetpack_sharing_enabled":true,"_links":{"self":[{"href":"https:\/\/infinityweeb.com\/ar\/wp-json\/wp\/v2\/product\/32579","targetHints":{"allow":["GET"]}}],"collection":[{"href":"https:\/\/infinityweeb.com\/ar\/wp-json\/wp\/v2\/product"}],"about":[{"href":"https:\/\/infinityweeb.com\/ar\/wp-json\/wp\/v2\/types\/product"}],"replies":[{"embeddable":true,"href":"https:\/\/infinityweeb.com\/ar\/wp-json\/wp\/v2\/comments?post=32579"}],"version-history":[{"count":1,"href":"https:\/\/infinityweeb.com\/ar\/wp-json\/wp\/v2\/product\/32579\/revisions"}],"predecessor-version":[{"id":32586,"href":"https:\/\/infinityweeb.com\/ar\/wp-json\/wp\/v2\/product\/32579\/revisions\/32586"}],"wp:featuredmedia":[{"embeddable":true,"href":"https:\/\/infinityweeb.com\/ar\/wp-json\/wp\/v2\/media\/32580"}],"wp:attachment":[{"href":"https:\/\/infinityweeb.com\/ar\/wp-json\/wp\/v2\/media?parent=32579"}],"wp:term":[{"taxonomy":"product_brand","embeddable":true,"href":"https:\/\/infinityweeb.com\/ar\/wp-json\/wp\/v2\/product_brand?post=32579"},{"taxonomy":"product_cat","embeddable":true,"href":"https:\/\/infinityweeb.com\/ar\/wp-json\/wp\/v2\/product_cat?post=32579"},{"taxonomy":"product_tag","embeddable":true,"href":"https:\/\/infinityweeb.com\/ar\/wp-json\/wp\/v2\/product_tag?post=32579"}],"curies":[{"name":"wp","href":"https:\/\/api.w.org\/{rel}","templated":true}]}}