{"id":32600,"date":"2026-01-22T09:55:46","date_gmt":"2026-01-22T08:55:46","guid":{"rendered":"https:\/\/infinityweeb.com\/shop\/lalimentation-gamemax-vp800-rgb-80plus-bronze-800w\/"},"modified":"2026-01-27T13:29:57","modified_gmt":"2026-01-27T12:29:57","slug":"lalimentation-gamemax-vp800-rgb-80plus-bronze-800w","status":"publish","type":"product","link":"https:\/\/infinityweeb.com\/ar\/shop\/lalimentation-gamemax-vp800-rgb-80plus-bronze-800w\/","title":{"rendered":"L&rsquo;alimentation GAMEMAX VP800 RGB 80PLUS BRONZE 800W"},"content":{"rendered":"<p>L&rsquo;alimentation GAMEMAX VP800 RGB 80PLUS BRONZE 800W offre des performances et un rapport qualit\u00e9-prix incroyable<\/p>\n<p><span dir=\"auto\">La certification 80Plus r\u00e9pond aux exigences de haute efficacit\u00e9 et reste tr\u00e8s populaire pour les configurations d&rsquo;ordinateurs.<\/span><br \/><span dir=\"auto\">\u2022<\/span><span dir=\"auto\">La gamme GameMax VP RGB poss\u00e8de d&rsquo;excellentes caract\u00e9ristiques qui en font un bon choix pour ceux qui recherchent une alimentation efficace, fiable et d&rsquo;un bon rapport qualit\u00e9-prix.<\/span><br \/><span dir=\"auto\">\u2022<\/span><span dir=\"auto\">Le meilleur choix pour un int\u00e9grateur de syst\u00e8mes est celui qui offre le rapport co\u00fbt-performance le plus adapt\u00e9.<\/span><br \/><span dir=\"auto\">\u2022<\/span><span dir=\"auto\">\u00c9clairage LED RGB pour illuminer votre syst\u00e8me avec style<\/span><br \/><span dir=\"auto\">\u2022<\/span><span dir=\"auto\">Donnez vie \u00e0 votre syst\u00e8me gr\u00e2ce \u00e0 des effets lumineux uniques int\u00e9gr\u00e9s, sans n\u00e9cessiter de contr\u00f4le suppl\u00e9mentaire.<\/span><\/p>\n<p><img decoding=\"async\" class=\"image-container lazyload\" src=\"https:\/\/gamemaxpc.com\/static\/upload\/image\/20250716\/1752650292123782.jpg\" \/><\/p>\n<p><img decoding=\"async\" class=\"image-container lazyload\" src=\"https:\/\/gamemaxpc.com\/static\/upload\/image\/20250716\/1752650292164083.jpg\" \/><\/p>\n<p><img decoding=\"async\" class=\"image-container lazyload\" src=\"https:\/\/gamemaxpc.com\/static\/upload\/image\/20250716\/1752650292855324.jpg\" \/><\/p>\n<p><img decoding=\"async\" class=\"image-container lazyload\" src=\"https:\/\/gamemaxpc.com\/static\/upload\/image\/20250716\/1752650293167009.jpg\" \/><\/p>\n<p><img decoding=\"async\" class=\"image-container lazyload\" src=\"https:\/\/gamemaxpc.com\/static\/upload\/image\/20250716\/1752650293988110.jpg\" \/><\/p>\n<p><img decoding=\"async\" class=\"image-container lazyload\" src=\"https:\/\/gamemaxpc.com\/static\/upload\/image\/20250716\/1752650293183338.jpg\" \/><\/p>\n<p><img decoding=\"async\" class=\"image-container lazyload\" src=\"https:\/\/gamemaxpc.com\/static\/upload\/image\/20250716\/1752650293201778.jpg\" \/><\/p>\n<p><img decoding=\"async\" class=\"image-container lazyload\" src=\"https:\/\/gamemaxpc.com\/static\/upload\/image\/20250716\/1752650293166260.jpg\" \/><\/p>\n<p><img decoding=\"async\" class=\"image-container lazyload\" src=\"https:\/\/gamemaxpc.com\/static\/upload\/image\/20250716\/1752650293173590.jpg\" \/><\/p>\n<p><img decoding=\"async\" class=\"image-container lazyload\" src=\"https:\/\/gamemaxpc.com\/static\/upload\/image\/20250716\/1752650293727339.jpg\" \/><\/p>\n<p><img decoding=\"async\" class=\"image-container lazyload\" src=\"https:\/\/gamemaxpc.com\/static\/upload\/image\/20250716\/1752650293177697.jpg\" \/><\/p>\n<p><img decoding=\"async\" class=\"image-container lazyload\" src=\"https:\/\/gamemaxpc.com\/static\/upload\/image\/20250716\/1752650293343829.jpg\" \/><\/p>\n<p><img decoding=\"async\" class=\"image-container lazyload\" src=\"https:\/\/gamemaxpc.com\/static\/upload\/image\/20250716\/1752650294174471.jpg\" \/><\/p>\n<p><img decoding=\"async\" class=\"image-container lazyload\" src=\"https:\/\/gamemaxpc.com\/static\/upload\/image\/20250716\/1752650294109532.jpg\" \/><\/p>","protected":false},"excerpt":{"rendered":"<p>L&rsquo;alimentation GAMEMAX VP800 RGB 80PLUS BRONZE 800W offre des performances et un rapport qualit\u00e9-prix incroyable La certification 80Plus r\u00e9pond aux<\/p>","protected":false},"featured_media":32602,"comment_status":"open","ping_status":"closed","template":"","meta":[],"product_brand":[1072],"product_cat":[296],"product_tag":[],"class_list":{"0":"post-32600","1":"product","2":"type-product","3":"status-publish","4":"has-post-thumbnail","6":"product_brand-gamemax","7":"product_cat-alimentations-pc-psu","9":"first","10":"instock","11":"sale","12":"shipping-taxable","13":"purchasable","14":"product-type-simple"},"jetpack_sharing_enabled":true,"_links":{"self":[{"href":"https:\/\/infinityweeb.com\/ar\/wp-json\/wp\/v2\/product\/32600","targetHints":{"allow":["GET"]}}],"collection":[{"href":"https:\/\/infinityweeb.com\/ar\/wp-json\/wp\/v2\/product"}],"about":[{"href":"https:\/\/infinityweeb.com\/ar\/wp-json\/wp\/v2\/types\/product"}],"replies":[{"embeddable":true,"href":"https:\/\/infinityweeb.com\/ar\/wp-json\/wp\/v2\/comments?post=32600"}],"version-history":[{"count":0,"href":"https:\/\/infinityweeb.com\/ar\/wp-json\/wp\/v2\/product\/32600\/revisions"}],"wp:featuredmedia":[{"embeddable":true,"href":"https:\/\/infinityweeb.com\/ar\/wp-json\/wp\/v2\/media\/32602"}],"wp:attachment":[{"href":"https:\/\/infinityweeb.com\/ar\/wp-json\/wp\/v2\/media?parent=32600"}],"wp:term":[{"taxonomy":"product_brand","embeddable":true,"href":"https:\/\/infinityweeb.com\/ar\/wp-json\/wp\/v2\/product_brand?post=32600"},{"taxonomy":"product_cat","embeddable":true,"href":"https:\/\/infinityweeb.com\/ar\/wp-json\/wp\/v2\/product_cat?post=32600"},{"taxonomy":"product_tag","embeddable":true,"href":"https:\/\/infinityweeb.com\/ar\/wp-json\/wp\/v2\/product_tag?post=32600"}],"curies":[{"name":"wp","href":"https:\/\/api.w.org\/{rel}","templated":true}]}}