{"id":32603,"date":"2026-01-22T10:03:19","date_gmt":"2026-01-22T09:03:19","guid":{"rendered":"https:\/\/infinityweeb.com\/shop\/alimentation-gamemax-ge700-700w\/"},"modified":"2026-01-27T13:31:08","modified_gmt":"2026-01-27T12:31:08","slug":"alimentation-gamemax-ge700-700w","status":"publish","type":"product","link":"https:\/\/infinityweeb.com\/ar\/shop\/alimentation-gamemax-ge700-700w\/","title":{"rendered":"Alimentation GAMEMAX GE700 700W"},"content":{"rendered":"<p>Les alimentations de la gamme GameMax ECO Gamer sont un excellent choix si vous construisez un syst\u00e8me domestique ou de bureau en tant que mod\u00e8le grand public<\/p>\n<h2>GAMEMAX GE700<\/h2>\n<p>Les\u00a0<strong>alimentations<\/strong>de la gamme\u00a0<strong>GameMax<\/strong>\u00a0ECO Gamer sont un excellent choix si vous construisez un syst\u00e8me domestique ou de bureau en tant que mod\u00e8le grand public<br \/>\u2022\u00a0APFC, 80 % d\u2019efficacit\u00e9 pour les \u00e9conomies d\u2019\u00e9nergie et un seul rail +12 V pour une consommation d\u2019\u00e9nergie CPU\/GPU extr\u00eame<br \/>\u2022\u00a0Une bonne qualit\u00e9 CC avec une ondulation et un bruit inf\u00e9rieurs et des fonctions enti\u00e8rement prot\u00e9g\u00e9es sont utilis\u00e9es pour prot\u00e9ger vos composants dans le syst\u00e8me.<\/p>\n<h2><strong>Caract\u00e9ristiques principales<\/strong><\/h2>\n<ul class=\"list-paddingleft-2\">\n<li>Bo\u00eetier d\u2019alimentation noir \u00e9l\u00e9gant avec c\u00e2bles enti\u00e8rement en maille noire<\/li>\n<li>ATX12V Ver.2.30 compatible avec ATX12V Ver.2.31<\/li>\n<li>Bloc d\u2019alimentation \u00e0 haut rendement, 80+ APFC, jusqu\u2019\u00e0 85 % d\u2019efficacit\u00e9<\/li>\n<li>Rail unique 12 V pour une compatibilit\u00e9 \u00e9lev\u00e9e et une sortie de courant extr\u00eamement \u00e9lev\u00e9e<\/li>\n<li>Les broches 20 + 4 et 4 + 4 plus longues jusqu\u2019\u00e0 550 mm sont faciles \u00e0 installer dans un ch\u00e2ssis tour haut de gamme<\/li>\n<li>Ventilateur silencieux noir de 12 cm avec circuit de contr\u00f4le intelligent de la vitesse du ventilateur thermique<\/li>\n<li>Fonctions de protection compl\u00e8tes avec OVP \/ UVP \/ OPP \/ SCP \/ SIP \/ OCP<\/li>\n<li>S\u00e9curit\u00e9 et CEM certifi\u00e9es par CE<\/li>\n<li>Respectueux de l\u2019environnement par les directives RoHS et Erp 2013<\/li>\n<\/ul>","protected":false},"excerpt":{"rendered":"<p>Les alimentations de la gamme GameMax ECO Gamer sont un excellent choix si vous construisez un syst\u00e8me domestique ou de<\/p>","protected":false},"featured_media":32604,"comment_status":"open","ping_status":"closed","template":"","meta":[],"product_brand":[1072],"product_cat":[296],"product_tag":[],"class_list":{"0":"post-32603","1":"product","2":"type-product","3":"status-publish","4":"has-post-thumbnail","6":"product_brand-gamemax","7":"product_cat-alimentations-pc-psu","9":"first","10":"instock","11":"sale","12":"shipping-taxable","13":"purchasable","14":"product-type-simple"},"jetpack_sharing_enabled":true,"_links":{"self":[{"href":"https:\/\/infinityweeb.com\/ar\/wp-json\/wp\/v2\/product\/32603","targetHints":{"allow":["GET"]}}],"collection":[{"href":"https:\/\/infinityweeb.com\/ar\/wp-json\/wp\/v2\/product"}],"about":[{"href":"https:\/\/infinityweeb.com\/ar\/wp-json\/wp\/v2\/types\/product"}],"replies":[{"embeddable":true,"href":"https:\/\/infinityweeb.com\/ar\/wp-json\/wp\/v2\/comments?post=32603"}],"version-history":[{"count":0,"href":"https:\/\/infinityweeb.com\/ar\/wp-json\/wp\/v2\/product\/32603\/revisions"}],"wp:featuredmedia":[{"embeddable":true,"href":"https:\/\/infinityweeb.com\/ar\/wp-json\/wp\/v2\/media\/32604"}],"wp:attachment":[{"href":"https:\/\/infinityweeb.com\/ar\/wp-json\/wp\/v2\/media?parent=32603"}],"wp:term":[{"taxonomy":"product_brand","embeddable":true,"href":"https:\/\/infinityweeb.com\/ar\/wp-json\/wp\/v2\/product_brand?post=32603"},{"taxonomy":"product_cat","embeddable":true,"href":"https:\/\/infinityweeb.com\/ar\/wp-json\/wp\/v2\/product_cat?post=32603"},{"taxonomy":"product_tag","embeddable":true,"href":"https:\/\/infinityweeb.com\/ar\/wp-json\/wp\/v2\/product_tag?post=32603"}],"curies":[{"name":"wp","href":"https:\/\/api.w.org\/{rel}","templated":true}]}}