{"id":29508,"date":"2025-11-05T14:23:49","date_gmt":"2025-11-05T13:23:49","guid":{"rendered":"https:\/\/infinityweeb.com\/shop\/hoco-ew79-anc-reduction-du-bruit-bluetooth-5-4-boitier-led-tactile\/"},"modified":"2026-01-27T14:31:45","modified_gmt":"2026-01-27T13:31:45","slug":"hoco-ew79-anc-reduction-du-bruit-bluetooth-5-4-boitier-led-tactile","status":"publish","type":"product","link":"https:\/\/infinityweeb.com\/en\/shop\/hoco-ew79-anc-reduction-du-bruit-bluetooth-5-4-boitier-led-tactile\/","title":{"rendered":"HOCO EW79 ANC r\u00e9duction du bruit Bluetooth 5.4 Bo\u00eetier LED tactile."},"content":{"rendered":"<div class=\"product-specs-list-container\">\n<ul class=\"product-specs-list util-clearfix\">\n<li class=\"product-prop line-limit-length\"><span\n                                        class=\"property-title\">Produit chimique \u00e0 haute pr\u00e9occupation:&nbsp;<\/span><span\n                                        class=\"property-desc line-limit-length\">Aucun<\/span>\n                            <\/li>\n<li class=\"product-prop line-limit-length\"><span\n                                        class=\"property-title\">Mat\u00e9riau:&nbsp;<\/span><span\n                                        class=\"property-desc line-limit-length\">ABS<\/span>\n                            <\/li>\n<li class=\"product-prop line-limit-length\"><span\n                                        class=\"property-title\">Poids [g]:&nbsp;<\/span><span\n                                        class=\"property-desc line-limit-length\">66.2<\/span>\n                            <\/li>\n<li class=\"product-prop line-limit-length\"><span\n                                        class=\"property-title\">Capacit\u00e9 de la batterie [mAh]:&nbsp;<\/span><span\n                                        class=\"property-desc line-limit-length\">350<\/span>\n                            <\/li>\n<li class=\"product-prop line-limit-length\"><span\n                                        class=\"property-title\">Vie de la batterie jusqu&rsquo;\u00e0 [heures]:&nbsp;<\/span><span\n                                        class=\"property-desc line-limit-length\">4<\/span>\n                            <\/li>\n<li class=\"product-prop line-limit-length\"><span\n                                        class=\"property-title\">Port\u00e9e maximale sans fil [m]:&nbsp;<\/span><span\n                                        class=\"property-desc line-limit-length\">10m-20m<\/span>\n                            <\/li>\n<li class=\"product-prop line-limit-length\"><span\n                                        class=\"property-title\">Isolation sonore:&nbsp;<\/span><span\n                                        class=\"property-desc line-limit-length\">Oui<\/span>\n                            <\/li>\n<li class=\"product-prop line-limit-length\"><span\n                                        class=\"property-title\">Cat\u00e9gorie:&nbsp;<\/span><span\n                                        class=\"property-desc line-limit-length\">\u00c9couteurs et \u00e9couteurs<\/span>\n                            <\/li>\n<li class=\"product-prop line-limit-length\"><span\n                                        class=\"property-title\">Type d\u2019oreillettes:&nbsp;<\/span><span\n                                        class=\"property-desc line-limit-length\">SCELL\u00c9<\/span>\n                            <\/li>\n<li class=\"product-prop line-limit-length\"><span\n                                        class=\"property-title\">Nombre de conducteurs:&nbsp;<\/span><span\n                                        class=\"property-desc line-limit-length\">2<\/span>\n                            <\/li>\n<li class=\"product-prop line-limit-length\"><span\n                                        class=\"property-title\">M\u00e9thode de charge:&nbsp;<\/span><span\n                                        class=\"property-desc line-limit-length\">CABLE<\/span>\n                            <\/li>\n<li class=\"product-prop line-limit-length\"><span\n                                        class=\"property-title\">Mat\u00e9riel des oreillettes:&nbsp;<\/span><span\n                                        class=\"property-desc line-limit-length\">Silicone<\/span>\n                            <\/li>\n<li class=\"product-prop line-limit-length\"><span\n                                        class=\"property-title\">Gamme d\u2019imp\u00e9dance:&nbsp;<\/span><span\n                                        class=\"property-desc line-limit-length\">jusqu\u2019\u00e0 32 \u03a9<\/span>\n                            <\/li>\n<li class=\"product-prop line-limit-length\"><span\n                                        class=\"property-title\">Liste des paquets:&nbsp;<\/span><span\n                                        class=\"property-desc line-limit-length\">Manuel d&rsquo;utilisation,\u00c9tui de recharge,Charging Cable<\/span>\n                            <\/li>\n<li class=\"product-prop line-limit-length\"><span\n                                        class=\"property-title\">Caract\u00e9ristiques:&nbsp;<\/span><span\n                                        class=\"property-desc line-limit-length\">avec microphone,Supporte Apple Siri,Annulation active du bruit<\/span>\n                            <\/li>\n<li class=\"product-prop line-limit-length\"><span\n                                        class=\"property-title\">Avec microphone:&nbsp;<\/span><span\n                                        class=\"property-desc line-limit-length\">Oui<\/span>\n                            <\/li>\n<li class=\"product-prop line-limit-length\"><span\n                                        class=\"property-title\">Est sans fil:&nbsp;<\/span><span\n                                        class=\"property-desc line-limit-length\">Oui<\/span>\n                            <\/li>\n<li class=\"product-prop line-limit-length\"><span\n                                        class=\"property-title\">Soutien APP:&nbsp;<\/span><span\n                                        class=\"property-desc line-limit-length\">Oui<\/span>\n                            <\/li>\n<li class=\"product-prop line-limit-length\"><span\n                                        class=\"property-title\">Plage de r\u00e9ponse de fr\u00e9quence:&nbsp;<\/span><span\n                                        class=\"property-desc line-limit-length\">20 &#8211; 20000<\/span>\n                            <\/li>\n<li class=\"product-prop line-limit-length\"><span\n                                        class=\"property-title\">Type de prise:&nbsp;<\/span><span\n                                        class=\"property-desc line-limit-length\">Type de ligne<\/span>\n                            <\/li>\n<li class=\"product-prop line-limit-length\"><span\n                                        class=\"property-title\">Fonction:&nbsp;<\/span><span\n                                        class=\"property-desc line-limit-length\">Pour Internet Bar,Casque de moniteur,Pour le jeu vid\u00e9o,Pour voler,Casque commun,Pour la chasse et tir,pour t\u00e9l\u00e9phone mobile,Pour Powersports,Casque HiFi,Sport,Pour ext\u00e9rieur<\/span>\n                            <\/li>\n<li class=\"product-prop line-limit-length\"><span\n                                        class=\"property-title\">Annulation active du bruit:&nbsp;<\/span><span\n                                        class=\"property-desc line-limit-length\">Oui<\/span>\n                            <\/li>\n<li class=\"product-prop line-limit-length\"><span\n                                        class=\"property-title\">Contr\u00f4le de Volume:&nbsp;<\/span><span\n                                        class=\"property-desc line-limit-length\">Oui<\/span>\n                            <\/li>\n<li class=\"product-prop line-limit-length\"><span\n                                        class=\"property-title\">Bouton de contr\u00f4le:&nbsp;<\/span><span\n                                        class=\"property-desc line-limit-length\">Non<\/span>\n                            <\/li>\n<li class=\"product-prop line-limit-length\"><span\n                                        class=\"property-title\">Principe du Vocalisme:&nbsp;<\/span><span\n                                        class=\"property-desc line-limit-length\">Dynamique<\/span>\n                            <\/li>\n<li class=\"product-prop line-limit-length\"><span\n                                        class=\"property-title\">Type sans fil:&nbsp;<\/span><span\n                                        class=\"property-desc line-limit-length\">Bluetooth<\/span>\n                            <\/li>\n<li class=\"product-prop line-limit-length\"><span\n                                        class=\"property-title\">Connecteurs:&nbsp;<\/span><span\n                                        class=\"property-desc line-limit-length\">Type c<\/span>\n                            <\/li>\n<li class=\"product-prop line-limit-length\"><span\n                                        class=\"property-title\">Communication:&nbsp;<\/span><span\n                                        class=\"property-desc line-limit-length\">v\u00e9ritable sans fil<\/span>\n                            <\/li>\n<li class=\"product-prop line-limit-length\"><span\n                                        class=\"property-title\">Style:&nbsp;<\/span><span\n                                        class=\"property-desc line-limit-length\">\u00c9couteurs intra-auriculaires TWS<\/span>\n                            <\/li>\n<li class=\"product-prop line-limit-length\"><span\n                                        class=\"property-title\">Certification:&nbsp;<\/span><span\n                                        class=\"property-desc line-limit-length\">ROHS<\/span>\n                            <\/li>\n<li class=\"product-prop line-limit-length\"><span\n                                        class=\"property-title\">Origine:&nbsp;<\/span><span\n                                        class=\"property-desc line-limit-length\">CN (Origine)<\/span>\n                            <\/li>\n<li class=\"product-prop line-limit-length\"><span\n                                        class=\"property-title\">Nom de marque:&nbsp;<\/span><span\n                                        class=\"property-desc line-limit-length\">HOCO<\/span>\n                            <\/li>\n<\/ul><\/div>\n<div class=\"detailmodule_html\">\n<div class=\"detail-desc-decorate-richtext\">\n<p><span style=\"font-size:28px\"><strong id=\"tl_1\">Casque BT &agrave; &eacute;cran tactile ANC sans fil v&eacute;ritable et lumineux EW79<\/strong><\/span><\/p>\n<p><\/p>\n<p><span style=\"font-size:28px\"><strong id=\"tl_2\">1.Bluetooth 5.4 ; Puce : JL AC7003<\/strong><\/span><\/p>\n<p><span style=\"font-size:28px\"><strong id=\"tl_3\">2.Capacit&eacute; de la batterie : &eacute;tui de chargement 3, 50 mAh, casque 30 mAh<\/strong><\/span><\/p>\n<p><span style=\"font-size:28px\"><strong id=\"tl_4\">3.Temps d&rsquo;utilisation : 4 heures<\/strong><\/span><\/p>\n<p><span style=\"font-size:28px\"><strong id=\"tl_5\">4.Mat&eacute;riau : ABS ; taille : 60,5 * 45,5 * 23,3 mm ; Poids total : 66,2 g<\/strong><\/span><\/p>\n<p><span style=\"font-size:28px\"><strong id=\"tl_6\">5.Prend en charge les fonctions de r&eacute;duction du bruit et de r&eacute;glage coulissant<\/strong><\/span><\/p>\n<p><span style=\"font-size:28px\"><strong id=\"tl_7\">6.&Eacute;quip&eacute; d&rsquo;un &eacute;cran tactile intelligent LED, plusieurs param&egrave;tres de fonction peuvent &ecirc;tre directement utilis&eacute;s depuis l&rsquo;&eacute;tui de chargement<\/strong><\/span><\/p>\n<p><span style=\"font-size:28px\"><strong id=\"tl_8\">7. L&rsquo;&eacute;cran affiche le niveau actuel de la batterie et l&rsquo;heure pr&eacute;cise du casque et du bo&icirc;tier de chargement<\/strong><\/span><\/p>\n<\/p>\n<p><img decoding=\"async\" src=\"https:\/\/infinityweeb.com\/wp-content\/uploads\/2025\/11\/kf-Sc5da42d1ee6c42b4a8bdf67d99f901f80.webp\" slate-data-type=\"image\" \/><img decoding=\"async\" src=\"https:\/\/infinityweeb.com\/wp-content\/uploads\/2025\/11\/kf-S3068ac8e8cd8487cb079e8fa06f95bebI.webp\" slate-data-type=\"image\" \/><img decoding=\"async\" src=\"https:\/\/infinityweeb.com\/wp-content\/uploads\/2025\/11\/kf-Sc842b46a00354448bd2e5b6e9fcf209aJ.webp\" slate-data-type=\"image\" \/><img decoding=\"async\" src=\"https:\/\/infinityweeb.com\/wp-content\/uploads\/2025\/11\/kf-S79c5886bb696457f88d48a86a06cf36ex.webp\" slate-data-type=\"image\" \/><img decoding=\"async\" src=\"https:\/\/infinityweeb.com\/wp-content\/uploads\/2025\/11\/kf-S12c2b2398c98451793b4205ada34b38bO.webp\" slate-data-type=\"image\" \/><img decoding=\"async\" src=\"https:\/\/infinityweeb.com\/wp-content\/uploads\/2025\/11\/kf-S358511e14a204bdd8598bbd8e870eb69t.webp\" slate-data-type=\"image\" \/><img decoding=\"async\" src=\"https:\/\/infinityweeb.com\/wp-content\/uploads\/2025\/11\/kf-Sd8b816ff75844149b5afbcd2357c2cc1j.webp\" slate-data-type=\"image\" \/><img decoding=\"async\" src=\"https:\/\/infinityweeb.com\/wp-content\/uploads\/2025\/11\/kf-Sab1b709dc8e04a108403bc07c956753d9.webp\" slate-data-type=\"image\" \/><\/p>\n<\/div>\n<\/div>","protected":false},"excerpt":{"rendered":"<p>Produit chimique \u00e0 haute pr\u00e9occupation:&nbsp;Aucun Mat\u00e9riau:&nbsp;ABS Poids [g]:&nbsp;66.2 Capacit\u00e9 de la batterie [mAh]:&nbsp;350 Vie de la batterie jusqu&rsquo;\u00e0 [heures]:&nbsp;4 Port\u00e9e<\/p>","protected":false},"featured_media":29509,"comment_status":"open","ping_status":"closed","template":"","meta":[],"product_brand":[917],"product_cat":[329],"product_tag":[],"class_list":{"0":"post-29508","1":"product","2":"type-product","3":"status-publish","4":"has-post-thumbnail","6":"product_brand-hoco","7":"product_cat-casques-ecouteurs","9":"first","10":"outofstock","11":"shipping-taxable","12":"purchasable","13":"product-type-simple"},"jetpack_sharing_enabled":true,"_links":{"self":[{"href":"https:\/\/infinityweeb.com\/en\/wp-json\/wp\/v2\/product\/29508","targetHints":{"allow":["GET"]}}],"collection":[{"href":"https:\/\/infinityweeb.com\/en\/wp-json\/wp\/v2\/product"}],"about":[{"href":"https:\/\/infinityweeb.com\/en\/wp-json\/wp\/v2\/types\/product"}],"replies":[{"embeddable":true,"href":"https:\/\/infinityweeb.com\/en\/wp-json\/wp\/v2\/comments?post=29508"}],"version-history":[{"count":8,"href":"https:\/\/infinityweeb.com\/en\/wp-json\/wp\/v2\/product\/29508\/revisions"}],"predecessor-version":[{"id":29529,"href":"https:\/\/infinityweeb.com\/en\/wp-json\/wp\/v2\/product\/29508\/revisions\/29529"}],"wp:featuredmedia":[{"embeddable":true,"href":"https:\/\/infinityweeb.com\/en\/wp-json\/wp\/v2\/media\/29509"}],"wp:attachment":[{"href":"https:\/\/infinityweeb.com\/en\/wp-json\/wp\/v2\/media?parent=29508"}],"wp:term":[{"taxonomy":"product_brand","embeddable":true,"href":"https:\/\/infinityweeb.com\/en\/wp-json\/wp\/v2\/product_brand?post=29508"},{"taxonomy":"product_cat","embeddable":true,"href":"https:\/\/infinityweeb.com\/en\/wp-json\/wp\/v2\/product_cat?post=29508"},{"taxonomy":"product_tag","embeddable":true,"href":"https:\/\/infinityweeb.com\/en\/wp-json\/wp\/v2\/product_tag?post=29508"}],"curies":[{"name":"wp","href":"https:\/\/api.w.org\/{rel}","templated":true}]}}