{"id":29637,"date":"2025-11-10T18:13:12","date_gmt":"2025-11-10T17:13:12","guid":{"rendered":"https:\/\/infinityweeb.com\/shop\/hoco-eq23-anc-enc-ecouteurs-sans-fil-bluetooth-5-4-hifi-avec-charge-4-micros\/"},"modified":"2026-01-27T14:28:33","modified_gmt":"2026-01-27T13:28:33","slug":"hoco-eq23-anc-enc-ecouteurs-sans-fil-bluetooth-hifi-charge-micros","status":"publish","type":"product","link":"https:\/\/infinityweeb.com\/en\/shop\/hoco-eq23-anc-enc-ecouteurs-sans-fil-bluetooth-hifi-charge-micros\/","title":{"rendered":"HOCO EQ23+ ANC\/ENC \u00c9couteurs sans fil Bluetooth 5.4 HiFi avec charge, 4 micros"},"content":{"rendered":"<div class=\"product-specs-list-container\">\n<h1><span style=\"font-size: 20px;\">HOCO EQ23 Plus rue wreless ANC + ENC BT \u00c9couteurs<\/span><\/h1>\n<\/div>\n<div class=\"detailmodule_html\">\n<div class=\"detail-desc-decorate-richtext\">\n<p><span id=\"tl_2\" style=\"font-size: 20px;\">Caract\u00e9ristique<\/span><\/p>\n<p><span id=\"tl_3\" style=\"font-size: 20px;\">1. Bluetooth 5.4<\/span><\/p>\n<p><span id=\"tl_4\" style=\"font-size: 20px;\">2. Capacit\u00e9 de la batterie: bo\u00eetier de charge 400mAh; casque 40mAh<\/span><\/p>\n<p><span id=\"tl_5\" style=\"font-size: 20px;\">3. Temps d&rsquo;utilisation: 7 heures (6 heures avec ANC activ\u00e9)<\/span><\/p>\n<p><span id=\"tl_6\" style=\"font-size: 20px;\">4. Taille: 64.5*52*31mm; Poids total: 60.3g<\/span><\/p>\n<p><span id=\"tl_7\" style=\"font-size: 20px;\">5. Prise en charge de la fonction de r\u00e9duction du bruit ANC + ENC, prise en charge de la commutation ma\u00eetre-esclave et appel pour Siri<\/span><\/p>\n<p><span id=\"tl_8\" style=\"font-size: 20px;\">6. La surface de la bo\u00eete de chargement adopte la technologie de texture litchi<\/span><\/p>\n<p><img decoding=\"async\" src=\"https:\/\/infinityweeb.com\/wp-content\/uploads\/2025\/11\/kf-S65bfa286c999442f9723cc602fa39b46F.webp\" \/><img decoding=\"async\" src=\"https:\/\/infinityweeb.com\/wp-content\/uploads\/2025\/11\/kf-Sc938f404c33644af8c21791ec1f91eba9.webp\" \/><img decoding=\"async\" src=\"https:\/\/infinityweeb.com\/wp-content\/uploads\/2025\/11\/kf-S5c7b983f44ff4da38b8e8abbf50e6565j.webp\" \/><img decoding=\"async\" src=\"https:\/\/infinityweeb.com\/wp-content\/uploads\/2025\/11\/kf-Sb5216785d3064fe5b9791481d17a4422o.webp\" \/><img decoding=\"async\" src=\"https:\/\/infinityweeb.com\/wp-content\/uploads\/2025\/11\/kf-S8d8dca4ec0234a008a74dc57498b29bee.webp\" \/><img decoding=\"async\" src=\"https:\/\/infinityweeb.com\/wp-content\/uploads\/2025\/11\/kf-Sa3652db4237f411cb9e6479afbd46422m.webp\" \/><img decoding=\"async\" src=\"https:\/\/infinityweeb.com\/wp-content\/uploads\/2025\/11\/kf-S9dc38c38205948d8bf98888c7851e7edm.webp\" \/><img decoding=\"async\" src=\"https:\/\/infinityweeb.com\/wp-content\/uploads\/2025\/11\/kf-S4b2008a625e243e0b47a520fdcb6a0e0Y.webp\" \/><img decoding=\"async\" src=\"https:\/\/infinityweeb.com\/wp-content\/uploads\/2025\/11\/kf-S2cb207e244bf411fa72e3be3d61f3fa0X.webp\" \/><img decoding=\"async\" src=\"https:\/\/infinityweeb.com\/wp-content\/uploads\/2025\/11\/kf-Se9f718124ebb427eb9c568152256a0a2N.webp\" \/><img decoding=\"async\" src=\"https:\/\/infinityweeb.com\/wp-content\/uploads\/2025\/11\/kf-Sb1b361a6acce443f990c910a4a7a4b5bo.webp\" \/><\/p>\n<\/div>\n<\/div>","protected":false},"excerpt":{"rendered":"<p>HOCO EQ23 Plus rue wreless ANC + ENC BT \u00c9couteurs Caract\u00e9ristique 1. Bluetooth 5.4 2. Capacit\u00e9 de la batterie: bo\u00eetier<\/p>","protected":false},"featured_media":29638,"comment_status":"open","ping_status":"closed","template":"","meta":[],"product_brand":[917],"product_cat":[329],"product_tag":[],"class_list":{"0":"post-29637","1":"product","2":"type-product","3":"status-publish","4":"has-post-thumbnail","6":"product_brand-hoco","7":"product_cat-casques-ecouteurs","8":"pa_couleur-blanc","9":"pa_couleur-noir","11":"first","12":"outofstock","13":"shipping-taxable","14":"purchasable","15":"product-type-variable"},"jetpack_sharing_enabled":true,"_links":{"self":[{"href":"https:\/\/infinityweeb.com\/en\/wp-json\/wp\/v2\/product\/29637","targetHints":{"allow":["GET"]}}],"collection":[{"href":"https:\/\/infinityweeb.com\/en\/wp-json\/wp\/v2\/product"}],"about":[{"href":"https:\/\/infinityweeb.com\/en\/wp-json\/wp\/v2\/types\/product"}],"replies":[{"embeddable":true,"href":"https:\/\/infinityweeb.com\/en\/wp-json\/wp\/v2\/comments?post=29637"}],"version-history":[{"count":13,"href":"https:\/\/infinityweeb.com\/en\/wp-json\/wp\/v2\/product\/29637\/revisions"}],"predecessor-version":[{"id":32734,"href":"https:\/\/infinityweeb.com\/en\/wp-json\/wp\/v2\/product\/29637\/revisions\/32734"}],"wp:featuredmedia":[{"embeddable":true,"href":"https:\/\/infinityweeb.com\/en\/wp-json\/wp\/v2\/media\/29638"}],"wp:attachment":[{"href":"https:\/\/infinityweeb.com\/en\/wp-json\/wp\/v2\/media?parent=29637"}],"wp:term":[{"taxonomy":"product_brand","embeddable":true,"href":"https:\/\/infinityweeb.com\/en\/wp-json\/wp\/v2\/product_brand?post=29637"},{"taxonomy":"product_cat","embeddable":true,"href":"https:\/\/infinityweeb.com\/en\/wp-json\/wp\/v2\/product_cat?post=29637"},{"taxonomy":"product_tag","embeddable":true,"href":"https:\/\/infinityweeb.com\/en\/wp-json\/wp\/v2\/product_tag?post=29637"}],"curies":[{"name":"wp","href":"https:\/\/api.w.org\/{rel}","templated":true}]}}