{"id":29670,"date":"2025-11-10T18:15:56","date_gmt":"2025-11-10T17:15:56","guid":{"rendered":"https:\/\/infinityweeb.com\/shop\/ecouteurs-sans-fil-hoco-eq27-ancenc-bluetooth-5-4-hd-basses-profondes\/"},"modified":"2026-01-27T14:28:56","modified_gmt":"2026-01-27T13:28:56","slug":"ecouteurs-sans-fil-hoco-eq27-ancenc-bluetooth-5-4-hd-basses-profondes","status":"publish","type":"product","link":"https:\/\/infinityweeb.com\/en\/shop\/ecouteurs-sans-fil-hoco-eq27-ancenc-bluetooth-5-4-hd-basses-profondes\/","title":{"rendered":"\u00c9couteurs sans fil HOCO EQ27 ANC+ENC, Bluetooth 5.4, HD, basses profondes."},"content":{"rendered":"<div class=\"product-specs-list-container\"><\/div>\n<div class=\"detailmodule_html\">\n<div class=\"detail-desc-decorate-richtext\">\n<h3><span style=\"font-size: 18px;\"><strong id=\"tl_9\">Suppression active du bruit (ANC) et ENC<\/strong><\/span><\/h3>\n<p><span id=\"tl_10\" style=\"font-size: 18px;\">Plongez dans votre musique gr\u00e2ce aux fonctionnalit\u00e9s Active Noise-C et ENC, bloquant les sons ind\u00e9sirables pour une exp\u00e9rience audio claire.<\/span><\/p>\n<p><span id=\"tl_11\" style=\"font-size: 18px;\">1.Bluetooth 5.4 ; Puce : JL AC7003D4<\/span><\/p>\n<p><span id=\"tl_12\" style=\"font-size: 18px;\">2.Capacit\u00e9 de la batterie : \u00e9tui de chargement 320 mAh ; casque 40mAh<\/span><\/p>\n<p><span id=\"tl_13\" style=\"font-size: 18px;\">3.Temps d&rsquo;utilisation : 7 heures (ANC 6 heures)<\/span><\/p>\n<p><span id=\"tl_14\" style=\"font-size: 18px;\">4.Mat\u00e9riau : ABS ; Taille : 60*47*28,7 mm ; Poids total : 45,3 g<\/span><\/p>\n<p><span id=\"tl_15\" style=\"font-size: 18px;\">5.Prend en charge le dialogue AI intelligent et la traduction en ligne dans 134 langues<\/span><\/p>\n<p><span id=\"tl_16\" style=\"font-size: 18px;\">6. Prend en charge la fonction de r\u00e9duction du bruit ANC+ENC et le commutateur Hall<\/span><\/p>\n<p><img decoding=\"async\" src=\"https:\/\/infinityweeb.com\/wp-content\/uploads\/2025\/11\/kf-S362ed3adfda0414da666222b6c6dc250N.webp\" \/><\/p>\n<p><img decoding=\"async\" src=\"https:\/\/infinityweeb.com\/wp-content\/uploads\/2025\/11\/kf-S92f9401d1d714e728f078725e5a3f66cI.webp\" \/><img decoding=\"async\" src=\"https:\/\/infinityweeb.com\/wp-content\/uploads\/2025\/11\/kf-S003f23dae90543309c19325acb1b2419s.webp\" \/><img decoding=\"async\" src=\"https:\/\/infinityweeb.com\/wp-content\/uploads\/2025\/11\/kf-S3af178036dcd423dba6875d6ef21ae30T.webp\" \/><img decoding=\"async\" src=\"https:\/\/infinityweeb.com\/wp-content\/uploads\/2025\/11\/kf-S04db621fed2e49d6b80d828f31decd37Q.webp\" \/><img decoding=\"async\" src=\"https:\/\/infinityweeb.com\/wp-content\/uploads\/2025\/11\/kf-Scfb7efa5a5294a29b42aabed808157d6B.webp\" \/><img decoding=\"async\" src=\"https:\/\/infinityweeb.com\/wp-content\/uploads\/2025\/11\/kf-Sd2d69742954942dfb163b98ec160dfa90.webp\" \/><img decoding=\"async\" src=\"https:\/\/infinityweeb.com\/wp-content\/uploads\/2025\/11\/kf-S7a85276769e046d985636091ed1ff8feq.webp\" \/><img decoding=\"async\" src=\"https:\/\/infinityweeb.com\/wp-content\/uploads\/2025\/11\/kf-Scd214c18a2014eb3b9c22add348e8fd9t.webp\" \/><img decoding=\"async\" src=\"https:\/\/infinityweeb.com\/wp-content\/uploads\/2025\/11\/kf-S967040aa51be40aead96a1d7ecd61e63W.webp\" \/><img decoding=\"async\" src=\"https:\/\/infinityweeb.com\/wp-content\/uploads\/2025\/11\/kf-S6c034c2c0e4c4aeb80a87b12f23c3c981.webp\" \/><img decoding=\"async\" src=\"https:\/\/infinityweeb.com\/wp-content\/uploads\/2025\/11\/kf-S800c6723fb234afba886dedb09b4383fF.webp\" \/><\/p>\n<\/div>\n<\/div>","protected":false},"excerpt":{"rendered":"<p>Suppression active du bruit (ANC) et ENC Plongez dans votre musique gr\u00e2ce aux fonctionnalit\u00e9s Active Noise-C et ENC, bloquant les<\/p>","protected":false},"featured_media":29671,"comment_status":"open","ping_status":"closed","template":"","meta":[],"product_brand":[917],"product_cat":[329],"product_tag":[],"class_list":{"0":"post-29670","1":"product","2":"type-product","3":"status-publish","4":"has-post-thumbnail","6":"product_brand-hoco","7":"product_cat-casques-ecouteurs","9":"first","10":"outofstock","11":"shipping-taxable","12":"purchasable","13":"product-type-simple"},"jetpack_sharing_enabled":true,"_links":{"self":[{"href":"https:\/\/infinityweeb.com\/en\/wp-json\/wp\/v2\/product\/29670","targetHints":{"allow":["GET"]}}],"collection":[{"href":"https:\/\/infinityweeb.com\/en\/wp-json\/wp\/v2\/product"}],"about":[{"href":"https:\/\/infinityweeb.com\/en\/wp-json\/wp\/v2\/types\/product"}],"replies":[{"embeddable":true,"href":"https:\/\/infinityweeb.com\/en\/wp-json\/wp\/v2\/comments?post=29670"}],"version-history":[{"count":14,"href":"https:\/\/infinityweeb.com\/en\/wp-json\/wp\/v2\/product\/29670\/revisions"}],"predecessor-version":[{"id":32718,"href":"https:\/\/infinityweeb.com\/en\/wp-json\/wp\/v2\/product\/29670\/revisions\/32718"}],"wp:featuredmedia":[{"embeddable":true,"href":"https:\/\/infinityweeb.com\/en\/wp-json\/wp\/v2\/media\/29671"}],"wp:attachment":[{"href":"https:\/\/infinityweeb.com\/en\/wp-json\/wp\/v2\/media?parent=29670"}],"wp:term":[{"taxonomy":"product_brand","embeddable":true,"href":"https:\/\/infinityweeb.com\/en\/wp-json\/wp\/v2\/product_brand?post=29670"},{"taxonomy":"product_cat","embeddable":true,"href":"https:\/\/infinityweeb.com\/en\/wp-json\/wp\/v2\/product_cat?post=29670"},{"taxonomy":"product_tag","embeddable":true,"href":"https:\/\/infinityweeb.com\/en\/wp-json\/wp\/v2\/product_tag?post=29670"}],"curies":[{"name":"wp","href":"https:\/\/api.w.org\/{rel}","templated":true}]}}