{"id":29947,"date":"2025-11-16T17:48:28","date_gmt":"2025-11-16T16:48:28","guid":{"rendered":"https:\/\/infinityweeb.com\/shop\/ecouteurs-bluetooth-anker-soundcore-p30i-tws-4-micros-45h-multipoint-basses-puissantes\/"},"modified":"2026-01-27T13:48:11","modified_gmt":"2026-01-27T12:48:11","slug":"ecouteurs-bluetooth-anker-soundcore-p30i-tws-micros-45h-multipoint-basses","status":"publish","type":"product","link":"https:\/\/infinityweeb.com\/en\/shop\/ecouteurs-bluetooth-anker-soundcore-p30i-tws-micros-45h-multipoint-basses\/","title":{"rendered":"\u00c9couteurs Bluetooth Anker Soundcore P30i TWS, 4 micros, 45h, multipoint, basses puissantes."},"content":{"rendered":"<div class=\"product-specs-list-container\">\n<ul class=\"product-specs-list util-clearfix\">\n<li class=\"product-prop line-limit-length\"><span class=\"property-title\">Produit chimique \u00e0 haute pr\u00e9occupation:\u00a0<\/span><span class=\"property-desc line-limit-length\">Aucun<\/span><\/li>\n<li class=\"product-prop line-limit-length\"><span class=\"property-title\">Mat\u00e9riau:\u00a0<\/span><span class=\"property-desc line-limit-length\">plastique<\/span><\/li>\n<li class=\"product-prop line-limit-length\"><span class=\"property-title\">Vie de la batterie jusqu&rsquo;\u00e0 [heures]:\u00a0<\/span><span class=\"property-desc line-limit-length\">45<\/span><\/li>\n<li class=\"product-prop line-limit-length\"><span class=\"property-title\">Cat\u00e9gorie:\u00a0<\/span><span class=\"property-desc line-limit-length\">\u00c9couteurs et \u00e9couteurs<\/span><\/li>\n<li class=\"product-prop line-limit-length\"><span class=\"property-title\">M\u00e9thode de charge:\u00a0<\/span><span class=\"property-desc line-limit-length\">\u00c9tui de recharge<\/span><\/li>\n<li class=\"product-prop line-limit-length\"><span class=\"property-title\">Version Bluetooth:\u00a0<\/span><span class=\"property-desc line-limit-length\">autre<\/span><\/li>\n<li class=\"product-prop line-limit-length\"><span class=\"property-title\">Liste des paquets:\u00a0<\/span><span class=\"property-desc line-limit-length\">Manuel d&rsquo;utilisation,\u00c9tui de recharge,Charging Cable,Jeu de coussinets rempla\u00e7ables<\/span><\/li>\n<li class=\"product-prop line-limit-length\"><span class=\"property-title\">Caract\u00e9ristiques:\u00a0<\/span><span class=\"property-desc line-limit-length\">Imperm\u00e9able,Annulation active du bruit,Double connexion<\/span><\/li>\n<li class=\"product-prop line-limit-length\"><span class=\"property-title\">Codecs:\u00a0<\/span><span class=\"property-desc line-limit-length\">AAC,sbc<\/span><\/li>\n<li class=\"product-prop line-limit-length\"><span class=\"property-title\">Avec microphone:\u00a0<\/span><span class=\"property-desc line-limit-length\">Oui<\/span><\/li>\n<li class=\"product-prop line-limit-length\"><span class=\"property-title\">Est sans fil:\u00a0<\/span><span class=\"property-desc line-limit-length\">Oui<\/span><\/li>\n<li class=\"product-prop line-limit-length\"><span class=\"property-title\">Soutien APP:\u00a0<\/span><span class=\"property-desc line-limit-length\">Oui<\/span><\/li>\n<li class=\"product-prop line-limit-length\"><span class=\"property-title\">Imperm\u00e9able:\u00a0<\/span><span class=\"property-desc line-limit-length\">Oui<\/span><\/li>\n<li class=\"product-prop line-limit-length\"><span class=\"property-title\">Annulation active du bruit:\u00a0<\/span><span class=\"property-desc line-limit-length\">Oui<\/span><\/li>\n<li class=\"product-prop line-limit-length\"><span class=\"property-title\">Contr\u00f4le de Volume:\u00a0<\/span><span class=\"property-desc line-limit-length\">Oui<\/span><\/li>\n<li class=\"product-prop line-limit-length\"><span class=\"property-title\">Bouton de contr\u00f4le:\u00a0<\/span><span class=\"property-desc line-limit-length\">Non<\/span><\/li>\n<li class=\"product-prop line-limit-length\"><span class=\"property-title\">Principe du Vocalisme:\u00a0<\/span><span class=\"property-desc line-limit-length\">Dynamique<\/span><\/li>\n<li class=\"product-prop line-limit-length\"><span class=\"property-title\">Type sans fil:\u00a0<\/span><span class=\"property-desc line-limit-length\">Bluetooth<\/span><\/li>\n<li class=\"product-prop line-limit-length\"><span class=\"property-title\">Communication:\u00a0<\/span><span class=\"property-desc line-limit-length\">v\u00e9ritable sans fil<\/span><\/li>\n<li class=\"product-prop line-limit-length\"><span class=\"property-title\">Style:\u00a0<\/span><span class=\"property-desc line-limit-length\">dans l&rsquo;oreille<\/span><\/li>\n<li class=\"product-prop line-limit-length\"><span class=\"property-title\">Certification:\u00a0<\/span><span class=\"property-desc line-limit-length\">CE<\/span><\/li>\n<li class=\"product-prop line-limit-length\"><span class=\"property-title\">Origine:\u00a0<\/span><span class=\"property-desc line-limit-length\">CN (Origine)<\/span><\/li>\n<li class=\"product-prop line-limit-length\"><span class=\"property-title\">Nom de marque:\u00a0<\/span><span class=\"property-desc line-limit-length\">SXMG<\/span><\/li>\n<li class=\"product-prop line-limit-length\"><span class=\"property-title\">Support de Carte M\u00e9moire:\u00a0<\/span><span class=\"property-desc line-limit-length\">Non<\/span><\/li>\n<li class=\"product-prop line-limit-length\"><span class=\"property-title\">Brand Name:\u00a0<\/span><span class=\"property-desc line-limit-length\">Soundcore<\/span><\/li>\n<\/ul>\n<\/div>\n<div class=\"detailmodule_html\">\n<div class=\"detail-desc-decorate-richtext\">\n<div style=\"font-family: 'TT Norms Pro', 'Open Sans', Roboto, Arial, Helvetica, sans-serif, SimSun; font-size: 14px; font-weight: 400; letter-spacing: normal; text-align: start; white-space: normal; color: #222222; margin: 0px; padding: 0px; box-sizing: border-box;\" align=\"start\">\n<div style=\"margin: 0px; padding: 0px; overflow: hidden; position: relative; box-sizing: border-box;\">\n<div style=\"margin: 0px; padding: 0px; box-sizing: border-box;\">\n<div id=\"product-description\" style=\"margin: 0px; padding: 0px; max-width: 944px; overflow: hidden; position: relative; box-sizing: border-box;\">\n<div style=\"margin: 0px; padding: 0px; box-sizing: border-box;\">\n<div style=\"text-align: center; margin: 0px; padding: 0px; box-sizing: content-box;\" align=\"center\"><img decoding=\"async\" class=\"detail-desc-decorate-image\" style=\"border: 0px; margin: 0px; padding: 0px; max-width: 100%; box-sizing: border-box;\" src=\"https:\/\/infinityweeb.com\/wp-content\/uploads\/2025\/11\/kf-S91866c22dd304d81b69ee85171066d78A.webp?width=970&amp;height=652&amp;hash=1622\" \/><\/div>\n<div style=\"text-align: center; margin: 0px; padding: 0px; box-sizing: content-box;\" align=\"center\"><img decoding=\"async\" class=\"detail-desc-decorate-image\" style=\"border: 0px; margin: 0px; padding: 0px; max-width: 100%; box-sizing: border-box;\" src=\"https:\/\/infinityweeb.com\/wp-content\/uploads\/2025\/11\/kf-S0500e3fb5f6c4a4e9d1d55d25e659935V.webp?width=970&amp;height=1243&amp;hash=2213\" \/><\/div>\n<div style=\"margin: 0px; padding: 0px; box-sizing: content-box;\">\n<p id=\"tl_1\" class=\"detail-desc-decorate-title\" style=\"font-family: OpenSans; font-size: 20px; font-weight: 900; line-height: 28px; text-align: center; white-space: pre-wrap; color: #000000; margin: 0px 0px 12px 0px; padding: 0px; box-sizing: border-box;\" align=\"center\">\u00c9tui de chargement et support de t\u00e9l\u00e9phone 2 en 1<\/p>\n<p id=\"tl_2\" class=\"detail-desc-decorate-content\" style=\"font-family: OpenSans; font-size: 14px; font-weight: 300; line-height: 20px; text-align: center; white-space: pre-wrap; color: #000000; margin: 0px 0px 12px 0px; padding: 0px; box-sizing: border-box;\" align=\"center\">Profitez d&rsquo;une visualisation mains libres sans tracas. Il suffit d&rsquo;ouvrir le panneau arri\u00e8re du bo\u00eetier,<\/p>\n<p id=\"tl_3\" class=\"detail-desc-decorate-content\" style=\"font-family: OpenSans; font-size: 14px; font-weight: 300; line-height: 20px; text-align: center; white-space: pre-wrap; color: #000000; margin: 0px 0px 12px 0px; padding: 0px; box-sizing: border-box;\" align=\"center\">Placez votre t\u00e9l\u00e9phone sur le support,<\/p>\n<p id=\"tl_4\" class=\"detail-desc-decorate-content\" style=\"font-family: OpenSans; font-size: 14px; font-weight: 300; line-height: 20px; text-align: center; white-space: pre-wrap; color: #000000; margin: 0px 0px 12px 0px; padding: 0px; box-sizing: border-box;\" align=\"center\">Et rattraper vos \u00e9missions pr\u00e9f\u00e9r\u00e9es-regarder en voyage n&rsquo;a jamais \u00e9t\u00e9 aussi facile!<\/p>\n<div style=\"margin: 0px; padding: 0px; box-sizing: content-box;\"><\/div>\n<\/div>\n<div style=\"text-align: center; margin: 0px; padding: 0px; box-sizing: content-box;\" align=\"center\"><img decoding=\"async\" class=\"detail-desc-decorate-image\" style=\"border: 0px; margin: 0px; padding: 0px; max-width: 100%; box-sizing: border-box;\" src=\"https:\/\/infinityweeb.com\/wp-content\/uploads\/2025\/11\/kf-Sf457745578284deda89b7a0febe67966f.webp?width=970&amp;height=1250&amp;hash=2220\" \/><\/div>\n<div style=\"margin: 0px; padding: 0px; box-sizing: content-box;\">\n<p id=\"tl_5\" class=\"detail-desc-decorate-title\" style=\"font-family: OpenSans; font-size: 20px; font-weight: 900; line-height: 28px; text-align: center; white-space: pre-wrap; color: #000000; margin: 0px 0px 12px 0px; padding: 0px; box-sizing: border-box;\" align=\"center\">Annulation du bruit forte et intelligente<\/p>\n<p id=\"tl_6\" class=\"detail-desc-decorate-content\" style=\"font-family: OpenSans; font-size: 14px; font-weight: 300; line-height: 20px; text-align: center; white-space: pre-wrap; color: #000000; margin: 0px 0px 12px 0px; padding: 0px; box-sizing: border-box;\" align=\"center\">R\u00e9duisez le bruit jusqu&rsquo;\u00e0 42dB gr\u00e2ce \u00e0 un syst\u00e8me avanc\u00e9 de suppression active du bruit.<\/p>\n<p id=\"tl_7\" class=\"detail-desc-decorate-content\" style=\"font-family: OpenSans; font-size: 14px; font-weight: 300; line-height: 20px; text-align: center; white-space: pre-wrap; color: #000000; margin: 0px 0px 12px 0px; padding: 0px; box-sizing: border-box;\" align=\"center\">Avec la technologie adaptative, soundocre P30i d\u00e9tecte le son externe et<\/p>\n<p id=\"tl_8\" class=\"detail-desc-decorate-content\" style=\"font-family: OpenSans; font-size: 14px; font-weight: 300; line-height: 20px; text-align: center; white-space: pre-wrap; color: #000000; margin: 0px 0px 12px 0px; padding: 0px; box-sizing: border-box;\" align=\"center\">S\u00e9lectionne automatiquement un niveau d&rsquo;annulation du bruit optimis\u00e9 pour vos oreilles.<\/p>\n<div style=\"margin: 0px; padding: 0px; box-sizing: content-box;\"><\/div>\n<\/div>\n<div style=\"text-align: center; margin: 0px; padding: 0px; box-sizing: content-box;\" align=\"center\"><img decoding=\"async\" class=\"detail-desc-decorate-image\" style=\"border: 0px; margin: 0px; padding: 0px; max-width: 100%; box-sizing: border-box;\" src=\"https:\/\/infinityweeb.com\/wp-content\/uploads\/2025\/11\/kf-S0b744870ba2d45be86643593a98e94009.webp?width=970&amp;height=1242&amp;hash=2212\" \/><\/div>\n<div style=\"margin: 0px; padding: 0px; box-sizing: content-box;\">\n<p id=\"tl_9\" class=\"detail-desc-decorate-title\" style=\"font-family: OpenSans; font-size: 20px; font-weight: 900; line-height: 28px; text-align: center; white-space: pre-wrap; color: #000000; margin: 0px 0px 12px 0px; padding: 0px; box-sizing: border-box;\" align=\"center\">Basse puissante<\/p>\n<p id=\"tl_10\" class=\"detail-desc-decorate-content\" style=\"font-family: OpenSans; font-size: 14px; font-weight: 300; line-height: 20px; text-align: center; white-space: pre-wrap; color: #000000; margin: 0px 0px 12px 0px; padding: 0px; box-sizing: border-box;\" align=\"center\">Lib\u00e9rez des basses profondes et percutantes avec les pilotes de 10mm des \u00e9couteurs \u00e0 suppression de bruit soundcore P30i,<\/p>\n<p id=\"tl_11\" class=\"detail-desc-decorate-content\" style=\"font-family: OpenSans; font-size: 14px; font-weight: 300; line-height: 20px; text-align: center; white-space: pre-wrap; color: #000000; margin: 0px 0px 12px 0px; padding: 0px; box-sizing: border-box;\" align=\"center\">Amplifi\u00e9 par la technologie exclusive Soundcore BassUp pour une exp\u00e9rience audio immersive et robuste.<\/p>\n<div style=\"margin: 0px; padding: 0px; box-sizing: content-box;\"><\/div>\n<\/div>\n<div style=\"text-align: center; margin: 0px; padding: 0px; box-sizing: content-box;\" align=\"center\"><img decoding=\"async\" class=\"detail-desc-decorate-image\" style=\"border: 0px; margin: 0px; padding: 0px; max-width: 100%; box-sizing: border-box;\" src=\"https:\/\/infinityweeb.com\/wp-content\/uploads\/2025\/11\/kf-S6722dcaa0ca24877b16ed76590ffc845w.webp?width=970&amp;height=1243&amp;hash=2213\" \/><\/div>\n<div style=\"margin: 0px; padding: 0px; box-sizing: content-box;\">\n<p id=\"tl_12\" class=\"detail-desc-decorate-title\" style=\"font-family: OpenSans; font-size: 20px; font-weight: 900; line-height: 28px; text-align: center; white-space: pre-wrap; color: #000000; margin: 0px 0px 12px 0px; padding: 0px; box-sizing: border-box;\" align=\"center\">Longue dur\u00e9e de jeu<\/p>\n<p id=\"tl_13\" class=\"detail-desc-decorate-content\" style=\"font-family: OpenSans; font-size: 14px; font-weight: 300; line-height: 20px; text-align: center; white-space: pre-wrap; color: #000000; margin: 0px 0px 12px 0px; padding: 0px; box-sizing: border-box;\" align=\"center\">Profitez de 10 heures d&rsquo;\u00e9coute \u00e0 partir d&rsquo;une seule charge-jusqu&rsquo;\u00e0 45 heures avec le bo\u00eetier de charge.<\/p>\n<p id=\"tl_14\" class=\"detail-desc-decorate-content\" style=\"font-family: OpenSans; font-size: 14px; font-weight: 300; line-height: 20px; text-align: center; white-space: pre-wrap; color: #000000; margin: 0px 0px 12px 0px; padding: 0px; box-sizing: border-box;\" align=\"center\">Lorsque vous \u00eates \u00e0 court de temps, une charge rapide de 10 minutes offre 2 heures de temps de jeu.<\/p>\n<div style=\"margin: 0px; padding: 0px; box-sizing: content-box;\"><\/div>\n<\/div>\n<div style=\"text-align: center; margin: 0px; padding: 0px; box-sizing: content-box;\" align=\"center\"><img decoding=\"async\" class=\"detail-desc-decorate-image\" style=\"border: 0px; margin: 0px; padding: 0px; max-width: 100%; box-sizing: border-box;\" src=\"https:\/\/infinityweeb.com\/wp-content\/uploads\/2025\/11\/kf-S11a037e6a6e04a78978f3660667097965.webp?width=970&amp;height=1243&amp;hash=2213\" \/><\/div>\n<div style=\"margin: 0px; padding: 0px; box-sizing: content-box;\">\n<p id=\"tl_15\" class=\"detail-desc-decorate-title\" style=\"font-family: OpenSans; font-size: 20px; font-weight: 900; line-height: 28px; text-align: center; white-space: pre-wrap; color: #000000; margin: 0px 0px 12px 0px; padding: 0px; box-sizing: border-box;\" align=\"center\">4 micros AI-Appels clairs am\u00e9lior\u00e9s<\/p>\n<p id=\"tl_16\" class=\"detail-desc-decorate-content\" style=\"font-family: OpenSans; font-size: 14px; font-weight: 300; line-height: 20px; text-align: center; white-space: pre-wrap; color: #000000; margin: 0px 0px 12px 0px; padding: 0px; box-sizing: border-box;\" align=\"center\">Faites l&rsquo;exp\u00e9rience d&rsquo;appels clairs partout o\u00f9 vous allez avec 4 microphones int\u00e9gr\u00e9s aux \u00e9couteurs sans fil,<\/p>\n<p id=\"tl_17\" class=\"detail-desc-decorate-content\" style=\"font-family: OpenSans; font-size: 14px; font-weight: 300; line-height: 20px; text-align: center; white-space: pre-wrap; color: #000000; margin: 0px 0px 12px 0px; padding: 0px; box-sizing: border-box;\" align=\"center\">\u00c0 c\u00f4t\u00e9 d&rsquo;un algorithme d&rsquo;IA qui capte votre voix avec pr\u00e9cision.<\/p>\n<div style=\"margin: 0px; padding: 0px; box-sizing: content-box;\"><\/div>\n<\/div>\n<div style=\"text-align: center; margin: 0px; padding: 0px; box-sizing: content-box;\" align=\"center\"><img decoding=\"async\" class=\"detail-desc-decorate-image\" style=\"border: 0px; margin: 0px; padding: 0px; max-width: 100%; box-sizing: border-box;\" src=\"https:\/\/infinityweeb.com\/wp-content\/uploads\/2025\/11\/kf-S3116f33a7b244f9a9b70452949ec87b6j.webp?width=970&amp;height=427&amp;hash=1397\" \/><\/div>\n<div style=\"margin: 0px; padding: 0px; box-sizing: content-box;\">\n<p id=\"tl_18\" class=\"detail-desc-decorate-title\" style=\"font-family: OpenSans; font-size: 20px; font-weight: 900; line-height: 28px; text-align: center; white-space: pre-wrap; color: #000000; margin: 0px 0px 12px 0px; padding: 0px; box-sizing: border-box;\" align=\"center\">Mode transparence<\/p>\n<p id=\"tl_19\" class=\"detail-desc-decorate-content\" style=\"font-family: OpenSans; font-size: 14px; font-weight: 300; line-height: 20px; text-align: center; white-space: pre-wrap; color: #000000; margin: 0px 0px 12px 0px; padding: 0px; box-sizing: border-box;\" align=\"center\">Laissez entrer le monde ou concentrez-vous sur votre audio, le choix vous appartient.<\/p>\n<p id=\"tl_20\" class=\"detail-desc-decorate-content\" style=\"font-family: OpenSans; font-size: 14px; font-weight: 300; line-height: 20px; text-align: center; white-space: pre-wrap; color: #000000; margin: 0px 0px 12px 0px; padding: 0px; box-sizing: border-box;\" align=\"center\">Passez simplement en mode transparence pour entendre le monde qui vous entoure en cas de besoin.<\/p>\n<div style=\"margin: 0px; padding: 0px; box-sizing: content-box;\"><\/div>\n<\/div>\n<div style=\"text-align: center; margin: 0px; padding: 0px; box-sizing: content-box;\" align=\"center\"><img decoding=\"async\" class=\"detail-desc-decorate-image\" style=\"border: 0px; margin: 0px; padding: 0px; max-width: 100%; box-sizing: border-box;\" src=\"https:\/\/infinityweeb.com\/wp-content\/uploads\/2025\/11\/kf-S5498e97b56cf49d2b5a88393e443b4b9b.webp?width=1464&amp;height=600&amp;hash=2064\" \/><\/div>\n<div style=\"margin: 0px; padding: 0px; box-sizing: content-box;\">\n<p id=\"tl_21\" class=\"detail-desc-decorate-title\" style=\"font-family: OpenSans; font-size: 20px; font-weight: 900; line-height: 28px; text-align: center; white-space: pre-wrap; color: #000000; margin: 0px 0px 12px 0px; padding: 0px; box-sizing: border-box;\" align=\"center\">Ajustement ergonomique confortable<\/p>\n<p id=\"tl_22\" class=\"detail-desc-decorate-content\" style=\"font-family: OpenSans; font-size: 14px; font-weight: 300; line-height: 20px; text-align: center; white-space: pre-wrap; color: #000000; margin: 0px 0px 12px 0px; padding: 0px; box-sizing: border-box;\" align=\"center\">Soundcore P30i dispose d&rsquo;un design ergonomique qui assure<\/p>\n<p id=\"tl_23\" class=\"detail-desc-decorate-content\" style=\"font-family: OpenSans; font-size: 14px; font-weight: 300; line-height: 20px; text-align: center; white-space: pre-wrap; color: #000000; margin: 0px 0px 12px 0px; padding: 0px; box-sizing: border-box;\" align=\"center\">Confort m\u00eame lorsqu&rsquo;il est port\u00e9 pendant de longues p\u00e9riodes.<\/p>\n<div style=\"margin: 0px; padding: 0px; box-sizing: content-box;\"><\/div>\n<\/div>\n<div style=\"text-align: center; margin: 0px; padding: 0px; box-sizing: content-box;\" align=\"center\"><img decoding=\"async\" class=\"detail-desc-decorate-image\" style=\"border: 0px; margin: 0px; padding: 0px; max-width: 100%; box-sizing: border-box;\" src=\"https:\/\/infinityweeb.com\/wp-content\/uploads\/2025\/11\/kf-S3fed46a8e15240a8a71951b818493c4f2.webp?width=1464&amp;height=600&amp;hash=2064\" \/><\/div>\n<div style=\"margin: 0px; padding: 0px; box-sizing: content-box;\">\n<p id=\"tl_24\" class=\"detail-desc-decorate-title\" style=\"font-family: OpenSans; font-size: 20px; font-weight: 900; line-height: 28px; text-align: center; white-space: pre-wrap; color: #000000; margin: 0px 0px 12px 0px; padding: 0px; box-sizing: border-box;\" align=\"center\">Application pour la personnalisation<\/p>\n<p id=\"tl_25\" class=\"detail-desc-decorate-content\" style=\"font-family: OpenSans; font-size: 14px; font-weight: 300; line-height: 20px; text-align: center; white-space: pre-wrap; color: #000000; margin: 0px 0px 12px 0px; padding: 0px; box-sizing: border-box;\" align=\"center\">Personnalisez votre exp\u00e9rience d&rsquo;\u00e9coute via l&rsquo;application soundcore.<\/p>\n<p id=\"tl_26\" class=\"detail-desc-decorate-content\" style=\"font-family: OpenSans; font-size: 14px; font-weight: 300; line-height: 20px; text-align: center; white-space: pre-wrap; color: #000000; margin: 0px 0px 12px 0px; padding: 0px; box-sizing: border-box;\" align=\"center\">Personnalisez les commandes tactiles, trouvez votre appareil et plus encore.<\/p>\n<div style=\"margin: 0px; padding: 0px; box-sizing: content-box;\"><\/div>\n<\/div>\n<div style=\"text-align: center; margin: 0px; padding: 0px; box-sizing: content-box;\" align=\"center\"><img decoding=\"async\" class=\"detail-desc-decorate-image\" style=\"border: 0px; margin: 0px; padding: 0px; max-width: 100%; box-sizing: border-box;\" src=\"https:\/\/infinityweeb.com\/wp-content\/uploads\/2025\/11\/kf-Sde6041cf004043fc889fefab2d765f92j.webp?width=970&amp;height=444&amp;hash=1414\" \/><\/div>\n<div style=\"margin: 0px; padding: 0px; box-sizing: content-box;\">\n<p id=\"tl_27\" class=\"detail-desc-decorate-title\" style=\"font-family: OpenSans; font-size: 20px; font-weight: 900; line-height: 28px; text-align: center; white-space: pre-wrap; color: #000000; margin: 0px 0px 12px 0px; padding: 0px; box-sizing: border-box;\" align=\"center\">Son 3D<\/p>\n<p id=\"tl_28\" class=\"detail-desc-decorate-content\" style=\"font-family: OpenSans; font-size: 14px; font-weight: 300; line-height: 20px; text-align: center; white-space: pre-wrap; color: #000000; margin: 0px 0px 12px 0px; padding: 0px; box-sizing: border-box;\" align=\"center\">Acc\u00e9dez \u00e0 l&rsquo;application soundcore pour activer l&rsquo;effet de son surround pour une exp\u00e9rience audio plus immersive.<\/p>\n<div style=\"margin: 0px; padding: 0px; box-sizing: content-box;\"><\/div>\n<\/div>\n<div style=\"text-align: center; margin: 0px; padding: 0px; box-sizing: content-box;\" align=\"center\"><img decoding=\"async\" class=\"detail-desc-decorate-image\" style=\"border: 0px; margin: 0px; padding: 0px; max-width: 100%; box-sizing: border-box;\" src=\"https:\/\/infinityweeb.com\/wp-content\/uploads\/2025\/11\/kf-S301200871fa942deb0d241ce614a3f5fi.webp?width=970&amp;height=386&amp;hash=1356\" \/><\/div>\n<div style=\"margin: 0px; padding: 0px; box-sizing: content-box;\">\n<p id=\"tl_29\" class=\"detail-desc-decorate-title\" style=\"font-family: OpenSans; font-size: 20px; font-weight: 900; line-height: 28px; text-align: center; white-space: pre-wrap; color: #000000; margin: 0px 0px 12px 0px; padding: 0px; box-sizing: border-box;\" align=\"center\">Connexion multipoint<\/p>\n<p id=\"tl_30\" class=\"detail-desc-decorate-content\" style=\"font-family: OpenSans; font-size: 14px; font-weight: 300; line-height: 20px; text-align: center; white-space: pre-wrap; color: #000000; margin: 0px 0px 12px 0px; padding: 0px; box-sizing: border-box;\" align=\"center\">Profitez d&rsquo;une connexion stable avec Bluetooth 5.4<\/p>\n<p id=\"tl_31\" class=\"detail-desc-decorate-content\" style=\"font-family: OpenSans; font-size: 14px; font-weight: 300; line-height: 20px; text-align: center; white-space: pre-wrap; color: #000000; margin: 0px 0px 12px 0px; padding: 0px; box-sizing: border-box;\" align=\"center\">La connexion multipoint vous permet de basculer facilement entre votre ordinateur portable et votre t\u00e9l\u00e9phone.<\/p>\n<p id=\"tl_32\" class=\"detail-desc-decorate-content\" style=\"font-family: OpenSans; font-size: 14px; font-weight: 300; line-height: 20px; text-align: center; white-space: pre-wrap; color: #000000; margin: 0px 0px 12px 0px; padding: 0px; box-sizing: border-box;\" align=\"center\">Activez la connexion multipoint via l&rsquo;application soundcore.<\/p>\n<div style=\"margin: 0px; padding: 0px; box-sizing: content-box;\"><\/div>\n<\/div>\n<div style=\"text-align: center; margin: 0px; padding: 0px; box-sizing: content-box;\" align=\"center\"><img decoding=\"async\" style=\"border: 0px; margin: 0px; padding: 0px; max-width: 100%; box-sizing: border-box;\" src=\"https:\/\/infinityweeb.com\/wp-content\/uploads\/2025\/11\/kf-Sdac956e9e1fc470f84cd0961b71fec6fP.webp?width=970&amp;height=311&amp;hash=1281\" \/><\/div>\n<\/div>\n<\/div>\n<\/div>\n<\/div>\n<\/div>\n<div style=\"font-family: 'TT Norms Pro', 'Open Sans', Roboto, Arial, Helvetica, sans-serif, SimSun; font-size: 14px; font-weight: 400; letter-spacing: normal; line-height: 56px; text-align: start; white-space: normal; color: #222222; margin: 0px; padding: 0px; display: flex; height: 56px; box-sizing: border-box;\" align=\"start\">\n<div style=\"margin: 0px; padding: 0px; display: inline-block; height: 56px; box-sizing: border-box;\"><\/div>\n<\/div>\n<\/div>\n<\/div>","protected":false},"excerpt":{"rendered":"<p>Produit chimique \u00e0 haute pr\u00e9occupation:\u00a0Aucun Mat\u00e9riau:\u00a0plastique Vie de la batterie jusqu&rsquo;\u00e0 [heures]:\u00a045 Cat\u00e9gorie:\u00a0\u00c9couteurs et \u00e9couteurs M\u00e9thode de charge:\u00a0\u00c9tui de recharge<\/p>","protected":false},"featured_media":29948,"comment_status":"open","ping_status":"closed","template":"","meta":[],"product_brand":[],"product_cat":[179,329],"product_tag":[],"class_list":{"0":"post-29947","1":"product","2":"type-product","3":"status-publish","4":"has-post-thumbnail","6":"product_cat-uncategorized","7":"product_cat-casques-ecouteurs","9":"first","10":"outofstock","11":"shipping-taxable","12":"purchasable","13":"product-type-simple"},"jetpack_sharing_enabled":true,"_links":{"self":[{"href":"https:\/\/infinityweeb.com\/en\/wp-json\/wp\/v2\/product\/29947","targetHints":{"allow":["GET"]}}],"collection":[{"href":"https:\/\/infinityweeb.com\/en\/wp-json\/wp\/v2\/product"}],"about":[{"href":"https:\/\/infinityweeb.com\/en\/wp-json\/wp\/v2\/types\/product"}],"replies":[{"embeddable":true,"href":"https:\/\/infinityweeb.com\/en\/wp-json\/wp\/v2\/comments?post=29947"}],"version-history":[{"count":13,"href":"https:\/\/infinityweeb.com\/en\/wp-json\/wp\/v2\/product\/29947\/revisions"}],"predecessor-version":[{"id":30028,"href":"https:\/\/infinityweeb.com\/en\/wp-json\/wp\/v2\/product\/29947\/revisions\/30028"}],"wp:featuredmedia":[{"embeddable":true,"href":"https:\/\/infinityweeb.com\/en\/wp-json\/wp\/v2\/media\/29948"}],"wp:attachment":[{"href":"https:\/\/infinityweeb.com\/en\/wp-json\/wp\/v2\/media?parent=29947"}],"wp:term":[{"taxonomy":"product_brand","embeddable":true,"href":"https:\/\/infinityweeb.com\/en\/wp-json\/wp\/v2\/product_brand?post=29947"},{"taxonomy":"product_cat","embeddable":true,"href":"https:\/\/infinityweeb.com\/en\/wp-json\/wp\/v2\/product_cat?post=29947"},{"taxonomy":"product_tag","embeddable":true,"href":"https:\/\/infinityweeb.com\/en\/wp-json\/wp\/v2\/product_tag?post=29947"}],"curies":[{"name":"wp","href":"https:\/\/api.w.org\/{rel}","templated":true}]}}