{"id":29978,"date":"2025-11-16T17:49:23","date_gmt":"2025-11-16T16:49:23","guid":{"rendered":"https:\/\/infinityweeb.com\/shop\/soundcore-k20i-anker-ecouteurs-bluetooth-36h-autonomie-son-clair-confortables-a3994\/"},"modified":"2026-01-27T13:46:49","modified_gmt":"2026-01-27T12:46:49","slug":"soundcore-k20i-anker-ecouteurs-bluetooth-36h-autonomie-son-clair","status":"publish","type":"product","link":"https:\/\/infinityweeb.com\/en\/shop\/soundcore-k20i-anker-ecouteurs-bluetooth-36h-autonomie-son-clair\/","title":{"rendered":"Soundcore K20i (Anker): \u00c9couteurs Bluetooth, 36h autonomie, son clair, confortables A3994."},"content":{"rendered":"<div class=\"product-specs-list-container\">\n<ul class=\"product-specs-list util-clearfix\">\n<li class=\"product-prop line-limit-length\"><span class=\"property-title\">Produit chimique \u00e0 haute pr\u00e9occupation:\u00a0<\/span><span class=\"property-desc line-limit-length\">Aucun<\/span><\/li>\n<li class=\"product-prop line-limit-length\"><span class=\"property-title\">Mat\u00e9riau:\u00a0<\/span><span class=\"property-desc line-limit-length\">plastique<\/span><\/li>\n<li class=\"product-prop line-limit-length\"><span class=\"property-title\">Vie de la batterie jusqu&rsquo;\u00e0 [heures]:\u00a0<\/span><span class=\"property-desc line-limit-length\">36<\/span><\/li>\n<li class=\"product-prop line-limit-length\"><span class=\"property-title\">Technologie NFC:\u00a0<\/span><span class=\"property-desc line-limit-length\">Non<\/span><\/li>\n<li class=\"product-prop line-limit-length\"><span class=\"property-title\">Cat\u00e9gorie:\u00a0<\/span><span class=\"property-desc line-limit-length\">\u00c9couteurs et \u00e9couteurs<\/span><\/li>\n<li class=\"product-prop line-limit-length\"><span class=\"property-title\">M\u00e9thode de charge:\u00a0<\/span><span class=\"property-desc line-limit-length\">\u00c9tui de recharge<\/span><\/li>\n<li class=\"product-prop line-limit-length\"><span class=\"property-title\">Version Bluetooth:\u00a0<\/span><span class=\"property-desc line-limit-length\">5.3<\/span><\/li>\n<li class=\"product-prop line-limit-length\"><span class=\"property-title\">Avec microphone:\u00a0<\/span><span class=\"property-desc line-limit-length\">Oui<\/span><\/li>\n<li class=\"product-prop line-limit-length\"><span class=\"property-title\">Est sans fil:\u00a0<\/span><span class=\"property-desc line-limit-length\">Oui<\/span><\/li>\n<li class=\"product-prop line-limit-length\"><span class=\"property-title\">Soutien APP:\u00a0<\/span><span class=\"property-desc line-limit-length\">Oui<\/span><\/li>\n<li class=\"product-prop line-limit-length\"><span class=\"property-title\">Plage de r\u00e9ponse de fr\u00e9quence:\u00a0<\/span><span class=\"property-desc line-limit-length\">-Hz<\/span><\/li>\n<li class=\"product-prop line-limit-length\"><span class=\"property-title\">Annulation active du bruit:\u00a0<\/span><span class=\"property-desc line-limit-length\">Non<\/span><\/li>\n<li class=\"product-prop line-limit-length\"><span class=\"property-title\">Contr\u00f4le de Volume:\u00a0<\/span><span class=\"property-desc line-limit-length\">Oui<\/span><\/li>\n<li class=\"product-prop line-limit-length\"><span class=\"property-title\">Bouton de contr\u00f4le:\u00a0<\/span><span class=\"property-desc line-limit-length\">Oui<\/span><\/li>\n<li class=\"product-prop line-limit-length\"><span class=\"property-title\">Principe du Vocalisme:\u00a0<\/span><span class=\"property-desc line-limit-length\">Dynamique<\/span><\/li>\n<li class=\"product-prop line-limit-length\"><span class=\"property-title\">Type sans fil:\u00a0<\/span><span class=\"property-desc line-limit-length\">Bluetooth<\/span><\/li>\n<li class=\"product-prop line-limit-length\"><span class=\"property-title\">Connecteurs:\u00a0<\/span><span class=\"property-desc line-limit-length\">Type c<\/span><\/li>\n<li class=\"product-prop line-limit-length\"><span class=\"property-title\">Communication:\u00a0<\/span><span class=\"property-desc line-limit-length\">Sans fil<\/span><\/li>\n<li class=\"product-prop line-limit-length\"><span class=\"property-title\">Style:\u00a0<\/span><span class=\"property-desc line-limit-length\">Crochet d&rsquo;oreille<\/span><\/li>\n<li class=\"product-prop line-limit-length\"><span class=\"property-title\">Certification:\u00a0<\/span><span class=\"property-desc line-limit-length\">CE,DOT,EAC,EPA,FCC,GMP,ROHS,TGA,UL,KC,pse,weee,Aucun,BQB,Cb<\/span><\/li>\n<li class=\"product-prop line-limit-length\"><span class=\"property-title\">Origine:\u00a0<\/span><span class=\"property-desc line-limit-length\">CN (Origine)<\/span><\/li>\n<li class=\"product-prop line-limit-length\"><span class=\"property-title\">Nom de marque:\u00a0<\/span><span class=\"property-desc line-limit-length\">XMSJ<\/span><\/li>\n<\/ul>\n<\/div>\n<div class=\"detailmodule_html\">\n<div class=\"detail-desc-decorate-richtext\">\n<div class=\"detailmodule_html\">\n<div class=\"detail-desc-decorate-richtext\">\n<ul class=\"a-unordered-list a-vertical a-spacing-mini\" style=\"font-family: 'Amazon Ember', Arial, sans-serif; font-size: 14px; font-weight: 400; letter-spacing: normal; text-align: start; white-space: normal; color: #0f1111; background-color: #ffffff; margin: 0px 0px 0px 18px; padding: 0px; box-sizing: border-box;\">\n<li class=\"a-spacing-mini\" style=\"margin: 0px; list-style: disc; box-sizing: border-box;\">\n<p><span id=\"tl_1\" class=\"a-list-item\" style=\"color: var(--__n4qdchev6mgo,#0f1111);\">Temps de lecture prolong\u00e9 : profitez jusqu&rsquo;\u00e0 36 heures de musique avec l&rsquo;\u00e9tui de chargement de sonundcore K20i.Une charge rapide de 10 minutes vous offre 2 heures suppl\u00e9mentaires de lecture, afin que vous soyez toujours pr\u00eat \u00e0 plonger dans le son, \u00e0 tout moment et en tout lieu.<\/span><\/p>\n<\/li>\n<li class=\"a-spacing-mini\" style=\"margin: 0px; list-style: disc; box-sizing: border-box;\">\n<p><span id=\"tl_2\" class=\"a-list-item\" style=\"color: var(--__n4qdchev6mgo,#0f1111);\">Son clair : les \u00e9couteurs soundcore K20i sont con\u00e7us avec un pilote dynamique de 13 mm et une conception de toro innovante, associ\u00e9s \u00e0 la technologie BassUp, id\u00e9aux pour les podcasts.<\/span><\/p>\n<\/li>\n<li class=\"a-spacing-mini\" style=\"margin: 0px; list-style: disc; box-sizing: border-box;\">\n<p><span id=\"tl_3\" class=\"a-list-item\" style=\"color: var(--__n4qdchev6mgo,#0f1111);\">Confort semi-intra-auriculaire : fabriqu\u00e9s avec un design semi-intra-auriculaire et pesant seulement 3,3 g, ces \u00e9couteurs sans fil Bluetooth restent en s\u00e9curit\u00e9 dans vos oreilles sans avoir besoin d&#8217;embouts auriculaires, offrant un ajustement parfait qui est l\u00e9ger et confortable tout au long de la journ\u00e9e.<\/span><\/p>\n<\/li>\n<li class=\"a-spacing-mini\" style=\"margin: 0px; list-style: disc; box-sizing: border-box;\">\n<p><span id=\"tl_4\" class=\"a-list-item\" style=\"color: var(--__n4qdchev6mgo,#0f1111);\">Qualit\u00e9 d&rsquo;appel claire : les \u00e9couteurs soundcore K20i sont dot\u00e9s d&rsquo;une technologie de r\u00e9duction du bruit aliment\u00e9e par l&rsquo;IA qui isole avec pr\u00e9cision votre voix du bruit de fond.Avec ENC double micro, maintenez une clart\u00e9 d&rsquo;appel impeccable m\u00eame dans des environnements charnuis.<\/span><\/p>\n<\/li>\n<li class=\"a-spacing-mini\" style=\"margin: 0px; list-style: disc; box-sizing: border-box;\">\n<p><span id=\"tl_5\" class=\"a-list-item\" style=\"color: var(--__n4qdchev6mgo,#0f1111);\">Son personnalis\u00e9 : avec 22 param\u00e8tres d&rsquo;\u00e9galisation pr\u00e9d\u00e9finis et des options d&rsquo;\u00e9galisation personnalisables via l&rsquo;application, ces \u00e9couteurs sans fil semi-intra-auriculaires vous permettent de sculpter votre son pour l&rsquo;adapter \u00e0 vos go\u00fbts personnels.<\/span><\/p>\n<\/li>\n<li class=\"a-spacing-mini\" style=\"margin: 0px; list-style: disc; box-sizing: border-box;\">\n<p><span id=\"tl_6\" class=\"a-list-item\" style=\"color: var(--__n4qdchev6mgo,#0f1111);\">Edge de jeu : entrez dans le jeu avec le mode de jeu sp\u00e9cialis\u00e9 de ces \u00e9couteurs semi-intra-auriculaires sans fil.\u00c9coutez chaque pas et tirez avec une clart\u00e9 am\u00e9lior\u00e9e, vous donnant l&rsquo;avantage de chaque jeu.<\/span><\/p>\n<\/li>\n<li class=\"a-spacing-mini\" style=\"margin: 0px; list-style: disc; box-sizing: border-box;\">\n<p><span id=\"tl_7\" class=\"a-list-item\" style=\"color: var(--__n4qdchev6mgo,#0f1111);\">Commandes tactiles intuitives : g\u00e9rez votre lecture audio, r\u00e9glez le volume et r\u00e9pondez aux appels d&rsquo;une simple pression sur les \u00e9couteurs sans fil semi-intra-auriculaires.Personnalisez vos param\u00e8tres tactiles via l&rsquo;application pour une exp\u00e9rience personnalis\u00e9e.<\/span><\/p>\n<\/li>\n<\/ul>\n<h1 id=\"tl_8\" class=\"a-size-base-plus a-text-bold\" style=\"font-family: 'Amazon Ember', Arial, sans-serif; font-size: 16px; font-weight: bold; letter-spacing: normal; line-height: 24px; text-align: start; white-space: normal; color: #0f1111; background-color: #ffffff; margin: 0px; padding: 0px 0px 4px 0px; box-sizing: border-box;\" align=\"start\">\u00c0 propos de cet article<\/h1>\n<p><img decoding=\"async\" src=\"https:\/\/infinityweeb.com\/wp-content\/uploads\/2025\/11\/kf-S6f9f1efde78b43bfa19caffa7ca1bb436.webp\" \/><img decoding=\"async\" src=\"https:\/\/infinityweeb.com\/wp-content\/uploads\/2025\/11\/kf-S8cf55b40813642d587efa717be1bcbc7h.webp\" \/><img decoding=\"async\" src=\"https:\/\/infinityweeb.com\/wp-content\/uploads\/2025\/11\/kf-S19aa4cbdc70140fdb38fd6131ed834d9M.webp\" \/><img decoding=\"async\" src=\"https:\/\/infinityweeb.com\/wp-content\/uploads\/2025\/11\/kf-S37233f53c6bf40b2b238307ad776ad77L.webp\" \/><img decoding=\"async\" src=\"https:\/\/infinityweeb.com\/wp-content\/uploads\/2025\/11\/kf-S95df1c03e8c54944a6aae1f8a2c3037aU.webp\" \/><img decoding=\"async\" src=\"https:\/\/infinityweeb.com\/wp-content\/uploads\/2025\/11\/kf-Scb18bd5bde914c09a0a99b91fd0a320dv.webp\" \/><img decoding=\"async\" src=\"https:\/\/infinityweeb.com\/wp-content\/uploads\/2025\/11\/kf-S8aadbf2870614d179e8aefa9ca5ca4c2v.webp\" \/><img decoding=\"async\" src=\"https:\/\/infinityweeb.com\/wp-content\/uploads\/2025\/11\/kf-Sd44c93d69a224d69b5cc28f710a24cf7v.webp\" \/><img decoding=\"async\" src=\"https:\/\/infinityweeb.com\/wp-content\/uploads\/2025\/11\/kf-Sb7bc66fd08a445a59085bc3869938ec1Z.webp\" \/><img decoding=\"async\" src=\"https:\/\/infinityweeb.com\/wp-content\/uploads\/2025\/11\/kf-S33ee4e4ad22a43588edc519f919e9e31n.webp\" \/><img decoding=\"async\" src=\"https:\/\/infinityweeb.com\/wp-content\/uploads\/2025\/11\/kf-S06c7f8dfb5bf49498ebb7a654f52b733w.webp\" \/><img decoding=\"async\" src=\"https:\/\/infinityweeb.com\/wp-content\/uploads\/2025\/11\/kf-Se2063d3ad4ad47c1820a5505454180162.webp\" \/><img decoding=\"async\" src=\"https:\/\/infinityweeb.com\/wp-content\/uploads\/2025\/11\/kf-S5acb850c7d4e4fe480c327c511190098L.webp\" \/><img decoding=\"async\" src=\"https:\/\/infinityweeb.com\/wp-content\/uploads\/2025\/11\/kf-Sbb81a711780e494bb155ada0a2b6c102Z.webp\" \/><img decoding=\"async\" src=\"https:\/\/infinityweeb.com\/wp-content\/uploads\/2025\/11\/kf-Sbde0b615b0b84b45aece536c8c006966T.webp\" \/><img decoding=\"async\" src=\"https:\/\/infinityweeb.com\/wp-content\/uploads\/2025\/11\/kf-Sd089b5ecc71d4a1eb50f0a121fdddeedt.webp\" \/><\/p>\n<table id=\"productDetails_detailBullets_sections1\" class=\"a-keyvalue prodDetTable\" style=\"border-collapse: collapse; font-family: 'Amazon Ember', Arial, sans-serif; font-size: 14px; text-align: start; color: #0f1111; background-color: #ffffff; width: 704.6px;\" align=\"start\">\n<tbody>\n<tr>\n<td class=\"a-color-secondary a-size-base prodDetSectionEntry\" style=\"font-size: 14px; font-weight: 400; line-height: 20px; text-align: left; white-space: normal; color: #0f1111; background-color: #f0f2f2; border-top: 1px solid #bbbfbf; padding: 7px 14px 6px 14px; width: 352.295px; box-sizing: border-box;\" align=\"left\">\n<p id=\"tl_9\">Technologie de connectivit\u00e9<\/p>\n<\/td>\n<td class=\"a-size-base prodDetAttrValue\" style=\"font-family: Arial; font-size: 14px; color: #333333; padding: 7px 14px 6px;\">\n<p id=\"tl_10\">Sans fil<\/p>\n<\/td>\n<\/tr>\n<tr>\n<td class=\"a-color-secondary a-size-base prodDetSectionEntry\" style=\"font-size: 14px; font-weight: 400; line-height: 20px; text-align: left; white-space: normal; color: #0f1111; background-color: #f0f2f2; border-top: 1px solid #bbbfbf; padding: 7px 14px 6px 14px; width: 352.295px; box-sizing: border-box;\" align=\"left\">\n<p id=\"tl_11\">Technologie de communication sans fil<\/p>\n<\/td>\n<td class=\"a-size-base prodDetAttrValue\" style=\"font-family: Arial; font-size: 14px; color: #333333; padding: 7px 14px 6px;\">\n<p id=\"tl_12\">Bluetooth<\/p>\n<\/td>\n<\/tr>\n<tr>\n<td class=\"a-color-secondary a-size-base prodDetSectionEntry\" style=\"font-size: 14px; font-weight: 400; line-height: 20px; text-align: left; white-space: normal; color: #0f1111; background-color: #f0f2f2; border-top: 1px solid #bbbfbf; padding: 7px 14px 6px 14px; width: 352.295px; box-sizing: border-box;\" align=\"left\">\n<p id=\"tl_13\">Composants inclus<\/p>\n<\/td>\n<td class=\"a-size-base prodDetAttrValue\" style=\"font-family: Arial; font-size: 14px; color: #333333; padding: 7px 14px 6px;\">\n<p id=\"tl_14\">soundcore K20i, c\u00e2ble USB-C, \u00e9tui de chargement<\/p>\n<\/td>\n<\/tr>\n<tr>\n<td class=\"a-color-secondary a-size-base prodDetSectionEntry\" style=\"font-size: 14px; font-weight: 400; line-height: 20px; text-align: left; white-space: normal; color: #0f1111; background-color: #f0f2f2; border-top: 1px solid #bbbfbf; padding: 7px 14px 6px 14px; width: 352.295px; box-sizing: border-box;\" align=\"left\">\n<p id=\"tl_15\">Tranche d&rsquo;\u00e2ge (Description)<\/p>\n<\/td>\n<td class=\"a-size-base prodDetAttrValue\" style=\"font-family: Arial; font-size: 14px; color: #333333; padding: 7px 14px 6px;\">\n<p id=\"tl_16\">TOUS<\/p>\n<\/td>\n<\/tr>\n<tr>\n<td class=\"a-color-secondary a-size-base prodDetSectionEntry\" style=\"font-size: 14px; font-weight: 400; line-height: 20px; text-align: left; white-space: normal; color: #0f1111; background-color: #f0f2f2; border-top: 1px solid #bbbfbf; padding: 7px 14px 6px 14px; width: 352.295px; box-sizing: border-box;\" align=\"left\">\n<p id=\"tl_17\">Mat\u00e9riel<\/p>\n<\/td>\n<td class=\"a-size-base prodDetAttrValue\" style=\"font-family: Arial; font-size: 14px; color: #333333; padding: 7px 14px 6px;\">\n<p id=\"tl_18\">Plastique<\/p>\n<\/td>\n<\/tr>\n<tr>\n<td class=\"a-color-secondary a-size-base prodDetSectionEntry\" style=\"font-size: 14px; font-weight: 400; line-height: 20px; text-align: left; white-space: normal; color: #0f1111; background-color: #f0f2f2; border-top: 1px solid #bbbfbf; padding: 7px 14px 6px 14px; width: 352.295px; box-sizing: border-box;\" align=\"left\">\n<p id=\"tl_19\">Utilisations sp\u00e9cifiques pour le produit<\/p>\n<\/td>\n<td class=\"a-size-base prodDetAttrValue\" style=\"font-family: Arial; font-size: 14px; color: #333333; padding: 7px 14px 6px;\">\n<p id=\"tl_20\">Jeux<\/p>\n<\/td>\n<\/tr>\n<tr>\n<td class=\"a-color-secondary a-size-base prodDetSectionEntry\" style=\"font-size: 14px; font-weight: 400; line-height: 20px; text-align: left; white-space: normal; color: #0f1111; background-color: #f0f2f2; border-top: 1px solid #bbbfbf; padding: 7px 14px 6px 14px; width: 352.295px; box-sizing: border-box;\" align=\"left\">\n<p id=\"tl_21\">Temps de charge<\/p>\n<\/td>\n<td class=\"a-size-base prodDetAttrValue\" style=\"font-family: Arial; font-size: 14px; color: #333333; padding: 7px 14px 6px;\">\n<p id=\"tl_22\">1E+1 minutes<\/p>\n<\/td>\n<\/tr>\n<tr>\n<td class=\"a-color-secondary a-size-base prodDetSectionEntry\" style=\"font-size: 14px; font-weight: 400; line-height: 20px; text-align: left; white-space: normal; color: #0f1111; background-color: #f0f2f2; border-top: 1px solid #bbbfbf; padding: 7px 14px 6px 14px; width: 352.295px; box-sizing: border-box;\" align=\"left\">\n<p id=\"tl_23\">Utilisations recommand\u00e9es pour le produit<\/p>\n<\/td>\n<td class=\"a-size-base prodDetAttrValue\" style=\"font-family: Arial; font-size: 14px; color: #333333; padding: 7px 14px 6px;\">\n<p id=\"tl_24\">Exercice, Jouer<\/p>\n<\/td>\n<\/tr>\n<tr>\n<td class=\"a-color-secondary a-size-base prodDetSectionEntry\" style=\"font-size: 14px; font-weight: 400; line-height: 20px; text-align: left; white-space: normal; color: #0f1111; background-color: #f0f2f2; border-top: 1px solid #bbbfbf; padding: 7px 14px 6px 14px; width: 352.295px; box-sizing: border-box;\" align=\"left\">\n<p id=\"tl_25\">Appareils compatibles<\/p>\n<\/td>\n<td class=\"a-size-base prodDetAttrValue\" style=\"font-family: Arial; font-size: 14px; color: #333333; padding: 7px 14px 6px;\">\n<p id=\"tl_26\">Appareils compatibles Bluetooth<\/p>\n<\/td>\n<\/tr>\n<tr>\n<td class=\"a-color-secondary a-size-base prodDetSectionEntry\" style=\"font-size: 14px; font-weight: 400; line-height: 20px; text-align: left; white-space: normal; color: #0f1111; background-color: #f0f2f2; border-top: 1px solid #bbbfbf; padding: 7px 14px 6px 14px; width: 352.295px; box-sizing: border-box;\" align=\"left\">\n<p id=\"tl_27\">Th\u00e8me<\/p>\n<\/td>\n<td class=\"a-size-base prodDetAttrValue\" style=\"font-family: Arial; font-size: 14px; color: #333333; padding: 7px 14px 6px;\">\n<p id=\"tl_28\">Jeu vid\u00e9o<\/p>\n<\/td>\n<\/tr>\n<tr>\n<td class=\"a-color-secondary a-size-base prodDetSectionEntry\" style=\"font-size: 14px; font-weight: 400; line-height: 20px; text-align: left; white-space: normal; color: #0f1111; background-color: #f0f2f2; border-top: 1px solid #bbbfbf; padding: 7px 14px 6px 14px; width: 352.295px; box-sizing: border-box;\" align=\"left\">\n<p id=\"tl_29\">Type de contr\u00f4le<\/p>\n<\/td>\n<td class=\"a-size-base prodDetAttrValue\" style=\"font-family: Arial; font-size: 14px; color: #333333; padding: 7px 14px 6px;\">\n<p id=\"tl_30\">Contr\u00f4le des m\u00e9dias<\/p>\n<\/td>\n<\/tr>\n<tr>\n<td class=\"a-color-secondary a-size-base prodDetSectionEntry\" style=\"font-size: 14px; font-weight: 400; line-height: 20px; text-align: left; white-space: normal; color: #0f1111; background-color: #f0f2f2; border-top: 1px solid #bbbfbf; padding: 7px 14px 6px 14px; width: 352.295px; box-sizing: border-box;\" align=\"left\">\n<p id=\"tl_31\">Caract\u00e9ristique du c\u00e2ble<\/p>\n<\/td>\n<td class=\"a-size-base prodDetAttrValue\" style=\"font-family: Arial; font-size: 14px; color: #333333; padding: 7px 14px 6px;\">\n<p id=\"tl_32\">Sans c\u00e2ble<\/p>\n<\/td>\n<\/tr>\n<tr>\n<td class=\"a-color-secondary a-size-base prodDetSectionEntry\" style=\"font-size: 14px; font-weight: 400; line-height: 20px; text-align: left; white-space: normal; color: #0f1111; background-color: #f0f2f2; border-top: 1px solid #bbbfbf; padding: 7px 14px 6px 14px; width: 352.295px; box-sizing: border-box;\" align=\"left\">\n<p id=\"tl_33\">Poids de l&rsquo;article<\/p>\n<\/td>\n<td class=\"a-size-base prodDetAttrValue\" style=\"font-family: Arial; font-size: 14px; color: #333333; padding: 7px 14px 6px;\">\n<p id=\"tl_34\">0,1 livres<\/p>\n<\/td>\n<\/tr>\n<tr>\n<td class=\"a-color-secondary a-size-base prodDetSectionEntry\" style=\"font-size: 14px; font-weight: 400; line-height: 20px; text-align: left; white-space: normal; color: #0f1111; background-color: #f0f2f2; border-top: 1px solid #bbbfbf; padding: 7px 14px 6px 14px; width: 352.295px; box-sizing: border-box;\" align=\"left\">\n<p id=\"tl_35\">Niveau de r\u00e9sistance \u00e0 l&rsquo;eau<\/p>\n<\/td>\n<td class=\"a-size-base prodDetAttrValue\" style=\"font-family: Arial; font-size: 14px; color: #333333; padding: 7px 14px 6px;\">\n<p id=\"tl_36\">R\u00e9sistant \u00e0 l&rsquo;eau<\/p>\n<\/td>\n<\/tr>\n<tr>\n<td class=\"a-color-secondary a-size-base prodDetSectionEntry\" style=\"font-size: 14px; font-weight: 400; line-height: 20px; text-align: left; white-space: normal; color: #0f1111; background-color: #f0f2f2; border-top: 1px solid #bbbfbf; padding: 7px 14px 6px 14px; width: 352.295px; box-sizing: border-box;\" align=\"left\">\n<p id=\"tl_37\">Gamme de fr\u00e9quences<\/p>\n<\/td>\n<td class=\"a-size-base prodDetAttrValue\" style=\"font-family: Arial; font-size: 14px; color: #333333; padding: 7px 14px 6px;\">\n<p id=\"tl_38\">20 Hz &#8211; 20 000 Hz<\/p>\n<\/td>\n<\/tr>\n<tr>\n<td class=\"a-color-secondary a-size-base prodDetSectionEntry\" style=\"font-size: 14px; font-weight: 400; line-height: 20px; text-align: left; white-space: normal; color: #0f1111; background-color: #f0f2f2; border-top: 1px solid #bbbfbf; padding: 7px 14px 6px 14px; width: 352.295px; box-sizing: border-box;\" align=\"left\">\n<p id=\"tl_39\">Style<\/p>\n<\/td>\n<td class=\"a-size-base prodDetAttrValue\" style=\"font-family: Arial; font-size: 14px; color: #333333; padding: 7px 14px 6px;\">\n<p id=\"tl_40\">Moderne\u00a0\u00bb ou \u00ab\u00a0Minimaliste<\/p>\n<\/td>\n<\/tr>\n<tr>\n<td class=\"a-color-secondary a-size-base prodDetSectionEntry\" style=\"font-size: 14px; font-weight: 400; line-height: 20px; text-align: left; white-space: normal; color: #0f1111; background-color: #f0f2f2; border-top: 1px solid #bbbfbf; padding: 7px 14px 6px 14px; width: 352.295px; box-sizing: border-box;\" align=\"left\">\n<p id=\"tl_41\">M\u00e9thode de contr\u00f4le<\/p>\n<\/td>\n<td class=\"a-size-base prodDetAttrValue\" style=\"font-family: Arial; font-size: 14px; color: #333333; padding: 7px 14px 6px;\">\n<p id=\"tl_42\">Toucher<\/p>\n<\/td>\n<\/tr>\n<tr>\n<td class=\"a-color-secondary a-size-base prodDetSectionEntry\" style=\"font-size: 14px; font-weight: 400; line-height: 20px; text-align: left; white-space: normal; color: #0f1111; background-color: #f0f2f2; border-top: 1px solid #bbbfbf; padding: 7px 14px 6px 14px; width: 352.295px; box-sizing: border-box;\" align=\"left\">\n<p id=\"tl_43\">Nombre d&rsquo;articles<\/p>\n<\/td>\n<td class=\"a-size-base prodDetAttrValue\" style=\"font-family: Arial; font-size: 14px; color: #333333; padding: 7px 14px 6px;\">\n<p>1<\/p>\n<\/td>\n<\/tr>\n<tr>\n<td class=\"a-color-secondary a-size-base prodDetSectionEntry\" style=\"font-size: 14px; font-weight: 400; line-height: 20px; text-align: left; white-space: normal; color: #0f1111; background-color: #f0f2f2; border-top: 1px solid #bbbfbf; padding: 7px 14px 6px 14px; width: 352.295px; box-sizing: border-box;\" align=\"left\">\n<p id=\"tl_44\">Type de pilote audio<\/p>\n<\/td>\n<td class=\"a-size-base prodDetAttrValue\" style=\"font-family: Arial; font-size: 14px; color: #333333; padding: 7px 14px 6px;\">\n<p id=\"tl_45\">Pilote dynamique<\/p>\n<\/td>\n<\/tr>\n<tr>\n<td class=\"a-color-secondary a-size-base prodDetSectionEntry\" style=\"font-size: 14px; font-weight: 400; line-height: 20px; text-align: left; white-space: normal; color: #0f1111; background-color: #f0f2f2; border-top: 1px solid #bbbfbf; padding: 7px 14px 6px 14px; width: 352.295px; box-sizing: border-box;\" align=\"left\">\n<p id=\"tl_46\">Gamme Bluetooth<\/p>\n<\/td>\n<td class=\"a-size-base prodDetAttrValue\" style=\"font-family: Arial; font-size: 14px; color: #333333; padding: 7px 14px 6px;\">\n<p id=\"tl_47\">1E+1 m\u00e8tres<\/p>\n<\/td>\n<\/tr>\n<tr>\n<td class=\"a-color-secondary a-size-base prodDetSectionEntry\" style=\"font-size: 14px; font-weight: 400; line-height: 20px; text-align: left; white-space: normal; color: #0f1111; background-color: #f0f2f2; border-top: 1px solid #bbbfbf; padding: 7px 14px 6px 14px; width: 352.295px; box-sizing: border-box;\" align=\"left\">\n<p id=\"tl_48\">Version Bluetooth<\/p>\n<\/td>\n<td class=\"a-size-base prodDetAttrValue\" style=\"font-family: Arial; font-size: 14px; color: #333333; padding: 7px 14px 6px;\">\n<p>5.3<\/p>\n<\/td>\n<\/tr>\n<\/tbody>\n<\/table>\n<\/div>\n<\/div>\n<\/div>\n<\/div>","protected":false},"excerpt":{"rendered":"<p>Produit chimique \u00e0 haute pr\u00e9occupation:\u00a0Aucun Mat\u00e9riau:\u00a0plastique Vie de la batterie jusqu&rsquo;\u00e0 [heures]:\u00a036 Technologie NFC:\u00a0Non Cat\u00e9gorie:\u00a0\u00c9couteurs et \u00e9couteurs M\u00e9thode de charge:\u00a0\u00c9tui<\/p>","protected":false},"featured_media":29979,"comment_status":"open","ping_status":"closed","template":"","meta":[],"product_brand":[],"product_cat":[179,329],"product_tag":[],"class_list":{"0":"post-29978","1":"product","2":"type-product","3":"status-publish","4":"has-post-thumbnail","6":"product_cat-uncategorized","7":"product_cat-casques-ecouteurs","9":"first","10":"outofstock","11":"shipping-taxable","12":"purchasable","13":"product-type-simple"},"jetpack_sharing_enabled":true,"_links":{"self":[{"href":"https:\/\/infinityweeb.com\/en\/wp-json\/wp\/v2\/product\/29978","targetHints":{"allow":["GET"]}}],"collection":[{"href":"https:\/\/infinityweeb.com\/en\/wp-json\/wp\/v2\/product"}],"about":[{"href":"https:\/\/infinityweeb.com\/en\/wp-json\/wp\/v2\/types\/product"}],"replies":[{"embeddable":true,"href":"https:\/\/infinityweeb.com\/en\/wp-json\/wp\/v2\/comments?post=29978"}],"version-history":[{"count":16,"href":"https:\/\/infinityweeb.com\/en\/wp-json\/wp\/v2\/product\/29978\/revisions"}],"predecessor-version":[{"id":30016,"href":"https:\/\/infinityweeb.com\/en\/wp-json\/wp\/v2\/product\/29978\/revisions\/30016"}],"wp:featuredmedia":[{"embeddable":true,"href":"https:\/\/infinityweeb.com\/en\/wp-json\/wp\/v2\/media\/29979"}],"wp:attachment":[{"href":"https:\/\/infinityweeb.com\/en\/wp-json\/wp\/v2\/media?parent=29978"}],"wp:term":[{"taxonomy":"product_brand","embeddable":true,"href":"https:\/\/infinityweeb.com\/en\/wp-json\/wp\/v2\/product_brand?post=29978"},{"taxonomy":"product_cat","embeddable":true,"href":"https:\/\/infinityweeb.com\/en\/wp-json\/wp\/v2\/product_cat?post=29978"},{"taxonomy":"product_tag","embeddable":true,"href":"https:\/\/infinityweeb.com\/en\/wp-json\/wp\/v2\/product_tag?post=29978"}],"curies":[{"name":"wp","href":"https:\/\/api.w.org\/{rel}","templated":true}]}}