{"id":30119,"date":"2025-11-18T08:54:27","date_gmt":"2025-11-18T07:54:27","guid":{"rendered":"https:\/\/infinityweeb.com\/shop\/microphone-cravate-sans-fil-xiaomi-usb-c-ios-reduction-du-bruit-portee-de-50-m-android-iphone-appareil-photo-pc-ordinateur-portable\/"},"modified":"2026-01-27T13:45:30","modified_gmt":"2026-01-27T12:45:30","slug":"microphone-cravate-sans-fil-xiaomi-ios-reduction-bruit-portee-50-android","status":"publish","type":"product","link":"https:\/\/infinityweeb.com\/en\/shop\/microphone-cravate-sans-fil-xiaomi-ios-reduction-bruit-portee-50-android\/","title":{"rendered":"Microphone cravate sans fil Xiaomi, USB-C\/iOS, r\u00e9duction du bruit, port\u00e9e de 50 m, Android\/iPhone\/appareil photo\/PC\/ordinateur portable"},"content":{"rendered":"<div class=\"product-specs-list-container\">\n<ul class=\"product-specs-list util-clearfix\">\n<li class=\"product-prop line-limit-length\"><span class=\"property-title\">Produit chimique \u00e0 haute pr\u00e9occupation:&nbsp;<\/span><span class=\"property-desc line-limit-length\">Aucun<\/span>\n                            <\/li>\n<li class=\"product-prop line-limit-length\"><span class=\"property-title\">Batterie Int\u00e9gr\u00e9e:&nbsp;<\/span><span class=\"property-desc line-limit-length\">Oui<\/span>\n                            <\/li>\n<li class=\"product-prop line-limit-length\"><span class=\"property-title\">Diaphragme:&nbsp;<\/span><span class=\"property-desc line-limit-length\">LARGE<\/span>\n                            <\/li>\n<li class=\"product-prop line-limit-length\"><span class=\"property-title\">Motifs polaires:&nbsp;<\/span><span class=\"property-desc line-limit-length\">Omnidirectionnelle<\/span>\n                            <\/li>\n<li class=\"product-prop line-limit-length\"><span class=\"property-title\">Paquet:&nbsp;<\/span><span class=\"property-desc line-limit-length\">Oui<\/span>\n                            <\/li>\n<li class=\"product-prop line-limit-length\"><span class=\"property-title\">Communication:&nbsp;<\/span><span class=\"property-desc line-limit-length\">Filaire<\/span>\n                            <\/li>\n<li class=\"product-prop line-limit-length\"><span class=\"property-title\">Type D&rsquo;ensemble:&nbsp;<\/span><span class=\"property-desc line-limit-length\">Microphone unique<\/span>\n                            <\/li>\n<li class=\"product-prop line-limit-length\"><span class=\"property-title\">Transducteur:&nbsp;<\/span><span class=\"property-desc line-limit-length\">Microphone \u00e0 \u00e9lectret<\/span>\n                            <\/li>\n<li class=\"product-prop line-limit-length\"><span class=\"property-title\">Utiliser:&nbsp;<\/span><span class=\"property-desc line-limit-length\">Microphone karaok\u00e9<\/span>\n                            <\/li>\n<li class=\"product-prop line-limit-length\"><span class=\"property-title\">Style:&nbsp;<\/span><span class=\"property-desc line-limit-length\">Microphone Lavalier<\/span>\n                            <\/li>\n<li class=\"product-prop line-limit-length\"><span class=\"property-title\">Nom de marque:&nbsp;<\/span><span class=\"property-desc line-limit-length\">MIJIA<\/span>\n                            <\/li>\n<li class=\"product-prop line-limit-length\"><span class=\"property-title\">Origine:&nbsp;<\/span><span class=\"property-desc line-limit-length\">CN (Origine)<\/span>\n                            <\/li>\n<li class=\"product-prop line-limit-length\"><span class=\"property-title\">Certification:&nbsp;<\/span><span class=\"property-desc line-limit-length\">Aucun<\/span>\n                            <\/li>\n<li class=\"product-prop line-limit-length\"><span class=\"property-title\">Lavalier Lapel Microphone:&nbsp;<\/span><span class=\"property-desc line-limit-length\">Small Mini Clip Lapel Lav Mic<\/span>\n                            <\/li>\n<\/ul><\/div>\n<div class=\"detailmodule_html\">\n<div class=\"detail-desc-decorate-richtext\">\n<div class=\"detailmodule_html\">\n<div class=\"detail-desc-decorate-richtext\">\n<div>\n   \n  <\/div>\n<div>\n   <strong id=\"tl_1\">Sp&eacute;cification :<\/strong><br \/>\n   \n  <\/div>\n<div>\n<div id=\"tl_2\">\n    Certification : CE<br \/>\n    <br \/>Origine : Chine continentale<br \/>\n    <br \/>Style : microphone Lavalier.<br \/>\n    <br \/>Utilisation : Studio &agrave; domicile<br \/>\n    <br \/>Transducteur : microphone &agrave; condensateur<br \/>\n    <br \/>Type de jeu : ensembles d&rsquo;&eacute;metteurs<br \/>\n    <br \/>Communication : sans fil<br \/>\n    <br \/>Forfait : Oui<br \/>\n    <br \/>Motifs polaires : omnidirectionnels<br \/>\n    <br \/>Diaphragme : S-Mall<br \/>\n    <br \/>Mod&egrave;le : J6<br \/>\n    <br \/>Couleur : noir<br \/>\n    <br \/>Interface : pour Apple 8 broches, pour Android TYPE-C (en option)<br \/>\n    <br \/>Transmission sans fil : modulation de fr&eacute;quence adaptative 2,4 GHz<br \/>\n    <br \/>Pointage : omnidirectionnel<br \/>\n    <br \/>Plage de r&eacute;ponse en fr&eacute;quence : 20 Hz-20 KHz<br \/>\n    <br \/>Type de batterie : batterie au lithium polym&egrave;re<br \/>\n    <br \/>Capacit&eacute; de la batterie : &eacute;metteur de microphone TX : 130 mAh ; Bo&icirc;tier de chargement : 400 mAh<br \/>\n    <br \/>&Eacute;nergie de la batterie : Transmetteur microphone TX : 0.481Wh ; Bo&icirc;tier de chargement : 1,48 Wh<br \/>\n    <br \/>Tension de sortie de la batterie : &eacute;metteur de microphone TX, compartiment de chargement : 3,7 V.<br \/>\n    <br \/>Niveau de pression acoustique d&rsquo;entr&eacute;e maximum : 100 dBV (THD &lt;0,1 %)<br \/>\n    <br \/>Distance de transmission : enregistrement (mesure r&eacute;elle) : 33 m&egrave;tres sans obstacles, 25 m&egrave;tres &agrave; l&rsquo;envers ; lecture (mesure r&eacute;elle) : 35 m&egrave;tres sans obstacles, 27 m&egrave;tres &agrave; l&rsquo;envers<br \/>\n    <br \/>Temps de charge : &eacute;metteur de microphone TX : environ 6 h ; compartiment de chargement : peut charger un &eacute;metteur environ 2,5 fois<br \/>\n    <br \/>compatibilit&eacute; :<br \/>\n    <br \/>Interface de type C : adaptable &agrave; la plupart des ordinateurs portables, ordinateurs de bureau, t&eacute;l&eacute;phones mobiles et autres appareils d&rsquo;interface Android ordinaires<br \/>\n    <br \/>Interface d&rsquo;&eacute;clairage: prend en charge l&rsquo;utilisation des t&eacute;l&eacute;phones mobiles Apple, des ordinateurs\/tablettes pour l&rsquo;interface iOS, comme pour iPhone 15 14 13, pour iPad, pour MacBook<br \/>\n    <br \/>Taille du compartiment de chargement: 85*35*50mm<br \/>\n    <br \/>Taille du r&eacute;cepteur (RX): 40*23*8mm<br \/>\n    <br \/>Taille du microphone (TX): 30*30*10mm<br \/>\n    <br \/>Taille de la bo&icirc;te de couleur : 10,5*11,5*3,8 cm<br \/>\n    <br \/>Poids net du produit : 111 g\/pi&egrave;ces<br \/>\n    <br \/>Poids brut d&rsquo;un seul ensemble : 180 G\/pi&egrave;ces <\/p>\n<p>pr&eacute;senter :<br \/>\n    <br \/>Ce produit est un microphone sans fil intelligent qui fournit une sortie d&rsquo;enregistrement de niveau professionnel.Plug and play, aucune application requise.Utilisations multiples : il peut &ecirc;tre utilis&eacute; dans la diffusion en direct en ligne, la prise de vue vid&eacute;o de Vlog, les interviews de programmes, les enregistrements d&rsquo;interview, l&rsquo;enseignement vid&eacute;o et d&rsquo;autres occasions. <\/p>\n<p>Instructions :<br \/>\n    <br \/>&Eacute;tape 1 : Appuyez et maintenez enfonc&eacute; le bouton d&rsquo;alimentation du microphone jusqu&rsquo;&agrave; ce que le voyant de connexion clignote, indiquant que le t&eacute;l&eacute;phone est allum&eacute; avec succ&egrave;s.<br \/>\n    <br \/>&Eacute;tape 2 : Connectez une extr&eacute;mit&eacute; de l\u2019extr&eacute;mit&eacute; de r&eacute;ception &agrave; l\u2019interface du t&eacute;l&eacute;phone mobile.<br \/>\n    <br \/>&Eacute;tape 3 : Le voyant de connexion du r&eacute;cepteur et de l&rsquo;&eacute;metteur est toujours allum&eacute;, ce qui signifie que la connexion est r&eacute;ussie.Ouvrez la vid&eacute;o en direct de la cam&eacute;ra et d&rsquo;autres applications sur votre t&eacute;l&eacute;phone mobile pour utiliser le microphone pour collecter le son. <\/p><\/div>\n<p id=\"tl_3\"><strong>Remarque :<br \/><\/strong>Pour les t&eacute;l&eacute;phones mobiles de marque OPPO\/VIVO\/IQOO\/Realme, vous devez rechercher &laquo; OTG &raquo; dans les param&egrave;tres et allumer l&rsquo;alimentation OTG avant de pouvoir &ecirc;tre utilis&eacute;es normalement. <br \/>En raison des diff&eacute;rents effets de moniteur et de lumi&egrave;re, la couleur r&eacute;elle de l&rsquo;article peut &ecirc;tre l&eacute;g&egrave;rement diff&eacute;rente de la couleur montr&eacute;e sur les images.Merci! <br \/>Veuillez permettre un &eacute;cart de mesure de 1 &agrave; 2 cm en raison de la mesure manuelle.<\/p>\n<div><\/div>\n<\/p><\/div>\n<div>\n   <strong id=\"tl_4\">Liste des paquets :<\/strong><br \/>\n   \n  <\/div>\n<div id=\"tl_5\">\n   1 X &eacute;metteur de microphone<br \/>\n   <br \/>1 X r&eacute;cepteur de microphone<br \/>\n   <br \/>1 X &eacute;tui de chargement<br \/>\n   <br \/>1 X c&acirc;ble de chargement<br \/>\n   <br \/>1 X manuel d&rsquo;utilisation <\/p><\/div>\n<p><img decoding=\"async\" width=\"100%\" src=\"https:\/\/infinityweeb.com\/wp-content\/uploads\/2025\/11\/kf-S9232df4d0f6b436caf968907614aa8c2V.webp\" \/><img decoding=\"async\" width=\"100%\" src=\"https:\/\/infinityweeb.com\/wp-content\/uploads\/2025\/11\/kf-S8aeff080542b4f8b8f84ab6570a16701p.webp\" \/><img decoding=\"async\" width=\"100%\" src=\"https:\/\/infinityweeb.com\/wp-content\/uploads\/2025\/11\/kf-Sc1693f621815484d869dfc7dc27acde7V.webp\" \/><img decoding=\"async\" width=\"100%\" src=\"https:\/\/infinityweeb.com\/wp-content\/uploads\/2025\/11\/kf-S041d37d2c1a64937b7f31a4be8d38e3cI.webp\" \/><img decoding=\"async\" width=\"100%\" src=\"https:\/\/infinityweeb.com\/wp-content\/uploads\/2025\/11\/kf-Sae9cdbffa9a8454d8e3bf8dc1d3999ea8.webp\" \/><img decoding=\"async\" width=\"100%\" src=\"https:\/\/infinityweeb.com\/wp-content\/uploads\/2025\/11\/kf-S6765bf76ee5a4bb48e11953e11558b17S.webp\" \/><img decoding=\"async\" width=\"100%\" src=\"https:\/\/infinityweeb.com\/wp-content\/uploads\/2025\/11\/kf-Sa511320b3c534bb3806bc18b42423160B.webp\" \/><img decoding=\"async\" width=\"100%\" src=\"https:\/\/infinityweeb.com\/wp-content\/uploads\/2025\/11\/kf-S0a7c9626783b4515a7cafbb4973bb937W.webp\" \/><img decoding=\"async\" width=\"100%\" src=\"https:\/\/infinityweeb.com\/wp-content\/uploads\/2025\/11\/kf-S2193c37133454aa5984b8051a693956e7.webp\" \/><img decoding=\"async\" width=\"100%\" src=\"https:\/\/infinityweeb.com\/wp-content\/uploads\/2025\/11\/kf-Sa369885613e8462685d5f4f1d09b5ed29.webp\" \/><\/p>\n<p><img decoding=\"async\" width=\"1000\" height=\"397\" src=\"https:\/\/infinityweeb.com\/wp-content\/uploads\/2025\/11\/kf-Sbbf07a4e7bd840c4929030df72eba1ccx.webp\" \/><\/p>\n<p class=\"MsoNormal\"><img decoding=\"async\" width=\"1000\" height=\"790\" src=\"https:\/\/infinityweeb.com\/wp-content\/uploads\/2025\/11\/kf-S90d19b1116f74c74bd2c15d3c47c6b28z.webp\" \/><\/p>\n<div>\n   \n  <\/div>\n<\/p><\/div>\n<\/div>\n<p><\/div>\n<\/div>","protected":false},"excerpt":{"rendered":"<p>Produit chimique \u00e0 haute pr\u00e9occupation:&nbsp;Aucun Batterie Int\u00e9gr\u00e9e:&nbsp;Oui Diaphragme:&nbsp;LARGE Motifs polaires:&nbsp;Omnidirectionnelle Paquet:&nbsp;Oui Communication:&nbsp;Filaire Type D&rsquo;ensemble:&nbsp;Microphone unique Transducteur:&nbsp;Microphone \u00e0 \u00e9lectret Utiliser:&nbsp;Microphone karaok\u00e9<\/p>","protected":false},"featured_media":30120,"comment_status":"open","ping_status":"closed","template":"","meta":[],"product_brand":[],"product_cat":[179,331],"product_tag":[],"class_list":{"0":"post-30119","1":"product","2":"type-product","3":"status-publish","4":"has-post-thumbnail","6":"product_cat-uncategorized","7":"product_cat-audio-et-microphones","9":"first","10":"outofstock","11":"shipping-taxable","12":"purchasable","13":"product-type-variable"},"jetpack_sharing_enabled":true,"_links":{"self":[{"href":"https:\/\/infinityweeb.com\/en\/wp-json\/wp\/v2\/product\/30119","targetHints":{"allow":["GET"]}}],"collection":[{"href":"https:\/\/infinityweeb.com\/en\/wp-json\/wp\/v2\/product"}],"about":[{"href":"https:\/\/infinityweeb.com\/en\/wp-json\/wp\/v2\/types\/product"}],"replies":[{"embeddable":true,"href":"https:\/\/infinityweeb.com\/en\/wp-json\/wp\/v2\/comments?post=30119"}],"version-history":[{"count":13,"href":"https:\/\/infinityweeb.com\/en\/wp-json\/wp\/v2\/product\/30119\/revisions"}],"predecessor-version":[{"id":30265,"href":"https:\/\/infinityweeb.com\/en\/wp-json\/wp\/v2\/product\/30119\/revisions\/30265"}],"wp:featuredmedia":[{"embeddable":true,"href":"https:\/\/infinityweeb.com\/en\/wp-json\/wp\/v2\/media\/30120"}],"wp:attachment":[{"href":"https:\/\/infinityweeb.com\/en\/wp-json\/wp\/v2\/media?parent=30119"}],"wp:term":[{"taxonomy":"product_brand","embeddable":true,"href":"https:\/\/infinityweeb.com\/en\/wp-json\/wp\/v2\/product_brand?post=30119"},{"taxonomy":"product_cat","embeddable":true,"href":"https:\/\/infinityweeb.com\/en\/wp-json\/wp\/v2\/product_cat?post=30119"},{"taxonomy":"product_tag","embeddable":true,"href":"https:\/\/infinityweeb.com\/en\/wp-json\/wp\/v2\/product_tag?post=30119"}],"curies":[{"name":"wp","href":"https:\/\/api.w.org\/{rel}","templated":true}]}}