{"id":30157,"date":"2025-11-18T08:57:53","date_gmt":"2025-11-18T07:57:53","guid":{"rendered":"https:\/\/infinityweeb.com\/shop\/romoss-psl10-10000-mah-portable-power-bank\/"},"modified":"2026-01-27T13:45:40","modified_gmt":"2026-01-27T12:45:40","slug":"romoss-psl10-10000-mah-portable-power-bank","status":"publish","type":"product","link":"https:\/\/infinityweeb.com\/en\/shop\/romoss-psl10-10000-mah-portable-power-bank\/","title":{"rendered":"Romoss PSL10 10000 mAh Portable Power Bank"},"content":{"rendered":"<div class=\"product-specs-list-container\">\n<ul class=\"product-specs-list util-clearfix\">\n<li class=\"product-prop line-limit-length\"><span class=\"property-title\">Produit chimique \u00e0 haute pr\u00e9occupation:&nbsp;<\/span><span class=\"property-desc line-limit-length\">Aucun<\/span>\n                            <\/li>\n<li class=\"product-prop line-limit-length\"><span class=\"property-title\">Mat\u00e9riau de la coque:&nbsp;<\/span><span class=\"property-desc line-limit-length\">plastique<\/span>\n                            <\/li>\n<li class=\"product-prop line-limit-length\"><span class=\"property-title\">Caract\u00e9ristiques:&nbsp;<\/span><span class=\"property-desc line-limit-length\">Avec lampe LED<\/span>\n                            <\/li>\n<li class=\"product-prop line-limit-length\"><span class=\"property-title\">Interface d&rsquo;entr\u00e9e:&nbsp;<\/span><span class=\"property-desc line-limit-length\">Micro USB<\/span>\n                            <\/li>\n<li class=\"product-prop line-limit-length\"><span class=\"property-title\">Interface de sortie:&nbsp;<\/span><span class=\"property-desc line-limit-length\">double usb<\/span>\n                            <\/li>\n<li class=\"product-prop line-limit-length\"><span class=\"property-title\">Type De batterie:&nbsp;<\/span><span class=\"property-desc line-limit-length\">Batterie Li-Polymer<\/span>\n                            <\/li>\n<li class=\"product-prop line-limit-length\"><span class=\"property-title\">Origine:&nbsp;<\/span><span class=\"property-desc line-limit-length\">CN (Origine)<\/span>\n                            <\/li>\n<li class=\"product-prop line-limit-length\"><span class=\"property-title\">Type:&nbsp;<\/span><span class=\"property-desc line-limit-length\">power bank portable<\/span>\n                            <\/li>\n<\/ul><\/div>\n<div class=\"detailmodule_html\">\n<div class=\"detail-desc-decorate-richtext\">\n<div class=\"detailmodule_html\">\n<div class=\"detail-desc-decorate-richtext\">\n<div class=\"desc\">\n<div style=\"width: px;line-height:150%;font-family:Arial, Helvetica, sans-serif;font-size:12px\">\n<p style=\"margin-bottom:6px;margin-top:6px\"><img decoding=\"async\" src=\"https:\/\/infinityweeb.com\/wp-content\/uploads\/2025\/11\/kf-Sfbc8426f3a524ca68973b07517490c66h.webp\" alt=\"\" width=\"960\" height=\"80\" \/><\/p>\n<p><b style=\"color: var(--w-e-textarea-color)\" id=\"tl_1\">Sp&eacute;cification :<\/b><\/p>\n<div style=\"font:Arial;font-size:16px\" id=\"tl_2\">\n     Caract&eacute;ristiques :<br \/>\n     <br \/>Mini corps, sensation de toucher d&eacute;licat et conception portable.<br \/>\n     <br \/>2.1A de puissance &eacute;lev&eacute;e et charge rapide, avec une capacit&eacute; de 10 000 mAh et une batterie au lithium polym&egrave;re &agrave; conversion &eacute;lev&eacute;e, vous pouvez charger votre t&eacute;l&eacute;phone plus rapidement.<br \/>\n     <br \/>Deux sorties USB, chargez deux t&eacute;l&eacute;phones en m&ecirc;me temps.<br \/>\n     <br \/>Le voyant d&rsquo;alimentation vous permet d&rsquo;avoir une r&eacute;ponse pr&ecirc;te pour faciliter la gestion de l&rsquo;alimentation de votre batte.<br \/>\n     <br \/>Assez de Po wer pour les &eacute;v&eacute;nements en plein air et les urgences familiales.<br \/>\n     <br \/>Pas lourd pour l&#8217;emporter avec vous lorsque vous sortez travailler longtemps.<br \/>\n     <br \/>Sp&eacute;cifications :<br \/>\n     <br \/>Capacit&eacute; : 10 000 mAh<br \/>\n     <br \/>Entr&eacute;e : 5 V 2,1 A (Mi cro USB\/Ty pe-C)<br \/>\n     <br \/>Sortie : 5 V 1 A \/ 5 V 2,1 A MAX (doubles sorties US B-A)<br \/>\n     <br \/>Taille : L94.5 x L68 x H24.5 mm<br \/>\n     <br \/>Poids : 217 g<br \/>\n     <br \/>Couleur : Blanc<br \/>\n     <br \/>Certification : UN38.3, MSDS, CB (IEC62133,IEC60950), CE, PSE, ROHS, BIS, KC, EAC<br \/>\n     <br \/>Liste des paquets :<br \/>\n     <br \/>1 * source portable <\/p>\n<p><\/p>\n<p><b>Liste des paquets :<\/b><\/p>\n<p>1 * source portable\n    <\/p><\/div>\n<p> <\/p>\n<p style=\"margin-bottom:6px;margin-top:6px\"> <img decoding=\"async\" src=\"https:\/\/infinityweeb.com\/wp-content\/uploads\/2025\/11\/kf-HTB1bSMWXv5G3KVjSZPxq6zI3XXad.webp\" width=\"960\" height=\"80\" \/><\/p>\n<p>&nbsp;<img decoding=\"async\" src=\"https:\/\/infinityweeb.com\/wp-content\/uploads\/2025\/11\/kf-S9d8033be36224cc59d67ae215f40c10dv.webp\" \/><br \/><img decoding=\"async\" src=\"https:\/\/infinityweeb.com\/wp-content\/uploads\/2025\/11\/kf-S6fcf9624434b4c02935fa03f3b510ee5y.webp\" \/><br \/><img decoding=\"async\" src=\"https:\/\/infinityweeb.com\/wp-content\/uploads\/2025\/11\/kf-S644fcb40602e42e0afc633660a3f29aeF.webp\" \/><br \/><img decoding=\"async\" src=\"https:\/\/infinityweeb.com\/wp-content\/uploads\/2025\/11\/kf-S8f461ff546804fb8a95e9d1406cd9376k.webp\" \/><br \/><img decoding=\"async\" src=\"https:\/\/infinityweeb.com\/wp-content\/uploads\/2025\/11\/kf-S6bacea4509ea4281898cdc5b7a68f982a.webp\" \/><br \/><img decoding=\"async\" src=\"https:\/\/infinityweeb.com\/wp-content\/uploads\/2025\/11\/kf-S91fa96d8c12549f2ad98fa5d736d90d5t.webp\" \/><br \/><img decoding=\"async\" src=\"https:\/\/infinityweeb.com\/wp-content\/uploads\/2025\/11\/kf-S87c5195651274869a133b4b6237c3992i.webp\" \/><br \/><img decoding=\"async\" src=\"https:\/\/infinityweeb.com\/wp-content\/uploads\/2025\/11\/kf-Scbbc922680504e7aa8240b050528798cP.webp\" \/><\/p>\n<p>     <!--#list--><br \/>\n     <!--#if--><\/p>\n<div style=\"margin-bottom:6px;margin-top:6px\">\n     <img decoding=\"async\" width=\"960\" height=\"80\" src=\"https:\/\/infinityweeb.com\/wp-content\/uploads\/2025\/11\/kf-HTB1EH79Xq1s3KVjSZFAq6x_ZXXac.webp\" alt=\"\" \/>\n    <\/div>\n<p style=\"margin-bottom: 6px\"><img decoding=\"async\" width=\"960\" height=\"180\" src=\"https:\/\/infinityweeb.com\/wp-content\/uploads\/2025\/11\/kf-HTB1YfAWXxiH3KVjSZPfq6xBiVXap.webp\" alt=\"\" \/><\/p>\n<p id=\"tl_3\">De nombreuses questions sur les services de livraison directe sont les suivantes :<\/p>\n<p id=\"tl_4\">1. Combien de commandes pouvez-vous traiter par jour? <br \/>nous sommes une grande entreprise &agrave; Shenzhen, en Chine, avec un grand entrep&ocirc;t capable de g&eacute;rer de grosses commandes chaque jour. Nous envoyons d&rsquo;innombrables colis chaque jour. Nous pouvons garantir la commande que vous demandez.<\/p>\n<p id=\"tl_5\">2. &Agrave; quelle vitesse pouvez-vous traiter les commandes? <br \/>Nous organiserons l&rsquo;exp&eacute;dition d&egrave;s que possible apr&egrave;s avoir pay&eacute; la commande. Livraison prioritaire pour la commande dropshipping<\/p>\n<p id=\"tl_6\">3. Pourriez-vous exp&eacute;dier une commande sans aucun re&ccedil;u, facture ni offre promotionnelle dans le colis? <br \/>Absolument! Pas de factures, de re&ccedil;us, d&rsquo;offre promotionnelle si vous laissez des notes sur la commande (si vous le souhaitez, nous pouvons vous les fournir.)<\/p>\n<p id=\"tl_7\">4.Si vous avez besoin d&rsquo;autres produits? <br \/>Nous pouvons fournir la plupart des produits dont vous avez besoin autant que possible1<\/p>\n<p id=\"tl_8\">Si vous avez d&rsquo;autres questions, n&rsquo;h&eacute;sitez pas &agrave; nous contacter. <br \/>Nous sommes tr&egrave;s reconnaissants de coop&eacute;rer avec vous.<\/p>\n<p id=\"tl_9\">5. Nous pouvons prendre en charge le dropshipping de fichiers CSV\/Excel.<\/p>\n<p id=\"tl_10\">6. Il n&rsquo;y a pas de stock limit&eacute; pour honorer les commandes quotidiennement<\/p>\n<p style=\"font-family: arial , helvetica;font-size: 12.0px;text-align:left\"> <img decoding=\"async\" width=\"1000\" height=\"472\" src=\"https:\/\/infinityweeb.com\/wp-content\/uploads\/2025\/11\/kf-HTB1p3A7Xq5s3KVjSZFNq6AD3FXaY.webp\" alt=\"\" \/><\/p>\n<p style=\"margin-top:6px\"> <img decoding=\"async\" width=\"1000\" height=\"606\" src=\"https:\/\/infinityweeb.com\/wp-content\/uploads\/2025\/11\/kf-HTB1AMMZXBaE3KVjSZLeq6xsSFXaE.webp\" alt=\"\" \/><\/p>\n<p style=\"margin-top:6px\"><img decoding=\"async\" width=\"1000\" height=\"609\" src=\"https:\/\/infinityweeb.com\/wp-content\/uploads\/2025\/11\/kf-HTB1Sdc0XBOD3KVjSZFFq6An9pXa7.webp\" alt=\"\" \/><\/p>\n<p style=\"margin-top:6px\"><img decoding=\"async\" width=\"1000\" height=\"613\" src=\"https:\/\/infinityweeb.com\/wp-content\/uploads\/2025\/11\/kf-HTB1j23YXv5G3KVjSZPxq6zI3XXam.webp\" alt=\"333\" \/><\/p>\n<p style=\"margin-top:6px\"><span style=\"margin-bottom:6px;margin-top:6px\"><img decoding=\"async\" width=\"960\" height=\"80\" src=\"https:\/\/infinityweeb.com\/wp-content\/uploads\/2025\/11\/kf-HTB15aQ1XEWF3KVjSZPhq6xclXXaD.webp\" alt=\"\" \/><\/span><\/p>\n<p style=\"margin-top:6px\">&nbsp;<\/p>\n<\/p><\/div>\n<\/p><\/div>\n<\/p><\/div>\n<\/div>\n<\/div>\n<\/div>","protected":false},"excerpt":{"rendered":"<p>Produit chimique \u00e0 haute pr\u00e9occupation:&nbsp;Aucun Mat\u00e9riau de la coque:&nbsp;plastique Caract\u00e9ristiques:&nbsp;Avec lampe LED Interface d&rsquo;entr\u00e9e:&nbsp;Micro USB Interface de sortie:&nbsp;double usb Type<\/p>","protected":false},"featured_media":30158,"comment_status":"open","ping_status":"closed","template":"","meta":[],"product_brand":[1073],"product_cat":[179],"product_tag":[],"class_list":{"0":"post-30157","1":"product","2":"type-product","3":"status-publish","4":"has-post-thumbnail","6":"product_brand-romoss","7":"product_cat-uncategorized","9":"first","10":"outofstock","11":"shipping-taxable","12":"purchasable","13":"product-type-simple"},"jetpack_sharing_enabled":true,"_links":{"self":[{"href":"https:\/\/infinityweeb.com\/en\/wp-json\/wp\/v2\/product\/30157","targetHints":{"allow":["GET"]}}],"collection":[{"href":"https:\/\/infinityweeb.com\/en\/wp-json\/wp\/v2\/product"}],"about":[{"href":"https:\/\/infinityweeb.com\/en\/wp-json\/wp\/v2\/types\/product"}],"replies":[{"embeddable":true,"href":"https:\/\/infinityweeb.com\/en\/wp-json\/wp\/v2\/comments?post=30157"}],"version-history":[{"count":17,"href":"https:\/\/infinityweeb.com\/en\/wp-json\/wp\/v2\/product\/30157\/revisions"}],"predecessor-version":[{"id":30244,"href":"https:\/\/infinityweeb.com\/en\/wp-json\/wp\/v2\/product\/30157\/revisions\/30244"}],"wp:featuredmedia":[{"embeddable":true,"href":"https:\/\/infinityweeb.com\/en\/wp-json\/wp\/v2\/media\/30158"}],"wp:attachment":[{"href":"https:\/\/infinityweeb.com\/en\/wp-json\/wp\/v2\/media?parent=30157"}],"wp:term":[{"taxonomy":"product_brand","embeddable":true,"href":"https:\/\/infinityweeb.com\/en\/wp-json\/wp\/v2\/product_brand?post=30157"},{"taxonomy":"product_cat","embeddable":true,"href":"https:\/\/infinityweeb.com\/en\/wp-json\/wp\/v2\/product_cat?post=30157"},{"taxonomy":"product_tag","embeddable":true,"href":"https:\/\/infinityweeb.com\/en\/wp-json\/wp\/v2\/product_tag?post=30157"}],"curies":[{"name":"wp","href":"https:\/\/api.w.org\/{rel}","templated":true}]}}