{"id":30719,"date":"2025-12-01T19:12:04","date_gmt":"2025-12-01T18:12:04","guid":{"rendered":"https:\/\/infinityweeb.com\/shop\/lecteur-dvd-rom-externe-usb-3-0-ultra-mince-pour-ordinateur-portable-et-tablette\/"},"modified":"2026-01-27T13:41:05","modified_gmt":"2026-01-27T12:41:05","slug":"lecteur-dvd-rom-externe-ultra-mince-ordinateur-portable-tablette","status":"publish","type":"product","link":"https:\/\/infinityweeb.com\/en\/shop\/lecteur-dvd-rom-externe-ultra-mince-ordinateur-portable-tablette\/","title":{"rendered":"Lecteur DVD-ROM externe USB 3.0 ultra-mince pour ordinateur, portable et tablette."},"content":{"rendered":"<div class=\"product-specs-list-container\">\n<ul class=\"product-specs-list util-clearfix\">\n<li class=\"product-prop line-limit-length\"><span class=\"property-title\">Produit chimique \u00e0 haute pr\u00e9occupation:\u00a0<\/span><span class=\"property-desc line-limit-length\">Aucun<\/span><\/li>\n<li class=\"product-prop line-limit-length\"><span class=\"property-title\">Type:\u00a0<\/span><span class=\"property-desc line-limit-length\">Plug<\/span><\/li>\n<li class=\"product-prop line-limit-length\"><span class=\"property-title\">Origine:\u00a0<\/span><span class=\"property-desc line-limit-length\">CN (Origine)<\/span><\/li>\n<li class=\"product-prop line-limit-length\"><span class=\"property-title\">Certification:\u00a0<\/span><span class=\"property-desc line-limit-length\">Aucun<\/span><\/li>\n<li class=\"product-prop line-limit-length\"><span class=\"property-title\">CD loading method:\u00a0<\/span><span class=\"property-desc line-limit-length\">Read disc format<\/span><\/li>\n<li class=\"product-prop line-limit-length\"><span class=\"property-title\">Read speed:\u00a0<\/span><span class=\"property-desc line-limit-length\">8X*24X<\/span><\/li>\n<li class=\"product-prop line-limit-length\"><span class=\"property-title\">Interface Type:\u00a0<\/span><span class=\"property-desc line-limit-length\">USB<\/span><\/li>\n<li class=\"product-prop line-limit-length\"><span class=\"property-title\">Burn format:\u00a0<\/span><span class=\"property-desc line-limit-length\">DVD-RW<\/span><\/li>\n<li class=\"product-prop line-limit-length\"><span class=\"property-title\">Maximum DVD burning speed:\u00a0<\/span><span class=\"property-desc line-limit-length\">8X<\/span><\/li>\n<li class=\"product-prop line-limit-length\"><span class=\"property-title\">Read the plate format:\u00a0<\/span><span class=\"property-desc line-limit-length\">CD-RW<\/span><\/li>\n<li class=\"product-prop line-limit-length\"><span class=\"property-title\">Supportable disc standards:\u00a0<\/span><span class=\"property-desc line-limit-length\">DVD+RW<\/span><\/li>\n<li class=\"product-prop line-limit-length\"><span class=\"property-title\">Installation mode:\u00a0<\/span><span class=\"property-desc line-limit-length\">External<\/span><\/li>\n<li class=\"product-prop line-limit-length\"><span class=\"property-title\">Cache capacity:\u00a0<\/span><span class=\"property-desc line-limit-length\">4MB<\/span><\/li>\n<li class=\"product-prop line-limit-length\"><span class=\"property-title\">Types of:\u00a0<\/span><span class=\"property-desc line-limit-length\">DVD recorder<\/span><\/li>\n<\/ul>\n<\/div>\n<div class=\"detailmodule_html\">\n<div class=\"detail-desc-decorate-richtext\">\n<div class=\"detailmodule_html\">\n<div class=\"detail-desc-decorate-richtext\">\n<div id=\"offer-template-0\" style=\"text-align: center\"><span style=\"color: #c0392b\"><span id=\"tl_1\" style=\"font-size: 26px\">Lecteur optique DVD-ROM USB 3.0 bross\u00e9, lecteur externe Ultra-mince de CD ROM, ordinateur de bureau, ordinateur portable, tablette, lecteur DVD<\/span><\/span><\/div>\n<div><span style=\"font-size: 16px\"><span style=\"font-size: 16px\">Pr\u00e9sentation du produit <br \/>Syst\u00e8me d&rsquo;installation pris en charge : WIN98\/XP\/ WIN7\/ WIN8\/, WIN10\/ XP\/ VISTA \/ Mac os 8.6 ou sup\u00e9rieur <br \/>\u00c9quipement de support : ordinateurs de bureau, ordinateurs portables, tout-en-un, ultrabooks, lecteurs de disque dur netbook <br \/>Vitesse de lecture : DVD-ROM 8x ; CD-ROM 24x <br \/>Vitesse de gravure : DVD max 8x CD max 24x <br \/>Sp\u00e9cifications du CD pris en charge : 8 cm, 12 cm <br \/>Format CD pris en charge : DVD-ROM, DVD-R, DVD+R, DVD-RW, DVD-R DL <br \/>CDA, CD-ROM, CD-R, VCD, SVCD, CD-RW<\/span><\/span><\/p>\n<p>caract\u00e9ristiques du produit <br \/>1.Plug and play partout o\u00f9 il y a USB <br \/>2 Design d&rsquo;apparence : peinture de piano ultra fine sur la surface. <br \/>3.Branchez et utilisez sans lecteur <br \/>4.Peut \u00eatre utilis\u00e9 sur n&rsquo;importe quel ordinateur portable\/de bureau <br \/>5.Pratique \u00e0 emporter avec vous, emportez-le pour aider vos amis \u00e0 installer le syst\u00e8me <br \/>6.Prise en charge compl\u00e8te des probl\u00e8mes de d\u00e9marrage du DOS et de r\u00e9cup\u00e9ration du syst\u00e8me <br \/>7.Le mouvement a une forte capacit\u00e9 de correction d&rsquo;erreurs, un fonctionnement antichoc, \u00e0 faible bruit, horizontal ou autonome. <br \/>8.Conception de circuit optimis\u00e9e, \u00e9conomie d&rsquo;\u00e9nergie et faible consommation d&rsquo;\u00e9nergie, pas besoin d&rsquo;alimentation externe <br \/>9 Liste des produits : bo\u00eete d&#8217;emballage du produit, un lecteur DVD et un manuel simple. <br \/>Ce produit adopte le dernier mouvement import\u00e9 d&rsquo;origine DVD-RW d&rsquo;interface SATA, avec sa haute qualit\u00e9, ses hautes performances, <br \/>Les avantages fonctionnels d\u2019une forte stabilit\u00e9 et d\u2019une vitesse de lecture rapide ont gagn\u00e9 la reconnaissance des clients. <br \/>Ce produit a int\u00e9gr\u00e9 une puce de contr\u00f4le anti-br\u00fblure unique, pendant le processus de combustion <br \/>Il peut efficacement emp\u00eacher la probabilit\u00e9 de tracer le disque et la fonction de correction de super erreurs lors de la lecture du disque, <br \/>Vous pouvez sauvegarder vos donn\u00e9es et profiter du DVD.CD de qualit\u00e9 sonore haute fid\u00e9lit\u00e9 grav\u00e9. <br \/>Peut lire des CD, DVD, VCD et autres formats de disques.<\/p>\n<\/div>\n<div style=\"font-size: 0;line-height: 0\" title=\"SHOPTOOL_POSITION_TOP_BEGIN\">\u00a0<\/div>\n<div style=\"font-size: 0;line-height: 0\">\u00a0<\/div>\n<div style=\"font-size: 0;line-height: 0\">\u00a0\u00a0<\/p>\n<p>\u00a0<\/p>\n<\/div>\n<p><img decoding=\"async\" src=\"https:\/\/infinityweeb.com\/wp-content\/uploads\/2025\/12\/kf-S3031e455688c47388c5b730de9b5a6a7j.webp?width=800&amp;height=800&amp;hash=1600\" \/><br \/><img decoding=\"async\" src=\"https:\/\/infinityweeb.com\/wp-content\/uploads\/2025\/12\/kf-Scc29be07591a4a51b2b51fa733a3b199G.webp?width=800&amp;height=800&amp;hash=1600\" \/><br \/><img decoding=\"async\" src=\"https:\/\/infinityweeb.com\/wp-content\/uploads\/2025\/12\/kf-S9ffa045fda254af79b728f1a1f321f38h.webp?width=800&amp;height=800&amp;hash=1600\" \/><br \/><img decoding=\"async\" src=\"https:\/\/infinityweeb.com\/wp-content\/uploads\/2025\/12\/kf-S36d1aa157d474abf9515cb2a1f4b817a2.webp?width=800&amp;height=800&amp;hash=1600\" \/><br \/><img decoding=\"async\" src=\"https:\/\/infinityweeb.com\/wp-content\/uploads\/2025\/12\/kf-Sb6dc919c8f0b49898c849e4465299f3eA.webp?width=800&amp;height=800&amp;hash=1600\" \/><\/p>\n<\/div>\n<\/div>\n<\/div>\n<\/div>","protected":false},"excerpt":{"rendered":"<p>Produit chimique \u00e0 haute pr\u00e9occupation:\u00a0Aucun Type:\u00a0Plug Origine:\u00a0CN (Origine) Certification:\u00a0Aucun CD loading method:\u00a0Read disc format Read speed:\u00a08X*24X Interface Type:\u00a0USB Burn format:\u00a0DVD-RW<\/p>","protected":false},"featured_media":30720,"comment_status":"open","ping_status":"closed","template":"","meta":[],"product_brand":[],"product_cat":[303],"product_tag":[],"class_list":{"0":"post-30719","1":"product","2":"type-product","3":"status-publish","4":"has-post-thumbnail","6":"product_cat-accessoires-it-cables-hubs-etc","8":"first","9":"instock","10":"sale","11":"shipping-taxable","12":"purchasable","13":"product-type-simple"},"jetpack_sharing_enabled":true,"_links":{"self":[{"href":"https:\/\/infinityweeb.com\/en\/wp-json\/wp\/v2\/product\/30719","targetHints":{"allow":["GET"]}}],"collection":[{"href":"https:\/\/infinityweeb.com\/en\/wp-json\/wp\/v2\/product"}],"about":[{"href":"https:\/\/infinityweeb.com\/en\/wp-json\/wp\/v2\/types\/product"}],"replies":[{"embeddable":true,"href":"https:\/\/infinityweeb.com\/en\/wp-json\/wp\/v2\/comments?post=30719"}],"version-history":[{"count":6,"href":"https:\/\/infinityweeb.com\/en\/wp-json\/wp\/v2\/product\/30719\/revisions"}],"predecessor-version":[{"id":31358,"href":"https:\/\/infinityweeb.com\/en\/wp-json\/wp\/v2\/product\/30719\/revisions\/31358"}],"wp:featuredmedia":[{"embeddable":true,"href":"https:\/\/infinityweeb.com\/en\/wp-json\/wp\/v2\/media\/30720"}],"wp:attachment":[{"href":"https:\/\/infinityweeb.com\/en\/wp-json\/wp\/v2\/media?parent=30719"}],"wp:term":[{"taxonomy":"product_brand","embeddable":true,"href":"https:\/\/infinityweeb.com\/en\/wp-json\/wp\/v2\/product_brand?post=30719"},{"taxonomy":"product_cat","embeddable":true,"href":"https:\/\/infinityweeb.com\/en\/wp-json\/wp\/v2\/product_cat?post=30719"},{"taxonomy":"product_tag","embeddable":true,"href":"https:\/\/infinityweeb.com\/en\/wp-json\/wp\/v2\/product_tag?post=30719"}],"curies":[{"name":"wp","href":"https:\/\/api.w.org\/{rel}","templated":true}]}}