{"id":30739,"date":"2025-12-01T19:13:57","date_gmt":"2025-12-01T18:13:57","guid":{"rendered":"https:\/\/infinityweeb.com\/shop\/aspirateur-sans-fil-2-en-1-haute-puissance-120w-pour-maison-voiture-et-voyages-noir\/"},"modified":"2025-12-27T16:45:23","modified_gmt":"2025-12-27T15:45:23","slug":"aspirateur-sans-fil-en-haute-puissance-120w-maison-voiture-voyages-noir","status":"publish","type":"product","link":"https:\/\/infinityweeb.com\/en\/shop\/aspirateur-sans-fil-en-haute-puissance-120w-maison-voiture-voyages-noir\/","title":{"rendered":"Aspirateur sans fil 2-en-1 haute puissance (120W) pour maison, voiture et voyages &#8211; Noir."},"content":{"rendered":"<div class=\"product-specs-list-container\">\n<ul class=\"product-specs-list util-clearfix\">\n<li class=\"product-prop line-limit-length\"><span class=\"property-title\">Les piles sont-elles incluses:\u00a0<\/span><span class=\"property-desc line-limit-length\">Non<\/span><\/li>\n<li class=\"product-prop line-limit-length\"><span class=\"property-title\">Produit chimique \u00e0 haute pr\u00e9occupation:\u00a0<\/span><span class=\"property-desc line-limit-length\">Aucun<\/span><\/li>\n<li class=\"product-prop line-limit-length\"><span class=\"property-title\">Nom de marque:\u00a0<\/span><span class=\"property-desc line-limit-length\">SHIDWJ<\/span><\/li>\n<li class=\"product-prop line-limit-length\"><span class=\"property-title\">Origine:\u00a0<\/span><span class=\"property-desc line-limit-length\">CN (Origine)<\/span><\/li>\n<li class=\"product-prop line-limit-length\"><span class=\"property-title\">Type D&rsquo;article:\u00a0<\/span><span class=\"property-desc line-limit-length\">Aspirateur sous vide<\/span><\/li>\n<\/ul>\n<\/div>\n<div class=\"detailmodule_html\">\n<div class=\"detail-desc-decorate-richtext\">\n<p><span id=\"tl_1\" style=\"font-size: 16px;font-family: Verdana\">Caract\u00e9ristique du produit<\/span><\/p>\n<p><span id=\"tl_2\" style=\"font-size: 16px;font-family: Verdana\">Accessoires de nettoyage polyvalents: \u00e9quip\u00e9 d&rsquo;une buse \u00e0 brosse et d&rsquo;une buse fendue, notre aspirateur peut facilement nettoyer les zones difficiles \u00e0 atteindre, ce qui le rend parfait pour nettoyer votre voiture, votre maison pour animaux de compagnie, votre bureau, et plus encore.<\/span><\/p>\n<p><span id=\"tl_3\" style=\"font-size: 16px;font-family: Verdana\">Sans fil et rechargeable: Notre aspirateur est sans fil et est livr\u00e9 avec une batterie au lithium rechargeable int\u00e9gr\u00e9e de 2000mAh, vous permettant de l&rsquo;utiliser en continu pendant 15 \u00e0 25 minutes. Il peut \u00eatre compl\u00e8tement charg\u00e9 en seulement 3-4 heures, et vous pouvez facilement le charger en utilisant un ordinateur portable, un port USB de voiture, une alimentation mobile, et plus encore.<\/span><\/p>\n<p><span id=\"tl_4\" style=\"font-size: 16px;font-family: Verdana\">Filtre lavable et amovible: le filtre HEPA de notre aspirateur est lavable et r\u00e9utilisable, garantissant que la poussi\u00e8re et la salet\u00e9 ne bloquent pas la puissance d&rsquo;aspiration. Il suffit de retirer le filtre du bac \u00e0 poussi\u00e8re, de le laver \u00e0 l&rsquo;eau et de le s\u00e9cher pour une deuxi\u00e8me utilisation.<\/span><\/p>\n<p><span id=\"tl_5\" style=\"font-size: 16px;font-family: Verdana\">Aspiration forte de 9kPa: avec un moteur de super puissance de 120W, notre aspirateur fournit une forte aspiration allant jusqu&rsquo;\u00e0 9000pa, ce qui facilite l&rsquo;\u00e9limination des r\u00e9sidus alimentaires, des particules, et poils d&rsquo;animaux autour de la maison ou dans votre voiture. Et avec sa capacit\u00e9 de vide humide\/sec, il est parfait pour tout type de d\u00e9sordre.<\/span><\/p>\n<p><span id=\"tl_6\" style=\"font-size: 16px;font-family: Verdana\">Petit et portable: notre aspirateur est con\u00e7u avec une apparence l\u00e9g\u00e8re et exquise, ce qui le rend facile \u00e0 transporter. Son \u00e9quilibre et sa gravit\u00e9 sp\u00e9cialement con\u00e7us le rendent confortable \u00e0 tenir pendant de longues p\u00e9riodes, ce qui en fait un choix id\u00e9al pour les personnes \u00e2g\u00e9es et les femmes.<\/span><\/p>\n<p><span id=\"tl_7\" style=\"font-size: 16px;font-family: Verdana\">Sp\u00e9cification du produit<\/span><\/p>\n<p><span id=\"tl_8\" style=\"font-size: 16px;font-family: Verdana\">Type: Aspirateur de voiture<\/span><\/p>\n<p><span id=\"tl_9\" style=\"font-size: 16px;font-family: Verdana\">Degr\u00e9 de vide: 9000Pa<\/span><\/p>\n<p><span id=\"tl_10\" style=\"font-size: 16px;font-family: Verdana\">Batterie: 2000mah<\/span><\/p>\n<p><span id=\"tl_11\" style=\"font-size: 16px;font-family: Verdana\">Utilisation du temps: 15-25min<\/span><\/p>\n<p><span id=\"tl_12\" style=\"font-size: 16px;font-family: Verdana\">Vitesse nominale: 62000 (r\/min)<\/span><\/p>\n<p><span id=\"tl_13\" style=\"font-size: 16px;font-family: Verdana\">Puissance d&rsquo;entr\u00e9e nominale: 120 (W)<\/span><\/p>\n<p><span id=\"tl_14\" style=\"font-size: 16px;font-family: Verdana\">Emballage inclus<\/span><\/p>\n<p><span id=\"tl_15\" style=\"font-size: 16px;font-family: Verdana\">1 x Aspirateur \u00e0 main<\/span><\/p>\n<p><span id=\"tl_16\" style=\"font-size: 16px;font-family: Verdana\">1 x Filtre lavable<\/span><\/p>\n<p><span id=\"tl_17\" style=\"font-size: 16px;font-family: Verdana\">1 x buse longue<\/span><\/p>\n<p><span id=\"tl_18\" style=\"font-size: 16px;font-family: Verdana\">1 x Buse \u00e0 t\u00eate de brosse<\/span><\/p>\n<p><span id=\"tl_19\" style=\"font-size: 16px;font-family: Verdana\">1 x c\u00e2ble de chargement USB<\/span><\/p>\n<div class=\"detailmodule_image\"><img decoding=\"async\" class=\"detail-desc-decorate-image\" src=\"https:\/\/infinityweeb.com\/wp-content\/uploads\/2025\/12\/kf-S957835b175814427bb243971a6f468c0O.webp\" \/><br \/><img decoding=\"async\" class=\"detail-desc-decorate-image\" src=\"https:\/\/infinityweeb.com\/wp-content\/uploads\/2025\/12\/kf-Se9b115cbcee44a3c82420bb3c90a9ca58.webp\" \/><br \/><img decoding=\"async\" class=\"detail-desc-decorate-image\" src=\"https:\/\/infinityweeb.com\/wp-content\/uploads\/2025\/12\/kf-Sfb71711a81474a7fbacd47a68e4ab459e.webp\" \/><br \/><img decoding=\"async\" class=\"detail-desc-decorate-image\" src=\"https:\/\/infinityweeb.com\/wp-content\/uploads\/2025\/12\/kf-S19be1482d27e4bf4bd596749daeb2f5eF.webp\" \/><br \/><img decoding=\"async\" class=\"detail-desc-decorate-image\" src=\"https:\/\/infinityweeb.com\/wp-content\/uploads\/2025\/12\/kf-S7fcbd50b1c2c4f7e8bf9aaa10f5a0281g.webp\" \/><br \/><img decoding=\"async\" class=\"detail-desc-decorate-image\" src=\"https:\/\/infinityweeb.com\/wp-content\/uploads\/2025\/12\/kf-S454f059b87ee4d9da0b368587a866678o.webp\" \/><br \/><img decoding=\"async\" class=\"detail-desc-decorate-image\" src=\"https:\/\/infinityweeb.com\/wp-content\/uploads\/2025\/12\/kf-S72f712004f974d8f84c9ba1de03c5d84W.webp\" \/><br \/><img decoding=\"async\" class=\"detail-desc-decorate-image\" src=\"https:\/\/infinityweeb.com\/wp-content\/uploads\/2025\/12\/kf-S3561df3ba2a943c2bb00e9edd57829caM.webp\" \/><br \/><img decoding=\"async\" class=\"detail-desc-decorate-image\" src=\"https:\/\/infinityweeb.com\/wp-content\/uploads\/2025\/12\/kf-Scce96b769e974c468421be9ad77d4235U.webp\" \/><\/div>\n<p>\u00a0<\/p>\n<\/div>\n<\/div>\n<div class=\"detailmodule_image\"><img decoding=\"async\" class=\"detail-desc-decorate-image\" src=\"https:\/\/infinityweeb.com\/wp-content\/uploads\/2025\/12\/kf-S957835b175814427bb243971a6f468c0O.webp\" \/><img decoding=\"async\" class=\"detail-desc-decorate-image\" src=\"https:\/\/infinityweeb.com\/wp-content\/uploads\/2025\/12\/kf-Se9b115cbcee44a3c82420bb3c90a9ca58.webp\" \/><img decoding=\"async\" class=\"detail-desc-decorate-image\" src=\"https:\/\/infinityweeb.com\/wp-content\/uploads\/2025\/12\/kf-Sfb71711a81474a7fbacd47a68e4ab459e.webp\" \/><img decoding=\"async\" class=\"detail-desc-decorate-image\" src=\"https:\/\/infinityweeb.com\/wp-content\/uploads\/2025\/12\/kf-S19be1482d27e4bf4bd596749daeb2f5eF.webp\" \/><img decoding=\"async\" class=\"detail-desc-decorate-image\" src=\"https:\/\/infinityweeb.com\/wp-content\/uploads\/2025\/12\/kf-S7fcbd50b1c2c4f7e8bf9aaa10f5a0281g.webp\" \/><img decoding=\"async\" class=\"detail-desc-decorate-image\" src=\"https:\/\/infinityweeb.com\/wp-content\/uploads\/2025\/12\/kf-S454f059b87ee4d9da0b368587a866678o.webp\" \/><img decoding=\"async\" class=\"detail-desc-decorate-image\" src=\"https:\/\/infinityweeb.com\/wp-content\/uploads\/2025\/12\/kf-S72f712004f974d8f84c9ba1de03c5d84W.webp\" \/><img decoding=\"async\" class=\"detail-desc-decorate-image\" src=\"https:\/\/infinityweeb.com\/wp-content\/uploads\/2025\/12\/kf-S3561df3ba2a943c2bb00e9edd57829caM.webp\" \/><img decoding=\"async\" class=\"detail-desc-decorate-image\" src=\"https:\/\/infinityweeb.com\/wp-content\/uploads\/2025\/12\/kf-Scce96b769e974c468421be9ad77d4235U.webp\" \/><\/div>","protected":false},"excerpt":{"rendered":"<p>Les piles sont-elles incluses:\u00a0Non Produit chimique \u00e0 haute pr\u00e9occupation:\u00a0Aucun Nom de marque:\u00a0SHIDWJ Origine:\u00a0CN (Origine) Type D&rsquo;article:\u00a0Aspirateur sous vide Caract\u00e9ristique du<\/p>","protected":false},"featured_media":30740,"comment_status":"open","ping_status":"closed","template":"","meta":[],"product_brand":[],"product_cat":[179],"product_tag":[],"class_list":{"0":"post-30739","1":"product","2":"type-product","3":"status-publish","4":"has-post-thumbnail","6":"product_cat-uncategorized","8":"first","9":"outofstock","10":"sale","11":"shipping-taxable","12":"purchasable","13":"product-type-simple"},"jetpack_sharing_enabled":true,"_links":{"self":[{"href":"https:\/\/infinityweeb.com\/en\/wp-json\/wp\/v2\/product\/30739","targetHints":{"allow":["GET"]}}],"collection":[{"href":"https:\/\/infinityweeb.com\/en\/wp-json\/wp\/v2\/product"}],"about":[{"href":"https:\/\/infinityweeb.com\/en\/wp-json\/wp\/v2\/types\/product"}],"replies":[{"embeddable":true,"href":"https:\/\/infinityweeb.com\/en\/wp-json\/wp\/v2\/comments?post=30739"}],"version-history":[{"count":9,"href":"https:\/\/infinityweeb.com\/en\/wp-json\/wp\/v2\/product\/30739\/revisions"}],"predecessor-version":[{"id":30776,"href":"https:\/\/infinityweeb.com\/en\/wp-json\/wp\/v2\/product\/30739\/revisions\/30776"}],"wp:featuredmedia":[{"embeddable":true,"href":"https:\/\/infinityweeb.com\/en\/wp-json\/wp\/v2\/media\/30740"}],"wp:attachment":[{"href":"https:\/\/infinityweeb.com\/en\/wp-json\/wp\/v2\/media?parent=30739"}],"wp:term":[{"taxonomy":"product_brand","embeddable":true,"href":"https:\/\/infinityweeb.com\/en\/wp-json\/wp\/v2\/product_brand?post=30739"},{"taxonomy":"product_cat","embeddable":true,"href":"https:\/\/infinityweeb.com\/en\/wp-json\/wp\/v2\/product_cat?post=30739"},{"taxonomy":"product_tag","embeddable":true,"href":"https:\/\/infinityweeb.com\/en\/wp-json\/wp\/v2\/product_tag?post=30739"}],"curies":[{"name":"wp","href":"https:\/\/api.w.org\/{rel}","templated":true}]}}