{"id":30777,"date":"2025-12-01T19:16:21","date_gmt":"2025-12-01T18:16:21","guid":{"rendered":"https:\/\/infinityweeb.com\/shop\/multiprise-10-ports-5-usb-1-type-c-cable-dextension-19-m-ideale-maison-et-bureau\/"},"modified":"2025-12-18T12:38:04","modified_gmt":"2025-12-18T11:38:04","slug":"multiprise-10-ports-cable-dextension-19-ideale-maison-bureau","status":"publish","type":"product","link":"https:\/\/infinityweeb.com\/en\/shop\/multiprise-10-ports-cable-dextension-19-ideale-maison-bureau\/","title":{"rendered":"Multiprise 10 ports + 5 USB + 1 Type-C, c\u00e2ble d&rsquo;extension 1,9 m, id\u00e9ale maison et bureau"},"content":{"rendered":"<div class=\"product-specs-list-container\">\n<ul class=\"product-specs-list util-clearfix\">\n<li class=\"product-prop line-limit-length\"><span class=\"property-title\">Produit chimique \u00e0 haute pr\u00e9occupation:\u00a0<\/span><span class=\"property-desc line-limit-length\">Aucun<\/span><\/li>\n<li class=\"product-prop line-limit-length\"><span class=\"property-title\">Mat\u00e9riau:\u00a0<\/span><span class=\"property-desc line-limit-length\">Plastique<\/span><\/li>\n<li class=\"product-prop line-limit-length\"><span class=\"property-title\">R\u00e9tro-\u00e9clairage\/Indication:\u00a0<\/span><span class=\"property-desc line-limit-length\">Oui<\/span><\/li>\n<li class=\"product-prop line-limit-length\"><span class=\"property-title\">Est dispositif intelligent:\u00a0<\/span><span class=\"property-desc line-limit-length\">Non<\/span><\/li>\n<li class=\"product-prop line-limit-length\"><span class=\"property-title\">Caract\u00e9ristiques:\u00a0<\/span><span class=\"property-desc line-limit-length\">Avec ports USB<\/span><\/li>\n<li class=\"product-prop line-limit-length\"><span class=\"property-title\">Forme:\u00a0<\/span><span class=\"property-desc line-limit-length\">Rectangulaire<\/span><\/li>\n<li class=\"product-prop line-limit-length\"><span class=\"property-title\">Num\u00e9ro de Mod\u00e8le:\u00a0<\/span><span class=\"property-desc line-limit-length\">SC10610<\/span><\/li>\n<li class=\"product-prop line-limit-length\"><span class=\"property-title\">Courant \u00e9valu\u00e9:\u00a0<\/span><span class=\"property-desc line-limit-length\">10A<\/span><\/li>\n<li class=\"product-prop line-limit-length\"><span class=\"property-title\">Application:\u00a0<\/span><span class=\"property-desc line-limit-length\">R\u00e9sidentiel \/ Polyvalent<\/span><\/li>\n<li class=\"product-prop line-limit-length\"><span class=\"property-title\">La mise \u00e0 la terre:\u00a0<\/span><span class=\"property-desc line-limit-length\">Sans mise \u00e0 la terre<\/span><\/li>\n<li class=\"product-prop line-limit-length\"><span class=\"property-title\">Origine:\u00a0<\/span><span class=\"property-desc line-limit-length\">CN (Origine)<\/span><\/li>\n<li class=\"product-prop line-limit-length\"><span class=\"property-title\">Certification:\u00a0<\/span><span class=\"property-desc line-limit-length\">CE<\/span><\/li>\n<li class=\"product-prop line-limit-length\"><span class=\"property-title\">Standard:\u00a0<\/span><span class=\"property-desc line-limit-length\">EU Plug,UK Plug,3 pin US Plug<\/span><\/li>\n<li class=\"product-prop line-limit-length\"><span class=\"property-title\">Scope of application:\u00a0<\/span><span class=\"property-desc line-limit-length\">Home, hotel, dorm, office<\/span><\/li>\n<li class=\"product-prop line-limit-length\"><span class=\"property-title\">Number of slots:\u00a0<\/span><span class=\"property-desc line-limit-length\">10<\/span><\/li>\n<li class=\"product-prop line-limit-length\"><span class=\"property-title\">power:\u00a0<\/span><span class=\"property-desc line-limit-length\">2500W<\/span><\/li>\n<li class=\"product-prop line-limit-length\"><span class=\"property-title\">Voltage:\u00a0<\/span><span class=\"property-desc line-limit-length\">110-250V<\/span><\/li>\n<li class=\"product-prop line-limit-length\"><span class=\"property-title\">Extension Cable Length:\u00a0<\/span><span class=\"property-desc line-limit-length\">1.9M<\/span><\/li>\n<\/ul>\n<\/div>\n<div class=\"detailmodule_html\">\n<div class=\"detail-desc-decorate-richtext\">\n<p><strong><span id=\"tl_1\" style=\"font-size: 16px\">Sp\u00e9cification <br \/>Mod\u00e8le: Bande d&rsquo;alimentation Uniserval <br \/>PRISE: prise UE\/prise US 3 broches\/prise UK <br \/>CORDON D&rsquo;ALIMENTATION: 2M <br \/>Port:10 prises + 5 USB + 1 Type-C <br \/>PARAM\u00c8TRE \u00c9VALU\u00c9: 2500W 10A MAX <br \/>ENTR\u00c9E: AC100-250V 10A 50\/60Hz <\/span><\/strong><\/p>\n<p>* Le cordon d&rsquo;alimentation robuste de 2M peut fournir une puissance optimale aux appareils connect\u00e9s. Aide simultan\u00e9ment \u00e0 prot\u00e9ger plusieurs appareils \u00e9lectroniques tout en pouvant accueillir de grands adaptateurs. <br \/>* Prises diff\u00e9rentes US\/EU\/UK pour r\u00e9pondre \u00e0 diff\u00e9rentes exigences.<br \/><img decoding=\"async\" src=\"https:\/\/infinityweeb.com\/wp-content\/uploads\/2025\/12\/kf-Sf1b1441234fc42c4aa81cae2e65144e1P.webp?width=1280&amp;height=2428&amp;hash=3708\" \/><img decoding=\"async\" src=\"https:\/\/infinityweeb.com\/wp-content\/uploads\/2025\/12\/kf-Sbedb56681324422b9fc60702076200e3U.webp?width=1280&amp;height=1700&amp;hash=2980\" \/><img decoding=\"async\" src=\"https:\/\/infinityweeb.com\/wp-content\/uploads\/2025\/12\/kf-Se5c3d291e5ba4c8e9f24c37c65d14d70h.webp?width=1280&amp;height=1700&amp;hash=2980\" \/><img decoding=\"async\" src=\"https:\/\/infinityweeb.com\/wp-content\/uploads\/2025\/12\/kf-S48b58ab9009d476a8072958208c90cabf.webp?width=1280&amp;height=1700&amp;hash=2980\" \/><img decoding=\"async\" src=\"https:\/\/infinityweeb.com\/wp-content\/uploads\/2025\/12\/kf-S4ccd9f1c01f643929c8f58170c47d3b8N.webp?width=1280&amp;height=1700&amp;hash=2980\" \/><img decoding=\"async\" src=\"https:\/\/infinityweeb.com\/wp-content\/uploads\/2025\/12\/kf-Sbd0ca17b34c04c91b033b4e7ca0366da9.webp?width=1280&amp;height=1700&amp;hash=2980\" \/><img decoding=\"async\" src=\"https:\/\/infinityweeb.com\/wp-content\/uploads\/2025\/12\/kf-S3e5d7014ad354888b5a4b94eb941f9845.webp?width=1280&amp;height=1700&amp;hash=2980\" \/><img decoding=\"async\" src=\"https:\/\/infinityweeb.com\/wp-content\/uploads\/2025\/12\/kf-S91c4108bd24b4792a952fb4e1b90a377L.webp?width=1280&amp;height=1700&amp;hash=2980\" \/><img decoding=\"async\" src=\"https:\/\/infinityweeb.com\/wp-content\/uploads\/2025\/12\/kf-S4ea6836f39f44d65b37c4a4d00aad689y.webp?width=1280&amp;height=1700&amp;hash=2980\" \/><img decoding=\"async\" src=\"https:\/\/infinityweeb.com\/wp-content\/uploads\/2025\/12\/kf-S2bbaa4ee1d3a4aeb9dae7f6ea0a9b1ba2.webp?width=1280&amp;height=1700&amp;hash=2980\" \/><img decoding=\"async\" src=\"https:\/\/infinityweeb.com\/wp-content\/uploads\/2025\/12\/kf-S82151b359a6f42588d951bc37f62e12cG.webp?width=1280&amp;height=1700&amp;hash=2980\" \/><img decoding=\"async\" src=\"https:\/\/infinityweeb.com\/wp-content\/uploads\/2025\/12\/kf-Sf06c875cb60f4f649e148b400554144a3.webp?width=1280&amp;height=1700&amp;hash=2980\" \/><img decoding=\"async\" src=\"https:\/\/infinityweeb.com\/wp-content\/uploads\/2025\/12\/kf-Sd79465b4c054451a9f928c0202dcb8725.webp?width=1280&amp;height=1700&amp;hash=2980\" \/><img decoding=\"async\" src=\"https:\/\/infinityweeb.com\/wp-content\/uploads\/2025\/12\/kf-Sd5013b936e4f47babcf6377b7121e5ae5.webp?width=1280&amp;height=1700&amp;hash=2980\" \/><\/p>\n<\/div>\n<\/div>","protected":false},"excerpt":{"rendered":"<p>Produit chimique \u00e0 haute pr\u00e9occupation:\u00a0Aucun Mat\u00e9riau:\u00a0Plastique R\u00e9tro-\u00e9clairage\/Indication:\u00a0Oui Est dispositif intelligent:\u00a0Non Caract\u00e9ristiques:\u00a0Avec ports USB Forme:\u00a0Rectangulaire Num\u00e9ro de Mod\u00e8le:\u00a0SC10610 Courant \u00e9valu\u00e9:\u00a010A Application:\u00a0R\u00e9sidentiel<\/p>","protected":false},"featured_media":30778,"comment_status":"open","ping_status":"closed","template":"","meta":[],"product_brand":[],"product_cat":[354],"product_tag":[],"class_list":{"0":"post-30777","1":"product","2":"type-product","3":"status-publish","4":"has-post-thumbnail","6":"product_cat-multiprises-parafoudres","8":"first","9":"instock","10":"sale","11":"purchasable","12":"product-type-simple"},"jetpack_sharing_enabled":true,"_links":{"self":[{"href":"https:\/\/infinityweeb.com\/en\/wp-json\/wp\/v2\/product\/30777","targetHints":{"allow":["GET"]}}],"collection":[{"href":"https:\/\/infinityweeb.com\/en\/wp-json\/wp\/v2\/product"}],"about":[{"href":"https:\/\/infinityweeb.com\/en\/wp-json\/wp\/v2\/types\/product"}],"replies":[{"embeddable":true,"href":"https:\/\/infinityweeb.com\/en\/wp-json\/wp\/v2\/comments?post=30777"}],"version-history":[{"count":15,"href":"https:\/\/infinityweeb.com\/en\/wp-json\/wp\/v2\/product\/30777\/revisions"}],"predecessor-version":[{"id":31357,"href":"https:\/\/infinityweeb.com\/en\/wp-json\/wp\/v2\/product\/30777\/revisions\/31357"}],"wp:featuredmedia":[{"embeddable":true,"href":"https:\/\/infinityweeb.com\/en\/wp-json\/wp\/v2\/media\/30778"}],"wp:attachment":[{"href":"https:\/\/infinityweeb.com\/en\/wp-json\/wp\/v2\/media?parent=30777"}],"wp:term":[{"taxonomy":"product_brand","embeddable":true,"href":"https:\/\/infinityweeb.com\/en\/wp-json\/wp\/v2\/product_brand?post=30777"},{"taxonomy":"product_cat","embeddable":true,"href":"https:\/\/infinityweeb.com\/en\/wp-json\/wp\/v2\/product_cat?post=30777"},{"taxonomy":"product_tag","embeddable":true,"href":"https:\/\/infinityweeb.com\/en\/wp-json\/wp\/v2\/product_tag?post=30777"}],"curies":[{"name":"wp","href":"https:\/\/api.w.org\/{rel}","templated":true}]}}