{"id":30813,"date":"2025-12-01T19:20:35","date_gmt":"2025-12-01T18:20:35","guid":{"rendered":"https:\/\/infinityweeb.com\/shop\/support-de-refroidissement-pliable-et-rotatif-a-360-pour-ordinateur-portable\/"},"modified":"2025-12-18T12:38:03","modified_gmt":"2025-12-18T11:38:03","slug":"support-refroidissement-pliable-rotatif-360-ordinateur-portable","status":"publish","type":"product","link":"https:\/\/infinityweeb.com\/en\/shop\/support-refroidissement-pliable-rotatif-360-ordinateur-portable\/","title":{"rendered":"Support de refroidissement pliable et rotatif \u00e0 360\u00b0 pour ordinateur portable"},"content":{"rendered":"<div class=\"product-specs-list-container\">\n<ul class=\"product-specs-list util-clearfix\">\n<li class=\"product-prop line-limit-length\"><span class=\"property-title\">Produit chimique \u00e0 haute pr\u00e9occupation:\u00a0<\/span><span class=\"property-desc line-limit-length\">Aucun<\/span><\/li>\n<li class=\"product-prop line-limit-length\"><span class=\"property-title\">Paquet:\u00a0<\/span><span class=\"property-desc line-limit-length\">Non<\/span><\/li>\n<li class=\"product-prop line-limit-length\"><span class=\"property-title\">Mat\u00e9riau:\u00a0<\/span><span class=\"property-desc line-limit-length\">Acier au carbone<\/span><\/li>\n<li class=\"product-prop line-limit-length\"><span class=\"property-title\">Num\u00e9ro de Mod\u00e8le:\u00a0<\/span><span class=\"property-desc line-limit-length\">TG0063<\/span><\/li>\n<li class=\"product-prop line-limit-length\"><span class=\"property-title\">Origine:\u00a0<\/span><span class=\"property-desc line-limit-length\">CN (Origine)<\/span><\/li>\n<li class=\"product-prop line-limit-length\"><span class=\"property-title\">Product number:\u00a0<\/span><span class=\"property-desc line-limit-length\">TG0063<\/span><\/li>\n<\/ul>\n<\/div>\n<div class=\"detailmodule_html\">\n<div class=\"detail-desc-decorate-richtext\">\n<div id=\"offer-template-0\"><span id=\"tl_1\" style=\"font-size: 26px\"><br \/>L&#8217;emballage comprend: 1 x support (sans autres produits d&rsquo;affichage)<\/span><\/p>\n<p>\u00a0<\/p>\n<p style=\"text-align: left\"><span style=\"font-size: 24px\"><span>(<\/span><span id=\"tl_2\">Le produit continuera d&rsquo;\u00eatre am\u00e9lior\u00e9, et l&rsquo;apparence et la couleur peuvent changer. S&rsquo;il vous pla\u00eet ne me d\u00e9range pas. Si vous avez des exigences en mati\u00e8re de couleur ou d&rsquo;apparence, vous devez en tenir compte avant de passer une commande)<\/span><br \/><\/span><\/p>\n<p style=\"text-align: left\">\u00a0<\/p>\n<p style=\"text-align: left\"><span style=\"font-size: 24px\"><span id=\"tl_3\">Les dimensions du produit sont mesur\u00e9es manuellement ou comportent des erreurs, sous r\u00e9serve du produit r\u00e9el<\/span><\/span><\/p>\n<p style=\"text-align: left\">\u00a0<\/p>\n<p>\u00a0<\/p>\n<\/div>\n<div style=\"width: 790.0px\"><img decoding=\"async\" style=\"width: 100.0%;height: auto\" src=\"https:\/\/infinityweeb.com\/wp-content\/uploads\/2025\/12\/kf-Sfcb55aec31ec409187e8b1964bffc51eL.webp?width=800&amp;height=800&amp;hash=1600\" alt=\"hmqViviiyNSAyin8WuaRtwBT80DbKzWk8n4m\" usemap=\"#_sdmap_0\" \/><br \/><img decoding=\"async\" style=\"width: 100.0%;height: auto\" src=\"https:\/\/infinityweeb.com\/wp-content\/uploads\/2025\/12\/kf-Sc92e68bcabdd42b2a09591444af00345G.webp?width=800&amp;height=800&amp;hash=1600\" usemap=\"#_sdmap_1\" \/><br \/><img decoding=\"async\" style=\"width: 100.0%;height: auto\" src=\"https:\/\/infinityweeb.com\/wp-content\/uploads\/2025\/12\/kf-Sd6389f7190844d1f8b20bddbc4aaedadu.webp?width=800&amp;height=800&amp;hash=1600\" usemap=\"#_sdmap_2\" \/><br \/><img decoding=\"async\" style=\"width: 100.0%;height: auto\" src=\"https:\/\/infinityweeb.com\/wp-content\/uploads\/2025\/12\/kf-S825edd1456ff40939ac2898fe31ebfedj.webp?width=800&amp;height=800&amp;hash=1600\" usemap=\"#_sdmap_3\" \/><br \/><img decoding=\"async\" style=\"width: 100.0%;height: auto\" src=\"https:\/\/infinityweeb.com\/wp-content\/uploads\/2025\/12\/kf-Sdf5f175dfbdd4284bfaa09d83375b4f80.webp?width=800&amp;height=800&amp;hash=1600\" usemap=\"#_sdmap_4\" \/><br \/><img decoding=\"async\" src=\"https:\/\/infinityweeb.com\/wp-content\/uploads\/2025\/12\/kf-S25349f07200946a88c23c515cf2a5530l.webp?width=800&amp;height=800&amp;hash=1600\" \/><br \/><img decoding=\"async\" style=\"width: 100.0%;height: auto\" src=\"https:\/\/infinityweeb.com\/wp-content\/uploads\/2025\/12\/kf-S452812c5e583420da7f27309f7bfccccl.webp?width=800&amp;height=800&amp;hash=1600\" usemap=\"#_sdmap_7\" \/><br \/><img decoding=\"async\" style=\"width: 100.0%;height: auto\" src=\"https:\/\/infinityweeb.com\/wp-content\/uploads\/2025\/12\/kf-S6cb32abf952c4db3bf5af04b08ff9f5bf.webp?width=800&amp;height=800&amp;hash=1600\" usemap=\"#_sdmap_9\" \/><\/div>\n<\/div>\n<\/div>","protected":false},"excerpt":{"rendered":"<p>Produit chimique \u00e0 haute pr\u00e9occupation:\u00a0Aucun Paquet:\u00a0Non Mat\u00e9riau:\u00a0Acier au carbone Num\u00e9ro de Mod\u00e8le:\u00a0TG0063 Origine:\u00a0CN (Origine) Product number:\u00a0TG0063 L&#8217;emballage comprend: 1 x<\/p>","protected":false},"featured_media":30814,"comment_status":"open","ping_status":"closed","template":"","meta":[],"product_brand":[],"product_cat":[297],"product_tag":[],"class_list":{"0":"post-30813","1":"product","2":"type-product","3":"status-publish","4":"has-post-thumbnail","6":"product_cat-refroidissement-cooling","8":"first","9":"outofstock","10":"shipping-taxable","11":"purchasable","12":"product-type-simple"},"jetpack_sharing_enabled":true,"_links":{"self":[{"href":"https:\/\/infinityweeb.com\/en\/wp-json\/wp\/v2\/product\/30813","targetHints":{"allow":["GET"]}}],"collection":[{"href":"https:\/\/infinityweeb.com\/en\/wp-json\/wp\/v2\/product"}],"about":[{"href":"https:\/\/infinityweeb.com\/en\/wp-json\/wp\/v2\/types\/product"}],"replies":[{"embeddable":true,"href":"https:\/\/infinityweeb.com\/en\/wp-json\/wp\/v2\/comments?post=30813"}],"version-history":[{"count":8,"href":"https:\/\/infinityweeb.com\/en\/wp-json\/wp\/v2\/product\/30813\/revisions"}],"predecessor-version":[{"id":30870,"href":"https:\/\/infinityweeb.com\/en\/wp-json\/wp\/v2\/product\/30813\/revisions\/30870"}],"wp:featuredmedia":[{"embeddable":true,"href":"https:\/\/infinityweeb.com\/en\/wp-json\/wp\/v2\/media\/30814"}],"wp:attachment":[{"href":"https:\/\/infinityweeb.com\/en\/wp-json\/wp\/v2\/media?parent=30813"}],"wp:term":[{"taxonomy":"product_brand","embeddable":true,"href":"https:\/\/infinityweeb.com\/en\/wp-json\/wp\/v2\/product_brand?post=30813"},{"taxonomy":"product_cat","embeddable":true,"href":"https:\/\/infinityweeb.com\/en\/wp-json\/wp\/v2\/product_cat?post=30813"},{"taxonomy":"product_tag","embeddable":true,"href":"https:\/\/infinityweeb.com\/en\/wp-json\/wp\/v2\/product_tag?post=30813"}],"curies":[{"name":"wp","href":"https:\/\/api.w.org\/{rel}","templated":true}]}}