{"id":30894,"date":"2025-12-01T19:43:25","date_gmt":"2025-12-01T18:43:25","guid":{"rendered":"https:\/\/infinityweeb.com\/shop\/clavier-sans-fil-2-4ghz-92-touches-avec-telecommande-fly-air-mouse-pave-tactile-et-retroeclairage-3-couleurs\/"},"modified":"2026-02-10T09:45:08","modified_gmt":"2026-02-10T08:45:08","slug":"clavier-sans-fil-4ghz-92-touches-telecommande-fly-air-mouse-pave-tactile","status":"publish","type":"product","link":"https:\/\/infinityweeb.com\/en\/shop\/clavier-sans-fil-4ghz-92-touches-telecommande-fly-air-mouse-pave-tactile\/","title":{"rendered":"Clavier sans fil 2.4GHz 92 touches avec t\u00e9l\u00e9commande Fly Air Mouse, pav\u00e9 tactile et r\u00e9tro\u00e9clairage 3 couleurs."},"content":{"rendered":"<div class=\"product-specs-list-container\">\n<ul class=\"product-specs-list util-clearfix\">\n<li class=\"product-prop line-limit-length\"><span class=\"property-title\">Produit chimique \u00e0 haute pr\u00e9occupation:\u00a0<\/span><span class=\"property-desc line-limit-length\">Aucun<\/span><\/li>\n<li class=\"product-prop line-limit-length\"><span class=\"property-title\">Nom de marque:\u00a0<\/span><span class=\"property-desc line-limit-length\">MX10<\/span><\/li>\n<li class=\"product-prop line-limit-length\"><span class=\"property-title\">Origine:\u00a0<\/span><span class=\"property-desc line-limit-length\">CN (Origine)<\/span><\/li>\n<li class=\"product-prop line-limit-length\"><span class=\"property-title\">Type D&rsquo;article:\u00a0<\/span><span class=\"property-desc line-limit-length\">cl\u00e9 TV<\/span><\/li>\n<\/ul>\n<\/div>\n<div class=\"detailmodule_html\">\n<div class=\"detail-desc-decorate-richtext\">\n<p><img decoding=\"async\" src=\"https:\/\/infinityweeb.com\/wp-content\/uploads\/2025\/12\/kf-S0fd19af5494648939630d0c2047095f9L.webp\" \/><img decoding=\"async\" src=\"https:\/\/infinityweeb.com\/wp-content\/uploads\/2025\/12\/kf-S4ee02a59d14e426ca41bcb11d0a8797d2.webp\" \/><img decoding=\"async\" src=\"https:\/\/infinityweeb.com\/wp-content\/uploads\/2025\/12\/kf-S9b277cf2c3df418b8c84912f77101215F.webp\" \/><img decoding=\"async\" src=\"https:\/\/infinityweeb.com\/wp-content\/uploads\/2025\/12\/kf-Sde144bbe7a864063915dd99bcd47c00aE.webp\" \/><img decoding=\"async\" src=\"https:\/\/infinityweeb.com\/wp-content\/uploads\/2025\/12\/kf-Sfc5e3807ca4043ab8e917b59a94540a6q.webp\" \/><img decoding=\"async\" src=\"https:\/\/infinityweeb.com\/wp-content\/uploads\/2025\/12\/kf-Scb2c8b5ef5bd4766b92e1f3af73806f6E.webp\" \/><img decoding=\"async\" src=\"https:\/\/infinityweeb.com\/wp-content\/uploads\/2025\/12\/kf-S552b571e964d4f01b930418fd1fe984bQ.webp\" \/><\/p>\n<\/div>\n<\/div>","protected":false},"excerpt":{"rendered":"<p>Produit chimique \u00e0 haute pr\u00e9occupation:\u00a0Aucun Nom de marque:\u00a0MX10 Origine:\u00a0CN (Origine) Type D&rsquo;article:\u00a0cl\u00e9 TV<\/p>","protected":false},"featured_media":30895,"comment_status":"open","ping_status":"closed","template":"","meta":[],"product_brand":[],"product_cat":[300],"product_tag":[],"class_list":{"0":"post-30894","1":"product","2":"type-product","3":"status-publish","4":"has-post-thumbnail","6":"product_cat-claviers-souris","8":"first","9":"instock","10":"sale","11":"shipping-taxable","12":"purchasable","13":"product-type-simple"},"jetpack_sharing_enabled":true,"_links":{"self":[{"href":"https:\/\/infinityweeb.com\/en\/wp-json\/wp\/v2\/product\/30894","targetHints":{"allow":["GET"]}}],"collection":[{"href":"https:\/\/infinityweeb.com\/en\/wp-json\/wp\/v2\/product"}],"about":[{"href":"https:\/\/infinityweeb.com\/en\/wp-json\/wp\/v2\/types\/product"}],"replies":[{"embeddable":true,"href":"https:\/\/infinityweeb.com\/en\/wp-json\/wp\/v2\/comments?post=30894"}],"version-history":[{"count":7,"href":"https:\/\/infinityweeb.com\/en\/wp-json\/wp\/v2\/product\/30894\/revisions"}],"predecessor-version":[{"id":30908,"href":"https:\/\/infinityweeb.com\/en\/wp-json\/wp\/v2\/product\/30894\/revisions\/30908"}],"wp:featuredmedia":[{"embeddable":true,"href":"https:\/\/infinityweeb.com\/en\/wp-json\/wp\/v2\/media\/30895"}],"wp:attachment":[{"href":"https:\/\/infinityweeb.com\/en\/wp-json\/wp\/v2\/media?parent=30894"}],"wp:term":[{"taxonomy":"product_brand","embeddable":true,"href":"https:\/\/infinityweeb.com\/en\/wp-json\/wp\/v2\/product_brand?post=30894"},{"taxonomy":"product_cat","embeddable":true,"href":"https:\/\/infinityweeb.com\/en\/wp-json\/wp\/v2\/product_cat?post=30894"},{"taxonomy":"product_tag","embeddable":true,"href":"https:\/\/infinityweeb.com\/en\/wp-json\/wp\/v2\/product_tag?post=30894"}],"curies":[{"name":"wp","href":"https:\/\/api.w.org\/{rel}","templated":true}]}}