{"id":30942,"date":"2025-12-01T19:54:48","date_gmt":"2025-12-01T18:54:48","guid":{"rendered":"https:\/\/infinityweeb.com\/shop\/tenda-ax1500-tx2l-pro-routeur-wifi-6-gigabit-bi-bande-intelligent-avec-couverture-longue-portee-prise-en-charge-vpn-et-securite-wpa3\/"},"modified":"2026-01-27T13:39:09","modified_gmt":"2026-01-27T12:39:09","slug":"tenda-ax1500-tx2l-pro-routeur-wifi-gigabit-bi-bande-intelligent-couverture","status":"publish","type":"product","link":"https:\/\/infinityweeb.com\/en\/shop\/tenda-ax1500-tx2l-pro-routeur-wifi-gigabit-bi-bande-intelligent-couverture\/","title":{"rendered":"Tenda AX1500 TX2L Pro : Routeur WiFi 6 Gigabit bi-bande intelligent avec couverture longue port\u00e9e, prise en charge VPN et s\u00e9curit\u00e9 WPA3."},"content":{"rendered":"<div class=\"product-specs-list-container\">\n<ul class=\"product-specs-list util-clearfix\">\n<li class=\"product-prop line-limit-length\"><span class=\"property-title\">Produit chimique \u00e0 haute pr\u00e9occupation:\u00a0<\/span><span class=\"property-desc line-limit-length\">Aucun<\/span><\/li>\n<li class=\"product-prop line-limit-length\"><span class=\"property-title\">Taux de transmission Wi-Fi 5G:\u00a0<\/span><span class=\"property-desc line-limit-length\">867 Mbps<\/span><\/li>\n<li class=\"product-prop line-limit-length\"><span class=\"property-title\">Taux de transfert c\u00e2bl\u00e9:\u00a0<\/span><span class=\"property-desc line-limit-length\">10\/100\/1000 Mbps<\/span><\/li>\n<li class=\"product-prop line-limit-length\"><span class=\"property-title\">Norme de transmission Wi-Fi:\u00a0<\/span><span class=\"property-desc line-limit-length\">802.11ac<\/span><\/li>\n<li class=\"product-prop line-limit-length\"><span class=\"property-title\">Taux de transmission Wi-Fi 2.4G:\u00a0<\/span><span class=\"property-desc line-limit-length\">300 Mbps<\/span><\/li>\n<li class=\"product-prop line-limit-length\"><span class=\"property-title\">Fr\u00e9quence support\u00e9e par le Wi-Fi:\u00a0<\/span><span class=\"property-desc line-limit-length\">2.4G &amp; 5G<\/span><\/li>\n<li class=\"product-prop line-limit-length\"><span class=\"property-title\">Supporte WPS:\u00a0<\/span><span class=\"property-desc line-limit-length\">Oui<\/span><\/li>\n<li class=\"product-prop line-limit-length\"><span class=\"property-title\">Supporte WDS:\u00a0<\/span><span class=\"property-desc line-limit-length\">Oui<\/span><\/li>\n<li class=\"product-prop line-limit-length\"><span class=\"property-title\">Nombre d\u2019interfaces USB:\u00a0<\/span><span class=\"property-desc line-limit-length\">Aucun<\/span><\/li>\n<li class=\"product-prop line-limit-length\"><span class=\"property-title\">Ports WAN:\u00a0<\/span><span class=\"property-desc line-limit-length\">4&#215;10\/100\/1000Mbps<\/span><\/li>\n<li class=\"product-prop line-limit-length\"><span class=\"property-title\">Ports LAN:\u00a0<\/span><span class=\"property-desc line-limit-length\">3<\/span><\/li>\n<li class=\"product-prop line-limit-length\"><span class=\"property-title\">Fonction:\u00a0<\/span><span class=\"property-desc line-limit-length\">Pare-feu,QOS,VPN,voip<\/span><\/li>\n<li class=\"product-prop line-limit-length\"><span class=\"property-title\">Application:\u00a0<\/span><span class=\"property-desc line-limit-length\">HOME<\/span><\/li>\n<li class=\"product-prop line-limit-length\"><span class=\"property-title\">Paquet:\u00a0<\/span><span class=\"property-desc line-limit-length\">Oui<\/span><\/li>\n<li class=\"product-prop line-limit-length\"><span class=\"property-title\">Normes et protocoles:\u00a0<\/span><span class=\"property-desc line-limit-length\">Wi-Fi 802.11g,Wi-Fi 802.11b,Wi-Fi 802.11n,Wi-Fi 802.11ac<\/span><\/li>\n<li class=\"product-prop line-limit-length\"><span class=\"property-title\">Taux de transmission sans fil:\u00a0<\/span><span class=\"property-desc line-limit-length\">1200M<\/span><\/li>\n<li class=\"product-prop line-limit-length\"><span class=\"property-title\">Maille de support:\u00a0<\/span><span class=\"property-desc line-limit-length\">Non pris en charge<\/span><\/li>\n<li class=\"product-prop line-limit-length\"><span class=\"property-title\">Fr\u00e9quence:\u00a0<\/span><span class=\"property-desc line-limit-length\">2,4 GHz<\/span><\/li>\n<li class=\"product-prop line-limit-length\"><span class=\"property-title\">Type d&rsquo;Antenne:\u00a0<\/span><span class=\"property-desc line-limit-length\">Fixe<\/span><\/li>\n<li class=\"product-prop line-limit-length\"><span class=\"property-title\">Utilisations recommand\u00e9es:\u00a0<\/span><span class=\"property-desc line-limit-length\">Accueil<\/span><\/li>\n<li class=\"product-prop line-limit-length\"><span class=\"property-title\">Norme de communication sans fil:\u00a0<\/span><span class=\"property-desc line-limit-length\">802.11.ex<\/span><\/li>\n<li class=\"product-prop line-limit-length\"><span class=\"property-title\">Classe de bande de fr\u00e9quence:\u00a0<\/span><span class=\"property-desc line-limit-length\">Double bande<\/span><\/li>\n<li class=\"product-prop line-limit-length\"><span class=\"property-title\">Nom du mod\u00e8le:\u00a0<\/span><span class=\"property-desc line-limit-length\">TX2L Pro<\/span><\/li>\n<li class=\"product-prop line-limit-length\"><span class=\"property-title\">D\u00e9bit de donn\u00e9es LAN max.:\u00a0<\/span><span class=\"property-desc line-limit-length\">1000Mbps<\/span><\/li>\n<li class=\"product-prop line-limit-length\"><span class=\"property-title\">Avec fonction modem:\u00a0<\/span><span class=\"property-desc line-limit-length\">Non<\/span><\/li>\n<li class=\"product-prop line-limit-length\"><span class=\"property-title\">Type:\u00a0<\/span><span class=\"property-desc line-limit-length\">Sans fil<\/span><\/li>\n<li class=\"product-prop line-limit-length\"><span class=\"property-title\">Nom de marque:\u00a0<\/span><span class=\"property-desc line-limit-length\">Tenda<\/span><\/li>\n<li class=\"product-prop line-limit-length\"><span class=\"property-title\">Mod\u00e8le de Tenda:\u00a0<\/span><span class=\"property-desc line-limit-length\">TX2L Pro<\/span><\/li>\n<li class=\"product-prop line-limit-length\"><span class=\"property-title\">Origine:\u00a0<\/span><span class=\"property-desc line-limit-length\">CN (Origine)<\/span><\/li>\n<li class=\"product-prop line-limit-length\"><span class=\"property-title\">Certification:\u00a0<\/span><span class=\"property-desc line-limit-length\">CE,FCC,ROHS<\/span><\/li>\n<\/ul>\n<\/div>\n<div class=\"detailmodule_html\">\n<div class=\"detail-desc-decorate-richtext\">\n<p><strong><span id=\"tl_1\" style=\"font-size: 24px\">RX2L Pro<\/span><\/strong><\/p>\n<p>\u00a0<\/p>\n<p><span id=\"tl_2\" style=\"font-size: 22px\">Routeur Gigabit Wi-Fi 6 double bande<\/span><\/p>\n<p>\u00a0<\/p>\n<p><span id=\"tl_3\" style=\"font-size: 22px\">MU-MIMO, OFDMA, Roaming rapide, Gestion des applications, VPN, WiFi+<\/span><\/p>\n<p>\u00a0<\/p>\n<p><span id=\"tl_4\" style=\"font-size: 22px\">Max.Non.des appareils connect\u00e9s : 25-30<\/span><\/p>\n<p>\u00a0<\/p>\n<p><span id=\"tl_5\" style=\"font-size: 22px\">Interface : ports 4*1000Mbps<\/span><\/p>\n<p>\u00a0<\/p>\n<p><span id=\"tl_6\" style=\"font-size: 22px\">Antenne : 5<\/span><\/p>\n<p>\u00a0<\/p>\n<p><span id=\"tl_7\" style=\"font-size: 22px\">Wi-Fi6, 2,4 G : 300 Mbps, 5 G : 1201 Mbps<\/span><\/p>\n<p>\u00a0<\/p>\n<p><span id=\"tl_8\" style=\"font-size: 22px\">RX2L Pro est un routeur Wi-Fi 6 Gigabit double bande d&rsquo;entr\u00e9e de gamme con\u00e7u pour les utilisateurs domestiques, sa vitesse simultan\u00e9e double bande peut atteindre 1501 Mbps (5 GHz : 1201 Mbps 2,4 GHz : 300 Mbps).Le RX2L Pro est \u00e9quip\u00e9 de 2 modules hautes performances et de 5 antennes externes \u00e0 gain \u00e9lev\u00e9, il peut am\u00e9liorer efficacement la sensibilit\u00e9 de transmission et de r\u00e9ception du signal et \u00e9tendre le Wi-Fi 6 \u00e0 tous les coins de votre maison.prenant en charge la technologie Tenda Wi-Fi+, il peut \u00eatre mis en r\u00e9seau avec des produits Tenda prenant en charge Wi-Fi+ en un seul clic, vous pouvez profiter d&rsquo;un r\u00e9seau plus intelligent et plus fluide.Plus d&rsquo;appareils peuvent \u00eatre connect\u00e9s \u00e0 Internet en m\u00eame temps avec un d\u00e9calage plus faible, et l&rsquo;efficacit\u00e9 de la transmission est consid\u00e9rablement am\u00e9lior\u00e9e gr\u00e2ce \u00e0 la technologie OFDMA+MU-MIMO.Avec 4 ports Ethernet Gigabit, les appareils filaires peuvent \u00eatre connect\u00e9s \u00e0 une vitesse plus rapide, ce qui garantit que tous les types d&rsquo;appareils filaires fonctionnent sans probl\u00e8me, profitez simplement du r\u00e9seau ultra-rapide.<\/span><\/p>\n<p>\u00a0<\/p>\n<p><img decoding=\"async\" src=\"https:\/\/infinityweeb.com\/wp-content\/uploads\/2025\/12\/kf-Sdea10c0e7134412f8e15f14ef59cb559b.webp\" \/><img decoding=\"async\" src=\"https:\/\/infinityweeb.com\/wp-content\/uploads\/2025\/12\/kf-S8b7c8aa92cc84ff08d4cca5e3c1d1cccP.webp\" \/><img decoding=\"async\" src=\"https:\/\/infinityweeb.com\/wp-content\/uploads\/2025\/12\/kf-Sc04a86c89ecc406fa42d90aae131a244Z.webp\" \/><img decoding=\"async\" src=\"https:\/\/infinityweeb.com\/wp-content\/uploads\/2025\/12\/kf-S4a1d41212856457aa10ec45390ab47b0q.webp\" \/><img decoding=\"async\" src=\"https:\/\/infinityweeb.com\/wp-content\/uploads\/2025\/12\/kf-Sbca954699bfb4107acc2b1ad9af6b99eX.webp\" \/><img decoding=\"async\" src=\"https:\/\/infinityweeb.com\/wp-content\/uploads\/2025\/12\/kf-S4ad43b493401466b92538a0e4d0de5d4B.webp\" \/><img decoding=\"async\" src=\"https:\/\/infinityweeb.com\/wp-content\/uploads\/2025\/12\/kf-Sc4487805470142aba95fcc89958105ebh.webp\" \/><img decoding=\"async\" src=\"https:\/\/infinityweeb.com\/wp-content\/uploads\/2025\/12\/kf-S5a6f7524a0d14cdc8dc6eac584bb0026C.webp\" \/><img decoding=\"async\" src=\"https:\/\/infinityweeb.com\/wp-content\/uploads\/2025\/12\/kf-S755313ff0b43427490ef47fdeeff718bo.webp\" \/><img decoding=\"async\" src=\"https:\/\/infinityweeb.com\/wp-content\/uploads\/2025\/12\/kf-Se797eefb92b242d597e94c3d0215ca09m.webp\" \/><img decoding=\"async\" src=\"https:\/\/infinityweeb.com\/wp-content\/uploads\/2025\/12\/kf-S494f99b5eb8d4796bd33b186248dfb1aV.webp\" \/><img decoding=\"async\" src=\"https:\/\/infinityweeb.com\/wp-content\/uploads\/2025\/12\/kf-Sdbbcbbfe84cc40659fee6004c90883abv.webp\" \/><\/p>\n<p>\u00a0<\/p>\n<p><strong><span id=\"tl_9\" style=\"font-size: 22px\">D\u00e9tails et sp\u00e9cifications du RX2L Pro :<\/span><\/strong><\/p>\n<p>\u00a0<\/p>\n<p><span id=\"tl_10\" style=\"font-size: 22px\">1. Les images et le contenu sur cette page sont uniquement \u00e0 titre d&rsquo;illustration.L&rsquo;apparence r\u00e9elle du produit (y compris, mais sans s&rsquo;y limiter, le design, la couleur, la taille) et le contenu affich\u00e9 (y compris, mais sans s&rsquo;y limiter, l&rsquo;interface utilisateur, les images) peuvent varier l\u00e9g\u00e8rement.Veuillez vous r\u00e9f\u00e9rer au produit physique.<\/span><\/p>\n<p>\u00a0<\/p>\n<p><span id=\"tl_11\" style=\"font-size: 22px\">2. Les donn\u00e9es sur cette page sont des valeurs th\u00e9oriques obtenues du laboratoire interne de Tenda dans des conditions de test sp\u00e9cifiques.Les performances r\u00e9elles peuvent varier en raison des variations de produits, des versions logicielles, des conditions d&rsquo;utilisation et des facteurs environnementaux.Veuillez vous r\u00e9f\u00e9rer \u00e0 l&rsquo;utilisation r\u00e9elle.<\/span><\/p>\n<p>\u00a0<\/p>\n<p><span id=\"tl_12\" style=\"font-size: 22px\">3. En raison des changements en temps r\u00e9el dans les lots de produits et les facteurs d&rsquo;approvisionnement, nous pouvons mettre \u00e0 jour et r\u00e9viser les descriptions de texte, les effets d&rsquo;image, etc., sur cette page en temps r\u00e9el pour correspondre aux performances, aux sp\u00e9cifications, aux indices et aux composants r\u00e9els du produit..Telles modifications ou ajustements ne seront pas notifi\u00e9s s\u00e9par\u00e9ment.<\/span><\/p>\n<p>\u00a0<\/p>\n<p><span id=\"tl_13\" style=\"font-size: 22px\">4. Si des modifications ou des ajustements se produisent, nous nous r\u00e9servons le droit de les apporter sans pr\u00e9avis.<\/span><\/p>\n<p>\u00a0<\/p>\n<\/div>\n<\/div>","protected":false},"excerpt":{"rendered":"<p>Produit chimique \u00e0 haute pr\u00e9occupation:\u00a0Aucun Taux de transmission Wi-Fi 5G:\u00a0867 Mbps Taux de transfert c\u00e2bl\u00e9:\u00a010\/100\/1000 Mbps Norme de transmission Wi-Fi:\u00a0802.11ac<\/p>","protected":false},"featured_media":30943,"comment_status":"open","ping_status":"closed","template":"","meta":[],"product_brand":[1012],"product_cat":[335],"product_tag":[],"class_list":{"0":"post-30942","1":"product","2":"type-product","3":"status-publish","4":"has-post-thumbnail","6":"product_brand-tenda","7":"product_cat-modems-et-routeurs","9":"first","10":"outofstock","11":"sale","12":"shipping-taxable","13":"purchasable","14":"product-type-simple"},"jetpack_sharing_enabled":true,"_links":{"self":[{"href":"https:\/\/infinityweeb.com\/en\/wp-json\/wp\/v2\/product\/30942","targetHints":{"allow":["GET"]}}],"collection":[{"href":"https:\/\/infinityweeb.com\/en\/wp-json\/wp\/v2\/product"}],"about":[{"href":"https:\/\/infinityweeb.com\/en\/wp-json\/wp\/v2\/types\/product"}],"replies":[{"embeddable":true,"href":"https:\/\/infinityweeb.com\/en\/wp-json\/wp\/v2\/comments?post=30942"}],"version-history":[{"count":13,"href":"https:\/\/infinityweeb.com\/en\/wp-json\/wp\/v2\/product\/30942\/revisions"}],"predecessor-version":[{"id":31355,"href":"https:\/\/infinityweeb.com\/en\/wp-json\/wp\/v2\/product\/30942\/revisions\/31355"}],"wp:featuredmedia":[{"embeddable":true,"href":"https:\/\/infinityweeb.com\/en\/wp-json\/wp\/v2\/media\/30943"}],"wp:attachment":[{"href":"https:\/\/infinityweeb.com\/en\/wp-json\/wp\/v2\/media?parent=30942"}],"wp:term":[{"taxonomy":"product_brand","embeddable":true,"href":"https:\/\/infinityweeb.com\/en\/wp-json\/wp\/v2\/product_brand?post=30942"},{"taxonomy":"product_cat","embeddable":true,"href":"https:\/\/infinityweeb.com\/en\/wp-json\/wp\/v2\/product_cat?post=30942"},{"taxonomy":"product_tag","embeddable":true,"href":"https:\/\/infinityweeb.com\/en\/wp-json\/wp\/v2\/product_tag?post=30942"}],"curies":[{"name":"wp","href":"https:\/\/api.w.org\/{rel}","templated":true}]}}