{"id":30998,"date":"2025-12-01T20:01:46","date_gmt":"2025-12-01T19:01:46","guid":{"rendered":"https:\/\/infinityweeb.com\/shop\/routeur-repeteur-tenda-wifi-6-gigabit-ax1500-rx2-pro-1500mbps-2-4g-5ghz\/"},"modified":"2025-12-13T19:07:32","modified_gmt":"2025-12-13T18:07:32","slug":"routeur-repeteur-tenda-wifi-6-gigabit-ax1500-rx2-pro-1500mbps-2-4g-5ghz","status":"publish","type":"product","link":"https:\/\/infinityweeb.com\/en\/shop\/routeur-repeteur-tenda-wifi-6-gigabit-ax1500-rx2-pro-1500mbps-2-4g-5ghz\/","title":{"rendered":"Routeur\/r\u00e9p\u00e9teur Tenda WIFI 6 Gigabit AX1500 RX2 Pro (1500mbps, 2.4G &amp; 5Ghz)"},"content":{"rendered":"<div class=\"product-specs-list-container\">\n<ul class=\"product-specs-list util-clearfix\">\n<li class=\"product-prop line-limit-length\"><span class=\"property-title\">Produit chimique \u00e0 haute pr\u00e9occupation:\u00a0<\/span><span class=\"property-desc line-limit-length\">Aucun<\/span><\/li>\n<li class=\"product-prop line-limit-length\"><span class=\"property-title\">Taux de transfert c\u00e2bl\u00e9:\u00a0<\/span><span class=\"property-desc line-limit-length\">10\/100\/1000 Mbps<\/span><\/li>\n<li class=\"product-prop line-limit-length\"><span class=\"property-title\">Norme de transmission Wi-Fi:\u00a0<\/span><span class=\"property-desc line-limit-length\">802.11ac<\/span><\/li>\n<li class=\"product-prop line-limit-length\"><span class=\"property-title\">Taux de transmission Wi-Fi 2.4G:\u00a0<\/span><span class=\"property-desc line-limit-length\">300 Mbps<\/span><\/li>\n<li class=\"product-prop line-limit-length\"><span class=\"property-title\">Fr\u00e9quence support\u00e9e par le Wi-Fi:\u00a0<\/span><span class=\"property-desc line-limit-length\">2.4G &amp; 5G<\/span><\/li>\n<li class=\"product-prop line-limit-length\"><span class=\"property-title\">Supporte WPS:\u00a0<\/span><span class=\"property-desc line-limit-length\">Oui<\/span><\/li>\n<li class=\"product-prop line-limit-length\"><span class=\"property-title\">Supporte WDS:\u00a0<\/span><span class=\"property-desc line-limit-length\">Non<\/span><\/li>\n<li class=\"product-prop line-limit-length\"><span class=\"property-title\">Nombre d\u2019interfaces USB:\u00a0<\/span><span class=\"property-desc line-limit-length\">Aucun<\/span><\/li>\n<li class=\"product-prop line-limit-length\"><span class=\"property-title\">Ports WAN:\u00a0<\/span><span class=\"property-desc line-limit-length\">1&#215;10\/100\/1000 Mbps<\/span><\/li>\n<li class=\"product-prop line-limit-length\"><span class=\"property-title\">Ports LAN:\u00a0<\/span><span class=\"property-desc line-limit-length\">3<\/span><\/li>\n<li class=\"product-prop line-limit-length\"><span class=\"property-title\">Fonction:\u00a0<\/span><span class=\"property-desc line-limit-length\">Pare-feu,VPN<\/span><\/li>\n<li class=\"product-prop line-limit-length\"><span class=\"property-title\">Application:\u00a0<\/span><span class=\"property-desc line-limit-length\">HOME<\/span><\/li>\n<li class=\"product-prop line-limit-length\"><span class=\"property-title\">Paquet:\u00a0<\/span><span class=\"property-desc line-limit-length\">Oui<\/span><\/li>\n<li class=\"product-prop line-limit-length\"><span class=\"property-title\">Normes et protocoles:\u00a0<\/span><span class=\"property-desc line-limit-length\">Wi-Fi 802.11g,Wi-Fi 802.11b,Wi-Fi 802.11n,Wi-Fi 802.11ac<\/span><\/li>\n<li class=\"product-prop line-limit-length\"><span class=\"property-title\">Taux de transmission sans fil:\u00a0<\/span><span class=\"property-desc line-limit-length\">1500 m\u00e8tres<\/span><\/li>\n<li class=\"product-prop line-limit-length\"><span class=\"property-title\">Maille de support:\u00a0<\/span><span class=\"property-desc line-limit-length\">Soutien<\/span><\/li>\n<li class=\"product-prop line-limit-length\"><span class=\"property-title\">Fr\u00e9quence:\u00a0<\/span><span class=\"property-desc line-limit-length\">5 GHz<\/span><\/li>\n<li class=\"product-prop line-limit-length\"><span class=\"property-title\">Type d&rsquo;Antenne:\u00a0<\/span><span class=\"property-desc line-limit-length\">Fixe<\/span><\/li>\n<li class=\"product-prop line-limit-length\"><span class=\"property-title\">Utilisations recommand\u00e9es:\u00a0<\/span><span class=\"property-desc line-limit-length\">Accueil<\/span><\/li>\n<li class=\"product-prop line-limit-length\"><span class=\"property-title\">Norme de communication sans fil:\u00a0<\/span><span class=\"property-desc line-limit-length\">802.11.ac<\/span><\/li>\n<li class=\"product-prop line-limit-length\"><span class=\"property-title\">Classe de bande de fr\u00e9quence:\u00a0<\/span><span class=\"property-desc line-limit-length\">Double bande<\/span><\/li>\n<li class=\"product-prop line-limit-length\"><span class=\"property-title\">D\u00e9bit de donn\u00e9es LAN max.:\u00a0<\/span><span class=\"property-desc line-limit-length\">1900 Mbps<\/span><\/li>\n<li class=\"product-prop line-limit-length\"><span class=\"property-title\">Avec fonction modem:\u00a0<\/span><span class=\"property-desc line-limit-length\">Non<\/span><\/li>\n<li class=\"product-prop line-limit-length\"><span class=\"property-title\">Type:\u00a0<\/span><span class=\"property-desc line-limit-length\">Sans fil<\/span><\/li>\n<li class=\"product-prop line-limit-length\"><span class=\"property-title\">Nom de marque:\u00a0<\/span><span class=\"property-desc line-limit-length\">Tenda<\/span><\/li>\n<li class=\"product-prop line-limit-length\"><span class=\"property-title\">Origine:\u00a0<\/span><span class=\"property-desc line-limit-length\">CN (Origine)<\/span><\/li>\n<li class=\"product-prop line-limit-length\"><span class=\"property-title\">Certification:\u00a0<\/span><span class=\"property-desc line-limit-length\">CE,FCC,ROHS<\/span><\/li>\n<li class=\"product-prop line-limit-length\"><span class=\"property-title\">Item type 1:\u00a0<\/span><span class=\"property-desc line-limit-length\">WIFI 6 wireless router<\/span><\/li>\n<li class=\"product-prop line-limit-length\"><span class=\"property-title\">Item type 2:\u00a0<\/span><span class=\"property-desc line-limit-length\">WIFI router AC1200 high gain ethernet wifi router<\/span><\/li>\n<li class=\"product-prop line-limit-length\"><span class=\"property-title\">Item type 3:\u00a0<\/span><span class=\"property-desc line-limit-length\">WIFI 6 1500mbps wireless router,<\/span><\/li>\n<li class=\"product-prop line-limit-length\"><span class=\"property-title\">LED Indicator:\u00a0<\/span><span class=\"property-desc line-limit-length\">Sys*1,WAN*1, LAN*1,WiFi\/WPS*1<\/span><\/li>\n<li class=\"product-prop line-limit-length\"><span class=\"property-title\">Standard&amp;Protocol:\u00a0<\/span><span class=\"property-desc line-limit-length\">IEEE802.3, IEEE802.3u,IEEE802.3ab<\/span><\/li>\n<li class=\"product-prop line-limit-length\"><span class=\"property-title\">wifi 6 Router features:\u00a0<\/span><span class=\"property-desc line-limit-length\">MU-MIMO+OFDMA technology \/WPA3<\/span><\/li>\n<li class=\"product-prop line-limit-length\"><span class=\"property-title\">wifi 6 Router features 2:\u00a0<\/span><span class=\"property-desc line-limit-length\">Beam-Forming \/IPV6<\/span><\/li>\n<li class=\"product-prop line-limit-length\"><span class=\"property-title\">Operating Mode:\u00a0<\/span><span class=\"property-desc line-limit-length\">Wireless Router Mode AP Mode Universal Repeater Mode<\/span><\/li>\n<li class=\"product-prop line-limit-length\"><span class=\"property-title\">5G Wi-Fi Transmission Rate:\u00a0<\/span><span class=\"property-desc line-limit-length\">1201 Mpbs<\/span><\/li>\n<\/ul>\n<\/div>\n<div class=\"detailmodule_html\">\n<div class=\"detail-desc-decorate-richtext\">\n<div class=\"detailmodule_html\">\u00a0<\/div>\n<div class=\"detailmodule_html\">\u00a0<\/div>\n<div class=\"detailmodule_html\">\n<div><strong><span style=\"font-size: 18px\">Routeur Wi-Fi 6, rapide, fiable, partout, routeur Wi-Fi Gigabit RX2 Pro double bande<\/span><\/strong><\/div>\n<div>\u00a0<\/div>\n<\/div>\n<div class=\"detailmodule_html\">\n<div class=\"detail-desc-decorate-richtext\">\n<p><span style=\"color: #f44e3b\">1.Routeur Wi-Fi 6, jusqu&rsquo;\u00e0 1501 Mbps (2,4 GHz : 300 Mbps, 5 GHz : 1201 Mbps).<\/span><\/p>\n<div>\u00a0<\/div>\n<p><span style=\"color: #f44e3b\">2.Avec des FEM hautes performances, des antennes \u00e0 gain \u00e9lev\u00e9 5*6dBi.<\/span><\/p>\n<div>\u00a0<\/div>\n<p><span style=\"color: #f44e3b\">3.Beamforming, technologie OFDMA+MU-MIMO.<\/span><\/p>\n<p><span style=\"color: #f44e3b\">4.IEEE 802.11n\/b\/g 2,4 GHz<\/span><\/p>\n<p><span style=\"color: #f44e3b\">IEEE 802.11ax\/ac\/n\/a 5GHz<\/span><\/p>\n<p><span style=\"color: #f44e3b\">5.Entr\u00e9e : CA 100-240 V ~ 50\/60 Hz 0,6 A.<\/span><\/p>\n<p><span style=\"color: #f44e3b\">Sortie: cc 12V\u23931A<\/span><\/p>\n<p><span style=\"color: #f44e3b\">6.Prend en charge IPv6<\/span><\/p>\n<p><img decoding=\"async\" src=\"https:\/\/infinityweeb.com\/wp-content\/uploads\/2025\/12\/kf-S0553e45ef9c84ff2bc23924303639e39k.webp?width=1529&amp;height=839&amp;hash=2368\" \/><\/p>\n<p><strong>Super rapide et stable<\/strong><\/p>\n<p>Gr\u00e2ce \u00e0 la technologie Wi-Fi 6 de nouvelle g\u00e9n\u00e9ration, le RX2 Pro a une vitesse allant jusqu&rsquo;\u00e0 1501 Mbps (2,4 GHz 300 Mbps ; 5 GHz 1201 Mbps), offrant une exp\u00e9rience r\u00e9seau sans fil avec une transmission plus rapide et une latence plus faible.<\/p>\n<div>\u00a0<\/div>\n<p><strong>Vitesse de transmission 5 GHZ plus rapide que le routeur Wi-Fi 5 (AC12)<\/strong><img decoding=\"async\" src=\"https:\/\/infinityweeb.com\/wp-content\/uploads\/2025\/12\/kf-Sd6e1d3a7ec534013acde25973161b626a.webp?width=1529&amp;height=762&amp;hash=2291\" \/><\/p>\n<p><strong>\u00c9liminez les zones mortes Wi-Fi<\/strong><\/p>\n<p>Le RX2 Pro est \u00e9quip\u00e9 de 5 antennes externes 6dBi et d&rsquo;un module d&rsquo;am\u00e9lioration du signal haute performance, am\u00e9liorant la sensibilit\u00e9 de transmission et de r\u00e9ception du signal, offrant une couverture Wi-Fi 6 pour toute la maison pour les m\u00e9nages moyens et grands.<img decoding=\"async\" src=\"https:\/\/infinityweeb.com\/wp-content\/uploads\/2025\/12\/kf-Se3a103f1572b410f821ecee106267603C.webp?width=1529&amp;height=762&amp;hash=2291\" \/><\/p>\n<p><strong>Basculement intelligent entre diff\u00e9rents canaux<\/strong><\/p>\n<p>RX2 Pro peut changer automatiquement la bande Wi-Fi en fonction de la position, offrant la meilleure exp\u00e9rience entre couverture et vitesse.<img decoding=\"async\" src=\"https:\/\/infinityweeb.com\/wp-content\/uploads\/2025\/12\/kf-S96129f0153144764904ed4951ad33e75Y.webp?width=1529&amp;height=922&amp;hash=2451\" \/><\/p>\n<p><strong>Ultra-vitesse avec port Gigabit<\/strong><\/p>\n<p>Connexion de plus d&rsquo;appareils filaires pour une vitesse de transfert plus rapide avec les ports Gigabit, assurez-vous que toutes sortes d&rsquo;appareils filaires fonctionnent en douceur et profitez du r\u00e9seau ultra-rapide.<img decoding=\"async\" src=\"https:\/\/infinityweeb.com\/wp-content\/uploads\/2025\/12\/kf-Sf64c435f8bba4d228350424f3f0047320.webp?width=1529&amp;height=742&amp;hash=2271\" \/><\/p>\n<p><strong>Minimiser le d\u00e9calage dans le sc\u00e9nario multi-utilisateurs<\/strong><\/p>\n<p>Am\u00e9liorez consid\u00e9rablement les performances et l&rsquo;efficacit\u00e9 du r\u00e9seau avec la technologie MU-MIMO + OFDMA.Ils r\u00e9pondent aux besoins des membres du foyer pour surfer sur Internet simultan\u00e9ment sans latence.<img decoding=\"async\" src=\"https:\/\/infinityweeb.com\/wp-content\/uploads\/2025\/12\/kf-S5245ffc1980343bda856e94c70a0e0fab.webp?width=1529&amp;height=922&amp;hash=2451\" \/><\/p>\n<p><strong>Contr\u00f4le parental<\/strong><\/p>\n<p>Maintenez le contr\u00f4le du temps et du comportement en ligne des enfants, cultivez la saine habitude des enfants de surfer sur Internet.<img decoding=\"async\" src=\"https:\/\/infinityweeb.com\/wp-content\/uploads\/2025\/12\/kf-S843ed0e54b5f4dbd975350b6899d0b83Y.webp?width=1529&amp;height=979&amp;hash=2508\" \/><\/p>\n<p><strong>S\u00e9curit\u00e9 haut de gamme avec WPA3<\/strong><\/p>\n<p>Le RX2 Pro est \u00e9quip\u00e9 de la nouvelle g\u00e9n\u00e9ration de norme de s\u00e9curit\u00e9 Wi-Fi &#8211; WPA3, qui prot\u00e8ge la confidentialit\u00e9 du r\u00e9seau familial.<img decoding=\"async\" src=\"https:\/\/infinityweeb.com\/wp-content\/uploads\/2025\/12\/kf-S46f1dbb4ed2f4e3091187bd76e22d42eE.webp?width=1529&amp;height=780&amp;hash=2309\" \/><\/p>\n<p><strong>Installation facile<\/strong><\/p>\n<ul>\n<li>\n<p>Branchez l&rsquo;adaptateur secteur et le c\u00e2ble Ethernet<\/p>\n<\/li>\n<li>\n<p>Red\u00e9marrez et allumez le routeur<\/p>\n<\/li>\n<li>\n<p>T\u00e9l\u00e9chargez et lancez l&rsquo;application Tenda pour le contr\u00f4le de la connexion<\/p>\n<\/li>\n<li>\n<p>Personnaliser les param\u00e8tres individuels<\/p>\n<\/li>\n<\/ul>\n<p><img decoding=\"async\" src=\"https:\/\/infinityweeb.com\/wp-content\/uploads\/2025\/12\/kf-Sca80eaf1fce848de976262536e47faf1e.webp?width=1464&amp;height=600&amp;hash=2064\" \/><\/p>\n<p><strong>G\u00e9rer intelligemment le Wi-Fi \u00e0 domicile<\/strong><\/p>\n<ul>\n<li>\n<p>IPV6<\/p>\n<\/li>\n<li>\n<p>D\u00e9tection de r\u00e9seau<\/p>\n<\/li>\n<li>\n<p>R\u00e9seau invit\u00e9<\/p>\n<\/li>\n<li>\n<p>Liste noire\/liste blanche<\/p>\n<\/li>\n<li>\n<p>Commutateur de minuterie<\/p>\n<\/li>\n<\/ul>\n<p><img decoding=\"async\" src=\"https:\/\/infinityweeb.com\/wp-content\/uploads\/2025\/12\/kf-Sf697e9884d9f49c7891b2762fe04bd2di.webp?width=1464&amp;height=600&amp;hash=2064\" \/><\/p>\n<p><img decoding=\"async\" src=\"https:\/\/infinityweeb.com\/wp-content\/uploads\/2025\/12\/kf-S911024568e504d7dbc59a9bb781ccd31n.webp?width=1080&amp;height=1260&amp;hash=2340\" \/><img decoding=\"async\" src=\"https:\/\/infinityweeb.com\/wp-content\/uploads\/2025\/12\/kf-S6398207167334f53bd38c68593dbb0c0l.webp?width=1080&amp;height=1261&amp;hash=2341\" \/><img decoding=\"async\" src=\"https:\/\/infinityweeb.com\/wp-content\/uploads\/2025\/12\/kf-S6afeff864bf24ccd8153e91b37a74cd5Z.webp?width=1080&amp;height=1260&amp;hash=2340\" \/><img decoding=\"async\" src=\"https:\/\/infinityweeb.com\/wp-content\/uploads\/2025\/12\/kf-S68c5f5fa18b64c81af484f58e834ec47L.webp?width=1080&amp;height=1261&amp;hash=2341\" \/><img decoding=\"async\" src=\"https:\/\/infinityweeb.com\/wp-content\/uploads\/2025\/12\/kf-S308dcc67cceb4bc88fe87ef4ec6bf174A.webp?width=1080&amp;height=1260&amp;hash=2340\" \/><\/p>\n<p><img decoding=\"async\" src=\"https:\/\/infinityweeb.com\/wp-content\/uploads\/2025\/12\/kf-Sbb30032f788e4b20b3b88c7ac035df72g.webp?width=1000&amp;height=1000&amp;hash=2000\" \/><img decoding=\"async\" src=\"https:\/\/infinityweeb.com\/wp-content\/uploads\/2025\/12\/kf-S02f2cd4c52334c4aa089105a533fd52fk.webp?width=1000&amp;height=1000&amp;hash=2000\" \/><img decoding=\"async\" src=\"https:\/\/infinityweeb.com\/wp-content\/uploads\/2025\/12\/kf-S41507193c117481c8d80d8fdc14759ddf.webp?width=1000&amp;height=1000&amp;hash=2000\" \/><img decoding=\"async\" src=\"https:\/\/infinityweeb.com\/wp-content\/uploads\/2025\/12\/kf-Sbb30032f788e4b20b3b88c7ac035df72g.webp?width=1000&amp;height=1000&amp;hash=2000\" \/><\/p>\n<\/div>\n<\/div>\n<div class=\"detailmodule_html\">\n<div class=\"detail-desc-decorate-richtext\">\u00a0<\/div>\n<\/div>\n<p>\u00a0<\/p>\n<\/div>\n<\/div>","protected":false},"excerpt":{"rendered":"<p>Produit chimique \u00e0 haute pr\u00e9occupation:\u00a0Aucun Taux de transfert c\u00e2bl\u00e9:\u00a010\/100\/1000 Mbps Norme de transmission Wi-Fi:\u00a0802.11ac Taux de transmission Wi-Fi 2.4G:\u00a0300 Mbps<\/p>","protected":false},"featured_media":31000,"comment_status":"open","ping_status":"closed","template":"","meta":[],"product_brand":[],"product_cat":[335,336],"product_tag":[],"class_list":{"0":"post-30998","1":"product","2":"type-product","3":"status-publish","4":"has-post-thumbnail","6":"product_cat-modems-et-routeurs","7":"product_cat-repeteurs-et-points-dacces","9":"first","10":"instock","11":"sale","12":"purchasable","13":"product-type-simple"},"jetpack_sharing_enabled":true,"_links":{"self":[{"href":"https:\/\/infinityweeb.com\/en\/wp-json\/wp\/v2\/product\/30998","targetHints":{"allow":["GET"]}}],"collection":[{"href":"https:\/\/infinityweeb.com\/en\/wp-json\/wp\/v2\/product"}],"about":[{"href":"https:\/\/infinityweeb.com\/en\/wp-json\/wp\/v2\/types\/product"}],"replies":[{"embeddable":true,"href":"https:\/\/infinityweeb.com\/en\/wp-json\/wp\/v2\/comments?post=30998"}],"version-history":[{"count":19,"href":"https:\/\/infinityweeb.com\/en\/wp-json\/wp\/v2\/product\/30998\/revisions"}],"predecessor-version":[{"id":31356,"href":"https:\/\/infinityweeb.com\/en\/wp-json\/wp\/v2\/product\/30998\/revisions\/31356"}],"wp:featuredmedia":[{"embeddable":true,"href":"https:\/\/infinityweeb.com\/en\/wp-json\/wp\/v2\/media\/31000"}],"wp:attachment":[{"href":"https:\/\/infinityweeb.com\/en\/wp-json\/wp\/v2\/media?parent=30998"}],"wp:term":[{"taxonomy":"product_brand","embeddable":true,"href":"https:\/\/infinityweeb.com\/en\/wp-json\/wp\/v2\/product_brand?post=30998"},{"taxonomy":"product_cat","embeddable":true,"href":"https:\/\/infinityweeb.com\/en\/wp-json\/wp\/v2\/product_cat?post=30998"},{"taxonomy":"product_tag","embeddable":true,"href":"https:\/\/infinityweeb.com\/en\/wp-json\/wp\/v2\/product_tag?post=30998"}],"curies":[{"name":"wp","href":"https:\/\/api.w.org\/{rel}","templated":true}]}}