{"id":31119,"date":"2025-12-10T12:30:41","date_gmt":"2025-12-10T11:30:41","guid":{"rendered":"https:\/\/infinityweeb.com\/shop\/casque-bluetooth-hoco-eq5-ancenc-ecouteurs-de-sport-gaming-a-reduction-de-bruit-avec-affichage-numerique-et-micro\/"},"modified":"2025-12-18T12:37:57","modified_gmt":"2025-12-18T11:37:57","slug":"casque-bluetooth-hoco-eq5-ancenc-ecouteurs-sport-gaming-reduction-bruit","status":"publish","type":"product","link":"https:\/\/infinityweeb.com\/en\/shop\/casque-bluetooth-hoco-eq5-ancenc-ecouteurs-sport-gaming-reduction-bruit\/","title":{"rendered":"Casque Bluetooth HOCO EQ5 ANC+ENC\u00a0: \u00c9couteurs de sport\/gaming \u00e0 r\u00e9duction de bruit avec affichage num\u00e9rique et micro."},"content":{"rendered":"<div class=\"product-specs-list-container\">\n<ul class=\"product-specs-list util-clearfix\">\n<li class=\"product-prop line-limit-length\"><span class=\"property-title\">Condition D&rsquo;article:\u00a0<\/span><span class=\"property-desc line-limit-length\">New<\/span><\/li>\n<li class=\"product-prop line-limit-length\"><span class=\"property-title\">Produit chimique \u00e0 haute pr\u00e9occupation:\u00a0<\/span><span class=\"property-desc line-limit-length\">Aucun<\/span><\/li>\n<li class=\"product-prop line-limit-length\"><span class=\"property-title\">Mat\u00e9riau:\u00a0<\/span><span class=\"property-desc line-limit-length\">ABS<\/span><\/li>\n<li class=\"product-prop line-limit-length\"><span class=\"property-title\">Poids [g]:\u00a0<\/span><span class=\"property-desc line-limit-length\">154<\/span><\/li>\n<li class=\"product-prop line-limit-length\"><span class=\"property-title\">Capacit\u00e9 de la batterie [mAh]:\u00a0<\/span><span class=\"property-desc line-limit-length\">300<\/span><\/li>\n<li class=\"product-prop line-limit-length\"><span class=\"property-title\">Vie de la batterie jusqu&rsquo;\u00e0 [heures]:\u00a0<\/span><span class=\"property-desc line-limit-length\">7<\/span><\/li>\n<li class=\"product-prop line-limit-length\"><span class=\"property-title\">Assistant vocal int\u00e9gr\u00e9:\u00a0<\/span><span class=\"property-desc line-limit-length\">Oui<\/span><\/li>\n<li class=\"product-prop line-limit-length\"><span class=\"property-title\">Port\u00e9e maximale sans fil [m]:\u00a0<\/span><span class=\"property-desc line-limit-length\">10m-20m<\/span><\/li>\n<li class=\"product-prop line-limit-length\"><span class=\"property-title\">Isolation sonore:\u00a0<\/span><span class=\"property-desc line-limit-length\">Oui<\/span><\/li>\n<li class=\"product-prop line-limit-length\"><span class=\"property-title\">Cat\u00e9gorie:\u00a0<\/span><span class=\"property-desc line-limit-length\">\u00c9couteurs et \u00e9couteurs<\/span><\/li>\n<li class=\"product-prop line-limit-length\"><span class=\"property-title\">Type d\u2019oreillettes:\u00a0<\/span><span class=\"property-desc line-limit-length\">SCELL\u00c9<\/span><\/li>\n<li class=\"product-prop line-limit-length\"><span class=\"property-title\">Nombre de conducteurs:\u00a0<\/span><span class=\"property-desc line-limit-length\">2<\/span><\/li>\n<li class=\"product-prop line-limit-length\"><span class=\"property-title\">M\u00e9thode de charge:\u00a0<\/span><span class=\"property-desc line-limit-length\">CABLE<\/span><\/li>\n<li class=\"product-prop line-limit-length\"><span class=\"property-title\">Mat\u00e9riel des oreillettes:\u00a0<\/span><span class=\"property-desc line-limit-length\">Silicone<\/span><\/li>\n<li class=\"product-prop line-limit-length\"><span class=\"property-title\">Type d\u2019aimant:\u00a0<\/span><span class=\"property-desc line-limit-length\">autre<\/span><\/li>\n<li class=\"product-prop line-limit-length\"><span class=\"property-title\">Gamme d\u2019imp\u00e9dance:\u00a0<\/span><span class=\"property-desc line-limit-length\">jusqu\u2019\u00e0 32 \u03a9<\/span><\/li>\n<li class=\"product-prop line-limit-length\"><span class=\"property-title\">Version Bluetooth:\u00a0<\/span><span class=\"property-desc line-limit-length\">5.3<\/span><\/li>\n<li class=\"product-prop line-limit-length\"><span class=\"property-title\">Liste des paquets:\u00a0<\/span><span class=\"property-desc line-limit-length\">Manuel d&rsquo;utilisation,\u00c9tui de recharge,Charging Cable<\/span><\/li>\n<li class=\"product-prop line-limit-length\"><span class=\"property-title\">Caract\u00e9ristiques:\u00a0<\/span><span class=\"property-desc line-limit-length\">Imperm\u00e9able,avec microphone,Supporte Apple Siri<\/span><\/li>\n<li class=\"product-prop line-limit-length\"><span class=\"property-title\">Avec microphone:\u00a0<\/span><span class=\"property-desc line-limit-length\">Oui<\/span><\/li>\n<li class=\"product-prop line-limit-length\"><span class=\"property-title\">Est sans fil:\u00a0<\/span><span class=\"property-desc line-limit-length\">Oui<\/span><\/li>\n<li class=\"product-prop line-limit-length\"><span class=\"property-title\">Soutien APP:\u00a0<\/span><span class=\"property-desc line-limit-length\">Oui<\/span><\/li>\n<li class=\"product-prop line-limit-length\"><span class=\"property-title\">Imperm\u00e9able:\u00a0<\/span><span class=\"property-desc line-limit-length\">Oui<\/span><\/li>\n<li class=\"product-prop line-limit-length\"><span class=\"property-title\">Plage de r\u00e9ponse de fr\u00e9quence:\u00a0<\/span><span class=\"property-desc line-limit-length\">20 &#8211; 20000<\/span><\/li>\n<li class=\"product-prop line-limit-length\"><span class=\"property-title\">Type de prise:\u00a0<\/span><span class=\"property-desc line-limit-length\">Type de ligne<\/span><\/li>\n<li class=\"product-prop line-limit-length\"><span class=\"property-title\">Fonction:\u00a0<\/span><span class=\"property-desc line-limit-length\">Pour Internet Bar,Casque de moniteur,Pour le jeu vid\u00e9o,Pour voler,Casque commun,Pour la chasse et tir,pour t\u00e9l\u00e9phone mobile,Pour Powersports,Casque HiFi,Sport,Pour ext\u00e9rieur<\/span><\/li>\n<li class=\"product-prop line-limit-length\"><span class=\"property-title\">Annulation active du bruit:\u00a0<\/span><span class=\"property-desc line-limit-length\">Oui<\/span><\/li>\n<li class=\"product-prop line-limit-length\"><span class=\"property-title\">Contr\u00f4le de Volume:\u00a0<\/span><span class=\"property-desc line-limit-length\">Oui<\/span><\/li>\n<li class=\"product-prop line-limit-length\"><span class=\"property-title\">Bouton de contr\u00f4le:\u00a0<\/span><span class=\"property-desc line-limit-length\">Oui<\/span><\/li>\n<li class=\"product-prop line-limit-length\"><span class=\"property-title\">Principe du Vocalisme:\u00a0<\/span><span class=\"property-desc line-limit-length\">Dynamique<\/span><\/li>\n<li class=\"product-prop line-limit-length\"><span class=\"property-title\">Type sans fil:\u00a0<\/span><span class=\"property-desc line-limit-length\">Bluetooth<\/span><\/li>\n<li class=\"product-prop line-limit-length\"><span class=\"property-title\">Connecteurs:\u00a0<\/span><span class=\"property-desc line-limit-length\">Type c<\/span><\/li>\n<li class=\"product-prop line-limit-length\"><span class=\"property-title\">Communication:\u00a0<\/span><span class=\"property-desc line-limit-length\">v\u00e9ritable sans fil<\/span><\/li>\n<li class=\"product-prop line-limit-length\"><span class=\"property-title\">Style:\u00a0<\/span><span class=\"property-desc line-limit-length\">\u00c9couteurs intra-auriculaires TWS<\/span><\/li>\n<li class=\"product-prop line-limit-length\"><span class=\"property-title\">Certification:\u00a0<\/span><span class=\"property-desc line-limit-length\">ROHS<\/span><\/li>\n<li class=\"product-prop line-limit-length\"><span class=\"property-title\">Origine:\u00a0<\/span><span class=\"property-desc line-limit-length\">CN (Origine)<\/span><\/li>\n<li class=\"product-prop line-limit-length\"><span class=\"property-title\">Nom de marque:\u00a0<\/span><span class=\"property-desc line-limit-length\">HOCO<\/span><\/li>\n<\/ul>\n<\/div>\n<div class=\"detailmodule_html\">\n<div class=\"detail-desc-decorate-richtext\">\n<p><span style=\"font-size: 24px\"><strong id=\"tl_1\">Casque BT \u00e0 r\u00e9duction de bruit ANC+ENC sans fil v\u00e9ritable EQ5 Energy<\/strong><\/span><\/p>\n<p>\u00a0<\/p>\n<h6><span style=\"font-size: 24px\">1.Bluetooth 5.3 ; puce : JL AC7006A8<\/span><\/p>\n<p><span style=\"font-size: 24px\">2.Capacit\u00e9 de la batterie : \u00e9tui de chargement 300 mAh ; Casque 40mAh<\/span><\/p>\n<p><span style=\"font-size: 24px\">3.Temps d&rsquo;utilisation : 7 heures ; Autonomie en veille : 180 heures<\/span><\/p>\n<p><span style=\"font-size: 24px\">4.Mat\u00e9riau : ABS ; taille : 62 * 50 * 30 mm ; Poids total : 43g<\/span><\/p>\n<p><span style=\"font-size: 24px\">5. Casque Bluetooth sans fil v\u00e9ritable \u00e0 r\u00e9duction de bruit ANC+ENC avec affichage num\u00e9rique de la batterie ; Prend en charge une \u00e0 deux fonctionnalit\u00e9s, peut \u00eatre connect\u00e9 \u00e0 deux t\u00e9l\u00e9phones simultan\u00e9ment.<\/span><\/h6>\n<p>\u00a0<\/p>\n<p><img decoding=\"async\" src=\"https:\/\/infinityweeb.com\/wp-content\/uploads\/2025\/12\/kf-S0d52bfc8f3e94b448eb759dc7e740a6cG.webp\" \/><img decoding=\"async\" src=\"https:\/\/infinityweeb.com\/wp-content\/uploads\/2025\/12\/kf-S156c1dc1d3a94e39b2613510b866b0557.webp\" \/><img decoding=\"async\" src=\"https:\/\/infinityweeb.com\/wp-content\/uploads\/2025\/12\/kf-S0369e7b90a374b33b83a88c623cf02e56.webp\" \/><img decoding=\"async\" src=\"https:\/\/infinityweeb.com\/wp-content\/uploads\/2025\/12\/kf-Sf09ccd002df34c18a31c65fbdb0452197.webp\" \/><img decoding=\"async\" src=\"https:\/\/infinityweeb.com\/wp-content\/uploads\/2025\/12\/kf-S2a5c053d5fd64473846c4534ea67590fg.webp\" \/><img decoding=\"async\" src=\"https:\/\/infinityweeb.com\/wp-content\/uploads\/2025\/12\/kf-Sa7212292f9d64038a1d7309b4d9e3e05U.webp\" \/><img decoding=\"async\" src=\"https:\/\/infinityweeb.com\/wp-content\/uploads\/2025\/12\/kf-Sd44832225b5d44dabc8f847ffef02bcbB.webp\" \/><img decoding=\"async\" src=\"https:\/\/infinityweeb.com\/wp-content\/uploads\/2025\/12\/kf-Sfdbe701f7a0249b898c626b7eb13cf4eU.webp\" \/><img decoding=\"async\" src=\"https:\/\/infinityweeb.com\/wp-content\/uploads\/2025\/12\/kf-Sc34e68381ee74df0b98eeb934640ae80o.webp\" \/><img decoding=\"async\" src=\"https:\/\/infinityweeb.com\/wp-content\/uploads\/2025\/12\/kf-Sbf01158eacb6441e9d22b046811953270.webp\" \/><img decoding=\"async\" src=\"https:\/\/infinityweeb.com\/wp-content\/uploads\/2025\/12\/kf-S11f8181939b94916b03616988bd86841d.webp\" \/><img decoding=\"async\" src=\"https:\/\/infinityweeb.com\/wp-content\/uploads\/2025\/12\/kf-Sfcb03c88ad2e498ab0da946b1525d190U.webp\" \/><img decoding=\"async\" src=\"https:\/\/infinityweeb.com\/wp-content\/uploads\/2025\/12\/kf-Sf4365ae216d84957b150417a33ef2b4aW.webp\" \/><img decoding=\"async\" src=\"https:\/\/infinityweeb.com\/wp-content\/uploads\/2025\/12\/kf-S64f067ba5b4040b7b276fec9caee1e40L.webp\" \/><\/p>\n<\/div>\n<\/div>","protected":false},"excerpt":{"rendered":"<p>Condition D&rsquo;article:\u00a0New Produit chimique \u00e0 haute pr\u00e9occupation:\u00a0Aucun Mat\u00e9riau:\u00a0ABS Poids [g]:\u00a0154 Capacit\u00e9 de la batterie [mAh]:\u00a0300 Vie de la batterie jusqu&rsquo;\u00e0<\/p>","protected":false},"featured_media":31120,"comment_status":"open","ping_status":"closed","template":"","meta":[],"product_brand":[917],"product_cat":[329],"product_tag":[],"class_list":{"0":"post-31119","1":"product","2":"type-product","3":"status-publish","4":"has-post-thumbnail","6":"product_brand-hoco","7":"product_cat-casques-ecouteurs","9":"first","10":"outofstock","11":"shipping-taxable","12":"purchasable","13":"product-type-simple"},"jetpack_sharing_enabled":true,"_links":{"self":[{"href":"https:\/\/infinityweeb.com\/en\/wp-json\/wp\/v2\/product\/31119","targetHints":{"allow":["GET"]}}],"collection":[{"href":"https:\/\/infinityweeb.com\/en\/wp-json\/wp\/v2\/product"}],"about":[{"href":"https:\/\/infinityweeb.com\/en\/wp-json\/wp\/v2\/types\/product"}],"replies":[{"embeddable":true,"href":"https:\/\/infinityweeb.com\/en\/wp-json\/wp\/v2\/comments?post=31119"}],"version-history":[{"count":15,"href":"https:\/\/infinityweeb.com\/en\/wp-json\/wp\/v2\/product\/31119\/revisions"}],"predecessor-version":[{"id":31361,"href":"https:\/\/infinityweeb.com\/en\/wp-json\/wp\/v2\/product\/31119\/revisions\/31361"}],"wp:featuredmedia":[{"embeddable":true,"href":"https:\/\/infinityweeb.com\/en\/wp-json\/wp\/v2\/media\/31120"}],"wp:attachment":[{"href":"https:\/\/infinityweeb.com\/en\/wp-json\/wp\/v2\/media?parent=31119"}],"wp:term":[{"taxonomy":"product_brand","embeddable":true,"href":"https:\/\/infinityweeb.com\/en\/wp-json\/wp\/v2\/product_brand?post=31119"},{"taxonomy":"product_cat","embeddable":true,"href":"https:\/\/infinityweeb.com\/en\/wp-json\/wp\/v2\/product_cat?post=31119"},{"taxonomy":"product_tag","embeddable":true,"href":"https:\/\/infinityweeb.com\/en\/wp-json\/wp\/v2\/product_tag?post=31119"}],"curies":[{"name":"wp","href":"https:\/\/api.w.org\/{rel}","templated":true}]}}