{"id":31425,"date":"2025-12-16T07:46:55","date_gmt":"2025-12-16T06:46:55","guid":{"rendered":"https:\/\/infinityweeb.com\/?post_type=product&#038;p=31425"},"modified":"2026-01-27T13:34:45","modified_gmt":"2026-01-27T12:34:45","slug":"kaspersky-anti-virus-standard-licence-dun-an-pour-un-appareil","status":"publish","type":"product","link":"https:\/\/infinityweeb.com\/en\/shop\/kaspersky-anti-virus-standard-licence-dun-an-pour-un-appareil\/","title":{"rendered":"Kaspersky Anti-Virus Standard &#8211; Licence d&rsquo;un an pour un appareil"},"content":{"rendered":"<div class=\"logo\"><a href=\"https:\/\/www.licbplus.com\/\" rel=\"nofollow noopener\" target=\"_blank\"><img decoding=\"async\" class=\"aligncenter\" src=\"https:\/\/media.ldlc.com\/v3\/marque\/190\/C000005391.gif\" alt=\"Kaspersky\" \/><\/a><\/div>\n<div id=\"description\" class=\"description\">\n<div class=\"details-pdt-desc\">\n<h2 class=\"h2-master\"><span dir=\"auto\">Vivez pleinement votre vie num\u00e9rique<\/span><\/h2>\n<section>\n<p><span dir=\"auto\">Que vous souhaitiez prot\u00e9ger vos donn\u00e9es essentielles ou b\u00e9n\u00e9ficier d&rsquo;une protection optimale pour toute la famille,\u00a0\u00a0<\/span><span dir=\"auto\">Kaspersky<\/span><span dir=\"auto\">\u00a0\u00a0a la solution qu&rsquo;il vous faut.\u00a0\u00a0<\/span><span dir=\"auto\">Kaspersky Standard<\/span><span dir=\"auto\">\u00a0\u00a0combine les derni\u00e8res technologies de cybers\u00e9curit\u00e9 pour offrir une protection plus compl\u00e8te et une exp\u00e9rience utilisateur toujours plus performante. Solution indispensable,\u00a0\u00a0<\/span><span dir=\"auto\">Kaspersky Standard<\/span><span dir=\"auto\">\u00a0\u00a0a \u00e9t\u00e9 mis \u00e0 jour pour fonctionner sur tous types d&rsquo;appareils et inclut un pare-feu et un module anti-banni\u00e8res publicitaires.<\/span><\/p>\n<\/section>\n<section>\n<div class=\"desc-image\"><img decoding=\"async\" src=\"https:\/\/media.ldlc.com\/bo\/images\/fiches\/logiciels\/Kaspersky\/2023\/KasperskyStd_800_1.jpg\" alt=\"\" \/><\/div>\n<div class=\"desc-text\">\n<h2><span dir=\"auto\">SOLUTION POUR SE D\u00c9FENDRE CONTRE TOUTES LES CYBERMENACES<\/span><\/h2>\n<p><span dir=\"auto\">Le syst\u00e8me de protection \u00e0 trois niveaux de Kaspersky<\/span><span dir=\"auto\">\u00a0\u00a0fonctionne 24h\/24 et 7j\/7 pour assurer la s\u00e9curit\u00e9 de vos appareils et de vos donn\u00e9es. Il bloque les menaces courantes et complexes telles que les virus, les logiciels malveillants, les ransomwares, les logiciels espions et les techniques de piratage les plus r\u00e9centes.<\/span><\/p>\n<p><span dir=\"auto\">L&rsquo;antivirus en temps r\u00e9el\u00a0<\/span><span dir=\"auto\">\u00a0vous prot\u00e8ge des menaces courantes comme les vers et les chevaux de Troie. Il vous prot\u00e8ge \u00e9galement des menaces sophistiqu\u00e9es telles que les botnets et les serveurs non autoris\u00e9s.<\/span><\/p>\n<p><span dir=\"auto\">La protection avanc\u00e9e contre les logiciels malveillants\u00a0<\/span><span dir=\"auto\">\u00a0bloque les menaces telles que les enregistreurs de frappe, les logiciels publicitaires, le phishing cibl\u00e9, les rootkits et les attaques de type \u00ab\u00a0homme du milieu\u00a0\u00bb.<\/span><\/p>\n<p><span dir=\"auto\">La protection contre les ransomwares et les contr\u00f4les de s\u00e9curit\u00e9 r\u00e9seau<\/span><span dir=\"auto\">\u00a0\u00a0emp\u00eachent les pirates informatiques d&rsquo;infiltrer votre r\u00e9seau domestique et de voler vos donn\u00e9es.<\/span><\/p>\n<\/div>\n<\/section>\n<section>\n<h2><span dir=\"auto\">CARACT\u00c9RISTIQUES PRINCIPALES :<\/span><\/h2>\n<ul>\n<li><span dir=\"auto\">Antivirus en temps r\u00e9el<\/span><\/li>\n<li><span dir=\"auto\">Navigation Internet s\u00e9curis\u00e9e<\/span><\/li>\n<li><span dir=\"auto\">Suppression des virus existants<\/span><\/li>\n<li><span dir=\"auto\">Anti-hame\u00e7onnage<\/span><\/li>\n<li><span dir=\"auto\">D\u00e9tection de logiciels malveillants<\/span><\/li>\n<li><span dir=\"auto\">Optimisation des performances<\/span><\/li>\n<li><span dir=\"auto\">Pare-feu bidirectionnel<\/span><\/li>\n<li><span dir=\"auto\">Protection des paiements<\/span><\/li>\n<li><span dir=\"auto\">Suppression des banni\u00e8res et des logiciels publicitaires<\/span><\/li>\n<li><span dir=\"auto\">Gestion des applications<\/span><\/li>\n<li><span dir=\"auto\">Nettoyage de l&rsquo;espace de l&rsquo;appareil<\/span><\/li>\n<li><span dir=\"auto\">Compatible avec : Windows \/ macOS \/ Android \/ iOS<\/span><\/li>\n<\/ul>\n<\/section>\n<\/div>\n<\/div>","protected":false},"excerpt":{"rendered":"<p>Vivez pleinement votre vie num\u00e9rique Que vous souhaitiez prot\u00e9ger vos donn\u00e9es essentielles ou b\u00e9n\u00e9ficier d&rsquo;une protection optimale pour toute la<\/p>","protected":false},"featured_media":31429,"comment_status":"open","ping_status":"closed","template":"","meta":[],"product_brand":[],"product_cat":[1058,179],"product_tag":[],"class_list":{"0":"post-31425","1":"product","2":"type-product","3":"status-publish","4":"has-post-thumbnail","6":"product_cat-antivirus-securite","7":"product_cat-uncategorized","9":"first","10":"instock","11":"shipping-taxable","12":"purchasable","13":"product-type-simple"},"jetpack_sharing_enabled":true,"_links":{"self":[{"href":"https:\/\/infinityweeb.com\/en\/wp-json\/wp\/v2\/product\/31425","targetHints":{"allow":["GET"]}}],"collection":[{"href":"https:\/\/infinityweeb.com\/en\/wp-json\/wp\/v2\/product"}],"about":[{"href":"https:\/\/infinityweeb.com\/en\/wp-json\/wp\/v2\/types\/product"}],"replies":[{"embeddable":true,"href":"https:\/\/infinityweeb.com\/en\/wp-json\/wp\/v2\/comments?post=31425"}],"version-history":[{"count":3,"href":"https:\/\/infinityweeb.com\/en\/wp-json\/wp\/v2\/product\/31425\/revisions"}],"predecessor-version":[{"id":31428,"href":"https:\/\/infinityweeb.com\/en\/wp-json\/wp\/v2\/product\/31425\/revisions\/31428"}],"wp:featuredmedia":[{"embeddable":true,"href":"https:\/\/infinityweeb.com\/en\/wp-json\/wp\/v2\/media\/31429"}],"wp:attachment":[{"href":"https:\/\/infinityweeb.com\/en\/wp-json\/wp\/v2\/media?parent=31425"}],"wp:term":[{"taxonomy":"product_brand","embeddable":true,"href":"https:\/\/infinityweeb.com\/en\/wp-json\/wp\/v2\/product_brand?post=31425"},{"taxonomy":"product_cat","embeddable":true,"href":"https:\/\/infinityweeb.com\/en\/wp-json\/wp\/v2\/product_cat?post=31425"},{"taxonomy":"product_tag","embeddable":true,"href":"https:\/\/infinityweeb.com\/en\/wp-json\/wp\/v2\/product_tag?post=31425"}],"curies":[{"name":"wp","href":"https:\/\/api.w.org\/{rel}","templated":true}]}}