{"id":31430,"date":"2025-12-16T07:58:36","date_gmt":"2025-12-16T06:58:36","guid":{"rendered":"https:\/\/infinityweeb.com\/?post_type=product&#038;p=31430"},"modified":"2026-01-27T13:35:09","modified_gmt":"2026-01-27T12:35:09","slug":"norton-security-deluxe-anti-virus-licence-1-an-5-appareils","status":"publish","type":"product","link":"https:\/\/infinityweeb.com\/en\/shop\/norton-security-deluxe-anti-virus-licence-1-an-5-appareils\/","title":{"rendered":"Norton Security Deluxe + Anti-Virus &#8211; Licence 1 an, 5 appareils"},"content":{"rendered":"<div><span dir=\"auto\">Norton Security Deluxe prot\u00e8ge jusqu&rsquo;\u00e0 5 PC, Mac, appareils iOS et Android\u00a0; un code d&rsquo;activation physique vous sera envoy\u00e9 par courrier (s\u00e9lectionnez l&rsquo;option \u00ab\u00a0T\u00e9l\u00e9chargement PC\/Mac\u00a0\u00bb pour t\u00e9l\u00e9charger instantan\u00e9ment le code d&rsquo;activation).<\/span><\/div>\n<div><span dir=\"auto\">Un antivirus est inclus et votre protection est constamment mise \u00e0 jour pour vous d\u00e9fendre contre les logiciels espions, les logiciels malveillants et les sites web non s\u00e9curis\u00e9s, tout en prot\u00e9geant votre identit\u00e9 et vos transactions en ligne.<\/span><\/div>\n<div><span dir=\"auto\">Norton surpasse syst\u00e9matiquement la concurrence lors de tests comparatifs ind\u00e9pendants\u00a0; laur\u00e9at du prestigieux prix de la meilleure protection d&rsquo;AV test et 39 fois laur\u00e9at du prix Choix de la r\u00e9daction de PC Magazine<\/span><\/div>\n<div><span dir=\"auto\">Veuillez noter que si vous poss\u00e9dez d\u00e9j\u00e0 un abonnement Norton, les jours de votre ancien abonnement ne seront pas ajout\u00e9s \u00e0 ce nouvel abonnement. Il est donc pr\u00e9f\u00e9rable d&rsquo;activer votre nouvel abonnement lorsque l&rsquo;ancien arrive \u00e0 expiration.<\/span><\/div>\n<div><span dir=\"auto\">Installation en quelques minutes, convivialit\u00e9 optimale, acc\u00e8s illimit\u00e9 24h\/24 et 7j\/7 \u00e0 un technicien Norton et garantie de remboursement int\u00e9gral si vous n&rsquo;\u00eates pas enti\u00e8rement satisfait.<\/span><\/div>","protected":false},"excerpt":{"rendered":"<p>Norton Security Deluxe prot\u00e8ge jusqu&rsquo;\u00e0 5 PC, Mac, appareils iOS et Android\u00a0; un code d&rsquo;activation physique vous sera envoy\u00e9 par<\/p>","protected":false},"featured_media":31435,"comment_status":"open","ping_status":"closed","template":"","meta":[],"product_brand":[],"product_cat":[1058,179],"product_tag":[],"class_list":{"0":"post-31430","1":"product","2":"type-product","3":"status-publish","4":"has-post-thumbnail","6":"product_cat-antivirus-securite","7":"product_cat-uncategorized","9":"first","10":"instock","11":"shipping-taxable","12":"purchasable","13":"product-type-simple"},"jetpack_sharing_enabled":true,"_links":{"self":[{"href":"https:\/\/infinityweeb.com\/en\/wp-json\/wp\/v2\/product\/31430","targetHints":{"allow":["GET"]}}],"collection":[{"href":"https:\/\/infinityweeb.com\/en\/wp-json\/wp\/v2\/product"}],"about":[{"href":"https:\/\/infinityweeb.com\/en\/wp-json\/wp\/v2\/types\/product"}],"replies":[{"embeddable":true,"href":"https:\/\/infinityweeb.com\/en\/wp-json\/wp\/v2\/comments?post=31430"}],"version-history":[{"count":4,"href":"https:\/\/infinityweeb.com\/en\/wp-json\/wp\/v2\/product\/31430\/revisions"}],"predecessor-version":[{"id":31434,"href":"https:\/\/infinityweeb.com\/en\/wp-json\/wp\/v2\/product\/31430\/revisions\/31434"}],"wp:featuredmedia":[{"embeddable":true,"href":"https:\/\/infinityweeb.com\/en\/wp-json\/wp\/v2\/media\/31435"}],"wp:attachment":[{"href":"https:\/\/infinityweeb.com\/en\/wp-json\/wp\/v2\/media?parent=31430"}],"wp:term":[{"taxonomy":"product_brand","embeddable":true,"href":"https:\/\/infinityweeb.com\/en\/wp-json\/wp\/v2\/product_brand?post=31430"},{"taxonomy":"product_cat","embeddable":true,"href":"https:\/\/infinityweeb.com\/en\/wp-json\/wp\/v2\/product_cat?post=31430"},{"taxonomy":"product_tag","embeddable":true,"href":"https:\/\/infinityweeb.com\/en\/wp-json\/wp\/v2\/product_tag?post=31430"}],"curies":[{"name":"wp","href":"https:\/\/api.w.org\/{rel}","templated":true}]}}