{"id":31436,"date":"2025-12-16T08:05:17","date_gmt":"2025-12-16T07:05:17","guid":{"rendered":"https:\/\/infinityweeb.com\/?post_type=product&#038;p=31436"},"modified":"2026-01-27T13:35:03","modified_gmt":"2026-01-27T12:35:03","slug":"norton-security-deluxe-3-appareils","status":"publish","type":"product","link":"https:\/\/infinityweeb.com\/en\/shop\/norton-security-deluxe-3-appareils\/","title":{"rendered":"Norton Security Deluxe + Anti-Virus Pour 2 Appareils"},"content":{"rendered":"<p>NORTON SECURITY DELUXE &#8211; 3 APPAREILS<\/p>\n<p>Plusieurs niveaux de protection pour votre appareil et votre confidentialit\u00e9 en ligne, le tout dans une seule et m\u00eame solution: * Protection contre les menaces en temps r\u00e9el :La s\u00e9curit\u00e9 avanc\u00e9e avec antivirus aide \u00e0 prot\u00e9ger vos appareils contre les menaces en ligne existantes et \u00e9mergentes, ainsi que vos donn\u00e9es confidentielles et financi\u00e8res lorsque vous naviguez en ligne. * Secure VPN: Naviguez anonymement et en toute s\u00e9curit\u00e9 sur un r\u00e9seau virtuel priv\u00e9 (VPN) sans conserver d&rsquo;information personnelle. Ajoutez un chiffrement avanc\u00e9 pour garantir la s\u00e9curit\u00e9 et la confidentialit\u00e9 de vos informations, telles que les mots de passe et les coordonn\u00e9es bancaires. * Pare-feu intelligent pour PC ou Pare-feu pour Mac: Surveille les communications entre votre ordinateur et d&rsquo;autres ordinateurs et aide \u00e0 bloquer le trafic non autoris\u00e9. * Password Manager: Outils pour g\u00e9n\u00e9rer, stocker et g\u00e9rer facilement vos mots de passe, donn\u00e9es de carte de cr\u00e9dit et autres informations d&rsquo;authentification en ligne, en toute s\u00e9curit\u00e9. * Sauvegarde cloud pour PC: Stockez les documents et fichiers importants en pr\u00e9vention des pertes de donn\u00e9es dues \u00e0 des pannes de disque dur, des vols d&rsquo;appareil et m\u00eame des ransomwares. * SafeCam pour PC: Vous avertit de toute tentative d&rsquo;acc\u00e8s \u00e0 votre webcam et vous aide \u00e0 bloquer les acc\u00e8s non autoris\u00e9s.<\/p>\n<p>Lien d&rsquo;installation:<a href=\"https:\/\/www.clubic.com\/telechargement-en-cours\/444305-0-norton-antivirus.html\" target=\"_blank\" rel=\"noopener\">\u00a0<\/a><a href=\"https:\/\/www.clubic.com\/telechargement-en-cours\/444305-0-norton-antivirus.html\" target=\"_blank\" rel=\"noopener\">https:\/\/www.clubic.com\/telechargement-en-cours\/444305-0-norton-antivirus.html<\/a><\/p>\n<p><label>FICHE TECHNIQUE<\/label><\/p>\n<p>NORTON SECURITY DELUXE &#8211; 3 APPAREILS<\/p>\n<table>\n<tbody>\n<tr>\n<td>Nombre d&rsquo;appareils<\/td>\n<td>3 PC, Mac, smartphones ou tablettes<\/td>\n<\/tr>\n<tr>\n<td>Compatibilit\u00e9 avec les syst\u00e8mes d&rsquo;exploitation<\/td>\n<td>Windows XP, Vista, 7, 8 et 10, Mac OS X, ainsi que les appareils mobiles Android 4.0.3 ou sup\u00e9rieur, et iOS 8 et sup\u00e9rieur<\/td>\n<\/tr>\n<tr>\n<td>Type de protection<\/td>\n<td>Deluxe<\/td>\n<\/tr>\n<tr>\n<td>Dur\u00e9e de l&rsquo;abonnement<\/td>\n<td>1 an<\/td>\n<\/tr>\n<tr>\n<td>Fonctions<\/td>\n<td>Protection contre les spywares, virus, malwares et ransomwares &#8211; Pare-feu pour PC et Mac &#8211; Password Manager &#8211; Promesse 100 % contre les virus<\/td>\n<\/tr>\n<\/tbody>\n<\/table>","protected":false},"excerpt":{"rendered":"<p>NORTON SECURITY DELUXE &#8211; 3 APPAREILS Plusieurs niveaux de protection pour votre appareil et votre confidentialit\u00e9 en ligne, le tout<\/p>","protected":false},"featured_media":31439,"comment_status":"open","ping_status":"closed","template":"","meta":[],"product_brand":[],"product_cat":[1058,179],"product_tag":[],"class_list":{"0":"post-31436","1":"product","2":"type-product","3":"status-publish","4":"has-post-thumbnail","6":"product_cat-antivirus-securite","7":"product_cat-uncategorized","9":"first","10":"instock","11":"shipping-taxable","12":"purchasable","13":"product-type-simple"},"jetpack_sharing_enabled":true,"_links":{"self":[{"href":"https:\/\/infinityweeb.com\/en\/wp-json\/wp\/v2\/product\/31436","targetHints":{"allow":["GET"]}}],"collection":[{"href":"https:\/\/infinityweeb.com\/en\/wp-json\/wp\/v2\/product"}],"about":[{"href":"https:\/\/infinityweeb.com\/en\/wp-json\/wp\/v2\/types\/product"}],"replies":[{"embeddable":true,"href":"https:\/\/infinityweeb.com\/en\/wp-json\/wp\/v2\/comments?post=31436"}],"version-history":[{"count":4,"href":"https:\/\/infinityweeb.com\/en\/wp-json\/wp\/v2\/product\/31436\/revisions"}],"predecessor-version":[{"id":31441,"href":"https:\/\/infinityweeb.com\/en\/wp-json\/wp\/v2\/product\/31436\/revisions\/31441"}],"wp:featuredmedia":[{"embeddable":true,"href":"https:\/\/infinityweeb.com\/en\/wp-json\/wp\/v2\/media\/31439"}],"wp:attachment":[{"href":"https:\/\/infinityweeb.com\/en\/wp-json\/wp\/v2\/media?parent=31436"}],"wp:term":[{"taxonomy":"product_brand","embeddable":true,"href":"https:\/\/infinityweeb.com\/en\/wp-json\/wp\/v2\/product_brand?post=31436"},{"taxonomy":"product_cat","embeddable":true,"href":"https:\/\/infinityweeb.com\/en\/wp-json\/wp\/v2\/product_cat?post=31436"},{"taxonomy":"product_tag","embeddable":true,"href":"https:\/\/infinityweeb.com\/en\/wp-json\/wp\/v2\/product_tag?post=31436"}],"curies":[{"name":"wp","href":"https:\/\/api.w.org\/{rel}","templated":true}]}}