{"id":31448,"date":"2025-12-16T08:39:17","date_gmt":"2025-12-16T07:39:17","guid":{"rendered":"https:\/\/infinityweeb.com\/?post_type=product&#038;p=31448"},"modified":"2026-01-22T11:57:52","modified_gmt":"2026-01-22T10:57:52","slug":"hoco-j116-pro-pocket-ultra-compact-mini-power-bank-with-integrated-cables","status":"publish","type":"product","link":"https:\/\/infinityweeb.com\/en\/shop\/hoco-j116-pro-pocket-ultra-compact-mini-power-bank-with-integrated-cables\/","title":{"rendered":"Hoco J116 Pro Mini Power Bank 5000mAh S\u00e9rie Pocket Ultra-Compact avec c\u00e2bles int\u00e9gr\u00e9s"},"content":{"rendered":"<h3 class=\"\" data-start=\"160\" data-end=\"243\">Batterie Externe 5000 mAh \u00ab J116 Pro Pocket \u00bb \u2013 Compacte, pratique et rapide<\/h3>\n<p><img decoding=\"async\" class=\"aligncenter\" src=\"https:\/\/down-sg.img.susercontent.com\/file\/sg-11134207-7rcdi-ltcjx4kr3szo3d\" \/><\/p>\n<p class=\"\" data-start=\"245\" data-end=\"613\">La<strong>\u00a0Mini power Bank J116 Pro HOCO<\/strong>\u00a0<strong data-start=\"248\" data-end=\"293\">5000 mAh<\/strong>\u00a0est une\u00a0<strong data-start=\"302\" data-end=\"356\">banque d\u2019alimentation mobile compacte et puissante<\/strong>, pens\u00e9e pour les utilisateurs \u00e0 la recherche d\u2019une solution de charge rapide, l\u00e9g\u00e8re et toujours pr\u00eate \u00e0 l\u2019emploi. Gr\u00e2ce \u00e0 son\u00a0<strong data-start=\"484\" data-end=\"518\">format de poche ultra-portable<\/strong>, elle vous accompagne partout, tout en offrant une recharge fiable pour vos appareils mobiles.<\/p>\n<p data-start=\"245\" data-end=\"613\"><img decoding=\"async\" class=\"aligncenter\" src=\"https:\/\/down-sg.img.susercontent.com\/file\/sg-11134207-7rccb-ltcjx4krattw12\" \/><\/p>\n<p class=\"\" data-start=\"615\" data-end=\"961\">Con\u00e7ue avec un\u00a0<strong data-start=\"630\" data-end=\"645\">port Type-C<\/strong>\u00a0et des\u00a0<strong data-start=\"653\" data-end=\"672\">c\u00e2bles int\u00e9gr\u00e9s<\/strong>\u00a0(Type-C et Lightning), elle permet une\u00a0<strong data-start=\"712\" data-end=\"763\">charge rapide et sans adaptateur suppl\u00e9mentaire<\/strong>, compatible aussi bien avec les smartphones Android qu\u2019avec les iPhone. Son\u00a0<strong data-start=\"840\" data-end=\"867\">affichage num\u00e9rique LED<\/strong>\u00a0indique avec pr\u00e9cision le niveau de batterie restant, pour une gestion optimale de l\u2019\u00e9nergie.<\/p>\n<hr class=\"\" data-start=\"963\" data-end=\"966\" \/>\n<h4 style=\"text-align: center\" data-start=\"968\" data-end=\"1004\"><img decoding=\"async\" src=\"https:\/\/down-sg.img.susercontent.com\/file\/sg-11134207-7rcc2-ltcjx4kr80p032\" \/>\u00a0<\/h4>\n<h4 data-start=\"968\" data-end=\"1004\">Caract\u00e9ristiques principales :<\/h4>\n<ul data-start=\"1006\" data-end=\"1591\">\n<li class=\"\" data-start=\"1006\" data-end=\"1096\">\n<p class=\"\" data-start=\"1008\" data-end=\"1096\"><strong data-start=\"1008\" data-end=\"1027\">Capacit\u00e9 r\u00e9elle<\/strong>\u00a0: 5000 mAh (18,5 Wh) \u2013 Capacit\u00e9 nominale : 2800 mAh (5V typique, 2A)<\/p>\n<\/li>\n<li class=\"\" data-start=\"1097\" data-end=\"1207\">\n<p class=\"\" data-start=\"1099\" data-end=\"1126\"><strong data-start=\"1099\" data-end=\"1122\">Entr\u00e9es de recharge<\/strong>\u00a0:<\/p>\n<ul data-start=\"1129\" data-end=\"1207\">\n<li class=\"\" data-start=\"1129\" data-end=\"1162\">\n<p class=\"\" data-start=\"1131\" data-end=\"1162\">1 port\u00a0<strong data-start=\"1138\" data-end=\"1148\">Type-C<\/strong>\u00a0: 5 V \/ 2 A<\/p>\n<\/li>\n<li class=\"\" data-start=\"1165\" data-end=\"1207\">\n<p class=\"\" data-start=\"1167\" data-end=\"1207\">1 c\u00e2ble\u00a0<strong data-start=\"1175\" data-end=\"1193\">Type-C int\u00e9gr\u00e9<\/strong>\u00a0: 5 V \/ 2 A<\/p>\n<\/li>\n<\/ul>\n<\/li>\n<li class=\"\" data-start=\"1208\" data-end=\"1378\">\n<p class=\"\" data-start=\"1210\" data-end=\"1235\"><strong data-start=\"1210\" data-end=\"1231\">Sorties de charge<\/strong>\u00a0:<\/p>\n<ul data-start=\"1238\" data-end=\"1378\">\n<li class=\"\" data-start=\"1238\" data-end=\"1288\">\n<p class=\"\" data-start=\"1240\" data-end=\"1288\">1 connecteur\u00a0<strong data-start=\"1253\" data-end=\"1266\">Lightning<\/strong>\u00a0int\u00e9gr\u00e9 : 5 V \/ 2 A<\/p>\n<\/li>\n<li class=\"\" data-start=\"1291\" data-end=\"1333\">\n<p class=\"\" data-start=\"1293\" data-end=\"1333\">1 c\u00e2ble\u00a0<strong data-start=\"1301\" data-end=\"1319\">Type-C int\u00e9gr\u00e9<\/strong>\u00a0: 5 V \/ 2 A<\/p>\n<\/li>\n<li class=\"\" data-start=\"1336\" data-end=\"1378\">\n<p class=\"\" data-start=\"1338\" data-end=\"1378\"><strong data-start=\"1338\" data-end=\"1364\">Sortie totale maximale<\/strong>\u00a0: 5 V \/ 2 A<\/p>\n<\/li>\n<\/ul>\n<\/li>\n<li class=\"\" data-start=\"1379\" data-end=\"1462\">\n<p class=\"\" data-start=\"1381\" data-end=\"1462\"><strong data-start=\"1381\" data-end=\"1394\">Mat\u00e9riaux<\/strong>\u00a0: Plastique ABS + PC ignifuge avec batterie au lithium type 21700<\/p>\n<\/li>\n<li class=\"\" data-start=\"1463\" data-end=\"1527\">\n<p class=\"\" data-start=\"1465\" data-end=\"1527\"><strong data-start=\"1465\" data-end=\"1474\">\u00c9cran<\/strong>\u00a0: Affichage num\u00e9rique LED du pourcentage de charge<\/p>\n<\/li>\n<li class=\"\" data-start=\"1528\" data-end=\"1591\">\n<p class=\"\" data-start=\"1530\" data-end=\"1591\"><strong data-start=\"1530\" data-end=\"1544\">Dimensions<\/strong>\u00a0: 80 \u00d7 52 \u00d7 27 mm \u2013\u00a0<strong data-start=\"1565\" data-end=\"1574\">Poids<\/strong>\u00a0: seulement 97 g<\/p>\n<\/li>\n<\/ul>\n<hr class=\"\" data-start=\"1593\" data-end=\"1596\" \/>\n<h4 data-start=\"1598\" data-end=\"1650\">\u00a0Une power bank universelle et pr\u00eate \u00e0 l\u2019emploi<\/h4>\n<p class=\"\" data-start=\"1652\" data-end=\"1938\">La\u00a0<strong data-start=\"1655\" data-end=\"1674\">J116 Pro Pocket<\/strong>\u00a0se distingue par son\u00a0<strong data-start=\"1696\" data-end=\"1718\">design intelligent<\/strong>, int\u00e9grant directement les c\u00e2bles de charge les plus utilis\u00e9s :\u00a0<strong data-start=\"1783\" data-end=\"1793\">Type-C<\/strong>\u00a0et\u00a0<strong data-start=\"1797\" data-end=\"1810\">Lightning<\/strong>. Plus besoin de transporter plusieurs c\u00e2bles : cette batterie externe s\u2019adapte \u00e0 vos appareils, qu\u2019ils soient Apple ou Android.<\/p>\n<hr class=\"\" data-start=\"1940\" data-end=\"1943\" \/>\n<h4 data-start=\"1945\" data-end=\"2006\">\u00a0Pourquoi choisir la batterie externe J116 Pro Pocket ?<\/h4>\n<ul data-start=\"2008\" data-end=\"2339\">\n<li class=\"\" data-start=\"2008\" data-end=\"2085\">\n<p class=\"\" data-start=\"2010\" data-end=\"2085\"><strong data-start=\"2012\" data-end=\"2037\">Format ultra-portable<\/strong>\u00a0: se glisse facilement dans une poche ou un sac<\/p>\n<\/li>\n<li class=\"\" data-start=\"2086\" data-end=\"2161\">\n<p class=\"\" data-start=\"2088\" data-end=\"2161\"><strong data-start=\"2090\" data-end=\"2119\">Compatibilit\u00e9 universelle<\/strong>\u00a0: smartphones, tablettes, \u00e9couteurs, etc.<\/p>\n<\/li>\n<li class=\"\" data-start=\"2162\" data-end=\"2208\">\n<p class=\"\" data-start=\"2164\" data-end=\"2208\"><strong data-start=\"2166\" data-end=\"2189\">Charge rapide 5V\/2A<\/strong>\u00a0sur tous les ports<\/p>\n<\/li>\n<li class=\"\" data-start=\"2209\" data-end=\"2283\">\n<p class=\"\" data-start=\"2211\" data-end=\"2283\"><strong data-start=\"2213\" data-end=\"2232\">\u00c9cran LED clair<\/strong>\u00a0pour une lecture instantan\u00e9e du niveau de batterie<\/p>\n<\/li>\n<li class=\"\" data-start=\"2284\" data-end=\"2339\">\n<p class=\"\" data-start=\"2286\" data-end=\"2339\"><strong data-start=\"2288\" data-end=\"2310\">S\u00e9curit\u00e9 renforc\u00e9e<\/strong>\u00a0avec des mat\u00e9riaux ignifuges<\/p>\n<\/li>\n<\/ul>\n<hr class=\"\" data-start=\"2341\" data-end=\"2344\" \/>\n<h4 data-start=\"2346\" data-end=\"2374\">\u00a0Contenu de la bo\u00eete :<\/h4>\n<ul data-start=\"2376\" data-end=\"2454\">\n<li class=\"\" data-start=\"2376\" data-end=\"2427\">\n<p class=\"\" data-start=\"2378\" data-end=\"2427\">1 \u00d7 Batterie externe\u00a0<strong data-start=\"2399\" data-end=\"2418\">J116 Pro Pocket<\/strong>\u00a05000 mAh<\/p>\n<\/li>\n<li class=\"\" data-start=\"2428\" data-end=\"2454\">\n<p class=\"\" data-start=\"2430\" data-end=\"2454\">1 \u00d7 Manuel d\u2019utilisation<\/p>\n<\/li>\n<\/ul>","protected":false},"excerpt":{"rendered":"<p>Batterie Externe 5000 mAh \u00ab J116 Pro Pocket \u00bb \u2013 Compacte, pratique et rapide La\u00a0Mini power Bank J116 Pro HOCO\u00a05000<\/p>","protected":false},"featured_media":31458,"comment_status":"open","ping_status":"closed","template":"","meta":[],"product_brand":[917],"product_cat":[309],"product_tag":[],"class_list":{"0":"post-31448","1":"product","2":"type-product","3":"status-publish","4":"has-post-thumbnail","6":"product_brand-hoco","7":"product_cat-batteries-externes-power-bank","9":"first","10":"instock","11":"sale","12":"shipping-taxable","13":"purchasable","14":"product-type-simple"},"jetpack_sharing_enabled":true,"_links":{"self":[{"href":"https:\/\/infinityweeb.com\/en\/wp-json\/wp\/v2\/product\/31448","targetHints":{"allow":["GET"]}}],"collection":[{"href":"https:\/\/infinityweeb.com\/en\/wp-json\/wp\/v2\/product"}],"about":[{"href":"https:\/\/infinityweeb.com\/en\/wp-json\/wp\/v2\/types\/product"}],"replies":[{"embeddable":true,"href":"https:\/\/infinityweeb.com\/en\/wp-json\/wp\/v2\/comments?post=31448"}],"version-history":[{"count":4,"href":"https:\/\/infinityweeb.com\/en\/wp-json\/wp\/v2\/product\/31448\/revisions"}],"predecessor-version":[{"id":31460,"href":"https:\/\/infinityweeb.com\/en\/wp-json\/wp\/v2\/product\/31448\/revisions\/31460"}],"wp:featuredmedia":[{"embeddable":true,"href":"https:\/\/infinityweeb.com\/en\/wp-json\/wp\/v2\/media\/31458"}],"wp:attachment":[{"href":"https:\/\/infinityweeb.com\/en\/wp-json\/wp\/v2\/media?parent=31448"}],"wp:term":[{"taxonomy":"product_brand","embeddable":true,"href":"https:\/\/infinityweeb.com\/en\/wp-json\/wp\/v2\/product_brand?post=31448"},{"taxonomy":"product_cat","embeddable":true,"href":"https:\/\/infinityweeb.com\/en\/wp-json\/wp\/v2\/product_cat?post=31448"},{"taxonomy":"product_tag","embeddable":true,"href":"https:\/\/infinityweeb.com\/en\/wp-json\/wp\/v2\/product_tag?post=31448"}],"curies":[{"name":"wp","href":"https:\/\/api.w.org\/{rel}","templated":true}]}}