{"id":31771,"date":"2025-12-21T17:16:42","date_gmt":"2025-12-21T16:16:42","guid":{"rendered":"https:\/\/infinityweeb.com\/shop\/organisateur-dobjets-pour-siege-arriere-1pcs-%d9%85%d9%86%d8%b8%d9%85-%d8%a7%d9%84%d9%85%d9%82%d8%b9%d8%af-%d8%a7%d9%84%d8%ae%d9%84%d9%81%d9%8a-%d9%84%d9%84%d8%b3%d9%8a%d8%a7%d8%b1%d8%a9\/"},"modified":"2025-12-21T17:21:44","modified_gmt":"2025-12-21T16:21:44","slug":"organisateur-dobjets-siege-arriere-1pcs","status":"publish","type":"product","link":"https:\/\/infinityweeb.com\/en\/shop\/organisateur-dobjets-siege-arriere-1pcs\/","title":{"rendered":"Organisateur D\u2019objets Pour Siege Arriere (1pcs)"},"content":{"rendered":"<p>Disponible en noir pour convenir \u00e0 tous les types de voitures.<br \/>\n \tConvient pour ranger les articles des enfants et les garder intacts.<br \/>\n \tFait de cuir.<br \/>\n \tTaille pratique pour le stockage.<br \/>\n \tFacile \u00e0 installer et \u00e0 d\u00e9monter.<br \/>\n \tFacile \u00e0 nettoyer.<br \/>\n \tdimensions : 60x47cm.<\/p>","protected":false},"excerpt":{"rendered":"<p>Disponible en noir pour convenir \u00e0 tous les types de voitures. Convient pour ranger les articles des enfants et les<\/p>","protected":false},"featured_media":31772,"comment_status":"open","ping_status":"closed","template":"","meta":[],"product_brand":[],"product_cat":[179],"product_tag":[],"class_list":{"0":"post-31771","1":"product","2":"type-product","3":"status-publish","4":"has-post-thumbnail","6":"product_cat-uncategorized","8":"first","9":"instock","10":"shipping-taxable","11":"purchasable","12":"product-type-simple"},"jetpack_sharing_enabled":true,"_links":{"self":[{"href":"https:\/\/infinityweeb.com\/en\/wp-json\/wp\/v2\/product\/31771","targetHints":{"allow":["GET"]}}],"collection":[{"href":"https:\/\/infinityweeb.com\/en\/wp-json\/wp\/v2\/product"}],"about":[{"href":"https:\/\/infinityweeb.com\/en\/wp-json\/wp\/v2\/types\/product"}],"replies":[{"embeddable":true,"href":"https:\/\/infinityweeb.com\/en\/wp-json\/wp\/v2\/comments?post=31771"}],"version-history":[{"count":1,"href":"https:\/\/infinityweeb.com\/en\/wp-json\/wp\/v2\/product\/31771\/revisions"}],"predecessor-version":[{"id":31780,"href":"https:\/\/infinityweeb.com\/en\/wp-json\/wp\/v2\/product\/31771\/revisions\/31780"}],"wp:featuredmedia":[{"embeddable":true,"href":"https:\/\/infinityweeb.com\/en\/wp-json\/wp\/v2\/media\/31772"}],"wp:attachment":[{"href":"https:\/\/infinityweeb.com\/en\/wp-json\/wp\/v2\/media?parent=31771"}],"wp:term":[{"taxonomy":"product_brand","embeddable":true,"href":"https:\/\/infinityweeb.com\/en\/wp-json\/wp\/v2\/product_brand?post=31771"},{"taxonomy":"product_cat","embeddable":true,"href":"https:\/\/infinityweeb.com\/en\/wp-json\/wp\/v2\/product_cat?post=31771"},{"taxonomy":"product_tag","embeddable":true,"href":"https:\/\/infinityweeb.com\/en\/wp-json\/wp\/v2\/product_tag?post=31771"}],"curies":[{"name":"wp","href":"https:\/\/api.w.org\/{rel}","templated":true}]}}